{"id":59269,"date":"2024-02-26T16:10:11","date_gmt":"2024-02-26T16:10:11","guid":{"rendered":"https:\/\/fdm.in-beta7.co.uk\/?page_id=59269"},"modified":"2024-05-24T16:05:16","modified_gmt":"2024-05-24T15:05:16","slug":"practices","status":"publish","type":"page","link":"https:\/\/www.fdmgroup.com\/de\/candidates\/practices\/","title":{"rendered":"Practices"},"content":{"rendered":"\r\n<section class=\"hero-section light-menu full-bg\" fetchpriority=\"high\" style=\"background-image:url(https:\/\/www.fdmgroup.com\/wp-content\/uploads\/2024\/02\/h3-scaled-2160x1289.jpg);\">\r\n\t<div class=\"container\">\r\n\t\t<div class=\"row\">\r\n\r\n\t\t\t\r\n\t\t\t<div class=\"col-12\">\r\n\t\t\t\t\t\t\t<div class=\"top\">\r\n\t\t\t\t\t<h1 class=\"large\">Practices<\/h1>\n\t\t\t\t<\/div>\r\n\t\t\t\r\n\t\t\t\t\t\t<\/div>\r\n\t\t\t\r\n\r\n\t\t<\/div>\r\n\t<\/div>\r\n<\/section>\n\n\r\n<section class=\"text-with-image-section medium-light right\">\r\n\t<div class=\"container\">\r\n\t\t<div class=\"row\">\r\n\r\n\t\t\t<div class=\"col-12 col-md-6 img-side waypoint\">\r\n\t\t\t\t\t\t\t\t<img width=\"771\" height=\"791\" data-done=\"false\" data-img=\"https:\/\/www.fdmgroup.com\/wp-content\/uploads\/2024\/05\/iStock-1209869264-e1711032273685-771x791-1.jpg\" alt=\"\">\r\n\t\t\t\t\t\t\t<\/div>\r\n\r\n\t\t\t<div class=\"col-12 col-md-6 text-side waypoint\">\r\n\t\t\t\t<div class=\"text\">\r\n\t\t\t\t\t<h2 class=\"p1\">Setze dein Potenzial frei und starte eine langfristige Karriere mit FDM<\/h2>\n<p class=\"p1\">Wir finden motivierte Talente mit vielf\u00e4ltigen Erfahrungshintergr\u00fcnden. Mit Trainings, Coachings und vielversprechenden Kundeneins\u00e4tzen ebnen wir ihnen den Weg in die von ihnen angestrebte berufliche Zukunft.<\/p>\n<p class=\"p1\">Unabh\u00e4ngig von deinem Hintergrund, Studienfach oder Berufserfahrung er\u00f6ffnen wir dir spannende Karrierewege mit der M\u00f6glichkeit, branchenweit anerkannte Qualifikationen zu erwerben, und f\u00f6rdern dich durch kontinuierliche Unterst\u00fctzung und Weiterbildung.<\/p>\n<p class=\"p1\">Wir erm\u00f6glichen dir die Entwicklung von Kompetenzen, die auf deinen St\u00e4rken,<span class=\"Apple-converted-space\">\u00a0 <\/span>deinem Wissen und deinen F\u00e4higkeiten beruhen, und vermitteln unseren Kund*innen einen umfassenden \u00dcberblick \u00fcber alles, was du mitbringst.<\/p>\n<p class=\"p1\">Dadurch wird deine Karriere beschleunigt und du f\u00fchrst das Unternehmen durch dein Mitwirken zum Erfolg.<\/p>\n\r\n\t\t\t\t\t\t\t\t\t\t\t\t\t\t\t<div class=\"btn-con\">\r\n\t\t\t\t\t\t<a class=\"btn\" href=\"https:\/\/careersde.fdmgroup.com\/vacancies\/vacancy-search-results.aspx\" target=\"_blank\">Jetzt bewerben!<\/a>\r\n\t\t\t\t\t<\/div>\r\n\t\t\t\t\t\t\t\t\t<\/div>\r\n\t\t\t<\/div>\r\n\r\n\t\t<\/div>\r\n\t<\/div>\r\n<\/section>\r\n\n\n\r\n<section class=\"block-section light\">\r\n\t<div class=\"container\">\r\n\t\t<div class=\"row\">\r\n\r\n\t\t\t\t\t\t<div class=\"col-12 text-con waypoint\">\r\n\t\t\t\t<h2>Starte mit unseren Practices durch und unterst\u00fctze Kundenunternehmen in ihren Projekten<\/h2>\n<p>&nbsp;<\/p>\n\t\t\t<\/div>\r\n\t\t\t\r\n\t\t\t\t\t\t\t\t\t\t\t\t\t\t\t\r\n\t\t\t<div class=\"col-12 col-sm-6 col-md-4 waypoint\">\r\n\t\t\t\t<div class=\"inner\">\r\n\t\t\t\t\t\t\t\t\t\t<a class=\"block-link\" href=\"\/de\/candidates\/practices\/software-engineering\/\"><\/a>\r\n\t\t\t\t\t\r\n\t\t\t\t\t\t\t\t\t\t<div class=\"icon-con block-icon\">\r\n\t\t\t\t\t\t<img style=\"height:7rem;\" data-done=\"false\" data-img=\"https:\/\/www.fdmgroup.com\/wp-content\/uploads\/2024\/03\/icon-software-engineering.png\" alt=\"Software Engineering logo\">\r\n\t\t\t\t\t<\/div>\r\n\t\t\t\t\t\r\n\t\t\t\t\t<h4><strong>Software Engineering<\/strong><\/h4>\n\t\t\t\t<\/div>\r\n\t\t\t<\/div>\r\n\t\t\t\t\t\t\t\t\t\t\t\t\r\n\t\t\t<div class=\"col-12 col-sm-6 col-md-4 waypoint\">\r\n\t\t\t\t<div class=\"inner\">\r\n\t\t\t\t\t\t\t\t\t\t<a class=\"block-link\" href=\"\/de\/candidates\/practices\/data-analytics\/\"><\/a>\r\n\t\t\t\t\t\r\n\t\t\t\t\t\t\t\t\t\t<div class=\"icon-con block-icon\">\r\n\t\t\t\t\t\t<img style=\"height:7rem;\" data-done=\"false\" data-img=\"https:\/\/www.fdmgroup.com\/wp-content\/uploads\/2024\/03\/icon-data-analytics.png\" alt=\"Data Analytics logo\">\r\n\t\t\t\t\t<\/div>\r\n\t\t\t\t\t\r\n\t\t\t\t\t<h4>Data &amp; Analytics<\/h4>\n<p>&nbsp;<\/p>\n\t\t\t\t<\/div>\r\n\t\t\t<\/div>\r\n\t\t\t\t\t\t\t\t\t\t\t\t\r\n\t\t\t<div class=\"col-12 col-sm-6 col-md-4 waypoint\">\r\n\t\t\t\t<div class=\"inner\">\r\n\t\t\t\t\t\t\t\t\t\t<a class=\"block-link\" href=\"\/de\/candidates\/practices\/change-transformation\/\"><\/a>\r\n\t\t\t\t\t\r\n\t\t\t\t\t\t\t\t\t\t<div class=\"icon-con block-icon\">\r\n\t\t\t\t\t\t<img style=\"height:7rem;\" data-done=\"false\" data-img=\"https:\/\/www.fdmgroup.com\/wp-content\/uploads\/2024\/03\/icon-change-transformation.png\" alt=\"Change and transformation logo\">\r\n\t\t\t\t\t<\/div>\r\n\t\t\t\t\t\r\n\t\t\t\t\t<h4><strong>Change &amp; Transformation<\/strong><\/h4>\n<p>&nbsp;<\/p>\n\t\t\t\t<\/div>\r\n\t\t\t<\/div>\r\n\t\t\t\t\t\t\t\t\t\t\t\t\r\n\t\t\t<div class=\"col-12 col-sm-6 col-md-4 waypoint\">\r\n\t\t\t\t<div class=\"inner\">\r\n\t\t\t\t\t\t\t\t\t\t<a class=\"block-link\" href=\"\/de\/candidates\/practices\/risk-regulation-compliance\/\"><\/a>\r\n\t\t\t\t\t\r\n\t\t\t\t\t\t\t\t\t\t<div class=\"icon-con block-icon\">\r\n\t\t\t\t\t\t<img style=\"height:7rem;\" data-done=\"false\" data-img=\"https:\/\/www.fdmgroup.com\/wp-content\/uploads\/2024\/03\/icon-risk-regulation-compliance.png\" alt=\"RRC logo\">\r\n\t\t\t\t\t<\/div>\r\n\t\t\t\t\t\r\n\t\t\t\t\t<h4><strong>Risk, Regulation &amp; Compliance<\/strong><\/h4>\n<p>&nbsp;<\/p>\n\t\t\t\t<\/div>\r\n\t\t\t<\/div>\r\n\t\t\t\t\t\t\t\t\t\t\t\t\r\n\t\t\t<div class=\"col-12 col-sm-6 col-md-4 waypoint\">\r\n\t\t\t\t<div class=\"inner\">\r\n\t\t\t\t\t\t\t\t\t\t<a class=\"block-link\" href=\"\/de\/candidates\/practices\/it-operations\/\"><\/a>\r\n\t\t\t\t\t\r\n\t\t\t\t\t\t\t\t\t\t<div class=\"icon-con block-icon\">\r\n\t\t\t\t\t\t<img style=\"height:7rem;\" data-done=\"false\" data-img=\"https:\/\/www.fdmgroup.com\/wp-content\/uploads\/2024\/03\/icon-it-operations.png\" alt=\"IT Ops logo\">\r\n\t\t\t\t\t<\/div>\r\n\t\t\t\t\t\r\n\t\t\t\t\t<h4><strong>IT Operations<\/strong><\/h4>\n<p>&nbsp;<\/p>\n\t\t\t\t<\/div>\r\n\t\t\t<\/div>\r\n\t\t\t\t\t\t\r\n\t\t\t\t\t<\/div>\r\n\t<\/div>\r\n<\/section>\r\n\r\n\r\n\n\n\r\n<section class=\"text-with-image-section medium-light left\">\r\n\t<div class=\"container\">\r\n\t\t<div class=\"row\">\r\n\r\n\t\t\t<div class=\"col-12 col-md-6 img-side waypoint\">\r\n\t\t\t\t\t\t\t\t<img width=\"771\" height=\"791\" data-done=\"false\" data-img=\"https:\/\/www.fdmgroup.com\/wp-content\/uploads\/2024\/03\/iStock-1194468575-1-771x791.jpg\" alt=\"\">\r\n\t\t\t\t\t\t\t<\/div>\r\n\r\n\t\t\t<div class=\"col-12 col-md-6 text-side waypoint\">\r\n\t\t\t\t<div class=\"text\">\r\n\t\t\t\t\t<h2 class=\"p1\">Unsere Practices<\/h2>\n<p class=\"p1\">In unseren f\u00fcnf Practices wirst du zum erfahrenen Consultant mit einem breiten Spektrum an F\u00e4higkeiten und \u00fcberzeugst so bei unseren Kund*innen. Lerne spannende Positionen und Fachrichtungen kennen und sammle im Rahmen innovativer Projekte f\u00fcr global agierend Unternehmen wertvolle praktische Erfahrungen.<\/p>\n<p class=\"p1\">Wir bieten vielf\u00e4ltige Karrierem\u00f6glichkeiten mit akkreditierten Qualifizierungsma\u00dfnahmen, Trainings und Unterst\u00fctzung. \u00dcbernimm abwechslungsreiche und spannende Aufgaben in vielversprechenden Kundeneins\u00e4tzen.<\/p>\n\r\n\t\t\t\t\t\t\t\t\t<\/div>\r\n\t\t\t<\/div>\r\n\r\n\t\t<\/div>\r\n\t<\/div>\r\n<\/section>\r\n\n\n\r\n<section class=\"cta-section light\">\r\n\t<div class=\"container\">\r\n\t\t<div class=\"row\">\r\n\t\t\t<div class=\"col-12 waypoint\">\r\n\t\t\t\t<h2 class=\"p1\">Dein langfristigster Erfolg beginnt mit uns<\/h2>\n\t\t\t\t\t\t\t\t\t\t\t\t\t<div class=\"btn-con btn-con-center\">\r\n\t\t\t\t\t\t<a class=\"btn\" href=\"https:\/\/careersde.fdmgroup.com\/vacancies\/vacancy-search-results.aspx\" target=\"_blank\">Jetzt bewerben!<\/a>\r\n\t\t\t\t\t<\/div>\r\n\t\t\t\t\t\t\t<\/div>\r\n\t\t<\/div>\r\n\t<\/div>\r\n\r\n\t\r\n<\/section>\r\n","protected":false},"excerpt":{"rendered":"","protected":false},"author":2,"featured_media":0,"parent":59217,"menu_order":0,"comment_status":"closed","ping_status":"closed","template":"","meta":{"_acf_changed":false,"inline_featured_image":false,"footnotes":""},"class_list":["post-59269","page","type-page","status-publish","hentry"],"acf":[],"yoast_head":"<!-- This site is optimized with the Yoast SEO plugin v27.1.1 - https:\/\/yoast.com\/product\/yoast-seo-wordpress\/ -->\n<title>Practices | FDM Group<\/title>\n<meta name=\"description\" content=\"Practices | FDM Group\" \/>\n<meta name=\"robots\" content=\"index, follow, max-snippet:-1, max-image-preview:large, max-video-preview:-1\" \/>\n<link rel=\"canonical\" href=\"https:\/\/www.fdmgroup.com\/de\/candidates\/practices\/\" \/>\n<meta property=\"og:locale\" content=\"de_DE\" \/>\n<meta property=\"og:type\" content=\"article\" \/>\n<meta property=\"og:title\" content=\"Practices | FDM Group\" \/>\n<meta property=\"og:description\" content=\"Practices | FDM Group\" \/>\n<meta property=\"og:url\" content=\"https:\/\/www.fdmgroup.com\/de\/candidates\/practices\/\" \/>\n<meta property=\"og:site_name\" content=\"FDM Group\" \/>\n<meta property=\"article:publisher\" content=\"https:\/\/www.facebook.com\/FDMGroup\" \/>\n<meta property=\"article:modified_time\" content=\"2024-05-24T15:05:16+00:00\" \/>\n<meta property=\"og:image\" content=\"https:\/\/www.fdmgroup.com\/wp-content\/uploads\/2024\/09\/FDM_placeholder.png\" \/>\n\t<meta property=\"og:image:width\" content=\"1200\" \/>\n\t<meta property=\"og:image:height\" content=\"675\" \/>\n\t<meta property=\"og:image:type\" content=\"image\/png\" \/>\n<meta name=\"twitter:card\" content=\"summary_large_image\" \/>\n<meta name=\"twitter:site\" content=\"@FDMGroup\" \/>\n<meta name=\"twitter:label1\" content=\"Gesch\u00e4tzte Lesezeit\" \/>\n\t<meta name=\"twitter:data1\" content=\"3\u00a0Minuten\" \/>\n<script type=\"application\/ld+json\" class=\"yoast-schema-graph\">{\"@context\":\"https:\/\/schema.org\",\"@graph\":[{\"@type\":\"WebPage\",\"@id\":\"https:\/\/www.fdmgroup.com\/de\/candidates\/practices\/\",\"url\":\"https:\/\/www.fdmgroup.com\/de\/candidates\/practices\/\",\"name\":\"Practices | FDM Group\",\"isPartOf\":{\"@id\":\"https:\/\/www.fdmgroup.com\/de\/#website\"},\"datePublished\":\"2024-02-26T16:10:11+00:00\",\"dateModified\":\"2024-05-24T15:05:16+00:00\",\"description\":\"Practices | FDM Group\",\"breadcrumb\":{\"@id\":\"https:\/\/www.fdmgroup.com\/de\/candidates\/practices\/#breadcrumb\"},\"inLanguage\":\"de\",\"potentialAction\":[{\"@type\":\"ReadAction\",\"target\":[\"https:\/\/www.fdmgroup.com\/de\/candidates\/practices\/\"]}]},{\"@type\":\"BreadcrumbList\",\"@id\":\"https:\/\/www.fdmgroup.com\/de\/candidates\/practices\/#breadcrumb\",\"itemListElement\":[{\"@type\":\"ListItem\",\"position\":1,\"name\":\"(DE) Candidates\",\"item\":\"https:\/\/www.fdmgroup.com\/de\/?page_id=59217\"},{\"@type\":\"ListItem\",\"position\":2,\"name\":\"Practices\"}]},{\"@type\":\"WebSite\",\"@id\":\"https:\/\/www.fdmgroup.com\/de\/#website\",\"url\":\"https:\/\/www.fdmgroup.com\/de\/\",\"name\":\"FDM Group\",\"description\":\"\",\"publisher\":{\"@id\":\"https:\/\/www.fdmgroup.com\/de\/#organization\"},\"potentialAction\":[{\"@type\":\"SearchAction\",\"target\":{\"@type\":\"EntryPoint\",\"urlTemplate\":\"https:\/\/www.fdmgroup.com\/de\/?s={search_term_string}\"},\"query-input\":{\"@type\":\"PropertyValueSpecification\",\"valueRequired\":true,\"valueName\":\"search_term_string\"}}],\"inLanguage\":\"de\"},{\"@type\":\"Organization\",\"@id\":\"https:\/\/www.fdmgroup.com\/de\/#organization\",\"name\":\"FDM Group\",\"url\":\"https:\/\/www.fdmgroup.com\/de\/\",\"logo\":{\"@type\":\"ImageObject\",\"inLanguage\":\"de\",\"@id\":\"https:\/\/www.fdmgroup.com\/de\/#\/schema\/logo\/image\/\",\"url\":\"https:\/\/www.fdmgroup.com\/wp-content\/uploads\/2024\/04\/cropped-fdm-logo-green-square-480-3.png\",\"contentUrl\":\"https:\/\/www.fdmgroup.com\/wp-content\/uploads\/2024\/04\/cropped-fdm-logo-green-square-480-3.png\",\"width\":512,\"height\":512,\"caption\":\"FDM Group\"},\"image\":{\"@id\":\"https:\/\/www.fdmgroup.com\/de\/#\/schema\/logo\/image\/\"},\"sameAs\":[\"https:\/\/www.facebook.com\/FDMGroup\",\"https:\/\/x.com\/FDMGroup\",\"https:\/\/www.instagram.com\/fdm_group\/?hl=en\",\"https:\/\/www.linkedin.com\/company\/fdm-group\/?originalSubdomain=uk\",\"https:\/\/www.tiktok.com\/@fdm_group\"]}]}<\/script>\n<!-- \/ Yoast SEO plugin. -->","yoast_head_json":{"title":"Practices | FDM Group","description":"Practices | FDM Group","robots":{"index":"index","follow":"follow","max-snippet":"max-snippet:-1","max-image-preview":"max-image-preview:large","max-video-preview":"max-video-preview:-1"},"canonical":"https:\/\/www.fdmgroup.com\/de\/candidates\/practices\/","og_locale":"de_DE","og_type":"article","og_title":"Practices | FDM Group","og_description":"Practices | FDM Group","og_url":"https:\/\/www.fdmgroup.com\/de\/candidates\/practices\/","og_site_name":"FDM Group","article_publisher":"https:\/\/www.facebook.com\/FDMGroup","article_modified_time":"2024-05-24T15:05:16+00:00","og_image":[{"width":1200,"height":675,"url":"https:\/\/www.fdmgroup.com\/wp-content\/uploads\/2024\/09\/FDM_placeholder.png","type":"image\/png"}],"twitter_card":"summary_large_image","twitter_site":"@FDMGroup","twitter_misc":{"Gesch\u00e4tzte Lesezeit":"3\u00a0Minuten"},"schema":{"@context":"https:\/\/schema.org","@graph":[{"@type":"WebPage","@id":"https:\/\/www.fdmgroup.com\/de\/candidates\/practices\/","url":"https:\/\/www.fdmgroup.com\/de\/candidates\/practices\/","name":"Practices | FDM Group","isPartOf":{"@id":"https:\/\/www.fdmgroup.com\/de\/#website"},"datePublished":"2024-02-26T16:10:11+00:00","dateModified":"2024-05-24T15:05:16+00:00","description":"Practices | FDM Group","breadcrumb":{"@id":"https:\/\/www.fdmgroup.com\/de\/candidates\/practices\/#breadcrumb"},"inLanguage":"de","potentialAction":[{"@type":"ReadAction","target":["https:\/\/www.fdmgroup.com\/de\/candidates\/practices\/"]}]},{"@type":"BreadcrumbList","@id":"https:\/\/www.fdmgroup.com\/de\/candidates\/practices\/#breadcrumb","itemListElement":[{"@type":"ListItem","position":1,"name":"(DE) Candidates","item":"https:\/\/www.fdmgroup.com\/de\/?page_id=59217"},{"@type":"ListItem","position":2,"name":"Practices"}]},{"@type":"WebSite","@id":"https:\/\/www.fdmgroup.com\/de\/#website","url":"https:\/\/www.fdmgroup.com\/de\/","name":"FDM Group","description":"","publisher":{"@id":"https:\/\/www.fdmgroup.com\/de\/#organization"},"potentialAction":[{"@type":"SearchAction","target":{"@type":"EntryPoint","urlTemplate":"https:\/\/www.fdmgroup.com\/de\/?s={search_term_string}"},"query-input":{"@type":"PropertyValueSpecification","valueRequired":true,"valueName":"search_term_string"}}],"inLanguage":"de"},{"@type":"Organization","@id":"https:\/\/www.fdmgroup.com\/de\/#organization","name":"FDM Group","url":"https:\/\/www.fdmgroup.com\/de\/","logo":{"@type":"ImageObject","inLanguage":"de","@id":"https:\/\/www.fdmgroup.com\/de\/#\/schema\/logo\/image\/","url":"https:\/\/www.fdmgroup.com\/wp-content\/uploads\/2024\/04\/cropped-fdm-logo-green-square-480-3.png","contentUrl":"https:\/\/www.fdmgroup.com\/wp-content\/uploads\/2024\/04\/cropped-fdm-logo-green-square-480-3.png","width":512,"height":512,"caption":"FDM Group"},"image":{"@id":"https:\/\/www.fdmgroup.com\/de\/#\/schema\/logo\/image\/"},"sameAs":["https:\/\/www.facebook.com\/FDMGroup","https:\/\/x.com\/FDMGroup","https:\/\/www.instagram.com\/fdm_group\/?hl=en","https:\/\/www.linkedin.com\/company\/fdm-group\/?originalSubdomain=uk","https:\/\/www.tiktok.com\/@fdm_group"]}]}},"_links":{"self":[{"href":"https:\/\/www.fdmgroup.com\/de\/wp-json\/wp\/v2\/pages\/59269","targetHints":{"allow":["GET"]}}],"collection":[{"href":"https:\/\/www.fdmgroup.com\/de\/wp-json\/wp\/v2\/pages"}],"about":[{"href":"https:\/\/www.fdmgroup.com\/de\/wp-json\/wp\/v2\/types\/page"}],"author":[{"embeddable":true,"href":"https:\/\/www.fdmgroup.com\/de\/wp-json\/wp\/v2\/users\/2"}],"replies":[{"embeddable":true,"href":"https:\/\/www.fdmgroup.com\/de\/wp-json\/wp\/v2\/comments?post=59269"}],"version-history":[{"count":0,"href":"https:\/\/www.fdmgroup.com\/de\/wp-json\/wp\/v2\/pages\/59269\/revisions"}],"up":[{"embeddable":true,"href":"https:\/\/www.fdmgroup.com\/de\/wp-json\/wp\/v2\/pages\/59217"}],"wp:attachment":[{"href":"https:\/\/www.fdmgroup.com\/de\/wp-json\/wp\/v2\/media?parent=59269"}],"curies":[{"name":"wp","href":"https:\/\/api.w.org\/{rel}","templated":true}]}}