{"id":59311,"date":"2024-03-11T16:34:32","date_gmt":"2024-03-11T16:34:32","guid":{"rendered":"https:\/\/fdm.in-beta7.co.uk\/?page_id=59311"},"modified":"2024-06-28T17:03:18","modified_gmt":"2024-06-28T16:03:18","slug":"risk-regulation-compliance","status":"publish","type":"page","link":"https:\/\/www.fdmgroup.com\/de\/candidates\/practices\/risk-regulation-compliance\/","title":{"rendered":"Risk, Regulation &amp; Compliance"},"content":{"rendered":"\r\n<section class=\"simple-hero-section\">\r\n\t<div class=\"container\">\r\n\t\t<div class=\"row\">\r\n\t\t\t<div class=\"col-12 col-md-6 text-side waypoint\">\r\n\t\t\t\t<div class=\"text\">\r\n\t\t\t\t\t<h1>RISK, REGULATION &amp; COMPLIANCE<br \/>\nKARRIERE<\/h1>\n<p class=\"large\">\n\r\n\t\t\t\t\t\t\t\t\t\t\t\t\t\t\t<div class=\"btn-con\">\r\n\t\t\t\t\t\t<a class=\"btn\" href=\"https:\/\/careersde.fdmgroup.com\/vacancies\/vacancy-search-results.aspx\" target=\"_blank\">Jetzt bewerben!<\/a>\r\n\t\t\t\t\t<\/div>\r\n\t\t\t\t\t\t\t\t\t<\/div>\r\n\t\t\t<\/div>\r\n\r\n\t\t\t<div class=\"col-12 col-md-6 img-side waypoint\">\r\n\t\t\t\t\t\t\t\t<img width=\"864\" height=\"839\" data-done=\"false\" data-img=\"https:\/\/www.fdmgroup.com\/wp-content\/uploads\/2024\/06\/iStock-1336009302-864x839-1.jpg\" alt=\"\">\r\n\t\t\t\t\t\t\t<\/div>\r\n\t\t<\/div>\r\n\t<\/div>\r\n<\/section>\r\n\n\n\r\n<section class=\"text-with-image-section medium-light right\">\r\n\t<div class=\"container\">\r\n\t\t<div class=\"row\">\r\n\r\n\t\t\t<div class=\"col-12 col-md-6 img-side waypoint\">\r\n\t\t\t\t\t\t\t\t<img width=\"771\" height=\"791\" data-done=\"false\" data-img=\"https:\/\/www.fdmgroup.com\/wp-content\/uploads\/2024\/03\/iStock-1366815714-771x791.jpg\" alt=\"\">\r\n\t\t\t\t\t\t\t<\/div>\r\n\r\n\t\t\t<div class=\"col-12 col-md-6 text-side waypoint\">\r\n\t\t\t\t<div class=\"text\">\r\n\t\t\t\t\t<h2>Starte eine spannende Karriere in der Bek\u00e4mfpung von Financial Crime mit FDM<\/h2>\n<p>Trete unserem Risk, Regulation &amp; Compliance-Team bei und spiele eine entscheidende Rolle bei der Bereitstellung der ersten und zweiten Verteidigungslinie f\u00fcr Unternehmen im sich schnell entwickelnden Umfeld der Finanzkriminalit\u00e4t.<\/p>\n<p>Von AML\/AFC-Analysen bis hin zu gro\u00df angelegten Transformationsprojekten \u2013 entdeckst du vielf\u00e4ltige Rollen im Finanzsektor und dar\u00fcber hinaus.<\/p>\n<p>Unsere immersives AML-Modellbank bietet ein einzigartiges praxisnahes, kundensimuliertes Erlebnis, das dich auf die dynamische Welt der Finanzkriminalit\u00e4t vorbereitet.<\/p>\n\r\n\t\t\t\t\t\t\t\t\t\t\t\t\t\t\t<div class=\"btn-con\">\r\n\t\t\t\t\t\t<a class=\"btn\" href=\"\/de\/about-us\/contact-us\/\" target=\"_self\">Erfahre mehr<\/a>\r\n\t\t\t\t\t<\/div>\r\n\t\t\t\t\t\t\t\t\t<\/div>\r\n\t\t\t<\/div>\r\n\r\n\t\t<\/div>\r\n\t<\/div>\r\n<\/section>\r\n\n\n\r\n<section class=\"text-with-image-section light left\">\r\n\t<div class=\"container\">\r\n\t\t<div class=\"row\">\r\n\r\n\t\t\t<div class=\"col-12 col-md-6 img-side waypoint\">\r\n\t\t\t\t\t\t\t\t<img width=\"771\" height=\"791\" data-done=\"false\" data-img=\"https:\/\/www.fdmgroup.com\/wp-content\/uploads\/2024\/03\/iStock-1182849384-771x791.jpg\" alt=\"\">\r\n\t\t\t\t\t\t\t<\/div>\r\n\r\n\t\t\t<div class=\"col-12 col-md-6 text-side waypoint\">\r\n\t\t\t\t<div class=\"text\">\r\n\t\t\t\t\t<h2>Wo Innovationen auf Know-how treffen<\/h2>\n<p>Erkunde vielf\u00e4ltige und spannende Rollen in Kundeneins\u00e4tzen. Meister die F\u00e4higkeiten und Tools, um Risiken in all ihren Formen zu identifizieren, zu bewerten und zu bew\u00e4ltigen, in unserem FDM Skills Lab.<\/p>\n<p>Lerne die Grundlagen der Transaktions\u00fcberwachung, Sanktionspr\u00fcfung, AML\/KYC CLM-Operationen, Fondsbuchhaltung, Risikomanagement und mehr.<\/p>\n\r\n\t\t\t\t\t\t\t\t\t<\/div>\r\n\t\t\t<\/div>\r\n\r\n\t\t<\/div>\r\n\t<\/div>\r\n<\/section>\r\n\n\n\r\n<section class=\"text-with-image-section medium-light right\">\r\n\t<div class=\"container\">\r\n\t\t<div class=\"row\">\r\n\r\n\t\t\t<div class=\"col-12 col-md-6 img-side waypoint\">\r\n\t\t\t\t\t\t\t\t<img width=\"771\" height=\"791\" data-done=\"false\" data-img=\"https:\/\/www.fdmgroup.com\/wp-content\/uploads\/2024\/03\/iStock-639359406-6-771x791.jpg\" alt=\"\">\r\n\t\t\t\t\t\t\t<\/div>\r\n\r\n\t\t\t<div class=\"col-12 col-md-6 text-side waypoint\">\r\n\t\t\t\t<div class=\"text\">\r\n\t\t\t\t\t<h2>\u00dcberzeugende Gr\u00fcnde f\u00fcr unsere Practices<\/h2>\n<p>Wir setzen uns f\u00fcr deine kontinuierliche Weiterentwicklung und Verbesserung ein. Gestalte mithilfe von individuellen Coachings und Schulungen im FDM Skills Lab eine spannende Laufbahn.<\/p>\n<p>Erfahre mehr \u00fcber die Unterst\u00fctzung und Weiterentwicklung bei FDM.<\/p>\n\r\n\t\t\t\t\t\t\t\t\t\t\t\t\t\t\t<div class=\"btn-con\">\r\n\t\t\t\t\t\t<a class=\"btn\" href=\"\/de\/candidates\/support-development\/\" target=\"_self\">Support &amp; Development<\/a>\r\n\t\t\t\t\t<\/div>\r\n\t\t\t\t\t\t\t\t\t<\/div>\r\n\t\t\t<\/div>\r\n\r\n\t\t<\/div>\r\n\t<\/div>\r\n<\/section>\r\n\n\n\r\n<section class=\"text-with-image-section light right\">\r\n\t<div class=\"container\">\r\n\t\t<div class=\"row\">\r\n\r\n\t\t\t<div class=\"col-12 col-md-6 img-side waypoint\">\r\n\t\t\t\t\t\t\t\t<img width=\"771\" height=\"791\" data-done=\"false\" data-img=\"https:\/\/www.fdmgroup.com\/wp-content\/uploads\/2024\/03\/iStock-1385170471-771x791.jpg\" alt=\"\">\r\n\t\t\t\t\t\t\t<\/div>\r\n\r\n\t\t\t<div class=\"col-12 col-md-6 text-side waypoint\">\r\n\t\t\t\t<div class=\"text\">\r\n\t\t\t\t\t<h2>Wen suchen wir?<\/h2>\n<p>Eine Karriere im Bereich RRC bietet sich f\u00fcr dich an, wenn du die folgenden Eigenschaften mitbringst:<\/p>\n<ul>\n<li>Analytisches Denken<\/li>\n<li>Gewissenhaftigkeit<\/li>\n<li>Hochschulabschluss<\/li>\n<li>Gute Deutsch- und Englischkenntnisse<\/li>\n<\/ul>\n<p><span style=\"font-size: 1.8rem;\">Wir bieten vielf\u00e4ltige Karrierem\u00f6glichkeiten mit akkreditierten Qualifikationen sowie Schulungen und Unterst\u00fctzung. \u00dcbernimm abwechslungsreiche und spannende Aufgaben in Projekten bei unseren renommierten Kunden.<\/span><\/p>\n\r\n\t\t\t\t\t\t\t\t\t<\/div>\r\n\t\t\t<\/div>\r\n\r\n\t\t<\/div>\r\n\t<\/div>\r\n<\/section>\r\n\n\n\r\n<section class=\"text-with-image-section medium-light right\">\r\n\t<div class=\"container\">\r\n\t\t<div class=\"row\">\r\n\r\n\t\t\t<div class=\"col-12 col-md-6 img-side waypoint\">\r\n\t\t\t\t\t\t\t\t<img width=\"771\" height=\"791\" data-done=\"false\" data-img=\"https:\/\/www.fdmgroup.com\/wp-content\/uploads\/2024\/03\/iStock-1473864910-771x791.jpg\" alt=\"\">\r\n\t\t\t\t\t\t\t<\/div>\r\n\r\n\t\t\t<div class=\"col-12 col-md-6 text-side waypoint\">\r\n\t\t\t\t<div class=\"text\">\r\n\t\t\t\t\t<h2>Sammle Erfahrungen in Rollen wie:<\/h2>\n<ul>\n<li>AML Analyst<\/li>\n<li>KYC Analyst<\/li>\n<\/ul>\n\r\n\t\t\t\t\t\t\t\t\t<\/div>\r\n\t\t\t<\/div>\r\n\r\n\t\t<\/div>\r\n\t<\/div>\r\n<\/section>\r\n\n\n\r\n<section class=\"block-section medium-light\">\r\n\t<div class=\"container\">\r\n\t\t<div class=\"row\">\r\n\r\n\t\t\t\t\t\t<div class=\"col-12 text-con waypoint\">\r\n\t\t\t\t<h2>Unsere Areas of Expertise<\/h2>\n\t\t\t<\/div>\r\n\t\t\t\r\n\t\t\t\t\t\t\t\t\t\t\t\t\t\t\t\r\n\t\t\t<div class=\"col-12 col-sm-6 col-md-4 waypoint\">\r\n\t\t\t\t<div class=\"inner\">\r\n\t\t\t\t\t\r\n\t\t\t\t\t\r\n\t\t\t\t\t<h4>KYC, AML, Operations Analysis<\/h4>\n<p>&nbsp;<\/p>\n\t\t\t\t<\/div>\r\n\t\t\t<\/div>\r\n\t\t\t\t\t\t\t\t\t\t\t\t\r\n\t\t\t<div class=\"col-12 col-sm-6 col-md-4 waypoint\">\r\n\t\t\t\t<div class=\"inner\">\r\n\t\t\t\t\t\r\n\t\t\t\t\t\r\n\t\t\t\t\t<h4>Risk, Regulation &amp; Compliance<\/h4>\n<p>&nbsp;<\/p>\n\t\t\t\t<\/div>\r\n\t\t\t<\/div>\r\n\t\t\t\t\t\t\r\n\t\t\t\t\t<\/div>\r\n\t<\/div>\r\n<\/section>\r\n\r\n\r\n\n\n\r\n<section class=\"cta-section light\">\r\n\t<div class=\"container\">\r\n\t\t<div class=\"row\">\r\n\t\t\t<div class=\"col-12 waypoint\">\r\n\t\t\t\t<h2>Bewirb dich jetzt und starte mit uns deine Karriere in RRC<\/h2>\n\t\t\t\t\t\t\t\t\t\t\t\t\t<div class=\"btn-con btn-con-center\">\r\n\t\t\t\t\t\t<a class=\"btn\" href=\"https:\/\/careersde.fdmgroup.com\/vacancies\/vacancy-search-results.aspx\" target=\"_blank\">Jetzt bewerben!<\/a>\r\n\t\t\t\t\t<\/div>\r\n\t\t\t\t\t\t\t<\/div>\r\n\t\t<\/div>\r\n\t<\/div>\r\n\r\n\t\r\n<\/section>\r\n","protected":false},"excerpt":{"rendered":"","protected":false},"author":2,"featured_media":0,"parent":59269,"menu_order":0,"comment_status":"closed","ping_status":"closed","template":"","meta":{"_acf_changed":false,"inline_featured_image":false,"footnotes":""},"class_list":["post-59311","page","type-page","status-publish","hentry"],"acf":[],"yoast_head":"<!-- This site is optimized with the Yoast SEO plugin v27.1.1 - https:\/\/yoast.com\/product\/yoast-seo-wordpress\/ -->\n<title>Risk, Regulation &amp; Compliance | FDM Group<\/title>\n<meta name=\"description\" content=\"Risk, Regulation &amp; Compliance | FDM Group\" \/>\n<meta name=\"robots\" content=\"index, follow, max-snippet:-1, max-image-preview:large, max-video-preview:-1\" \/>\n<link rel=\"canonical\" href=\"https:\/\/www.fdmgroup.com\/de\/candidates\/practices\/risk-regulation-compliance\/\" \/>\n<meta property=\"og:locale\" content=\"de_DE\" \/>\n<meta property=\"og:type\" content=\"article\" \/>\n<meta property=\"og:title\" content=\"Risk, Regulation &amp; Compliance | FDM Group\" \/>\n<meta property=\"og:description\" content=\"Risk, Regulation &amp; Compliance | FDM Group\" \/>\n<meta property=\"og:url\" content=\"https:\/\/www.fdmgroup.com\/de\/candidates\/practices\/risk-regulation-compliance\/\" \/>\n<meta property=\"og:site_name\" content=\"FDM Group\" \/>\n<meta property=\"article:publisher\" content=\"https:\/\/www.facebook.com\/FDMGroup\" \/>\n<meta property=\"article:modified_time\" content=\"2024-06-28T16:03:18+00:00\" \/>\n<meta property=\"og:image\" content=\"https:\/\/www.fdmgroup.com\/wp-content\/uploads\/2024\/09\/FDM_placeholder.png\" \/>\n\t<meta property=\"og:image:width\" content=\"1200\" \/>\n\t<meta property=\"og:image:height\" content=\"675\" \/>\n\t<meta property=\"og:image:type\" content=\"image\/png\" \/>\n<meta name=\"twitter:card\" content=\"summary_large_image\" \/>\n<meta name=\"twitter:site\" content=\"@FDMGroup\" \/>\n<meta name=\"twitter:label1\" content=\"Gesch\u00e4tzte Lesezeit\" \/>\n\t<meta name=\"twitter:data1\" content=\"3\u00a0Minuten\" \/>\n<script type=\"application\/ld+json\" class=\"yoast-schema-graph\">{\"@context\":\"https:\/\/schema.org\",\"@graph\":[{\"@type\":\"WebPage\",\"@id\":\"https:\/\/www.fdmgroup.com\/de\/candidates\/practices\/risk-regulation-compliance\/\",\"url\":\"https:\/\/www.fdmgroup.com\/de\/candidates\/practices\/risk-regulation-compliance\/\",\"name\":\"Risk, Regulation &amp; Compliance | FDM Group\",\"isPartOf\":{\"@id\":\"https:\/\/www.fdmgroup.com\/de\/#website\"},\"datePublished\":\"2024-03-11T16:34:32+00:00\",\"dateModified\":\"2024-06-28T16:03:18+00:00\",\"description\":\"Risk, Regulation &amp; Compliance | FDM Group\",\"breadcrumb\":{\"@id\":\"https:\/\/www.fdmgroup.com\/de\/candidates\/practices\/risk-regulation-compliance\/#breadcrumb\"},\"inLanguage\":\"de\",\"potentialAction\":[{\"@type\":\"ReadAction\",\"target\":[\"https:\/\/www.fdmgroup.com\/de\/candidates\/practices\/risk-regulation-compliance\/\"]}]},{\"@type\":\"BreadcrumbList\",\"@id\":\"https:\/\/www.fdmgroup.com\/de\/candidates\/practices\/risk-regulation-compliance\/#breadcrumb\",\"itemListElement\":[{\"@type\":\"ListItem\",\"position\":1,\"name\":\"(DE) Candidates\",\"item\":\"https:\/\/www.fdmgroup.com\/de\/?page_id=59217\"},{\"@type\":\"ListItem\",\"position\":2,\"name\":\"Practices\",\"item\":\"https:\/\/www.fdmgroup.com\/de\/candidates\/practices\/\"},{\"@type\":\"ListItem\",\"position\":3,\"name\":\"Risk, Regulation &amp; Compliance\"}]},{\"@type\":\"WebSite\",\"@id\":\"https:\/\/www.fdmgroup.com\/de\/#website\",\"url\":\"https:\/\/www.fdmgroup.com\/de\/\",\"name\":\"FDM Group\",\"description\":\"\",\"publisher\":{\"@id\":\"https:\/\/www.fdmgroup.com\/de\/#organization\"},\"potentialAction\":[{\"@type\":\"SearchAction\",\"target\":{\"@type\":\"EntryPoint\",\"urlTemplate\":\"https:\/\/www.fdmgroup.com\/de\/?s={search_term_string}\"},\"query-input\":{\"@type\":\"PropertyValueSpecification\",\"valueRequired\":true,\"valueName\":\"search_term_string\"}}],\"inLanguage\":\"de\"},{\"@type\":\"Organization\",\"@id\":\"https:\/\/www.fdmgroup.com\/de\/#organization\",\"name\":\"FDM Group\",\"url\":\"https:\/\/www.fdmgroup.com\/de\/\",\"logo\":{\"@type\":\"ImageObject\",\"inLanguage\":\"de\",\"@id\":\"https:\/\/www.fdmgroup.com\/de\/#\/schema\/logo\/image\/\",\"url\":\"https:\/\/www.fdmgroup.com\/wp-content\/uploads\/2024\/04\/cropped-fdm-logo-green-square-480-3.png\",\"contentUrl\":\"https:\/\/www.fdmgroup.com\/wp-content\/uploads\/2024\/04\/cropped-fdm-logo-green-square-480-3.png\",\"width\":512,\"height\":512,\"caption\":\"FDM Group\"},\"image\":{\"@id\":\"https:\/\/www.fdmgroup.com\/de\/#\/schema\/logo\/image\/\"},\"sameAs\":[\"https:\/\/www.facebook.com\/FDMGroup\",\"https:\/\/x.com\/FDMGroup\",\"https:\/\/www.instagram.com\/fdm_group\/?hl=en\",\"https:\/\/www.linkedin.com\/company\/fdm-group\/?originalSubdomain=uk\",\"https:\/\/www.tiktok.com\/@fdm_group\"]}]}<\/script>\n<!-- \/ Yoast SEO plugin. -->","yoast_head_json":{"title":"Risk, Regulation &amp; Compliance | FDM Group","description":"Risk, Regulation &amp; Compliance | FDM Group","robots":{"index":"index","follow":"follow","max-snippet":"max-snippet:-1","max-image-preview":"max-image-preview:large","max-video-preview":"max-video-preview:-1"},"canonical":"https:\/\/www.fdmgroup.com\/de\/candidates\/practices\/risk-regulation-compliance\/","og_locale":"de_DE","og_type":"article","og_title":"Risk, Regulation &amp; Compliance | FDM Group","og_description":"Risk, Regulation &amp; Compliance | FDM Group","og_url":"https:\/\/www.fdmgroup.com\/de\/candidates\/practices\/risk-regulation-compliance\/","og_site_name":"FDM Group","article_publisher":"https:\/\/www.facebook.com\/FDMGroup","article_modified_time":"2024-06-28T16:03:18+00:00","og_image":[{"width":1200,"height":675,"url":"https:\/\/www.fdmgroup.com\/wp-content\/uploads\/2024\/09\/FDM_placeholder.png","type":"image\/png"}],"twitter_card":"summary_large_image","twitter_site":"@FDMGroup","twitter_misc":{"Gesch\u00e4tzte Lesezeit":"3\u00a0Minuten"},"schema":{"@context":"https:\/\/schema.org","@graph":[{"@type":"WebPage","@id":"https:\/\/www.fdmgroup.com\/de\/candidates\/practices\/risk-regulation-compliance\/","url":"https:\/\/www.fdmgroup.com\/de\/candidates\/practices\/risk-regulation-compliance\/","name":"Risk, Regulation &amp; Compliance | FDM Group","isPartOf":{"@id":"https:\/\/www.fdmgroup.com\/de\/#website"},"datePublished":"2024-03-11T16:34:32+00:00","dateModified":"2024-06-28T16:03:18+00:00","description":"Risk, Regulation &amp; Compliance | FDM Group","breadcrumb":{"@id":"https:\/\/www.fdmgroup.com\/de\/candidates\/practices\/risk-regulation-compliance\/#breadcrumb"},"inLanguage":"de","potentialAction":[{"@type":"ReadAction","target":["https:\/\/www.fdmgroup.com\/de\/candidates\/practices\/risk-regulation-compliance\/"]}]},{"@type":"BreadcrumbList","@id":"https:\/\/www.fdmgroup.com\/de\/candidates\/practices\/risk-regulation-compliance\/#breadcrumb","itemListElement":[{"@type":"ListItem","position":1,"name":"(DE) Candidates","item":"https:\/\/www.fdmgroup.com\/de\/?page_id=59217"},{"@type":"ListItem","position":2,"name":"Practices","item":"https:\/\/www.fdmgroup.com\/de\/candidates\/practices\/"},{"@type":"ListItem","position":3,"name":"Risk, Regulation &amp; Compliance"}]},{"@type":"WebSite","@id":"https:\/\/www.fdmgroup.com\/de\/#website","url":"https:\/\/www.fdmgroup.com\/de\/","name":"FDM Group","description":"","publisher":{"@id":"https:\/\/www.fdmgroup.com\/de\/#organization"},"potentialAction":[{"@type":"SearchAction","target":{"@type":"EntryPoint","urlTemplate":"https:\/\/www.fdmgroup.com\/de\/?s={search_term_string}"},"query-input":{"@type":"PropertyValueSpecification","valueRequired":true,"valueName":"search_term_string"}}],"inLanguage":"de"},{"@type":"Organization","@id":"https:\/\/www.fdmgroup.com\/de\/#organization","name":"FDM Group","url":"https:\/\/www.fdmgroup.com\/de\/","logo":{"@type":"ImageObject","inLanguage":"de","@id":"https:\/\/www.fdmgroup.com\/de\/#\/schema\/logo\/image\/","url":"https:\/\/www.fdmgroup.com\/wp-content\/uploads\/2024\/04\/cropped-fdm-logo-green-square-480-3.png","contentUrl":"https:\/\/www.fdmgroup.com\/wp-content\/uploads\/2024\/04\/cropped-fdm-logo-green-square-480-3.png","width":512,"height":512,"caption":"FDM Group"},"image":{"@id":"https:\/\/www.fdmgroup.com\/de\/#\/schema\/logo\/image\/"},"sameAs":["https:\/\/www.facebook.com\/FDMGroup","https:\/\/x.com\/FDMGroup","https:\/\/www.instagram.com\/fdm_group\/?hl=en","https:\/\/www.linkedin.com\/company\/fdm-group\/?originalSubdomain=uk","https:\/\/www.tiktok.com\/@fdm_group"]}]}},"_links":{"self":[{"href":"https:\/\/www.fdmgroup.com\/de\/wp-json\/wp\/v2\/pages\/59311","targetHints":{"allow":["GET"]}}],"collection":[{"href":"https:\/\/www.fdmgroup.com\/de\/wp-json\/wp\/v2\/pages"}],"about":[{"href":"https:\/\/www.fdmgroup.com\/de\/wp-json\/wp\/v2\/types\/page"}],"author":[{"embeddable":true,"href":"https:\/\/www.fdmgroup.com\/de\/wp-json\/wp\/v2\/users\/2"}],"replies":[{"embeddable":true,"href":"https:\/\/www.fdmgroup.com\/de\/wp-json\/wp\/v2\/comments?post=59311"}],"version-history":[{"count":0,"href":"https:\/\/www.fdmgroup.com\/de\/wp-json\/wp\/v2\/pages\/59311\/revisions"}],"up":[{"embeddable":true,"href":"https:\/\/www.fdmgroup.com\/de\/wp-json\/wp\/v2\/pages\/59269"}],"wp:attachment":[{"href":"https:\/\/www.fdmgroup.com\/de\/wp-json\/wp\/v2\/media?parent=59311"}],"curies":[{"name":"wp","href":"https:\/\/api.w.org\/{rel}","templated":true}]}}