{"id":59377,"date":"2024-03-11T13:13:43","date_gmt":"2024-03-11T13:13:43","guid":{"rendered":"https:\/\/fdm.in-beta7.co.uk\/?page_id=59377"},"modified":"2024-06-05T17:47:14","modified_gmt":"2024-06-05T16:47:14","slug":"data-analytics","status":"publish","type":"page","link":"https:\/\/www.fdmgroup.com\/de\/candidates\/practices\/data-analytics\/","title":{"rendered":"Data &amp; Analytics"},"content":{"rendered":"\r\n<section class=\"simple-hero-section\">\r\n\t<div class=\"container\">\r\n\t\t<div class=\"row\">\r\n\t\t\t<div class=\"col-12 col-md-6 text-side waypoint\">\r\n\t\t\t\t<div class=\"text\">\r\n\t\t\t\t\t<h1>Data &amp; Analytics <em>Karriere<\/em><\/h1>\n\r\n\t\t\t\t\t\t\t\t\t\t\t\t\t\t\t<div class=\"btn-con\">\r\n\t\t\t\t\t\t<a class=\"btn\" href=\"https:\/\/careersde.fdmgroup.com\/vacancies\/vacancy-search-results.aspx\" target=\"_blank\">Jetzt bewerben!<\/a>\r\n\t\t\t\t\t<\/div>\r\n\t\t\t\t\t\t\t\t\t<\/div>\r\n\t\t\t<\/div>\r\n\r\n\t\t\t<div class=\"col-12 col-md-6 img-side waypoint\">\r\n\t\t\t\t\t\t\t\t<img width=\"864\" height=\"839\" data-done=\"false\" data-img=\"https:\/\/www.fdmgroup.com\/wp-content\/uploads\/2024\/03\/iStock-1626853828-1-864x839.jpg\" alt=\"Tech Industry Gold Accreditation\">\r\n\t\t\t\t\t\t\t<\/div>\r\n\t\t<\/div>\r\n\t<\/div>\r\n<\/section>\r\n\n\n\r\n<section class=\"text-with-image-section medium-light right\">\r\n\t<div class=\"container\">\r\n\t\t<div class=\"row\">\r\n\r\n\t\t\t<div class=\"col-12 col-md-6 img-side waypoint\">\r\n\t\t\t\t\t\t\t\t<img width=\"771\" height=\"791\" data-done=\"false\" data-img=\"https:\/\/www.fdmgroup.com\/wp-content\/uploads\/2024\/03\/iStock-1795115029-1-1-771x791.jpg\" alt=\"\">\r\n\t\t\t\t\t\t\t<\/div>\r\n\r\n\t\t\t<div class=\"col-12 col-md-6 text-side waypoint\">\r\n\t\t\t\t<div class=\"text\">\r\n\t\t\t\t\t<h2 class=\"p1\">Starte mit FDM deine Karriere als Datenexpert*in<\/h2>\n<p class=\"p1\">Nimm an unserem Practice Bereich Data and Analytics<span class=\"Apple-converted-space\">\u00a0 <\/span>teil und lerne T\u00e4tigkeitsbereiche<span class=\"Apple-converted-space\">\u00a0 <\/span>von der technischen Business-Analyse bis hin zum Software Engineering kennen. Visualisiere Daten und mach dich mit Dashboarding, Web-Design oder UX\/UI vertraut. Nimm an Data-Science-Schulungen teil, um gro\u00dfe, unstrukturierte Datens\u00e4tze zu analysieren und Prognosen zu erstellen. Qualifiziere dich f\u00fcr SAP und SAS oder strebe eine technischere Ausrichtung als ETL-Entwickler*in an.<\/p>\n\r\n\t\t\t\t\t\t\t\t\t<\/div>\r\n\t\t\t<\/div>\r\n\r\n\t\t<\/div>\r\n\t<\/div>\r\n<\/section>\r\n\n\n\r\n<section class=\"text-with-image-section light left\">\r\n\t<div class=\"container\">\r\n\t\t<div class=\"row\">\r\n\r\n\t\t\t<div class=\"col-12 col-md-6 img-side waypoint\">\r\n\t\t\t\t\t\t\t\t<img width=\"646\" height=\"628\" data-done=\"false\" data-img=\"https:\/\/www.fdmgroup.com\/wp-content\/uploads\/2024\/02\/si3.jpg\" alt=\"\">\r\n\t\t\t\t\t\t\t<\/div>\r\n\r\n\t\t\t<div class=\"col-12 col-md-6 text-side waypoint\">\r\n\t\t\t\t<div class=\"text\">\r\n\t\t\t\t\t<h2 class=\"p1\">Wo Innovationen auf Know-how treffen<\/h2>\n<p class=\"p1\">Lerne vielf\u00e4ltige und spannende T\u00e4tigkeitsbereiche im Rahmen von Kundeneins\u00e4tzen kennen. Vertiefe deine SQL-Kenntnisse und mache dich mit den Feinheiten von Extraktion, Transformation und Loading von Daten vertraut. Arbeite dich in BI-Grundlagen ein, um Data Warehouses und verschiedene Datenmodellierungen zu erstellen \u2013 alles beruhend auf branchenweit anerkannten Databricks-, Power BI-, TOGAF- und anderen Zertifizierungen.<\/p>\n\r\n\t\t\t\t\t\t\t\t\t\t\t\t\t\t\t<div class=\"btn-con\">\r\n\t\t\t\t\t\t<a class=\"btn\" href=\"\/de\/about-us\/contact-us\/\" target=\"_self\">Erfahre mehr<\/a>\r\n\t\t\t\t\t<\/div>\r\n\t\t\t\t\t\t\t\t\t<\/div>\r\n\t\t\t<\/div>\r\n\r\n\t\t<\/div>\r\n\t<\/div>\r\n<\/section>\r\n\n\n\r\n<section class=\"text-with-image-section medium-light right\">\r\n\t<div class=\"container\">\r\n\t\t<div class=\"row\">\r\n\r\n\t\t\t<div class=\"col-12 col-md-6 img-side waypoint\">\r\n\t\t\t\t\t\t\t\t<img width=\"771\" height=\"791\" data-done=\"false\" data-img=\"https:\/\/www.fdmgroup.com\/wp-content\/uploads\/2024\/02\/si4-771x791.jpg\" alt=\"\">\r\n\t\t\t\t\t\t\t<\/div>\r\n\r\n\t\t\t<div class=\"col-12 col-md-6 text-side waypoint\">\r\n\t\t\t\t<div class=\"text\">\r\n\t\t\t\t\t<h2 class=\"p1\">\u00dcberzeugende Gr\u00fcnde f\u00fcr unsere Practices<\/h2>\n<p class=\"p1\">Wir setzen uns f\u00fcr deine kontinuierliche Weiterentwicklung und Verbesserung ein. Gestalte mithilfe von individuellen Coachings und Schulungen im FDM Skills Lab eine spannende Laufbahn.<\/p>\n<p class=\"p1\">Erfahre mehr \u00fcber die Unterst\u00fctzung und Weiterentwicklung bei FDM.<\/p>\n\r\n\t\t\t\t\t\t\t\t\t\t\t\t\t\t\t<div class=\"btn-con\">\r\n\t\t\t\t\t\t<a class=\"btn\" href=\"\/de\/candidates\/support-development\/\" target=\"_self\">Erfahre wie wir dich unterst\u00fctzen<\/a>\r\n\t\t\t\t\t<\/div>\r\n\t\t\t\t\t\t\t\t\t<\/div>\r\n\t\t\t<\/div>\r\n\r\n\t\t<\/div>\r\n\t<\/div>\r\n<\/section>\r\n\n\n\r\n<section class=\"text-with-image-section light left\">\r\n\t<div class=\"container\">\r\n\t\t<div class=\"row\">\r\n\r\n\t\t\t<div class=\"col-12 col-md-6 img-side waypoint\">\r\n\t\t\t\t\t\t\t\t<img width=\"771\" height=\"791\" data-done=\"false\" data-img=\"https:\/\/www.fdmgroup.com\/wp-content\/uploads\/2024\/03\/iStock-1209869264-771x791.jpg\" alt=\"\">\r\n\t\t\t\t\t\t\t<\/div>\r\n\r\n\t\t\t<div class=\"col-12 col-md-6 text-side waypoint\">\r\n\t\t\t\t<div class=\"text\">\r\n\t\t\t\t\t<h2 class=\"p1\">Wen suchen wir?<\/h2>\n<p class=\"p1\">Eine Karriere im Bereich Data und Analytics bietet sich f\u00fcr dich an, wenn du die folgenden Eigenschaften mitbringst:<\/p>\n<ul>\n<li>Probleml\u00f6sungskompetenz<\/li>\n<li>Affinit\u00e4t f\u00fcr Datenanalyse und Reporting<\/li>\n<li>Hochschulabschluss oder Ausbildung als Fachinformatiker*in in Anwendungsbetreuung oder Systemintegration<\/li>\n<li>Gute Deutsch- und Englischkenntnisse<\/li>\n<\/ul>\n<p class=\"p1\">Wir sind auf der Suche nach Bewerber*innen mit einer Kombination aus business und technischem Interesse \u2013 Kommunikatoren, die keine Scheu vorm Programmiern haben.<\/p>\n\r\n\t\t\t\t\t\t\t\t\t<\/div>\r\n\t\t\t<\/div>\r\n\r\n\t\t<\/div>\r\n\t<\/div>\r\n<\/section>\r\n\n\n\r\n<section class=\"text-with-image-section medium-light right\">\r\n\t<div class=\"container\">\r\n\t\t<div class=\"row\">\r\n\r\n\t\t\t<div class=\"col-12 col-md-6 img-side waypoint\">\r\n\t\t\t\t\t\t\t\t<img width=\"724\" height=\"483\" data-done=\"false\" data-img=\"https:\/\/www.fdmgroup.com\/wp-content\/uploads\/2024\/04\/KYC.jpg\" alt=\"\">\r\n\t\t\t\t\t\t\t<\/div>\r\n\r\n\t\t\t<div class=\"col-12 col-md-6 text-side waypoint\">\r\n\t\t\t\t<div class=\"text\">\r\n\t\t\t\t\t<h2>Sammle Erfahrungen in Rollen wie:<\/h2>\n<ul>\n<li>BI Developer<\/li>\n<li>RPA Consultant<\/li>\n<li>Data Engineer<\/li>\n<li>Data Scientist<\/li>\n<\/ul>\n\r\n\t\t\t\t\t\t\t\t\t<\/div>\r\n\t\t\t<\/div>\r\n\r\n\t\t<\/div>\r\n\t<\/div>\r\n<\/section>\r\n\n\n\r\n<section class=\"block-section light\">\r\n\t<div class=\"container\">\r\n\t\t<div class=\"row\">\r\n\r\n\t\t\t\t\t\t<div class=\"col-12 text-con waypoint\">\r\n\t\t\t\t<h2 class=\"p1\">Unsere Areas of Expertise<\/h2>\n\t\t\t<\/div>\r\n\t\t\t\r\n\t\t\t\t\t\t\t\t\t\t\t\t\t\t\t\r\n\t\t\t<div class=\"col-12 col-sm-6 col-md-4 waypoint\">\r\n\t\t\t\t<div class=\"inner\">\r\n\t\t\t\t\t\r\n\t\t\t\t\t\r\n\t\t\t\t\t<h4>Business Intelligence<\/h4>\n\t\t\t\t<\/div>\r\n\t\t\t<\/div>\r\n\t\t\t\t\t\t\t\t\t\t\t\t\r\n\t\t\t<div class=\"col-12 col-sm-6 col-md-4 waypoint\">\r\n\t\t\t\t<div class=\"inner\">\r\n\t\t\t\t\t\r\n\t\t\t\t\t\r\n\t\t\t\t\t<h4 class=\"p1\">Data Engineering<\/h4>\n<p>&nbsp;<\/p>\n\t\t\t\t<\/div>\r\n\t\t\t<\/div>\r\n\t\t\t\t\t\t\t\t\t\t\t\t\r\n\t\t\t<div class=\"col-12 col-sm-6 col-md-4 waypoint\">\r\n\t\t\t\t<div class=\"inner\">\r\n\t\t\t\t\t\r\n\t\t\t\t\t\r\n\t\t\t\t\t<h4>Data Science<\/h4>\n\t\t\t\t<\/div>\r\n\t\t\t<\/div>\r\n\t\t\t\t\t\t\t\t\t\t\t\t\r\n\t\t\t<div class=\"col-12 col-sm-6 col-md-4 waypoint\">\r\n\t\t\t\t<div class=\"inner\">\r\n\t\t\t\t\t\r\n\t\t\t\t\t\r\n\t\t\t\t\t<h4>Machine Learning<\/h4>\n\t\t\t\t<\/div>\r\n\t\t\t<\/div>\r\n\t\t\t\t\t\t\t\t\t\t\t\t\r\n\t\t\t<div class=\"col-12 col-sm-6 col-md-4 waypoint\">\r\n\t\t\t\t<div class=\"inner\">\r\n\t\t\t\t\t\r\n\t\t\t\t\t\r\n\t\t\t\t\t<h4>Data Governance<\/h4>\n\t\t\t\t<\/div>\r\n\t\t\t<\/div>\r\n\t\t\t\t\t\t\r\n\t\t\t\t\t<\/div>\r\n\t<\/div>\r\n<\/section>\r\n\r\n\r\n\n\n\r\n<section class=\"cta-section medium-dark\">\r\n\t<div class=\"container\">\r\n\t\t<div class=\"row\">\r\n\t\t\t<div class=\"col-12 waypoint\">\r\n\t\t\t\t<h2 class=\"p1\" style=\"text-align: center;\">Bewirb dich jetzt und starte mit uns deine Karriere in Data und Analytics.<\/h2>\n\t\t\t\t\t\t\t\t\t\t\t\t\t<div class=\"btn-con btn-con-center\">\r\n\t\t\t\t\t\t<a class=\"btn\" href=\"https:\/\/careersde.fdmgroup.com\/vacancies\/vacancy-search-results.aspx\" target=\"_blank\">Jetzt bewerben!<\/a>\r\n\t\t\t\t\t<\/div>\r\n\t\t\t\t\t\t\t<\/div>\r\n\t\t<\/div>\r\n\t<\/div>\r\n\r\n\t\r\n<\/section>\r\n","protected":false},"excerpt":{"rendered":"","protected":false},"author":2,"featured_media":0,"parent":59269,"menu_order":0,"comment_status":"closed","ping_status":"closed","template":"","meta":{"_acf_changed":false,"inline_featured_image":false,"footnotes":""},"class_list":["post-59377","page","type-page","status-publish","hentry"],"acf":[],"yoast_head":"<!-- This site is optimized with the Yoast SEO plugin v27.1.1 - https:\/\/yoast.com\/product\/yoast-seo-wordpress\/ -->\n<title>Data &amp; Analytics | FDM Group<\/title>\n<meta name=\"description\" content=\"Data &amp; Analytics | FDM Group\" \/>\n<meta name=\"robots\" content=\"index, follow, max-snippet:-1, max-image-preview:large, max-video-preview:-1\" \/>\n<link rel=\"canonical\" href=\"https:\/\/www.fdmgroup.com\/de\/candidates\/practices\/data-analytics\/\" \/>\n<meta property=\"og:locale\" content=\"de_DE\" \/>\n<meta property=\"og:type\" content=\"article\" \/>\n<meta property=\"og:title\" content=\"Data &amp; Analytics | FDM Group\" \/>\n<meta property=\"og:description\" content=\"Data &amp; Analytics | FDM Group\" \/>\n<meta property=\"og:url\" content=\"https:\/\/www.fdmgroup.com\/de\/candidates\/practices\/data-analytics\/\" \/>\n<meta property=\"og:site_name\" content=\"FDM Group\" \/>\n<meta property=\"article:publisher\" content=\"https:\/\/www.facebook.com\/FDMGroup\" \/>\n<meta property=\"article:modified_time\" content=\"2024-06-05T16:47:14+00:00\" \/>\n<meta property=\"og:image\" content=\"https:\/\/www.fdmgroup.com\/wp-content\/uploads\/2024\/09\/FDM_placeholder.png\" \/>\n\t<meta property=\"og:image:width\" content=\"1200\" \/>\n\t<meta property=\"og:image:height\" content=\"675\" \/>\n\t<meta property=\"og:image:type\" content=\"image\/png\" \/>\n<meta name=\"twitter:card\" content=\"summary_large_image\" \/>\n<meta name=\"twitter:site\" content=\"@FDMGroup\" \/>\n<meta name=\"twitter:label1\" content=\"Gesch\u00e4tzte Lesezeit\" \/>\n\t<meta name=\"twitter:data1\" content=\"3\u00a0Minuten\" \/>\n<script type=\"application\/ld+json\" class=\"yoast-schema-graph\">{\"@context\":\"https:\/\/schema.org\",\"@graph\":[{\"@type\":\"WebPage\",\"@id\":\"https:\/\/www.fdmgroup.com\/de\/candidates\/practices\/data-analytics\/\",\"url\":\"https:\/\/www.fdmgroup.com\/de\/candidates\/practices\/data-analytics\/\",\"name\":\"Data &amp; Analytics | FDM Group\",\"isPartOf\":{\"@id\":\"https:\/\/www.fdmgroup.com\/de\/#website\"},\"datePublished\":\"2024-03-11T13:13:43+00:00\",\"dateModified\":\"2024-06-05T16:47:14+00:00\",\"description\":\"Data &amp; Analytics | FDM Group\",\"breadcrumb\":{\"@id\":\"https:\/\/www.fdmgroup.com\/de\/candidates\/practices\/data-analytics\/#breadcrumb\"},\"inLanguage\":\"de\",\"potentialAction\":[{\"@type\":\"ReadAction\",\"target\":[\"https:\/\/www.fdmgroup.com\/de\/candidates\/practices\/data-analytics\/\"]}]},{\"@type\":\"BreadcrumbList\",\"@id\":\"https:\/\/www.fdmgroup.com\/de\/candidates\/practices\/data-analytics\/#breadcrumb\",\"itemListElement\":[{\"@type\":\"ListItem\",\"position\":1,\"name\":\"(DE) Candidates\",\"item\":\"https:\/\/www.fdmgroup.com\/de\/?page_id=59217\"},{\"@type\":\"ListItem\",\"position\":2,\"name\":\"Practices\",\"item\":\"https:\/\/www.fdmgroup.com\/de\/candidates\/practices\/\"},{\"@type\":\"ListItem\",\"position\":3,\"name\":\"Data &amp; Analytics\"}]},{\"@type\":\"WebSite\",\"@id\":\"https:\/\/www.fdmgroup.com\/de\/#website\",\"url\":\"https:\/\/www.fdmgroup.com\/de\/\",\"name\":\"FDM Group\",\"description\":\"\",\"publisher\":{\"@id\":\"https:\/\/www.fdmgroup.com\/de\/#organization\"},\"potentialAction\":[{\"@type\":\"SearchAction\",\"target\":{\"@type\":\"EntryPoint\",\"urlTemplate\":\"https:\/\/www.fdmgroup.com\/de\/?s={search_term_string}\"},\"query-input\":{\"@type\":\"PropertyValueSpecification\",\"valueRequired\":true,\"valueName\":\"search_term_string\"}}],\"inLanguage\":\"de\"},{\"@type\":\"Organization\",\"@id\":\"https:\/\/www.fdmgroup.com\/de\/#organization\",\"name\":\"FDM Group\",\"url\":\"https:\/\/www.fdmgroup.com\/de\/\",\"logo\":{\"@type\":\"ImageObject\",\"inLanguage\":\"de\",\"@id\":\"https:\/\/www.fdmgroup.com\/de\/#\/schema\/logo\/image\/\",\"url\":\"https:\/\/www.fdmgroup.com\/wp-content\/uploads\/2024\/04\/cropped-fdm-logo-green-square-480-3.png\",\"contentUrl\":\"https:\/\/www.fdmgroup.com\/wp-content\/uploads\/2024\/04\/cropped-fdm-logo-green-square-480-3.png\",\"width\":512,\"height\":512,\"caption\":\"FDM Group\"},\"image\":{\"@id\":\"https:\/\/www.fdmgroup.com\/de\/#\/schema\/logo\/image\/\"},\"sameAs\":[\"https:\/\/www.facebook.com\/FDMGroup\",\"https:\/\/x.com\/FDMGroup\",\"https:\/\/www.instagram.com\/fdm_group\/?hl=en\",\"https:\/\/www.linkedin.com\/company\/fdm-group\/?originalSubdomain=uk\",\"https:\/\/www.tiktok.com\/@fdm_group\"]}]}<\/script>\n<!-- \/ Yoast SEO plugin. -->","yoast_head_json":{"title":"Data &amp; Analytics | FDM Group","description":"Data &amp; Analytics | FDM Group","robots":{"index":"index","follow":"follow","max-snippet":"max-snippet:-1","max-image-preview":"max-image-preview:large","max-video-preview":"max-video-preview:-1"},"canonical":"https:\/\/www.fdmgroup.com\/de\/candidates\/practices\/data-analytics\/","og_locale":"de_DE","og_type":"article","og_title":"Data &amp; Analytics | FDM Group","og_description":"Data &amp; Analytics | FDM Group","og_url":"https:\/\/www.fdmgroup.com\/de\/candidates\/practices\/data-analytics\/","og_site_name":"FDM Group","article_publisher":"https:\/\/www.facebook.com\/FDMGroup","article_modified_time":"2024-06-05T16:47:14+00:00","og_image":[{"width":1200,"height":675,"url":"https:\/\/www.fdmgroup.com\/wp-content\/uploads\/2024\/09\/FDM_placeholder.png","type":"image\/png"}],"twitter_card":"summary_large_image","twitter_site":"@FDMGroup","twitter_misc":{"Gesch\u00e4tzte Lesezeit":"3\u00a0Minuten"},"schema":{"@context":"https:\/\/schema.org","@graph":[{"@type":"WebPage","@id":"https:\/\/www.fdmgroup.com\/de\/candidates\/practices\/data-analytics\/","url":"https:\/\/www.fdmgroup.com\/de\/candidates\/practices\/data-analytics\/","name":"Data &amp; Analytics | FDM Group","isPartOf":{"@id":"https:\/\/www.fdmgroup.com\/de\/#website"},"datePublished":"2024-03-11T13:13:43+00:00","dateModified":"2024-06-05T16:47:14+00:00","description":"Data &amp; Analytics | FDM Group","breadcrumb":{"@id":"https:\/\/www.fdmgroup.com\/de\/candidates\/practices\/data-analytics\/#breadcrumb"},"inLanguage":"de","potentialAction":[{"@type":"ReadAction","target":["https:\/\/www.fdmgroup.com\/de\/candidates\/practices\/data-analytics\/"]}]},{"@type":"BreadcrumbList","@id":"https:\/\/www.fdmgroup.com\/de\/candidates\/practices\/data-analytics\/#breadcrumb","itemListElement":[{"@type":"ListItem","position":1,"name":"(DE) Candidates","item":"https:\/\/www.fdmgroup.com\/de\/?page_id=59217"},{"@type":"ListItem","position":2,"name":"Practices","item":"https:\/\/www.fdmgroup.com\/de\/candidates\/practices\/"},{"@type":"ListItem","position":3,"name":"Data &amp; Analytics"}]},{"@type":"WebSite","@id":"https:\/\/www.fdmgroup.com\/de\/#website","url":"https:\/\/www.fdmgroup.com\/de\/","name":"FDM Group","description":"","publisher":{"@id":"https:\/\/www.fdmgroup.com\/de\/#organization"},"potentialAction":[{"@type":"SearchAction","target":{"@type":"EntryPoint","urlTemplate":"https:\/\/www.fdmgroup.com\/de\/?s={search_term_string}"},"query-input":{"@type":"PropertyValueSpecification","valueRequired":true,"valueName":"search_term_string"}}],"inLanguage":"de"},{"@type":"Organization","@id":"https:\/\/www.fdmgroup.com\/de\/#organization","name":"FDM Group","url":"https:\/\/www.fdmgroup.com\/de\/","logo":{"@type":"ImageObject","inLanguage":"de","@id":"https:\/\/www.fdmgroup.com\/de\/#\/schema\/logo\/image\/","url":"https:\/\/www.fdmgroup.com\/wp-content\/uploads\/2024\/04\/cropped-fdm-logo-green-square-480-3.png","contentUrl":"https:\/\/www.fdmgroup.com\/wp-content\/uploads\/2024\/04\/cropped-fdm-logo-green-square-480-3.png","width":512,"height":512,"caption":"FDM Group"},"image":{"@id":"https:\/\/www.fdmgroup.com\/de\/#\/schema\/logo\/image\/"},"sameAs":["https:\/\/www.facebook.com\/FDMGroup","https:\/\/x.com\/FDMGroup","https:\/\/www.instagram.com\/fdm_group\/?hl=en","https:\/\/www.linkedin.com\/company\/fdm-group\/?originalSubdomain=uk","https:\/\/www.tiktok.com\/@fdm_group"]}]}},"_links":{"self":[{"href":"https:\/\/www.fdmgroup.com\/de\/wp-json\/wp\/v2\/pages\/59377","targetHints":{"allow":["GET"]}}],"collection":[{"href":"https:\/\/www.fdmgroup.com\/de\/wp-json\/wp\/v2\/pages"}],"about":[{"href":"https:\/\/www.fdmgroup.com\/de\/wp-json\/wp\/v2\/types\/page"}],"author":[{"embeddable":true,"href":"https:\/\/www.fdmgroup.com\/de\/wp-json\/wp\/v2\/users\/2"}],"replies":[{"embeddable":true,"href":"https:\/\/www.fdmgroup.com\/de\/wp-json\/wp\/v2\/comments?post=59377"}],"version-history":[{"count":0,"href":"https:\/\/www.fdmgroup.com\/de\/wp-json\/wp\/v2\/pages\/59377\/revisions"}],"up":[{"embeddable":true,"href":"https:\/\/www.fdmgroup.com\/de\/wp-json\/wp\/v2\/pages\/59269"}],"wp:attachment":[{"href":"https:\/\/www.fdmgroup.com\/de\/wp-json\/wp\/v2\/media?parent=59377"}],"curies":[{"name":"wp","href":"https:\/\/api.w.org\/{rel}","templated":true}]}}