{"id":68015,"date":"2024-08-27T15:55:04","date_gmt":"2024-08-27T14:55:04","guid":{"rendered":"https:\/\/www.fdmgroup.com\/?page_id=68015"},"modified":"2025-02-03T11:35:59","modified_gmt":"2025-02-03T11:35:59","slug":"cotm","status":"publish","type":"page","link":"https:\/\/www.fdmgroup.com\/de\/cotm\/","title":{"rendered":"Consultant of the Month"},"content":{"rendered":"\r\n<section class=\"hero-section light-menu full-bg\" fetchpriority=\"high\" style=\"background-image:url(https:\/\/www.fdmgroup.com\/wp-content\/uploads\/2024\/09\/CotM-Header-DE-PL.jpg);\">\r\n\t<div class=\"container\">\r\n\t\t<div class=\"row\">\r\n\r\n\t\t\t\r\n\t\t\t<div class=\"col-12\">\r\n\t\t\t\t\t\t\t<div class=\"top\">\r\n\t\t\t\t\t<h1>Au\u00dfergew\u00f6hnliche Errungenschaften feiern<\/h1>\n\t\t\t\t<\/div>\r\n\t\t\t\r\n\t\t\t\t\t\t\t<div class=\"right\">\r\n\t\t\t\t\t<p>Dies ist Ihre Gelegenheit, Consultants zu w\u00fcrdigen, die au\u00dfergew\u00f6hnliche Leistungen erbracht haben. Die Auszeichnung \u201eFDM Consultant of the Month\u201c (COTM) ehrt diejenigen, die sich durch herausragendes Engagement und besonderen Einsatz hervorgetan haben.<\/p>\n\t\t\t\t<\/div>\r\n\t\t\t\t\t\t<\/div>\r\n\t\t\t\r\n\r\n\t\t<\/div>\r\n\t<\/div>\r\n<\/section>\n\n\r\n<section class=\"text-with-image-section medium-light left\">\r\n\t<div class=\"container\">\r\n\t\t<div class=\"row\">\r\n\r\n\t\t\t<div class=\"col-12 col-md-6 img-side waypoint\">\r\n\t\t\t\t\t\t\t\t<img width=\"771\" height=\"791\" data-done=\"false\" data-img=\"https:\/\/www.fdmgroup.com\/wp-content\/uploads\/2025\/02\/FDM_Global_Cotm_webpage_graphics_German-FINAL-1-771x791.png\" alt=\"\">\r\n\t\t\t\t\t\t\t<\/div>\r\n\r\n\t\t\t<div class=\"col-12 col-md-6 text-side waypoint\">\r\n\t\t\t\t<div class=\"text\">\r\n\t\t\t\t\t<h2>Wie funktioniert es?<\/h2>\n<p>Wir m\u00f6chten sicherstellen, dass alle Consultants, die FDM repr\u00e4sentieren, die Grundwerte unseres Unternehmens verinnerlichen und diejenigen wertsch\u00e4tzen, die die FDM Werte aktiv vorleben.<\/p>\n\r\n\t\t\t\t\t\t\t\t\t<\/div>\r\n\t\t\t<\/div>\r\n\r\n\t\t<\/div>\r\n\t<\/div>\r\n<\/section>\r\n\n\n\r\n<section class=\"text-with-image-section light right\">\r\n\t<div class=\"container\">\r\n\t\t<div class=\"row\">\r\n\r\n\t\t\t<div class=\"col-12 col-md-6 img-side waypoint\">\r\n\t\t\t\t\t\t\t\t<img width=\"771\" height=\"791\" data-done=\"false\" data-img=\"https:\/\/www.fdmgroup.com\/wp-content\/uploads\/2024\/08\/iStock-2014424610-771x791.jpg\" alt=\"\">\r\n\t\t\t\t\t\t\t<\/div>\r\n\r\n\t\t\t<div class=\"col-12 col-md-6 text-side waypoint\">\r\n\t\t\t\t<div class=\"text\">\r\n\t\t\t\t\t<h2>Wen soll ich nominieren?<\/h2>\n<p>Damit die Jury Ihren COTM-Kandidaten oder Ihre COTM-Kandidatin ber\u00fccksichtigt, m\u00fcssen nachweislich herausragende Leistungen bei der Umsetzung und Repr\u00e4sentation der FDM Werte erbracht worden sein.<\/p>\n<p>Zwar ist Anerkennung f\u00fcr gut erledigte allt\u00e4gliche Aufgaben immer wichtig, doch wir suchen nach Consultants, die wirklich herausstechen und \u201e\u00fcber sich hinauswachsen\u201c.<\/p>\n\r\n\t\t\t\t\t\t\t\t\t\t\t\t\t\t\t<div class=\"btn-con\">\r\n\t\t\t\t\t\t<a class=\"btn\" href=\"https:\/\/forms.office.com\/e\/LcNxfqQfek\" target=\"_blank\">Nominierung starten<\/a>\r\n\t\t\t\t\t<\/div>\r\n\t\t\t\t\t\t\t\t\t<\/div>\r\n\t\t\t<\/div>\r\n\r\n\t\t<\/div>\r\n\t<\/div>\r\n<\/section>\r\n\n\n\r\n<section class=\"block-section medium-light\">\r\n\t<div class=\"container\">\r\n\t\t<div class=\"row\">\r\n\r\n\t\t\t\t\t\t<div class=\"col-12 text-con waypoint\">\r\n\t\t\t\t<h2 style=\"text-align: center;\">FDM Werte<\/h2>\n<p style=\"text-align: center;\">Das Anerkennungssystem bewertet die Leistungen der Consultants auf Basis unserer Werte \u2013 der Leitprinzipien, die unser Handeln und Verhalten bestimmen.<\/p>\n<p>&nbsp;<\/p>\n\t\t\t<\/div>\r\n\t\t\t\r\n\t\t\t\t\t\t\t\t\t\t\t\t\t\t\t\r\n\t\t\t<div class=\"col-12 col-sm-6 col-md-4 waypoint\">\r\n\t\t\t\t<div class=\"inner\">\r\n\t\t\t\t\t\r\n\t\t\t\t\t\r\n\t\t\t\t\t<h2 style=\"text-align: center;\">Insightful<\/h2>\n<p>Wir richten uns nach den neuesten Technologietrends und den aktuellen Gesch\u00e4ftsanforderungen.<\/p>\n\t\t\t\t<\/div>\r\n\t\t\t<\/div>\r\n\t\t\t\t\t\t\t\t\t\t\t\t\r\n\t\t\t<div class=\"col-12 col-sm-6 col-md-4 waypoint\">\r\n\t\t\t\t<div class=\"inner\">\r\n\t\t\t\t\t\r\n\t\t\t\t\t\r\n\t\t\t\t\t<h2 style=\"text-align: center;\">Invigorating<\/h2>\n<p>Wir geben den Menschen, was sie brauchen, um erfolgreich zu sein.<\/p>\n\t\t\t\t<\/div>\r\n\t\t\t<\/div>\r\n\t\t\t\t\t\t\t\t\t\t\t\t\r\n\t\t\t<div class=\"col-12 col-sm-6 col-md-4 waypoint\">\r\n\t\t\t\t<div class=\"inner\">\r\n\t\t\t\t\t\r\n\t\t\t\t\t\r\n\t\t\t\t\t<h2 style=\"text-align: center;\">Influential<\/h2>\n<p>Wir handeln mit Mut, um Grenzen zu \u00fcberwinden und neue Ma\u00dfst\u00e4be zu setzen.<\/p>\n\t\t\t\t<\/div>\r\n\t\t\t<\/div>\r\n\t\t\t\t\t\t\r\n\t\t\t\t\t<\/div>\r\n\t<\/div>\r\n<\/section>\r\n\r\n\r\n\n\n\r\n<section class=\"text-with-image-section light left\">\r\n\t<div class=\"container\">\r\n\t\t<div class=\"row\">\r\n\r\n\t\t\t<div class=\"col-12 col-md-6 img-side waypoint\">\r\n\t\t\t\t\t\t\t\t<img width=\"771\" height=\"791\" data-done=\"false\" data-img=\"https:\/\/www.fdmgroup.com\/wp-content\/uploads\/2024\/08\/iStock-1366032138-771x791.jpg\" alt=\"\">\r\n\t\t\t\t\t\t\t<\/div>\r\n\r\n\t\t\t<div class=\"col-12 col-md-6 text-side waypoint\">\r\n\t\t\t\t<div class=\"text\">\r\n\t\t\t\t\t<h2>Bekanntgabe der Gewinner<\/h2>\n<p>Die Jury k\u00fcrt die Gewinner*innen aus jeder Region \u2013 Gro\u00dfbritannien, EMEA, APAC, USA und Kanada \u2013 und verleiht ihnen einen Preis.<\/p>\n<p>Wir lieben es, die Erfolge unserer Mitarbeiter*innen zu feiern! Deshalb werden wir diese Auszeichnungen \u00fcber unsere internen Kan\u00e4le und in den sozialen Medien teilen.<\/p>\n\r\n\t\t\t\t\t\t\t\t\t\t\t\t\t\t\t<div class=\"btn-con\">\r\n\t\t\t\t\t\t<a class=\"btn\" href=\"https:\/\/forms.office.com\/e\/LcNxfqQfek\" target=\"_self\">Nominierung starten<\/a>\r\n\t\t\t\t\t<\/div>\r\n\t\t\t\t\t\t\t\t\t<\/div>\r\n\t\t\t<\/div>\r\n\r\n\t\t<\/div>\r\n\t<\/div>\r\n<\/section>\r\n\n\n\r\n<section class=\"block-section light\">\r\n\t<div class=\"container\">\r\n\t\t<div class=\"row\">\r\n\r\n\t\t\t\t\t\t<div class=\"col-12 text-con waypoint\">\r\n\t\t\t\t<h2 style=\"text-align: center;\">Richtlinien f\u00fcr die Nominierung<\/h2>\n\t\t\t<\/div>\r\n\t\t\t\r\n\t\t\t\t\t\t\t\t\t\t\t\t\t\t\t\r\n\t\t\t<div class=\"col-12 col-sm-6 col-md-4 waypoint\">\r\n\t\t\t\t<div class=\"inner\">\r\n\t\t\t\t\t\r\n\t\t\t\t\t\r\n\t\t\t\t\t<p>Alle Nominierten m\u00fcssen ein klares Bekenntnis zu den Werten von FDM gezeigt haben und in einer oder mehreren Kategorien au\u00dfergew\u00f6hnliche Leistungen erbracht haben.<\/p>\n\t\t\t\t<\/div>\r\n\t\t\t<\/div>\r\n\t\t\t\t\t\t\t\t\t\t\t\t\r\n\t\t\t<div class=\"col-12 col-sm-6 col-md-4 waypoint\">\r\n\t\t\t\t<div class=\"inner\">\r\n\t\t\t\t\t\r\n\t\t\t\t\t\r\n\t\t\t\t\t<p>Die Nominierenden k\u00f6nnen innerhalb eines Zeitraums von 3 Monaten einmal pro Consultant abstimmen.<\/p>\n\t\t\t\t<\/div>\r\n\t\t\t<\/div>\r\n\t\t\t\t\t\t\t\t\t\t\t\t\r\n\t\t\t<div class=\"col-12 col-sm-6 col-md-4 waypoint\">\r\n\t\t\t\t<div class=\"inner\">\r\n\t\t\t\t\t\r\n\t\t\t\t\t\r\n\t\t\t\t\t<p>Die Nominierungen werden f\u00fcr einen Zeitraum von 3 Monaten verl\u00e4ngert, so dass sie mehrere Gewinnchancen haben.<\/p>\n\t\t\t\t<\/div>\r\n\t\t\t<\/div>\r\n\t\t\t\t\t\t\t\t\t\t\t\t\r\n\t\t\t<div class=\"col-12 col-sm-6 col-md-4 waypoint\">\r\n\t\t\t\t<div class=\"inner\">\r\n\t\t\t\t\t\r\n\t\t\t\t\t\r\n\t\t\t\t\t<p>Consultants k\u00f6nnen von mehreren Kunden nominiert werden.<\/p>\n\t\t\t\t<\/div>\r\n\t\t\t<\/div>\r\n\t\t\t\t\t\t\r\n\t\t\t\t\t<\/div>\r\n\t<\/div>\r\n<\/section>\r\n\r\n\r\n\n\n\r\n<section class=\"simple-text-section light\">\r\n\t<div class=\"container\">\r\n\t\t<div class=\"row\">\r\n\t\t\t<div class=\"col-12 waypoint\">\r\n\t\t\t\t<div class=\"text\">\r\n\t\t\t\t\t<p style=\"text-align: center;\">Sobald eine Person gewonnen hat, wird sie f\u00fcr die n\u00e4chsten 12 Monate von der Nominierung ausgeschlossen, damit auch andere die Anerkennung f\u00fcr ihre harte Arbeit erhalten k\u00f6nnen.<\/p>\n\t\t\t\t<\/div>\r\n\t\t\t<\/div>\r\n\t\t<\/div>\r\n\t<\/div>\r\n<\/section>\r\n\n\n\r\n<section class=\"simple-text-section light\">\r\n\t<div class=\"container\">\r\n\t\t<div class=\"row\">\r\n\t\t\t<div class=\"col-12 waypoint\">\r\n\t\t\t\t<div class=\"text\">\r\n\t\t\t\t\t<p><script>jQuery('<a class=\"btn hero-btn\" href=\"https:\/\/forms.office.com\/e\/LcNxfqQfek\" target=\"_blank\">Nominierung starten<\/a>').appendTo('.hero-section .right'); <\/script><\/p>\n<style>@media (min-width: 769px) { .hero-section .container .right { margin:auto!important; text-align:center!important; padding-top:20px; width:90%; } .hero-section .container .right p { font-size:2.1rem; } .hero-section .container .right { margin:auto!important; text-align:center!important; padding-top:20px; width:90%; } .hero-section .container .right p { font-size:2.1rem; }<\/style>\n<style>.block-section.light .row { padding-bottom:20px; padding-top:40px; } .simple-text-section .row { padding-top:0; } .hero-section h1 { margin-bottom:0 !important; } .info-box-1, .info-box-2, .info-box-3 { font-color: #1E1E1E !important; } .info-box-1 { background-color: #FF74FF !important; } .info-box-2 { background-color: #FF7F00 !important; } .info-box-3 { background-color: #70D8FF !important; } .block-section.light .col-md-4 { max-width:25%; } @media (max-width: 768px) { .block-section.light .col-md-4 { max-width:50%; } }<\/style>\n<p><script>$(function() { $('.block-section.medium-light .col-12:nth-of-type(2) .inner').addClass('info-box-1'); $('.block-section.medium-light .col-12:nth-of-type(3) .inner').addClass('info-box-2'); $('.block-section.medium-light .col-12:nth-of-type(4) .inner').addClass('info-box-3'); })<\/script><\/p>\n\t\t\t\t<\/div>\r\n\t\t\t<\/div>\r\n\t\t<\/div>\r\n\t<\/div>\r\n<\/section>\r\n","protected":false},"excerpt":{"rendered":"","protected":false},"author":25,"featured_media":0,"parent":0,"menu_order":0,"comment_status":"closed","ping_status":"closed","template":"","meta":{"_acf_changed":false,"inline_featured_image":false,"footnotes":""},"class_list":["post-68015","page","type-page","status-publish","hentry"],"acf":[],"yoast_head":"<!-- This site is optimized with the Yoast SEO plugin v27.1.1 - https:\/\/yoast.com\/product\/yoast-seo-wordpress\/ -->\n<title>Consultant of the Month | FDM Group<\/title>\n<meta name=\"description\" content=\"Consultant of the Month | FDM Group\" \/>\n<meta name=\"robots\" content=\"index, follow, max-snippet:-1, max-image-preview:large, max-video-preview:-1\" \/>\n<link rel=\"canonical\" href=\"https:\/\/www.fdmgroup.com\/de\/cotm\/\" \/>\n<meta property=\"og:locale\" content=\"de_DE\" \/>\n<meta property=\"og:type\" content=\"article\" \/>\n<meta property=\"og:title\" content=\"Consultant of the Month | FDM Group\" \/>\n<meta property=\"og:description\" content=\"Consultant of the Month | FDM Group\" \/>\n<meta property=\"og:url\" content=\"https:\/\/www.fdmgroup.com\/de\/cotm\/\" \/>\n<meta property=\"og:site_name\" content=\"FDM Group\" \/>\n<meta property=\"article:publisher\" content=\"https:\/\/www.facebook.com\/FDMGroup\" \/>\n<meta property=\"article:modified_time\" content=\"2025-02-03T11:35:59+00:00\" \/>\n<meta property=\"og:image\" content=\"https:\/\/www.fdmgroup.com\/wp-content\/uploads\/2024\/09\/FDM_placeholder.png\" \/>\n\t<meta property=\"og:image:width\" content=\"1200\" \/>\n\t<meta property=\"og:image:height\" content=\"675\" \/>\n\t<meta property=\"og:image:type\" content=\"image\/png\" \/>\n<meta name=\"twitter:card\" content=\"summary_large_image\" \/>\n<meta name=\"twitter:site\" content=\"@FDMGroup\" \/>\n<meta name=\"twitter:label1\" content=\"Gesch\u00e4tzte Lesezeit\" \/>\n\t<meta name=\"twitter:data1\" content=\"3\u00a0Minuten\" \/>\n<script type=\"application\/ld+json\" class=\"yoast-schema-graph\">{\"@context\":\"https:\/\/schema.org\",\"@graph\":[{\"@type\":\"WebPage\",\"@id\":\"https:\/\/www.fdmgroup.com\/de\/cotm\/\",\"url\":\"https:\/\/www.fdmgroup.com\/de\/cotm\/\",\"name\":\"Consultant of the Month | FDM Group\",\"isPartOf\":{\"@id\":\"https:\/\/www.fdmgroup.com\/de\/#website\"},\"datePublished\":\"2024-08-27T14:55:04+00:00\",\"dateModified\":\"2025-02-03T11:35:59+00:00\",\"description\":\"Consultant of the Month | FDM Group\",\"inLanguage\":\"de\",\"potentialAction\":[{\"@type\":\"ReadAction\",\"target\":[\"https:\/\/www.fdmgroup.com\/de\/cotm\/\"]}]},{\"@type\":\"WebSite\",\"@id\":\"https:\/\/www.fdmgroup.com\/de\/#website\",\"url\":\"https:\/\/www.fdmgroup.com\/de\/\",\"name\":\"FDM Group\",\"description\":\"\",\"publisher\":{\"@id\":\"https:\/\/www.fdmgroup.com\/de\/#organization\"},\"potentialAction\":[{\"@type\":\"SearchAction\",\"target\":{\"@type\":\"EntryPoint\",\"urlTemplate\":\"https:\/\/www.fdmgroup.com\/de\/?s={search_term_string}\"},\"query-input\":{\"@type\":\"PropertyValueSpecification\",\"valueRequired\":true,\"valueName\":\"search_term_string\"}}],\"inLanguage\":\"de\"},{\"@type\":\"Organization\",\"@id\":\"https:\/\/www.fdmgroup.com\/de\/#organization\",\"name\":\"FDM Group\",\"url\":\"https:\/\/www.fdmgroup.com\/de\/\",\"logo\":{\"@type\":\"ImageObject\",\"inLanguage\":\"de\",\"@id\":\"https:\/\/www.fdmgroup.com\/de\/#\/schema\/logo\/image\/\",\"url\":\"https:\/\/www.fdmgroup.com\/wp-content\/uploads\/2024\/04\/cropped-fdm-logo-green-square-480-3.png\",\"contentUrl\":\"https:\/\/www.fdmgroup.com\/wp-content\/uploads\/2024\/04\/cropped-fdm-logo-green-square-480-3.png\",\"width\":512,\"height\":512,\"caption\":\"FDM Group\"},\"image\":{\"@id\":\"https:\/\/www.fdmgroup.com\/de\/#\/schema\/logo\/image\/\"},\"sameAs\":[\"https:\/\/www.facebook.com\/FDMGroup\",\"https:\/\/x.com\/FDMGroup\",\"https:\/\/www.instagram.com\/fdm_group\/?hl=en\",\"https:\/\/www.linkedin.com\/company\/fdm-group\/?originalSubdomain=uk\",\"https:\/\/www.tiktok.com\/@fdm_group\"]}]}<\/script>\n<!-- \/ Yoast SEO plugin. -->","yoast_head_json":{"title":"Consultant of the Month | FDM Group","description":"Consultant of the Month | FDM Group","robots":{"index":"index","follow":"follow","max-snippet":"max-snippet:-1","max-image-preview":"max-image-preview:large","max-video-preview":"max-video-preview:-1"},"canonical":"https:\/\/www.fdmgroup.com\/de\/cotm\/","og_locale":"de_DE","og_type":"article","og_title":"Consultant of the Month | FDM Group","og_description":"Consultant of the Month | FDM Group","og_url":"https:\/\/www.fdmgroup.com\/de\/cotm\/","og_site_name":"FDM Group","article_publisher":"https:\/\/www.facebook.com\/FDMGroup","article_modified_time":"2025-02-03T11:35:59+00:00","og_image":[{"width":1200,"height":675,"url":"https:\/\/www.fdmgroup.com\/wp-content\/uploads\/2024\/09\/FDM_placeholder.png","type":"image\/png"}],"twitter_card":"summary_large_image","twitter_site":"@FDMGroup","twitter_misc":{"Gesch\u00e4tzte Lesezeit":"3\u00a0Minuten"},"schema":{"@context":"https:\/\/schema.org","@graph":[{"@type":"WebPage","@id":"https:\/\/www.fdmgroup.com\/de\/cotm\/","url":"https:\/\/www.fdmgroup.com\/de\/cotm\/","name":"Consultant of the Month | FDM Group","isPartOf":{"@id":"https:\/\/www.fdmgroup.com\/de\/#website"},"datePublished":"2024-08-27T14:55:04+00:00","dateModified":"2025-02-03T11:35:59+00:00","description":"Consultant of the Month | FDM Group","inLanguage":"de","potentialAction":[{"@type":"ReadAction","target":["https:\/\/www.fdmgroup.com\/de\/cotm\/"]}]},{"@type":"WebSite","@id":"https:\/\/www.fdmgroup.com\/de\/#website","url":"https:\/\/www.fdmgroup.com\/de\/","name":"FDM Group","description":"","publisher":{"@id":"https:\/\/www.fdmgroup.com\/de\/#organization"},"potentialAction":[{"@type":"SearchAction","target":{"@type":"EntryPoint","urlTemplate":"https:\/\/www.fdmgroup.com\/de\/?s={search_term_string}"},"query-input":{"@type":"PropertyValueSpecification","valueRequired":true,"valueName":"search_term_string"}}],"inLanguage":"de"},{"@type":"Organization","@id":"https:\/\/www.fdmgroup.com\/de\/#organization","name":"FDM Group","url":"https:\/\/www.fdmgroup.com\/de\/","logo":{"@type":"ImageObject","inLanguage":"de","@id":"https:\/\/www.fdmgroup.com\/de\/#\/schema\/logo\/image\/","url":"https:\/\/www.fdmgroup.com\/wp-content\/uploads\/2024\/04\/cropped-fdm-logo-green-square-480-3.png","contentUrl":"https:\/\/www.fdmgroup.com\/wp-content\/uploads\/2024\/04\/cropped-fdm-logo-green-square-480-3.png","width":512,"height":512,"caption":"FDM Group"},"image":{"@id":"https:\/\/www.fdmgroup.com\/de\/#\/schema\/logo\/image\/"},"sameAs":["https:\/\/www.facebook.com\/FDMGroup","https:\/\/x.com\/FDMGroup","https:\/\/www.instagram.com\/fdm_group\/?hl=en","https:\/\/www.linkedin.com\/company\/fdm-group\/?originalSubdomain=uk","https:\/\/www.tiktok.com\/@fdm_group"]}]}},"_links":{"self":[{"href":"https:\/\/www.fdmgroup.com\/de\/wp-json\/wp\/v2\/pages\/68015","targetHints":{"allow":["GET"]}}],"collection":[{"href":"https:\/\/www.fdmgroup.com\/de\/wp-json\/wp\/v2\/pages"}],"about":[{"href":"https:\/\/www.fdmgroup.com\/de\/wp-json\/wp\/v2\/types\/page"}],"author":[{"embeddable":true,"href":"https:\/\/www.fdmgroup.com\/de\/wp-json\/wp\/v2\/users\/25"}],"replies":[{"embeddable":true,"href":"https:\/\/www.fdmgroup.com\/de\/wp-json\/wp\/v2\/comments?post=68015"}],"version-history":[{"count":0,"href":"https:\/\/www.fdmgroup.com\/de\/wp-json\/wp\/v2\/pages\/68015\/revisions"}],"wp:attachment":[{"href":"https:\/\/www.fdmgroup.com\/de\/wp-json\/wp\/v2\/media?parent=68015"}],"curies":[{"name":"wp","href":"https:\/\/api.w.org\/{rel}","templated":true}]}}