{"id":71106,"date":"2024-10-01T11:40:52","date_gmt":"2024-10-01T10:40:52","guid":{"rendered":"https:\/\/www.fdmgroup.com\/?page_id=71106"},"modified":"2025-04-14T14:44:14","modified_gmt":"2025-04-14T13:44:14","slug":"fdm-skills-lab","status":"publish","type":"page","link":"https:\/\/www.fdmgroup.com\/de\/businesses\/fdm-skills-lab\/","title":{"rendered":"FDM Skills Lab"},"content":{"rendered":"\r\n<section class=\"hero-section light-menu full-bg\" fetchpriority=\"high\" style=\"background-image:url(https:\/\/www.fdmgroup.com\/wp-content\/uploads\/2024\/10\/iStock-1460783421.jpg);\">\r\n\t<div class=\"container\">\r\n\t\t<div class=\"row\">\r\n\r\n\t\t\t\r\n\t\t\t<div class=\"col-12\">\r\n\t\t\t\t\t\t\t<div class=\"top\">\r\n\t\t\t\t\t<h1>FDM <em>Skills Lab<\/em><\/h1>\n\t\t\t\t<\/div>\r\n\t\t\t\r\n\t\t\t\t\t\t<\/div>\r\n\t\t\t\r\n\r\n\t\t<\/div>\r\n\t<\/div>\r\n<\/section>\n\n\r\n<section class=\"text-with-image-section medium-light right\">\r\n\t<div class=\"container\">\r\n\t\t<div class=\"row\">\r\n\r\n\t\t\t<div class=\"col-12 col-md-6 img-side waypoint\">\r\n\t\t\t\t\t\t\t\t<img width=\"771\" height=\"791\" data-done=\"false\" data-img=\"https:\/\/www.fdmgroup.com\/wp-content\/uploads\/2024\/09\/iStock-1927881398-771x791.jpg\" alt=\"Female manager discussing new project with her colleagues.\">\r\n\t\t\t\t\t\t\t<\/div>\r\n\r\n\t\t\t<div class=\"col-12 col-md-6 text-side waypoint\">\r\n\t\t\t\t<div class=\"text\">\r\n\t\t\t\t\t<h2>F\u00f6rdern und binden Sie mit uns die Talente von morgen.<\/h2>\n<p>Unsere FDM Skills Labs sind dynamische Lernumgebungen, die darauf ausgelegt sind, die F\u00e4higkeiten unserer Consultants gezielt weiterzuentwickeln. Mit 30 Jahren Erfahrung in der Branche passen wir unsere Programme kontinuierlich an aktuelle Markttrends und technologische Entwicklungen an.<\/p>\n<p>\u00dcber 300 Unternehmen weltweit nutzen bereits unsere Skills Labs \u2013 so bleiben wir stets am Puls der Zeit und sind optimal aufgestellt, um den wachsenden Talentbedarf zu decken.<\/p>\n<p>Unser erfahrungsbasiertes Lernmodell versetzt Consultants in realistische Szenarien, die echte Herausforderungen simulieren.<\/p>\n<p>So profitieren Sie von:<\/p>\n<ul>\n<li>Schnellerer Kompetenzentwicklung<\/li>\n<li>Gesch\u00e4rftem kritischen Denken<\/li>\n<li>H\u00f6herer Anpassungsf\u00e4higkeit und Probleml\u00f6sungskompetenz<\/li>\n<li>Sofortiger Einsatzf\u00e4higkeit in realen Projekten<\/li>\n<\/ul>\n\r\n\t\t\t\t\t\t\t\t\t\t\t\t\t\t\t<div class=\"btn-con\">\r\n\t\t\t\t\t\t<a class=\"btn\" href=\"https:\/\/www.fdmgroup.com\/de\/about-us\/contact-us\/\" target=\"_self\">Mit uns arbeiten <\/a>\r\n\t\t\t\t\t<\/div>\r\n\t\t\t\t\t\t\t\t\t<\/div>\r\n\t\t\t<\/div>\r\n\r\n\t\t<\/div>\r\n\t<\/div>\r\n<\/section>\r\n\n\n\r\n<section class=\"block-section light\">\r\n\t<div class=\"container\">\r\n\t\t<div class=\"row\">\r\n\r\n\t\t\t\t\t\t<div class=\"col-12 text-con waypoint\">\r\n\t\t\t\t<h2 style=\"text-align: center;\">Ihre Vorteile<\/h2>\n\t\t\t<\/div>\r\n\t\t\t\r\n\t\t\t\t\t\t\t\t\t\t\t\t\t\t\t\r\n\t\t\t<div class=\"col-12 col-sm-6 col-md-4 waypoint\">\r\n\t\t\t\t<div class=\"inner\">\r\n\t\t\t\t\t\r\n\t\t\t\t\t\t\t\t\t\t<div class=\"icon-con block-icon\">\r\n\t\t\t\t\t\t<img style=\"height:7rem;\" data-done=\"false\" data-img=\"https:\/\/www.fdmgroup.com\/wp-content\/uploads\/2024\/09\/Logo_Onboarding_AW_Green.png\" alt=\"Onboarding logo\">\r\n\t\t\t\t\t<\/div>\r\n\t\t\t\t\t\r\n\t\t\t\t\t<h4>Zugriff auf Talente, die vom ersten Tag an einen Mehrwert liefern<\/h4>\n\t\t\t\t<\/div>\r\n\t\t\t<\/div>\r\n\t\t\t\t\t\t\t\t\t\t\t\t\r\n\t\t\t<div class=\"col-12 col-sm-6 col-md-4 waypoint\">\r\n\t\t\t\t<div class=\"inner\">\r\n\t\t\t\t\t\r\n\t\t\t\t\t\t\t\t\t\t<div class=\"icon-con block-icon\">\r\n\t\t\t\t\t\t<img style=\"height:7rem;\" data-done=\"false\" data-img=\"https:\/\/www.fdmgroup.com\/wp-content\/uploads\/2024\/09\/Logo_Briefcase_AW_Green.png\" alt=\"Briefcase logo\">\r\n\t\t\t\t\t<\/div>\r\n\t\t\t\t\t\r\n\t\t\t\t\t<h4>Schnelles Onboarding \u2013 meist innerhalb von zwei Wochen<\/h4>\n\t\t\t\t<\/div>\r\n\t\t\t<\/div>\r\n\t\t\t\t\t\t\t\t\t\t\t\t\r\n\t\t\t<div class=\"col-12 col-sm-6 col-md-4 waypoint\">\r\n\t\t\t\t<div class=\"inner\">\r\n\t\t\t\t\t\r\n\t\t\t\t\t\t\t\t\t\t<div class=\"icon-con block-icon\">\r\n\t\t\t\t\t\t<img style=\"height:7rem;\" data-done=\"false\" data-img=\"https:\/\/www.fdmgroup.com\/wp-content\/uploads\/2024\/09\/Logo_Clients_AW-Green.png\" alt=\"Clients logo\">\r\n\t\t\t\t\t<\/div>\r\n\t\t\t\t\t\r\n\t\t\t\t\t<h4>Vorab geschulte, funktions\u00fcbergrei-fende Teams<\/h4>\n\t\t\t\t<\/div>\r\n\t\t\t<\/div>\r\n\t\t\t\t\t\t\t\t\t\t\t\t\r\n\t\t\t<div class=\"col-12 col-sm-6 col-md-4 waypoint\">\r\n\t\t\t\t<div class=\"inner\">\r\n\t\t\t\t\t\r\n\t\t\t\t\t\t\t\t\t\t<div class=\"icon-con block-icon\">\r\n\t\t\t\t\t\t<img style=\"height:7rem;\" data-done=\"false\" data-img=\"https:\/\/www.fdmgroup.com\/wp-content\/uploads\/2024\/09\/Logo_BespokeApproach_AW-Green.png\" alt=\"Bespoke approach logo\">\r\n\t\t\t\t\t<\/div>\r\n\t\t\t\t\t\r\n\t\t\t\t\t<h4>Individuell zugeschnittene Programme, abgestimmt auf Ihre Technologien und Gesch\u00e4ftsbereiche<\/h4>\n\t\t\t\t<\/div>\r\n\t\t\t<\/div>\r\n\t\t\t\t\t\t\t\t\t\t\t\t\r\n\t\t\t<div class=\"col-12 col-sm-6 col-md-4 waypoint\">\r\n\t\t\t\t<div class=\"inner\">\r\n\t\t\t\t\t\r\n\t\t\t\t\t\t\t\t\t\t<div class=\"icon-con block-icon\">\r\n\t\t\t\t\t\t<img style=\"height:7rem;\" data-done=\"false\" data-img=\"https:\/\/www.fdmgroup.com\/wp-content\/uploads\/2024\/09\/Logo_LearningDevelopment_AW_Green.png\" alt=\"Learning and development logo\">\r\n\t\t\t\t\t<\/div>\r\n\t\t\t\t\t\r\n\t\t\t\t\t<h4>Kontinuierliche Kompetenzentwicklung durch unsere Labs und Expertennetzwerke<\/h4>\n\t\t\t\t<\/div>\r\n\t\t\t<\/div>\r\n\t\t\t\t\t\t\r\n\t\t\t\t\t<\/div>\r\n\t<\/div>\r\n<\/section>\r\n\r\n\r\n\n\n\r\n<section class=\"block-section medium-dark\">\r\n\t<div class=\"container\">\r\n\t\t<div class=\"row\">\r\n\r\n\t\t\t\t\t\t<div class=\"col-12 text-con waypoint\">\r\n\t\t\t\t<h2 style=\"text-align: center;\"><strong>Unsere Referenzen<\/strong><\/h2>\n\t\t\t<\/div>\r\n\t\t\t\r\n\t\t\t\t\t\t\t\t\t\t\t\t\t\t\t\r\n\t\t\t<div class=\"col-12 col-sm-6 col-md-4 waypoint\">\r\n\t\t\t\t<div class=\"inner\">\r\n\t\t\t\t\t\r\n\t\t\t\t\t\t\t\t\t\t<div class=\"icon-con block-icon\">\r\n\t\t\t\t\t\t<img style=\"height:7rem;\" data-done=\"false\" data-img=\"https:\/\/www.fdmgroup.com\/wp-content\/uploads\/2024\/09\/Logo_Leader_AW_Black.png\" alt=\"Leadership logo\">\r\n\t\t\t\t\t<\/div>\r\n\t\t\t\t\t\r\n\t\t\t\t\t<p>20.000+ FDM Alumni<\/p>\n\t\t\t\t<\/div>\r\n\t\t\t<\/div>\r\n\t\t\t\t\t\t\t\t\t\t\t\t\r\n\t\t\t<div class=\"col-12 col-sm-6 col-md-4 waypoint\">\r\n\t\t\t\t<div class=\"inner\">\r\n\t\t\t\t\t\r\n\t\t\t\t\t\t\t\t\t\t<div class=\"icon-con block-icon\">\r\n\t\t\t\t\t\t<img style=\"height:7rem;\" data-done=\"false\" data-img=\"https:\/\/www.fdmgroup.com\/wp-content\/uploads\/2024\/09\/Logo_Apprentices_AW_Black.png\" alt=\"Apprentices logo\">\r\n\t\t\t\t\t<\/div>\r\n\t\t\t\t\t\r\n\t\t\t\t\t<p>Mehr als 150 Branchenexperten als Coaches<\/p>\n\t\t\t\t<\/div>\r\n\t\t\t<\/div>\r\n\t\t\t\t\t\t\t\t\t\t\t\t\r\n\t\t\t<div class=\"col-12 col-sm-6 col-md-4 waypoint\">\r\n\t\t\t\t<div class=\"inner\">\r\n\t\t\t\t\t\r\n\t\t\t\t\t\t\t\t\t\t<div class=\"icon-con block-icon\">\r\n\t\t\t\t\t\t<img style=\"height:7rem;\" data-done=\"false\" data-img=\"https:\/\/www.fdmgroup.com\/wp-content\/uploads\/2024\/09\/Tech-Industry-Gold_Logo_Final_2-colour-strapline.png\" alt=\"Tech Industry Gold logo\">\r\n\t\t\t\t\t<\/div>\r\n\t\t\t\t\t\r\n\t\t\t\t\t<p>Tech Industry Gold Akkreditierung<\/p>\n\t\t\t\t<\/div>\r\n\t\t\t<\/div>\r\n\t\t\t\t\t\t\t\t\t\t\t\t\r\n\t\t\t<div class=\"col-12 col-sm-6 col-md-4 waypoint\">\r\n\t\t\t\t<div class=\"inner\">\r\n\t\t\t\t\t\r\n\t\t\t\t\t\t\t\t\t\t<div class=\"icon-con block-icon\">\r\n\t\t\t\t\t\t<img style=\"height:7rem;\" data-done=\"false\" data-img=\"https:\/\/www.fdmgroup.com\/wp-content\/uploads\/2024\/09\/Logo_Handshake_AW_Black.png\" alt=\"Handshake logo\">\r\n\t\t\t\t\t<\/div>\r\n\t\t\t\t\t\r\n\t\t\t\t\t<p>Partnerschaften mit f\u00fchrenden Unternehmen wie Microsoft, Cisco, SAP und ServiceNow<\/p>\n\t\t\t\t<\/div>\r\n\t\t\t<\/div>\r\n\t\t\t\t\t\t\r\n\t\t\t\t\t<\/div>\r\n\t<\/div>\r\n<\/section>\r\n\r\n\r\n\n\n\r\n<section class=\"block-section medium-light\">\r\n\t<div class=\"container\">\r\n\t\t<div class=\"row\">\r\n\r\n\t\t\t\t\t\t<div class=\"col-12 text-con waypoint\">\r\n\t\t\t\t<h2 style=\"text-align: center;\"><strong>Wie das Skills Lab praxisnahes Lernen f\u00f6rdert<\/strong><\/h2>\n<p style=\"text-align: center;\">Das Herzst\u00fcck unseres Programms sind unsere Pods \u2013 interdisziplin\u00e4re Teams, die gemeinsam an realen Projekten arbeiten. Von Beginn an entwickeln, testen und implementieren unsere Consultants L\u00f6sungen in einem agilen Sprint-Framework.<\/p>\n<p style=\"text-align: center;\">Wir arbeiten eng mit unseren Kunden zusammen, um ma\u00dfgeschneiderte L\u00f6sungen f\u00fcr ihre individuellen Herausforderungen zu entwickeln. Beispielsweise haben wir spezialisierte Pods f\u00fcr die Integration von Daten und KI in den Gesch\u00e4ftsbetrieb eingerichtet. Ob Sie ein komplettes Team oder einzelne Experten ben\u00f6tigen \u2013 unsere Consultants f\u00fcgen sich nahtlos in Ihre Strukturen ein und schaffen sofort Mehrwert.<\/p>\n<p style=\"text-align: center;\"><iframe loading=\"lazy\" title=\"\" src=\"https:\/\/www.youtube.com\/embed\/m2D-Nb-xQso\" width=\"980\" height=\"551\" frameborder=\"0\" allowfullscreen=\"allowfullscreen\"><\/iframe><\/p>\n<style>.simple-text-section .text { border-bottom: 1px solid; padding-bottom: 15px; } .simple-text-section .row { margin-top:6rem; } .quote-section .row { padding-top:0; padding-bottom:0; } .block-section.light .inner { background-colour:#1e1e1e !important; } .block-section.light .inner h4 { color:#ffffff !important; } .info-box{ background-color: #1e1e1e !important; } .info-box p { color: #ffffff !important; } .block-section.medium-dark .col-md-4 { max-width:25%; } @media (max-width: 768px) { .block-section.medium-dark .col-md-4 { max-width:50%; } } .dark-info-box { background-color:#ffffff !important; } .dark-info-box p { color:#1e1e1e !important; }<\/style>\n<p><script>$ = jQuery; $(function() { $('.block-section.light .col-12 .inner').addClass('info-box'); $('.block-section.light .col-12:nth-of-type(5)').removeClass('col-md-4').addClass('col-md-6'); $('.block-section.light .col-12:nth-of-type(6)').removeClass('col-md-4').addClass('col-md-6'); $('.block-section.medium-dark .col-12 .inner').addClass('dark-info-box'); $('.icon-con').each(function(i) { if ($(this).html().indexOf('Tech-Industry') != -1) $(this).children(\"img:first\").data('img','\/wp-content\/uploads\/2024\/09\/Tech-Industry-Gold_Logo_Final_2-colour-strapline.png').attr('src','\/wp-content\/uploads\/2024\/09\/Tech-Industry-Gold_Logo_Final_2-colour-strapline.png').css('height','64px').removeAttr('width').removeAttr('height'); }); $('.quote-section').each(function(i) { if (i === 1) $(this).css('padding-bottom','10rem'); }); });<\/script><\/p>\n\t\t\t<\/div>\r\n\t\t\t\r\n\t\t\t\r\n\t\t\t\t\t<\/div>\r\n\t<\/div>\r\n<\/section>\r\n\r\n\r\n\n\n\r\n<section class=\"simple-text-section light\">\r\n\t<div class=\"container\">\r\n\t\t<div class=\"row\">\r\n\t\t\t<div class=\"col-12 waypoint\">\r\n\t\t\t\t<div class=\"text\">\r\n\t\t\t\t\t<h2>Coach Testimonial<\/h2>\n\t\t\t\t<\/div>\r\n\t\t\t<\/div>\r\n\t\t<\/div>\r\n\t<\/div>\r\n<\/section>\r\n\n\n\r\n<section class=\"quote-section light\">\r\n\t<div class=\"container\">\r\n\t\t<div class=\"row\">\r\n\r\n\t\t\t<div class=\"col-12 quote-con waypoint\">\r\n\t\t\t\t\t\t\t<blockquote>Unser erfahrungsorientiertes Lernen st\u00e4rkt die praktischen Probleml\u00f6sungsf\u00e4higkeiten der Consultants und f\u00f6rdert Agilit\u00e4t sowie Anpassungsf\u00e4higkeit. Durch diese Hands-on-Erfahrung entfalten sie ihr volles Potenzial und sind bestens auf die dynamischen Anforderungen des modernen Arbeitsmarkts vorbereitet.<\/blockquote>\r\n\t\t\t\t\t\t\t\t\t\t<div class=\"by\">\r\n\t\t\t\t\t<img width=\"84\" height=\"84\" data-done=\"false\" data-img=\"https:\/\/www.fdmgroup.com\/wp-content\/uploads\/2024\/10\/Headshot-Linzi-Holmes-84x84.jpg\" alt=\"Headshot - Linzi Holmes\">\r\n\t\t\t\t\tLinzi Holmes, Coach, Change &#038; Transformation Practice\t\t\t\t<\/div>\r\n\t\t\t\t\t\t<\/div>\r\n\t\t<\/div>\r\n\t<\/div>\r\n<\/section>\r\n\r\n\r\n\n\n\r\n<section class=\"simple-text-section light\">\r\n\t<div class=\"container\">\r\n\t\t<div class=\"row\">\r\n\t\t\t<div class=\"col-12 waypoint\">\r\n\t\t\t\t<div class=\"text\">\r\n\t\t\t\t\t<h2>Consultant Testimonial<\/h2>\n\t\t\t\t<\/div>\r\n\t\t\t<\/div>\r\n\t\t<\/div>\r\n\t<\/div>\r\n<\/section>\r\n\n\n\r\n<section class=\"quote-section light\">\r\n\t<div class=\"container\">\r\n\t\t<div class=\"row\">\r\n\r\n\t\t\t<div class=\"col-12 quote-con waypoint\">\r\n\t\t\t\t\t\t\t<blockquote>Das Skills Lab hat mir die M\u00f6glichkeit gegeben, Java von einem erfahrenen Coach zu lernen. Wir haben gemeinsam an einem Banking-Projekt gearbeitet und konnten unser Wissen direkt anwenden. Dieses praxisnahe Training hat mein Verst\u00e4ndnis f\u00fcr Java und den Full-Stack-Entwicklungsprozess enorm verbessert.<\/blockquote>\r\n\t\t\t\t\t\t\t\t\t\t<div class=\"by\">\r\n\t\t\t\t\t<img width=\"84\" height=\"84\" data-done=\"false\" data-img=\"https:\/\/www.fdmgroup.com\/wp-content\/uploads\/2024\/10\/Headshot-Hebe-Wrench-84x84.jpg\" alt=\"Headshot - Hebe Wrench\">\r\n\t\t\t\t\tHebe Wrench, FDM Consultant, Software Engineering Practice\t\t\t\t<\/div>\r\n\t\t\t\t\t\t<\/div>\r\n\t\t<\/div>\r\n\t<\/div>\r\n<\/section>\r\n\r\n\r\n\n\n\r\n<section class=\"cta-section light\">\r\n\t<div class=\"container\">\r\n\t\t<div class=\"row\">\r\n\t\t\t<div class=\"col-12 waypoint\">\r\n\t\t\t\t<h2 style=\"text-align: center;\">Gestalten Sie mit uns die<br \/>\nZukunft der Talente.<\/h2>\n\t\t\t\t\t\t\t\t\t\t\t\t\t<div class=\"btn-con btn-con-center\">\r\n\t\t\t\t\t\t<a class=\"btn\" href=\"https:\/\/www.fdmgroup.com\/de\/about-us\/contact-us\/\" target=\"_self\">Mit uns arbeiten <\/a>\r\n\t\t\t\t\t<\/div>\r\n\t\t\t\t\t\t\t<\/div>\r\n\t\t<\/div>\r\n\t<\/div>\r\n\r\n\t\r\n<\/section>\r\n","protected":false},"excerpt":{"rendered":"","protected":false},"author":2,"featured_media":0,"parent":59037,"menu_order":0,"comment_status":"closed","ping_status":"closed","template":"","meta":{"_acf_changed":false,"inline_featured_image":false,"footnotes":""},"class_list":["post-71106","page","type-page","status-publish","hentry"],"acf":[],"yoast_head":"<!-- This site is optimized with the Yoast SEO plugin v27.1.1 - https:\/\/yoast.com\/product\/yoast-seo-wordpress\/ -->\n<title>FDM Skills Lab | FDM Group<\/title>\n<meta name=\"description\" content=\"FDM Skills Lab | FDM Group\" \/>\n<meta name=\"robots\" content=\"index, follow, max-snippet:-1, max-image-preview:large, max-video-preview:-1\" \/>\n<link rel=\"canonical\" href=\"https:\/\/www.fdmgroup.com\/de\/businesses\/fdm-skills-lab\/\" \/>\n<meta property=\"og:locale\" content=\"de_DE\" \/>\n<meta property=\"og:type\" content=\"article\" \/>\n<meta property=\"og:title\" content=\"FDM Skills Lab | FDM Group\" \/>\n<meta property=\"og:description\" content=\"FDM Skills Lab | FDM Group\" \/>\n<meta property=\"og:url\" content=\"https:\/\/www.fdmgroup.com\/de\/businesses\/fdm-skills-lab\/\" \/>\n<meta property=\"og:site_name\" content=\"FDM Group\" \/>\n<meta property=\"article:publisher\" content=\"https:\/\/www.facebook.com\/FDMGroup\" \/>\n<meta property=\"article:modified_time\" content=\"2025-04-14T13:44:14+00:00\" \/>\n<meta property=\"og:image\" content=\"https:\/\/www.fdmgroup.com\/wp-content\/uploads\/2024\/09\/FDM_placeholder.png\" \/>\n\t<meta property=\"og:image:width\" content=\"1200\" \/>\n\t<meta property=\"og:image:height\" content=\"675\" \/>\n\t<meta property=\"og:image:type\" content=\"image\/png\" \/>\n<meta name=\"twitter:card\" content=\"summary_large_image\" \/>\n<meta name=\"twitter:site\" content=\"@FDMGroup\" \/>\n<meta name=\"twitter:label1\" content=\"Gesch\u00e4tzte Lesezeit\" \/>\n\t<meta name=\"twitter:data1\" content=\"5\u00a0Minuten\" \/>\n<script type=\"application\/ld+json\" class=\"yoast-schema-graph\">{\"@context\":\"https:\/\/schema.org\",\"@graph\":[{\"@type\":\"WebPage\",\"@id\":\"https:\/\/www.fdmgroup.com\/de\/businesses\/fdm-skills-lab\/\",\"url\":\"https:\/\/www.fdmgroup.com\/de\/businesses\/fdm-skills-lab\/\",\"name\":\"FDM Skills Lab | FDM Group\",\"isPartOf\":{\"@id\":\"https:\/\/www.fdmgroup.com\/de\/#website\"},\"datePublished\":\"2024-10-01T10:40:52+00:00\",\"dateModified\":\"2025-04-14T13:44:14+00:00\",\"description\":\"FDM Skills Lab | FDM Group\",\"breadcrumb\":{\"@id\":\"https:\/\/www.fdmgroup.com\/de\/businesses\/fdm-skills-lab\/#breadcrumb\"},\"inLanguage\":\"de\",\"potentialAction\":[{\"@type\":\"ReadAction\",\"target\":[\"https:\/\/www.fdmgroup.com\/de\/businesses\/fdm-skills-lab\/\"]}]},{\"@type\":\"BreadcrumbList\",\"@id\":\"https:\/\/www.fdmgroup.com\/de\/businesses\/fdm-skills-lab\/#breadcrumb\",\"itemListElement\":[{\"@type\":\"ListItem\",\"position\":1,\"name\":\"(DE) Businesses\",\"item\":\"https:\/\/www.fdmgroup.com\/de\/businesses\/\"},{\"@type\":\"ListItem\",\"position\":2,\"name\":\"FDM Skills Lab\"}]},{\"@type\":\"WebSite\",\"@id\":\"https:\/\/www.fdmgroup.com\/de\/#website\",\"url\":\"https:\/\/www.fdmgroup.com\/de\/\",\"name\":\"FDM Group\",\"description\":\"\",\"publisher\":{\"@id\":\"https:\/\/www.fdmgroup.com\/de\/#organization\"},\"potentialAction\":[{\"@type\":\"SearchAction\",\"target\":{\"@type\":\"EntryPoint\",\"urlTemplate\":\"https:\/\/www.fdmgroup.com\/de\/?s={search_term_string}\"},\"query-input\":{\"@type\":\"PropertyValueSpecification\",\"valueRequired\":true,\"valueName\":\"search_term_string\"}}],\"inLanguage\":\"de\"},{\"@type\":\"Organization\",\"@id\":\"https:\/\/www.fdmgroup.com\/de\/#organization\",\"name\":\"FDM Group\",\"url\":\"https:\/\/www.fdmgroup.com\/de\/\",\"logo\":{\"@type\":\"ImageObject\",\"inLanguage\":\"de\",\"@id\":\"https:\/\/www.fdmgroup.com\/de\/#\/schema\/logo\/image\/\",\"url\":\"https:\/\/www.fdmgroup.com\/wp-content\/uploads\/2024\/04\/cropped-fdm-logo-green-square-480-3.png\",\"contentUrl\":\"https:\/\/www.fdmgroup.com\/wp-content\/uploads\/2024\/04\/cropped-fdm-logo-green-square-480-3.png\",\"width\":512,\"height\":512,\"caption\":\"FDM Group\"},\"image\":{\"@id\":\"https:\/\/www.fdmgroup.com\/de\/#\/schema\/logo\/image\/\"},\"sameAs\":[\"https:\/\/www.facebook.com\/FDMGroup\",\"https:\/\/x.com\/FDMGroup\",\"https:\/\/www.instagram.com\/fdm_group\/?hl=en\",\"https:\/\/www.linkedin.com\/company\/fdm-group\/?originalSubdomain=uk\",\"https:\/\/www.tiktok.com\/@fdm_group\"]}]}<\/script>\n<!-- \/ Yoast SEO plugin. -->","yoast_head_json":{"title":"FDM Skills Lab | FDM Group","description":"FDM Skills Lab | FDM Group","robots":{"index":"index","follow":"follow","max-snippet":"max-snippet:-1","max-image-preview":"max-image-preview:large","max-video-preview":"max-video-preview:-1"},"canonical":"https:\/\/www.fdmgroup.com\/de\/businesses\/fdm-skills-lab\/","og_locale":"de_DE","og_type":"article","og_title":"FDM Skills Lab | FDM Group","og_description":"FDM Skills Lab | FDM Group","og_url":"https:\/\/www.fdmgroup.com\/de\/businesses\/fdm-skills-lab\/","og_site_name":"FDM Group","article_publisher":"https:\/\/www.facebook.com\/FDMGroup","article_modified_time":"2025-04-14T13:44:14+00:00","og_image":[{"width":1200,"height":675,"url":"https:\/\/www.fdmgroup.com\/wp-content\/uploads\/2024\/09\/FDM_placeholder.png","type":"image\/png"}],"twitter_card":"summary_large_image","twitter_site":"@FDMGroup","twitter_misc":{"Gesch\u00e4tzte Lesezeit":"5\u00a0Minuten"},"schema":{"@context":"https:\/\/schema.org","@graph":[{"@type":"WebPage","@id":"https:\/\/www.fdmgroup.com\/de\/businesses\/fdm-skills-lab\/","url":"https:\/\/www.fdmgroup.com\/de\/businesses\/fdm-skills-lab\/","name":"FDM Skills Lab | FDM Group","isPartOf":{"@id":"https:\/\/www.fdmgroup.com\/de\/#website"},"datePublished":"2024-10-01T10:40:52+00:00","dateModified":"2025-04-14T13:44:14+00:00","description":"FDM Skills Lab | FDM Group","breadcrumb":{"@id":"https:\/\/www.fdmgroup.com\/de\/businesses\/fdm-skills-lab\/#breadcrumb"},"inLanguage":"de","potentialAction":[{"@type":"ReadAction","target":["https:\/\/www.fdmgroup.com\/de\/businesses\/fdm-skills-lab\/"]}]},{"@type":"BreadcrumbList","@id":"https:\/\/www.fdmgroup.com\/de\/businesses\/fdm-skills-lab\/#breadcrumb","itemListElement":[{"@type":"ListItem","position":1,"name":"(DE) Businesses","item":"https:\/\/www.fdmgroup.com\/de\/businesses\/"},{"@type":"ListItem","position":2,"name":"FDM Skills Lab"}]},{"@type":"WebSite","@id":"https:\/\/www.fdmgroup.com\/de\/#website","url":"https:\/\/www.fdmgroup.com\/de\/","name":"FDM Group","description":"","publisher":{"@id":"https:\/\/www.fdmgroup.com\/de\/#organization"},"potentialAction":[{"@type":"SearchAction","target":{"@type":"EntryPoint","urlTemplate":"https:\/\/www.fdmgroup.com\/de\/?s={search_term_string}"},"query-input":{"@type":"PropertyValueSpecification","valueRequired":true,"valueName":"search_term_string"}}],"inLanguage":"de"},{"@type":"Organization","@id":"https:\/\/www.fdmgroup.com\/de\/#organization","name":"FDM Group","url":"https:\/\/www.fdmgroup.com\/de\/","logo":{"@type":"ImageObject","inLanguage":"de","@id":"https:\/\/www.fdmgroup.com\/de\/#\/schema\/logo\/image\/","url":"https:\/\/www.fdmgroup.com\/wp-content\/uploads\/2024\/04\/cropped-fdm-logo-green-square-480-3.png","contentUrl":"https:\/\/www.fdmgroup.com\/wp-content\/uploads\/2024\/04\/cropped-fdm-logo-green-square-480-3.png","width":512,"height":512,"caption":"FDM Group"},"image":{"@id":"https:\/\/www.fdmgroup.com\/de\/#\/schema\/logo\/image\/"},"sameAs":["https:\/\/www.facebook.com\/FDMGroup","https:\/\/x.com\/FDMGroup","https:\/\/www.instagram.com\/fdm_group\/?hl=en","https:\/\/www.linkedin.com\/company\/fdm-group\/?originalSubdomain=uk","https:\/\/www.tiktok.com\/@fdm_group"]}]}},"_links":{"self":[{"href":"https:\/\/www.fdmgroup.com\/de\/wp-json\/wp\/v2\/pages\/71106","targetHints":{"allow":["GET"]}}],"collection":[{"href":"https:\/\/www.fdmgroup.com\/de\/wp-json\/wp\/v2\/pages"}],"about":[{"href":"https:\/\/www.fdmgroup.com\/de\/wp-json\/wp\/v2\/types\/page"}],"author":[{"embeddable":true,"href":"https:\/\/www.fdmgroup.com\/de\/wp-json\/wp\/v2\/users\/2"}],"replies":[{"embeddable":true,"href":"https:\/\/www.fdmgroup.com\/de\/wp-json\/wp\/v2\/comments?post=71106"}],"version-history":[{"count":0,"href":"https:\/\/www.fdmgroup.com\/de\/wp-json\/wp\/v2\/pages\/71106\/revisions"}],"up":[{"embeddable":true,"href":"https:\/\/www.fdmgroup.com\/de\/wp-json\/wp\/v2\/pages\/59037"}],"wp:attachment":[{"href":"https:\/\/www.fdmgroup.com\/de\/wp-json\/wp\/v2\/media?parent=71106"}],"curies":[{"name":"wp","href":"https:\/\/api.w.org\/{rel}","templated":true}]}}