{"id":78699,"date":"2025-06-06T14:02:49","date_gmt":"2025-06-06T13:02:49","guid":{"rendered":"https:\/\/www.fdmgroup.com\/?page_id=78699"},"modified":"2025-06-06T17:13:59","modified_gmt":"2025-06-06T16:13:59","slug":"terms-conditions","status":"publish","type":"page","link":"https:\/\/www.fdmgroup.com\/de\/terms-conditions\/","title":{"rendered":"Terms &#038; Conditions"},"content":{"rendered":"\r\n<section class=\"text-hero-section slim\">\r\n\t<div class=\"container\">\r\n\t\t<div class=\"row\">\r\n\t\t\t<div class=\"col-12 waypoint\">\r\n\t\t\t\t<h1>Allgemeine Gesch\u00e4ftsbedingungen<\/h1>\n\r\n\t\t\t\t\t\t\t\t<hr>\r\n\t\t\t<\/div>\r\n\t\t<\/div>\r\n\t<\/div>\r\n<\/section>\r\n\n\n\r\n<section class=\"simple-text-section light\">\r\n\t<div class=\"container\">\r\n\t\t<div class=\"row\">\r\n\t\t\t<div class=\"col-12 waypoint\">\r\n\t\t\t\t<div class=\"text\">\r\n\t\t\t\t\t<p>Wichtige Informationen \u2013 Diese Nutzungsbedingungen enthalten die Bedingungen f\u00fcr die Verwendung dieser Website.<\/p>\n<p><strong>Definition<\/strong><\/p>\n<ul>\n<li>Die Seite: Die Website und die zugeh\u00f6rigen Seiten unter dem Domainnamen www.fdmgroup.com<\/li>\n<li>Der Inhalt: Der Inhalt der verschiedenen Seiten der Website<\/li>\n<li>FDM: FDM Group Limited (\u201eFDM\u201c)<\/li>\n<li>Eingetragen in England<\/li>\n<li>Sitz der Gesellschaft: \u201e3. Stock, Cottons Center, Cottons Lane, London, SE1 2QG\u201c<\/li>\n<li>Company Registration Number: 02542980<\/li>\n<li>\u201eFDM\u201c umfasst auch hundertprozentige Tochtergesellschaften der FDM Group Limited.<\/li>\n<li>Benutzer: Jede Person, die die Seite oder den Inhalt ansieht, und \u201eSie\u201c und \u201eIhr\u201c bezieht sich auf den Benutzer.<\/li>\n<\/ul>\n<p><strong>\u00a0<\/strong><\/p>\n<p><strong>Vereinbarung<\/strong><\/p>\n<p>Diese Vereinbarung f\u00fcr die Nutzungsbedingungen der Website (\u201eVereinbarung\u201c) regelt Ihren Zugriff auf die FDM-Website sowie die Nutzung. Die Website ist Eigentum von FDM und diese Vereinbarung gilt zwischen FDM und allen Parteien, die die Website oder den Inhalt ansehen oder anderweitig nutzen. Durch den Zugriff auf die Website und\/oder deren Nutzung erkl\u00e4ren Sie sich mit den Allgemeinen Gesch\u00e4ftsbedingungen sowie allen geltenden Gesetzen und Vorschriften, die f\u00fcr die Nutzung einer Website relevant sind, einverstanden, ohne Einschr\u00e4nkung oder Vorbehalt.<\/p>\n<p><strong>Lizenz und Nutzungsbeschr\u00e4nkungen<\/strong><\/p>\n<p><strong>Geistiges Eigentum<\/strong><\/p>\n<p>Alle Inhalte, einschlie\u00dflich aller Texte, Grafiken, Logos, Icons, Bilder, Daten, Grafiken, Audiodateien, Videos, Computerprogramme und andere Materialien und Informationen, die auf der Website verf\u00fcgbar sind oder genutzt werden, sind Eigentum von FDM oder deren Content-Lieferanten und ist durch Urheberrechte, Marken, Gesch\u00e4ftsgeheimnisse oder andere Eigentumsrechte gesch\u00fctzt und diese Rechte gelten in allen Fassungen, Medien und Technologien, die es jetzt gibt oder nachfolgend entwickelt werden.<\/p>\n<p><strong>Lizenz<\/strong><\/p>\n<p>FDM gew\u00e4hrt Ihnen hiermit eine beschr\u00e4nkte, nicht ausschlie\u00dfliche, nicht \u00fcbertragbare pers\u00f6nliche Lizenz zur Nutzung der Website und deren Inhalte f\u00fcr Informationszwecke. Sie d\u00fcrfen den Inhalt nur f\u00fcr nicht-kommerzielle, pers\u00f6nliche oder interne Gesch\u00e4ftszwecke (falls zutreffend) ausdrucken und\/oder herunterladen und speichern, unter der Voraussetzung, dass Sie alle urheberrechtlichen Verweise und sonstigen Eigentumsvermerke f\u00fcr den Inhalt beibehalten und diese Nutzungsbedingungen einhalten.<\/p>\n<p><strong>Einschr\u00e4nkungen<\/strong><\/p>\n<p>Sofern nicht ausdr\u00fccklich hiermit oder anderweitig von FDM schriftlich genehmigt, d\u00fcrfen Sie die Inhalte nicht zu irgendeinem Zweck vervielf\u00e4ltigen, kopieren, verbreiten, modifizieren oder daraus abgeleitete Werke erstellen, anzeigen, \u00fcbermitteln oder ver\u00f6ffentlichen oder den Inhalt in irgendeiner Weise ganz oder teilweise nutzen. Sie d\u00fcrfen keine META-Tags oder einen anderen \u201everborgenen Text\u201c mit dem Namen oder den Marken von FDM auf Ihrer Website oder auf andere Weise ohne die ausdr\u00fcckliche schriftliche Zustimmung von FDM verwenden. Alle hier nicht ausdr\u00fccklich gew\u00e4hrten Rechte bleiben FDM und\/oder deren Lizenzgebern vorbehalten. Sie erkennen an, dass Ihre unberechtigte Nutzung der Website oder des Inhalts uns Schaden und Verluste verursachen kann, f\u00fcr den eine Schadensersatzverg\u00fctung uns nicht angemessen entsch\u00e4digt und dass wir unter diesen Umst\u00e4nden berechtigt sind, eine angemessene Entsch\u00e4digung geltend zu machen. Diese Lizenz kann von FDM jederzeit mit einer Benachrichtigung an Sie gek\u00fcndigt werden, und die Lizenz wird automatisch bei einem Versto\u00df Ihrerseits gegen diese Nutzungsbedingungen beendet.<\/p>\n<p><strong>Zustimmung zur Verwendung von Cookies<\/strong><\/p>\n<p>Die Datenschutzbestimmungen in der elektronischen Kommunikation (EG-Richtlinie) von 2003 in der ge\u00e4nderten Fassung (die Cookies-Bestimmungen) decken die Verwendung von Cookies und \u00e4hnlichen Technologien f\u00fcr die Speicherung von Daten und den Zugriff auf gespeicherte Daten auf den Ger\u00e4ten eines Benutzers wie Computer oder Mobiltelefon ab. Die Website von FDM verwendet anonyme Cookies, damit FDM die Benutzer der Website unterscheiden kann. Die Cookies sind analytisch und erlauben es FDM, unterschiedliche Benutzer zu erkennen, um die Funktion der Website und das Sammeln von Daten zu verbessern. Keine personenbezogenen Daten, durch die die Benutzer identifiziert werden k\u00f6nnen, werden in den Cookies gespeichert. Durch die Nutzung der Website erkl\u00e4ren Sie sich damit einverstanden, dass FDM Cookies f\u00fcr solche Zwecke verwendet. FDM verwendet die Cookies nicht, um Daten an Dritte weiterzugeben, sie verwenden sie ausschlie\u00dflich f\u00fcr die internen Zwecke von FDM.<\/p>\n<p><strong>\u00a0<\/strong><\/p>\n<p><strong>Haftungsausschluss<\/strong><\/p>\n<p>Sie erkennen an und stimmen zu, dass der Inhalt, der auf dieser Website zur Verf\u00fcgung gestellt wird, nur zu Informationszwecken dient und FDM keine Haftung \u00fcbernimmt, wenn Sie Handlungen daraus ableiten. Der Inhalt kann Fehler, Auslassungen, Ungenauigkeiten oder veraltete Informationen enthalten und die Richtigkeit der Informationen ist nicht durch FDM garantiert. Dar\u00fcber hinaus erkennen Sie and, dass FDM nicht verpflichtet ist, auf jede von dieser Website ausgehende Kommunikation oder Kommunikation, die durch Sie als Folge Ihrer Nutzung der Website entsteht, zu antworten, un dass FDM keine Pflicht gegen\u00fcber Ihnen im Zusammenhang mit Ihrer Nutzung der Website oder Inhalte hat. FDM \u00fcbernimmt keine Haftung daf\u00fcr, wenn ein Hyperlink auf der Website zu einer anderen Website nicht richtig funktioniert oder wenn Ihre Nutzung der Website oder eines Hyperlinks darauf Sch\u00e4den durch Computerviren oder unbefugten Zugriff durch Dritte verursacht, und FDM gibt keine Garantie f\u00fcr die Sicherheit oder den Inhalt von Websites von Drittanbietern, auf die verwiesen wird oder die durch einen Hyperlink mit unserer Website verbunden sind. Sie erkl\u00e4ren sich ausdr\u00fccklich damit einverstanden, dass die Nutzung der Website und einer anderen verlinkten Website auf Ihr alleiniges Risiko erfolgt.<\/p>\n<p><strong>\u00c4nderung<\/strong><\/p>\n<p>FDM beh\u00e4lt sich das Recht vor, die Bedingungen dieser Vereinbarung oder Inhalte jederzeit zu \u00e4ndern, indem wir diese \u00c4nderung auf der Website ver\u00f6ffentlichen. Die Version dieser Vereinbarung, die auf der Website zum Zeitpunkt des Besuchs der Website oder der Nutzung der Inhalte zur Verf\u00fcgung steht, gilt f\u00fcr diesen jeweiligen Besuch.<\/p>\n<p><strong>Zust\u00e4ndigkeit<\/strong><\/p>\n<p>Alle Streitigkeiten in Bezug auf die Website oder Inhalte oder jegliche Angelegenheiten, die sich aus Ihrer Nutzung der Website oder Inhalte ergeben, unterliegen ausschlie\u00dflich dem englischen Recht und der Gerichtsbarkeit der Gerichte von England und Wales.<\/p>\n\t\t\t\t<\/div>\r\n\t\t\t<\/div>\r\n\t\t<\/div>\r\n\t<\/div>\r\n<\/section>\r\n","protected":false},"excerpt":{"rendered":"","protected":false},"author":2,"featured_media":0,"parent":0,"menu_order":0,"comment_status":"closed","ping_status":"closed","template":"","meta":{"_acf_changed":false,"inline_featured_image":false,"footnotes":""},"class_list":["post-78699","page","type-page","status-publish","hentry"],"acf":[],"yoast_head":"<!-- This site is optimized with the Yoast SEO plugin v27.1.1 - https:\/\/yoast.com\/product\/yoast-seo-wordpress\/ -->\n<title>Terms &amp; Conditions | FDM Group<\/title>\n<meta name=\"description\" content=\"Terms &amp; Conditions | FDM Group\" \/>\n<meta name=\"robots\" content=\"index, follow, max-snippet:-1, max-image-preview:large, max-video-preview:-1\" \/>\n<link rel=\"canonical\" href=\"https:\/\/www.fdmgroup.com\/de\/terms-conditions\/\" \/>\n<meta property=\"og:locale\" content=\"de_DE\" \/>\n<meta property=\"og:type\" content=\"article\" \/>\n<meta property=\"og:title\" content=\"Terms &amp; Conditions | FDM Group\" \/>\n<meta property=\"og:description\" content=\"Terms &amp; Conditions | FDM Group\" \/>\n<meta property=\"og:url\" content=\"https:\/\/www.fdmgroup.com\/de\/terms-conditions\/\" \/>\n<meta property=\"og:site_name\" content=\"FDM Group\" \/>\n<meta property=\"article:publisher\" content=\"https:\/\/www.facebook.com\/FDMGroup\" \/>\n<meta property=\"article:modified_time\" content=\"2025-06-06T16:13:59+00:00\" \/>\n<meta property=\"og:image\" content=\"https:\/\/www.fdmgroup.com\/wp-content\/uploads\/2024\/09\/FDM_placeholder.png\" \/>\n\t<meta property=\"og:image:width\" content=\"1200\" \/>\n\t<meta property=\"og:image:height\" content=\"675\" \/>\n\t<meta property=\"og:image:type\" content=\"image\/png\" \/>\n<meta name=\"twitter:card\" content=\"summary_large_image\" \/>\n<meta name=\"twitter:site\" content=\"@FDMGroup\" \/>\n<meta name=\"twitter:label1\" content=\"Gesch\u00e4tzte Lesezeit\" \/>\n\t<meta name=\"twitter:data1\" content=\"4\u00a0Minuten\" \/>\n<script type=\"application\/ld+json\" class=\"yoast-schema-graph\">{\"@context\":\"https:\/\/schema.org\",\"@graph\":[{\"@type\":\"WebPage\",\"@id\":\"https:\/\/www.fdmgroup.com\/de\/terms-conditions\/\",\"url\":\"https:\/\/www.fdmgroup.com\/de\/terms-conditions\/\",\"name\":\"Terms & Conditions | FDM Group\",\"isPartOf\":{\"@id\":\"https:\/\/www.fdmgroup.com\/de\/#website\"},\"datePublished\":\"2025-06-06T13:02:49+00:00\",\"dateModified\":\"2025-06-06T16:13:59+00:00\",\"description\":\"Terms & Conditions | FDM Group\",\"inLanguage\":\"de\",\"potentialAction\":[{\"@type\":\"ReadAction\",\"target\":[\"https:\/\/www.fdmgroup.com\/de\/terms-conditions\/\"]}]},{\"@type\":\"WebSite\",\"@id\":\"https:\/\/www.fdmgroup.com\/de\/#website\",\"url\":\"https:\/\/www.fdmgroup.com\/de\/\",\"name\":\"FDM Group\",\"description\":\"\",\"publisher\":{\"@id\":\"https:\/\/www.fdmgroup.com\/de\/#organization\"},\"potentialAction\":[{\"@type\":\"SearchAction\",\"target\":{\"@type\":\"EntryPoint\",\"urlTemplate\":\"https:\/\/www.fdmgroup.com\/de\/?s={search_term_string}\"},\"query-input\":{\"@type\":\"PropertyValueSpecification\",\"valueRequired\":true,\"valueName\":\"search_term_string\"}}],\"inLanguage\":\"de\"},{\"@type\":\"Organization\",\"@id\":\"https:\/\/www.fdmgroup.com\/de\/#organization\",\"name\":\"FDM Group\",\"url\":\"https:\/\/www.fdmgroup.com\/de\/\",\"logo\":{\"@type\":\"ImageObject\",\"inLanguage\":\"de\",\"@id\":\"https:\/\/www.fdmgroup.com\/de\/#\/schema\/logo\/image\/\",\"url\":\"https:\/\/www.fdmgroup.com\/wp-content\/uploads\/2024\/04\/cropped-fdm-logo-green-square-480-3.png\",\"contentUrl\":\"https:\/\/www.fdmgroup.com\/wp-content\/uploads\/2024\/04\/cropped-fdm-logo-green-square-480-3.png\",\"width\":512,\"height\":512,\"caption\":\"FDM Group\"},\"image\":{\"@id\":\"https:\/\/www.fdmgroup.com\/de\/#\/schema\/logo\/image\/\"},\"sameAs\":[\"https:\/\/www.facebook.com\/FDMGroup\",\"https:\/\/x.com\/FDMGroup\",\"https:\/\/www.instagram.com\/fdm_group\/?hl=en\",\"https:\/\/www.linkedin.com\/company\/fdm-group\/?originalSubdomain=uk\",\"https:\/\/www.tiktok.com\/@fdm_group\"]}]}<\/script>\n<!-- \/ Yoast SEO plugin. -->","yoast_head_json":{"title":"Terms & Conditions | FDM Group","description":"Terms & Conditions | FDM Group","robots":{"index":"index","follow":"follow","max-snippet":"max-snippet:-1","max-image-preview":"max-image-preview:large","max-video-preview":"max-video-preview:-1"},"canonical":"https:\/\/www.fdmgroup.com\/de\/terms-conditions\/","og_locale":"de_DE","og_type":"article","og_title":"Terms & Conditions | FDM Group","og_description":"Terms & Conditions | FDM Group","og_url":"https:\/\/www.fdmgroup.com\/de\/terms-conditions\/","og_site_name":"FDM Group","article_publisher":"https:\/\/www.facebook.com\/FDMGroup","article_modified_time":"2025-06-06T16:13:59+00:00","og_image":[{"width":1200,"height":675,"url":"https:\/\/www.fdmgroup.com\/wp-content\/uploads\/2024\/09\/FDM_placeholder.png","type":"image\/png"}],"twitter_card":"summary_large_image","twitter_site":"@FDMGroup","twitter_misc":{"Gesch\u00e4tzte Lesezeit":"4\u00a0Minuten"},"schema":{"@context":"https:\/\/schema.org","@graph":[{"@type":"WebPage","@id":"https:\/\/www.fdmgroup.com\/de\/terms-conditions\/","url":"https:\/\/www.fdmgroup.com\/de\/terms-conditions\/","name":"Terms & Conditions | FDM Group","isPartOf":{"@id":"https:\/\/www.fdmgroup.com\/de\/#website"},"datePublished":"2025-06-06T13:02:49+00:00","dateModified":"2025-06-06T16:13:59+00:00","description":"Terms & Conditions | FDM Group","inLanguage":"de","potentialAction":[{"@type":"ReadAction","target":["https:\/\/www.fdmgroup.com\/de\/terms-conditions\/"]}]},{"@type":"WebSite","@id":"https:\/\/www.fdmgroup.com\/de\/#website","url":"https:\/\/www.fdmgroup.com\/de\/","name":"FDM Group","description":"","publisher":{"@id":"https:\/\/www.fdmgroup.com\/de\/#organization"},"potentialAction":[{"@type":"SearchAction","target":{"@type":"EntryPoint","urlTemplate":"https:\/\/www.fdmgroup.com\/de\/?s={search_term_string}"},"query-input":{"@type":"PropertyValueSpecification","valueRequired":true,"valueName":"search_term_string"}}],"inLanguage":"de"},{"@type":"Organization","@id":"https:\/\/www.fdmgroup.com\/de\/#organization","name":"FDM Group","url":"https:\/\/www.fdmgroup.com\/de\/","logo":{"@type":"ImageObject","inLanguage":"de","@id":"https:\/\/www.fdmgroup.com\/de\/#\/schema\/logo\/image\/","url":"https:\/\/www.fdmgroup.com\/wp-content\/uploads\/2024\/04\/cropped-fdm-logo-green-square-480-3.png","contentUrl":"https:\/\/www.fdmgroup.com\/wp-content\/uploads\/2024\/04\/cropped-fdm-logo-green-square-480-3.png","width":512,"height":512,"caption":"FDM Group"},"image":{"@id":"https:\/\/www.fdmgroup.com\/de\/#\/schema\/logo\/image\/"},"sameAs":["https:\/\/www.facebook.com\/FDMGroup","https:\/\/x.com\/FDMGroup","https:\/\/www.instagram.com\/fdm_group\/?hl=en","https:\/\/www.linkedin.com\/company\/fdm-group\/?originalSubdomain=uk","https:\/\/www.tiktok.com\/@fdm_group"]}]}},"_links":{"self":[{"href":"https:\/\/www.fdmgroup.com\/de\/wp-json\/wp\/v2\/pages\/78699","targetHints":{"allow":["GET"]}}],"collection":[{"href":"https:\/\/www.fdmgroup.com\/de\/wp-json\/wp\/v2\/pages"}],"about":[{"href":"https:\/\/www.fdmgroup.com\/de\/wp-json\/wp\/v2\/types\/page"}],"author":[{"embeddable":true,"href":"https:\/\/www.fdmgroup.com\/de\/wp-json\/wp\/v2\/users\/2"}],"replies":[{"embeddable":true,"href":"https:\/\/www.fdmgroup.com\/de\/wp-json\/wp\/v2\/comments?post=78699"}],"version-history":[{"count":0,"href":"https:\/\/www.fdmgroup.com\/de\/wp-json\/wp\/v2\/pages\/78699\/revisions"}],"wp:attachment":[{"href":"https:\/\/www.fdmgroup.com\/de\/wp-json\/wp\/v2\/media?parent=78699"}],"curies":[{"name":"wp","href":"https:\/\/api.w.org\/{rel}","templated":true}]}}