{"id":61292,"date":"2024-03-01T10:38:17","date_gmt":"2024-03-01T10:38:17","guid":{"rendered":"https:\/\/fdm.in-beta7.co.uk\/?page_id=61292"},"modified":"2024-11-05T11:22:40","modified_gmt":"2024-11-05T11:22:40","slug":"cookie-policy","status":"publish","type":"page","link":"https:\/\/www.fdmgroup.com\/fr-ca\/cookie-policy\/","title":{"rendered":"Cookie Policy"},"content":{"rendered":"\r\n<section class=\"text-hero-section slim\">\r\n\t<div class=\"container\">\r\n\t\t<div class=\"row\">\r\n\t\t\t<div class=\"col-12 waypoint\">\r\n\t\t\t\t<section id=\"section_1\" class=\"html-block\nmargin\"><\/p>\n<div class=\"container-lrg backwhite\">\n<div class=\"htmlcontent\">\n<h1>Politique en mati\u00e8re de t\u00e9moins<\/h1>\n<\/div>\n<\/div>\n<\/section>\n\r\n\t\t\t\t\t\t\t\t<hr>\r\n\t\t\t<\/div>\r\n\t\t<\/div>\r\n\t<\/div>\r\n<\/section>\r\n\n\n\r\n<section class=\"simple-text-section light\">\r\n\t<div class=\"container\">\r\n\t\t<div class=\"row\">\r\n\t\t\t<div class=\"col-12 waypoint\">\r\n\t\t\t\t<div class=\"text\">\r\n\t\t\t\t\t<p>&nbsp;<\/p>\n<p class=\"p1\"><b>Fichiers t\u00e9moins, balises Web et technologies similaires<\/b><\/p>\n<p class=\"p1\">Lorsque vous visitez ou interagissez avec nos sites, services, applications, outils ou messageries, nous ou nos prestataires de services autoris\u00e9s pouvons utiliser des fichiers t\u00e9moins, des balises Web et d\u2019autres technologies similaires pour stocker des informations qui nous permettront de vous fournir une exp\u00e9rience de meilleure qualit\u00e9, plus rapide et plus s\u00e9curis\u00e9e, ainsi qu\u2019\u00e0 des fins publicitaires.<\/p>\n<p class=\"p1\">Cette page a \u00e9t\u00e9 con\u00e7ue pour vous aider \u00e0 mieux comprendre ces technologies et l\u2019utilisation qui en est faite sur nos sites et dans nos services, applications et outils. Ci-dessous figure un r\u00e9sum\u00e9 d\u2019une s\u00e9rie d\u2019\u00e9l\u00e9ments cl\u00e9s qu\u2019il vous faut conna\u00eetre concernant notre utilisation desdites technologies. Vous pouvez parcourir le contenu de notre avis complet sur les fichiers t\u00e9moins ci-dessous.<\/p>\n<p class=\"p1\">Nos fichiers t\u00e9moins et technologies similaires ont diff\u00e9rentes fonctions. Soit, ils sont n\u00e9cessaires au fonctionnement de nos services et nous aident \u00e0 am\u00e9liorer nos performances et \u00e0 vous offrir des fonctionnalit\u00e9s suppl\u00e9mentaires, soit ils nous permettent de vous proposer des publicit\u00e9s cibl\u00e9es et pertinentes. Nous utilisons des fichiers t\u00e9moins et des technologies similaires qui restent sur votre appareil tant que votre navigateur reste actif (session) ainsi que des fichiers t\u00e9moins et technologies similaires qui restent plus longtemps (persistants). Vous \u00eates libre de bloquer, supprimer ou d\u00e9sactiver ces fichiers t\u00e9moins si votre appareil le permet. Vous pouvez g\u00e9rer vos fichiers t\u00e9moins et pr\u00e9f\u00e9rences de fichiers t\u00e9moins dans les param\u00e8tres de votre navigateur ou de votre appareil.<\/p>\n<p class=\"p1\">Si possible, des mesures de s\u00e9curit\u00e9 sont mises en place pour \u00e9viter tout acc\u00e8s non autoris\u00e9 \u00e0 nos fichiers t\u00e9moins et technologies similaires. Un identifiant unique garantit que nous seuls (et\/ou nos prestataires de services autoris\u00e9s) avons acc\u00e8s aux donn\u00e9es des fichiers t\u00e9moins.<\/p>\n<p class=\"p1\">Les prestataires de services sont des soci\u00e9t\u00e9s qui nous aident dans divers aspects de notre activit\u00e9, tels que les op\u00e9rations du site, les services, les applications, les publicit\u00e9s et les outils. Nous faisons appel \u00e0 des prestataires de services autoris\u00e9s pour vous fournir des publicit\u00e9s pertinentes sur nos services ou ailleurs sur le Web. Ces prestataires de services peuvent \u00e9galement placer des fichiers t\u00e9moins sur votre appareil par le biais de nos services (fichiers t\u00e9moins de tiers). Ils peuvent \u00e9galement collecter des informations qui les aident \u00e0 identifier votre appareil, telles que votre adresse IP ou d\u2019autres identifiants uniques ou propres \u00e0 votre appareil.<\/p>\n<p class=\"p1\"><b>Que sont les fichiers t\u00e9moins, balises Web et autres technologies similaires?<\/b><\/p>\n<p class=\"p1\">Comme la plupart des sites, nous utilisons des technologies qui sont essentiellement de petits fichiers de donn\u00e9es plac\u00e9s sur votre ordinateur, tablette, t\u00e9l\u00e9phone mobile ou autres appareils (appel\u00e9s collectivement \u00ab appareil \u00bb) qui nous permettent d\u2019enregistrer certaines informations chaque fois que vous visitez ou interagissez avec nos sites, services, applications, messages et outils.<\/p>\n<p class=\"p1\">Les noms et les types sp\u00e9cifiques de fichiers t\u00e9moins, des balises Web et autres technologies similaires nous utilisons peuvent changer. Afin de mieux vous faire comprendre le pr\u00e9sent r\u00e8glement et notre utilisation desdites technologies, nous avons \u00e9labor\u00e9 la liste de termes et de d\u00e9finitions ci-dessous :<\/p>\n<p class=\"p1\">Fichiers t\u00e9moins \u2013 petits fichiers de texte (g\u00e9n\u00e9ralement compos\u00e9s de lettres et de chiffres) plac\u00e9s dans la m\u00e9moire de votre navigateur ou appareil lorsque vous visitez un site Internet ou affichez un message. Les fichiers t\u00e9moins permettent \u00e0 une site Internet de reconna\u00eetre un appareil ou navigateur particuliers. Il existe diff\u00e9rents types de fichiers t\u00e9moins :<\/p>\n<ul class=\"ul1\">\n<li class=\"li2\"><span class=\"s2\">Les fichiers t\u00e9moins de session expirent \u00e0 la fin de la session de votre navigateur et nous permettent de lier vos actions au cours de ladite session.<\/span><\/li>\n<li class=\"li2\"><span class=\"s2\">Les fichiers t\u00e9moins persistants sont stock\u00e9s sur votre appareil entre les sessions de navigateur, nous permettant de nous rappeler vos pr\u00e9f\u00e9rences ou vos actions sur plusieurs sites.<\/span><\/li>\n<li class=\"li2\"><span class=\"s2\">Les fichiers-t\u00e9moins internes sont \u00e9tablis par le site que vous visitez.<\/span><\/li>\n<li class=\"li2\"><span class=\"s2\">Les fichiers t\u00e9moins de tiers sont \u00e9tablis par un site tiers distinct du site que vous visitez.<\/span><\/li>\n<\/ul>\n<p class=\"p1\">Les fichiers t\u00e9moins peuvent \u00eatre d\u00e9sactiv\u00e9s ou supprim\u00e9s par des outils disponibles dans la plupart des navigateurs commerciaux. Les pr\u00e9f\u00e9rences de chaque navigateur que vous utilisez devront \u00eatre d\u00e9finies s\u00e9par\u00e9ment, car chaque navigateur propose des fonctionnalit\u00e9s et options diff\u00e9rentes.<\/p>\n<p class=\"p1\"><b>Balises Web \u2013\u00a0<\/b>petites images graphiques (\u00e9galement appel\u00e9es \u00ab pixels invisibles \u00bb ou \u00ab GIF clairs \u00bb) qui peuvent \u00eatre incluses sur nos sites, services, applications, messages et outils, qui fonctionnent g\u00e9n\u00e9ralement en conjonction avec des fichiers t\u00e9moins pour identifier nos utilisateurs et leur comportement.<\/p>\n<p class=\"p1\"><b>Technologies similaires:<\/b>\u00a0technologies qui stockent des informations dans votre navigateur ou appareil, en utilisant des objets partag\u00e9s locaux ou un stockage local, tels que des fichiers t\u00e9moins Flash, des fichiers t\u00e9moins HTML 5 et d\u2019autres m\u00e9thodes d\u2019applications Web. Ces technologies peuvent fonctionner dans tous vos navigateurs, et dans certains cas elles ne peuvent \u00eatre compl\u00e8tement g\u00e9r\u00e9es par votre navigateur et exiger une gestion directement \u00e0 travers vos applications install\u00e9es ou votre appareil. Nous n\u2019utilisons pas ces technologies pour stocker des informations dans le but de diriger la publicit\u00e9 vers vous, que ce soit sur nos sites ou \u00e0 partir de ceux-ci.<\/p>\n<p class=\"p1\">Nous pouvons utiliser les termes \u00ab fichiers t\u00e9moins \u00bb ou \u00ab technologies similaires \u00bb de mani\u00e8re interchangeable dans nos politiques pour d\u00e9signer toutes les technologies que nous pouvons utiliser pour stocker des donn\u00e9es dans votre navigateur ou appareil ou qui collectent des informations ou nous aident \u00e0 vous identifier de la mani\u00e8re d\u00e9crite ci-dessus.<\/p>\n<p class=\"p1\"><b>Votre choix et l\u2019utilisation des fichiers t\u00e9moins, des balises Web et autres technologies similaires<\/b><\/p>\n<p class=\"p1\">Nous proposons des caract\u00e9ristiques de site, des services, des applications et des outils disponibles uniquement par le biais desdites technologies. Vous \u00eates toujours libre de bloquer, supprimer ou d\u00e9sactiver lesdites technologies si votre navigateur, application install\u00e9e ou appareil le permet. Cependant, si vous refusez les fichiers t\u00e9moins ou autres technologies similaires, vous risquez de ne pas profiter de certains services, caract\u00e9ristiques de site, applications ou outils. Vous pouvez \u00e9galement \u00eatre invit\u00e9 \u00e0 saisir votre mot de passe plus fr\u00e9quemment lors d\u2019une session. Pour plus d\u2019informations sur le blocage, la suppression ou la d\u00e9sactivation de ces technologies, consultez les param\u00e8tres de votre navigateur ou appareil.<\/p>\n<p class=\"p1\">Ces technologies permettent g\u00e9n\u00e9ralement \u00e0 nos sites, services, applications et outils de stocker des informations pertinentes dans votre navigateur ou sur votre appareil et de les lire ult\u00e9rieurement afin de vous identifier sur nos serveurs et syst\u00e8mes internes. Le cas \u00e9ch\u00e9ant, nous prot\u00e9geons nos fichiers t\u00e9moins et autres technologies similaires afin que nous soyons \u2013 et\/ou nos prestataires de services autoris\u00e9s \u2013 les seuls \u00e0 pouvoir les interpr\u00e9ter en leur attribuant un identifiant unique, con\u00e7u pour emp\u00eacher leur interpr\u00e9tation par des tiers. Nous n\u2019enregistrons vos informations personnelles sur aucun de nos fichiers t\u00e9moins ni dans aucune de nos autres technologies similaires.<\/p>\n<p class=\"p1\">Toutes les informations personnelles que nous collectons et que nous stockons par le biais de ces technologies font pr\u00e9alablement l\u2019objet d\u2019une notification et d\u2019une autorisation : nous vous signalons clairement l\u2019utilisation des technologies et, dans la mesure d\u00e9crite dans les pr\u00e9sentes, vous donnons l\u2019occasion de les d\u00e9sactiver, comme susmentionn\u00e9.<\/p>\n<p class=\"p1\"><b>Notre utilisation desdites technologies rel\u00e8ve de l\u2019une des cat\u00e9gories g\u00e9n\u00e9rales suivantes :<\/b><\/p>\n<ol class=\"ol1\">\n<li class=\"li2\"><span class=\"s2\">N\u00e9cessaire sur le plan op\u00e9rationnel. Nous pouvons utiliser des fichiers t\u00e9moins, des balises ou d\u2019autres technologies similaires qui sont n\u00e9cessaires au fonctionnement de nos sites, services, applications et outils. Elles incluent des technologies qui vous permettent d\u2019acc\u00e9der \u00e0 nos sites, services, applications et outils, qui doivent identifier tout comportement irr\u00e9gulier sur le site, emp\u00eacher toute activit\u00e9 frauduleuse et am\u00e9liorer la s\u00e9curit\u00e9, ou qui vous permettent d\u2019utiliser nos fonctions telles que des paniers d\u2019achat, des recherches sauvegard\u00e9es ou d\u2019autres fonctions similaires ;<\/span><\/li>\n<li class=\"li2\"><span class=\"s2\">Performance Related. We may use cookies, web beacons, or other similar technologies to assess the performance of our websites, applications, services, and tools, including as part of our analytic practices to help us understand how our visitors use our websites, determine if you have interacted with our messaging, determine whether you have viewed an item or link, or to improve our website content, applications, services, or tools;<\/span><\/li>\n<li class=\"li2\"><span class=\"s2\">En lien \u00e0 la performance. Nous pouvons utiliser des fichiers t\u00e9moins, des balises ou d\u2019autres technologies similaires pour \u00e9valuer les performances de nos sites Internet, applications, services et outils, y compris dans le cadre de nos pratiques d\u2019analyse pour nous aider \u00e0 comprendre comment nos visiteurs utilisent nos sites Internet, \u00e0 d\u00e9terminer si vous avez interagi avec notre messagerie, \u00e0 d\u00e9terminer si vous avez affich\u00e9 un \u00e9l\u00e9ment ou un lien, ou pour am\u00e9liorer le contenu de notre site Internet, nos applications, services ou outils ;<\/span><\/li>\n<li class=\"li2\"><span class=\"s2\">En lien \u00e0 la fonctionnalit\u00e9. Nous pouvons utiliser des fichiers t\u00e9moins, des balises ou d\u2019autres technologies similaires, offrant une fonctionnalit\u00e9 accrue lorsque vous acc\u00e9dez ou utilisez nos sites, services, applications ou outils. Cela peut inclure votre identification lorsque vous vous connectez \u00e0 nos sites o\u00f9 vous gardez la trace de vos pr\u00e9f\u00e9rences, int\u00e9r\u00eats sp\u00e9cifiques ou \u00e9l\u00e9ments pass\u00e9s affich\u00e9s, de sorte que nous puissions am\u00e9liorer la pr\u00e9sentation du contenu de nos sites ;<\/span><\/li>\n<li class=\"li2\"><span class=\"s2\">En lien \u00e0 la publicit\u00e9 ou au ciblage. Nous pouvons utiliser des fichiers t\u00e9moins et des balises internes ou tiers pour fournir du contenu, y compris des publicit\u00e9s en rapport avec vos int\u00e9r\u00eats, sur nos sites ou sur des sites tiers. Cela inclut l\u2019utilisation de technologies pour comprendre l\u2019utilit\u00e9 qui vous est offerte par les publicit\u00e9s et le contenu qui vous ont \u00e9t\u00e9 fournis, comme le fait d\u2019avoir cliqu\u00e9 ou non sur une publicit\u00e9.<\/span><\/li>\n<\/ol>\n<p class=\"p1\">Pour refuser l\u2019utilisation de fichiers t\u00e9moins et balises tiers li\u00e9s \u00e0 la publicit\u00e9, veuillez-vous reporter \u00e0 la section \u00ab r\u00e9seaux publicitaires et \u00e9changes autoris\u00e9s par des tiers \u00bb ci-dessous. Se d\u00e9sinscrire des fichiers t\u00e9moins et des balises Web li\u00e9s \u00e0 la publicit\u00e9 de tiers comme d\u00e9crit ci-dessous ne signifie pas n\u00e9cessairement que vous ne verrez pas notre publicit\u00e9 sur les sites Web de tiers \u2013 seulement que cette publicit\u00e9 ne vous sera pas cibl\u00e9e par l\u2019utilisation de fichiers t\u00e9moins, de balises Web ou de technologies connexes de tiers.<\/p>\n<p class=\"p1\">Si vous souhaitez refuser tous les autres types de technologies que nous utilisons sur nos sites, services, applications ou outils, il vous suffit de les bloquer, supprimer ou d\u00e9sactiver selon les options de votre navigateur ou appareil.<\/p>\n<p class=\"p1\">Pour plus d\u2019informations sur la suppression, la d\u00e9sactivation ou le blocage des fichiers t\u00e9moins, veuillez visiter plus\u00a0<a href=\"https:\/\/www.aboutcookies.org\/\"><span class=\"s3\">\u00ab \u00c0 propos des fichiers t\u00e9moins \u00bb<\/span><\/a>, o\u00f9 vous trouverez les informations sp\u00e9cifiques \u00e0 la majorit\u00e9 des navigateurs Internet.<\/p>\n<p class=\"p1\"><b>Utilisation de ces technologies par des prestataires de services autoris\u00e9s<\/b><\/p>\n<p class=\"p1\">Nous sommes amen\u00e9s \u00e0 travailler avec des soci\u00e9t\u00e9s tierces, g\u00e9n\u00e9ralement appel\u00e9es prestataires de services, qui sont autoris\u00e9es \u00e0 placer des fichiers t\u00e9moins de tiers, balises Web ou technologies similaires de stockage des informations sur nos sites ou dans nos services, applications et outils avec notre autorisation. Ces prestataires nous aident \u00e0 vous offrir une exp\u00e9rience de meilleure qualit\u00e9, plus rapide et plus s\u00e9curis\u00e9e.<\/p>\n<p class=\"p1\">Ils peuvent utiliser ces technologies pour nous aider \u00e0 fournir notre propre contenu et nos publicit\u00e9s, et \u00e0 compiler des mesures et des donn\u00e9es analytiques anonymes sur les sites. Nous n\u2019autorisons aucun de ces fournisseurs de services \u00e0 collecter vos informations personnelles sur nos sites ou dans nos services, applications ou outils \u00e0 leurs propres fins. Ils sont soumis \u00e0 des contrats de confidentialit\u00e9 avec nous et \u00e0 d\u2019autres restrictions l\u00e9gales qui r\u00e9gissent leur utilisation ou leur collecte d\u2019informations personnelles. Les fichiers t\u00e9moins de tiers sont soumis au r\u00e8glement desdits tiers sur le respect de la vie priv\u00e9e.<\/p>\n<p class=\"p1\">\u00c0 l\u2019exception de l\u2019utilisation de ces technologies par nos prestataires de services ou par d\u2019autres tiers autoris\u00e9s, nous n\u2019autorisons pas le contenu tiers sur nos sites (eg. annonces d\u2019objets, communications entre membres, petites annonces, commentaires, \u00e9valuations, etc.) d\u2019inclure ou d\u2019utilise des fichiers t\u00e9moins, des balises Web, un stockage local ou des technologies similaires \u00e0 des fins de suivi ou de collecte de vos informations personnelles. Si vous pensez qu\u2019une annonce ou qu\u2019un contenu de tiers pourrait collecter des informations personnelles ou utiliser des technologies de suivi sur l\u2019un de nos sites, veuillez-nous le signaler au\u00a0<a href=\"mailto:Marketing@fdmgroup.com\"><span class=\"s3\">Marketing@fdmgroup.com<\/span><\/a><\/p>\n<p class=\"p1\"><b>R\u00e9seaux et \u00e9changes publicitaires exploit\u00e9s par des tiers autoris\u00e9s pour la publicit\u00e9 bas\u00e9e sur les int\u00e9r\u00eats<\/b><\/p>\n<p class=\"p1\">Nous pouvons faire appel \u00e0 des tiers, par le biais d\u2019\u00e9changes ou de r\u00e9seaux publicitaires par exemple, pour nous permettre de vous proposer des publicit\u00e9s. Ces r\u00e9seaux publicitaires tiers et fournisseurs d\u2019\u00e9change peuvent utiliser des fichiers t\u00e9moins tiers, des balises Web ou des technologies similaires pour collecter des informations sur votre visite sur notre site et ailleurs sur Internet. Ils peuvent \u00e9galement collecter l\u2019identifiant de votre appareil, votre adresse IP ou votre identificateur de publicit\u00e9 (IDFA). Les informations que ces tiers collectent peuvent \u00eatre utilis\u00e9es pour vous partager des publicit\u00e9s plus pertinentes sur nos sites ou ailleurs sur le Web. Les fichiers t\u00e9moins de tiers sont soumis aux politiques desdits tiers sur le respect de la vie priv\u00e9e.<\/p>\n<p class=\"p1\">Pour plus d\u2019informations sur les fichiers t\u00e9moins publicitaires tiers, la publicit\u00e9 bas\u00e9e sur les centres d\u2019int\u00e9r\u00eat et la fa\u00e7on de refuser cette pratique par les entreprises participant \u00e0 l\u2019autor\u00e9glementation de l\u2019industrie, veuillez visiter le site Web appropri\u00e9 ci-dessous en fonction de votre pays d\u2019origine :<\/p>\n<ul class=\"ul1\">\n<li class=\"li3\"><span class=\"s4\"><a href=\"https:\/\/www.youronlinechoices.eu\/\"><span class=\"s5\">Vos choix en ligne<\/span><\/a><\/span><\/li>\n<li class=\"li3\"><span class=\"s4\"><a href=\"https:\/\/optout.aboutads.info\/?c=2#!\/\"><span class=\"s5\">\u00c0 propos des annonces<\/span><\/a><\/span><\/li>\n<\/ul>\n\t\t\t\t<\/div>\r\n\t\t\t<\/div>\r\n\t\t<\/div>\r\n\t<\/div>\r\n<\/section>\r\n","protected":false},"excerpt":{"rendered":"","protected":false},"author":2,"featured_media":0,"parent":0,"menu_order":0,"comment_status":"closed","ping_status":"closed","template":"","meta":{"_acf_changed":false,"inline_featured_image":false,"footnotes":""},"class_list":["post-61292","page","type-page","status-publish","hentry"],"acf":[],"yoast_head":"<!-- This site is optimized with the Yoast SEO plugin v27.1.1 - https:\/\/yoast.com\/product\/yoast-seo-wordpress\/ -->\n<title>Cookie Policy | FDM Group<\/title>\n<meta name=\"description\" content=\"Cookie Policy | FDM Group\" \/>\n<meta name=\"robots\" content=\"index, follow, max-snippet:-1, max-image-preview:large, max-video-preview:-1\" \/>\n<link rel=\"canonical\" href=\"https:\/\/www.fdmgroup.com\/fr-ca\/cookie-policy\/\" \/>\n<meta property=\"og:locale\" content=\"fr_CA\" \/>\n<meta property=\"og:type\" content=\"article\" \/>\n<meta property=\"og:title\" content=\"Cookie Policy | FDM Group\" \/>\n<meta property=\"og:description\" content=\"Cookie Policy | FDM Group\" \/>\n<meta property=\"og:url\" content=\"https:\/\/www.fdmgroup.com\/fr-ca\/cookie-policy\/\" \/>\n<meta property=\"og:site_name\" content=\"FDM Group\" \/>\n<meta property=\"article:publisher\" content=\"https:\/\/www.facebook.com\/FDMGroup\" \/>\n<meta property=\"article:modified_time\" content=\"2024-11-05T11:22:40+00:00\" \/>\n<meta property=\"og:image\" content=\"https:\/\/www.fdmgroup.com\/wp-content\/uploads\/2024\/09\/FDM_placeholder.png\" \/>\n\t<meta property=\"og:image:width\" content=\"1200\" \/>\n\t<meta property=\"og:image:height\" content=\"675\" \/>\n\t<meta property=\"og:image:type\" content=\"image\/png\" \/>\n<meta name=\"twitter:card\" content=\"summary_large_image\" \/>\n<meta name=\"twitter:site\" content=\"@FDMGroup\" \/>\n<meta name=\"twitter:label1\" content=\"Estimation du temps de lecture\" \/>\n\t<meta name=\"twitter:data1\" content=\"10 minutes\" \/>\n<script type=\"application\/ld+json\" class=\"yoast-schema-graph\">{\"@context\":\"https:\/\/schema.org\",\"@graph\":[{\"@type\":\"WebPage\",\"@id\":\"https:\/\/www.fdmgroup.com\/fr-ca\/cookie-policy\/\",\"url\":\"https:\/\/www.fdmgroup.com\/fr-ca\/cookie-policy\/\",\"name\":\"Cookie Policy | FDM Group\",\"isPartOf\":{\"@id\":\"https:\/\/www.fdmgroup.com\/fr-ca\/#website\"},\"datePublished\":\"2024-03-01T10:38:17+00:00\",\"dateModified\":\"2024-11-05T11:22:40+00:00\",\"description\":\"Cookie Policy | FDM Group\",\"inLanguage\":\"fr-CA\",\"potentialAction\":[{\"@type\":\"ReadAction\",\"target\":[\"https:\/\/www.fdmgroup.com\/fr-ca\/cookie-policy\/\"]}]},{\"@type\":\"WebSite\",\"@id\":\"https:\/\/www.fdmgroup.com\/fr-ca\/#website\",\"url\":\"https:\/\/www.fdmgroup.com\/fr-ca\/\",\"name\":\"FDM Group\",\"description\":\"\",\"publisher\":{\"@id\":\"https:\/\/www.fdmgroup.com\/fr-ca\/#organization\"},\"potentialAction\":[{\"@type\":\"SearchAction\",\"target\":{\"@type\":\"EntryPoint\",\"urlTemplate\":\"https:\/\/www.fdmgroup.com\/fr-ca\/?s={search_term_string}\"},\"query-input\":{\"@type\":\"PropertyValueSpecification\",\"valueRequired\":true,\"valueName\":\"search_term_string\"}}],\"inLanguage\":\"fr-CA\"},{\"@type\":\"Organization\",\"@id\":\"https:\/\/www.fdmgroup.com\/fr-ca\/#organization\",\"name\":\"FDM Group\",\"url\":\"https:\/\/www.fdmgroup.com\/fr-ca\/\",\"logo\":{\"@type\":\"ImageObject\",\"inLanguage\":\"fr-CA\",\"@id\":\"https:\/\/www.fdmgroup.com\/fr-ca\/#\/schema\/logo\/image\/\",\"url\":\"https:\/\/www.fdmgroup.com\/wp-content\/uploads\/2024\/04\/cropped-fdm-logo-green-square-480-3.png\",\"contentUrl\":\"https:\/\/www.fdmgroup.com\/wp-content\/uploads\/2024\/04\/cropped-fdm-logo-green-square-480-3.png\",\"width\":512,\"height\":512,\"caption\":\"FDM Group\"},\"image\":{\"@id\":\"https:\/\/www.fdmgroup.com\/fr-ca\/#\/schema\/logo\/image\/\"},\"sameAs\":[\"https:\/\/www.facebook.com\/FDMGroup\",\"https:\/\/x.com\/FDMGroup\",\"https:\/\/www.instagram.com\/fdm_group\/?hl=en\",\"https:\/\/www.linkedin.com\/company\/fdm-group\/?originalSubdomain=uk\",\"https:\/\/www.tiktok.com\/@fdm_group\"]}]}<\/script>\n<!-- \/ Yoast SEO plugin. -->","yoast_head_json":{"title":"Cookie Policy | FDM Group","description":"Cookie Policy | FDM Group","robots":{"index":"index","follow":"follow","max-snippet":"max-snippet:-1","max-image-preview":"max-image-preview:large","max-video-preview":"max-video-preview:-1"},"canonical":"https:\/\/www.fdmgroup.com\/fr-ca\/cookie-policy\/","og_locale":"fr_CA","og_type":"article","og_title":"Cookie Policy | FDM Group","og_description":"Cookie Policy | FDM Group","og_url":"https:\/\/www.fdmgroup.com\/fr-ca\/cookie-policy\/","og_site_name":"FDM Group","article_publisher":"https:\/\/www.facebook.com\/FDMGroup","article_modified_time":"2024-11-05T11:22:40+00:00","og_image":[{"width":1200,"height":675,"url":"https:\/\/www.fdmgroup.com\/wp-content\/uploads\/2024\/09\/FDM_placeholder.png","type":"image\/png"}],"twitter_card":"summary_large_image","twitter_site":"@FDMGroup","twitter_misc":{"Estimation du temps de lecture":"10 minutes"},"schema":{"@context":"https:\/\/schema.org","@graph":[{"@type":"WebPage","@id":"https:\/\/www.fdmgroup.com\/fr-ca\/cookie-policy\/","url":"https:\/\/www.fdmgroup.com\/fr-ca\/cookie-policy\/","name":"Cookie Policy | FDM Group","isPartOf":{"@id":"https:\/\/www.fdmgroup.com\/fr-ca\/#website"},"datePublished":"2024-03-01T10:38:17+00:00","dateModified":"2024-11-05T11:22:40+00:00","description":"Cookie Policy | FDM Group","inLanguage":"fr-CA","potentialAction":[{"@type":"ReadAction","target":["https:\/\/www.fdmgroup.com\/fr-ca\/cookie-policy\/"]}]},{"@type":"WebSite","@id":"https:\/\/www.fdmgroup.com\/fr-ca\/#website","url":"https:\/\/www.fdmgroup.com\/fr-ca\/","name":"FDM Group","description":"","publisher":{"@id":"https:\/\/www.fdmgroup.com\/fr-ca\/#organization"},"potentialAction":[{"@type":"SearchAction","target":{"@type":"EntryPoint","urlTemplate":"https:\/\/www.fdmgroup.com\/fr-ca\/?s={search_term_string}"},"query-input":{"@type":"PropertyValueSpecification","valueRequired":true,"valueName":"search_term_string"}}],"inLanguage":"fr-CA"},{"@type":"Organization","@id":"https:\/\/www.fdmgroup.com\/fr-ca\/#organization","name":"FDM Group","url":"https:\/\/www.fdmgroup.com\/fr-ca\/","logo":{"@type":"ImageObject","inLanguage":"fr-CA","@id":"https:\/\/www.fdmgroup.com\/fr-ca\/#\/schema\/logo\/image\/","url":"https:\/\/www.fdmgroup.com\/wp-content\/uploads\/2024\/04\/cropped-fdm-logo-green-square-480-3.png","contentUrl":"https:\/\/www.fdmgroup.com\/wp-content\/uploads\/2024\/04\/cropped-fdm-logo-green-square-480-3.png","width":512,"height":512,"caption":"FDM Group"},"image":{"@id":"https:\/\/www.fdmgroup.com\/fr-ca\/#\/schema\/logo\/image\/"},"sameAs":["https:\/\/www.facebook.com\/FDMGroup","https:\/\/x.com\/FDMGroup","https:\/\/www.instagram.com\/fdm_group\/?hl=en","https:\/\/www.linkedin.com\/company\/fdm-group\/?originalSubdomain=uk","https:\/\/www.tiktok.com\/@fdm_group"]}]}},"_links":{"self":[{"href":"https:\/\/www.fdmgroup.com\/fr-ca\/wp-json\/wp\/v2\/pages\/61292","targetHints":{"allow":["GET"]}}],"collection":[{"href":"https:\/\/www.fdmgroup.com\/fr-ca\/wp-json\/wp\/v2\/pages"}],"about":[{"href":"https:\/\/www.fdmgroup.com\/fr-ca\/wp-json\/wp\/v2\/types\/page"}],"author":[{"embeddable":true,"href":"https:\/\/www.fdmgroup.com\/fr-ca\/wp-json\/wp\/v2\/users\/2"}],"replies":[{"embeddable":true,"href":"https:\/\/www.fdmgroup.com\/fr-ca\/wp-json\/wp\/v2\/comments?post=61292"}],"version-history":[{"count":0,"href":"https:\/\/www.fdmgroup.com\/fr-ca\/wp-json\/wp\/v2\/pages\/61292\/revisions"}],"wp:attachment":[{"href":"https:\/\/www.fdmgroup.com\/fr-ca\/wp-json\/wp\/v2\/media?parent=61292"}],"curies":[{"name":"wp","href":"https:\/\/api.w.org\/{rel}","templated":true}]}}