{"id":61298,"date":"2024-02-29T14:37:04","date_gmt":"2024-02-29T14:37:04","guid":{"rendered":"https:\/\/fdm.in-beta7.co.uk\/?page_id=61298"},"modified":"2025-07-02T09:40:56","modified_gmt":"2025-07-02T08:40:56","slug":"contact-us","status":"publish","type":"page","link":"https:\/\/www.fdmgroup.com\/fr-ca\/about-us\/contact-us\/","title":{"rendered":"Contactez-nous"},"content":{"rendered":"\r\n<section class=\"center-text-hero-section dark bubble-left\">\r\n\t<img decoding=\"async\" class=\"pattern\" alt=\"Grid pattern background image\" src=\"https:\/\/www.fdmgroup.com\/wp-content\/themes\/fdm\/assets\/images\/pattern.svg\"\/>\r\n\t<div class=\"container\">\r\n\t\t<div class=\"row\">\r\n\t\t\t<div class=\"col-12 waypoint\">\r\n\t\t\t\t<h1>Contactez-<em>nous<\/em><\/h1>\n\t\t\t<\/div>\r\n\t\t<\/div>\r\n\t<\/div>\r\n<\/section>\r\n\n\n\r\n<section class=\"simple-text-section dark\">\r\n\t<div class=\"container\">\r\n\t\t<div class=\"row\">\r\n\t\t\t<div class=\"col-12 waypoint\">\r\n\t\t\t\t<div class=\"text\">\r\n\t\t\t\t\t<p>Pour toute demande, veuillez s\u00e9lectionner dans la liste ci-dessous l\u2019option la plus pertinente \u00e0 votre requ\u00eate, puis remplissez le formulaire et nous vous r\u00e9pondrons dans les plus brefs d\u00e9lais.<\/p>\n<style>#select-dept{color: #1e1e1e; border: 1px solid #C5FF00; border-radius: 10px; padding: 10px 12px; -webkit-flex-basis: 100%; -ms-flex-preferred-size: 100%; flex-basis: 100%; max-width: 100%; width: 100%; -webkit-box-flex: 1; -webkit-flex-grow: 1; -ms-flex-positive: 1; flex-grow: 1; vertical-align: middle; -webkit-appearance: menulist; -moz-appearance: menulist; appearance: menulist; background: initial; cursor: pointer; text-transform: none;}.form-container, .wp-block-spacer{display: none;}.hbspt-form{background-color: transparent;}.hbspt-form select[name=\"message\"], .hbspt-form textarea{height: 150px !important;}.simple-text-section{max-width: 68rem; background-color: transparent !important; z-index: 10; margin: auto;}.simple-text-section .row{padding-bottom: 0; padding-top: 0;}body{background-color: #1E1E1E;}<\/style>\n\t\t\t\t<\/div>\r\n\t\t\t<\/div>\r\n\t\t<\/div>\r\n\t<\/div>\r\n<\/section>\r\n\n\n\r\n<section class=\"simple-text-section light\">\r\n\t<div class=\"container\">\r\n\t\t<div class=\"row\">\r\n\t\t\t<div class=\"col-12 waypoint\">\r\n\t\t\t\t<div class=\"text\">\r\n\t\t\t\t\t<p><iframe style=\"border: 0;\" src=\"https:\/\/www2.fdmgroup.com\/l\/1090983\/2025-05-09\/49j48l\" width=\"100%\" frameborder=\"0\"><\/iframe><\/p>\n\t\t\t\t<\/div>\r\n\t\t\t<\/div>\r\n\t\t<\/div>\r\n\t<\/div>\r\n<\/section>\r\n\n\n\r\n<section id=\"offices\" class=\"locations-section dark\">\r\n\t<div class=\"container\">\r\n\t\t<div class=\"row\">\r\n\t\t\t<div class=\"col-12 waypoint\">\r\n\t\t\t\t<dl class=\"accordion\">\r\n\t\t\t\t\t\t\t\t\t\t\t\t\t<dt>Europe <i><\/i><\/dt>\r\n\t\t\t\t\t\t\t\t\t\t<dd>\r\n\t\t\t\t\t\t<div class=\"inner\">\r\n\t\t\t\t\t\t\t\t\t\t\t\t\t\t\t\t\t\t\t\t\r\n\t\t\t\t\t\t\t<div class=\"address\">\r\n\t\t\t\t\t\t\t\t<div class=\"inner-inner\">\r\n\t\t\t\t\t\t\t\t\t<h4>London<\/h4>\r\n\t\t\t\t\t\t\t\t\t<address>FDM Group Ltd<br \/>\r\nCottons Centre<br \/>\r\nCottons Lane<br \/>\r\nLondon<br \/>\r\nSE1 2QG<br \/>\r\nUK<\/address>\r\n\t\t\t\t\t\t\t\t<\/div>\r\n\t\t\t\t\t\t\t<\/div>\r\n\t\t\t\t\t\t\t\t\t\t\t\t\t\t\t\t\t\t\t\t\r\n\t\t\t\t\t\t\t<div class=\"address\">\r\n\t\t\t\t\t\t\t\t<div class=\"inner-inner\">\r\n\t\t\t\t\t\t\t\t\t<h4>Leeds<\/h4>\r\n\t\t\t\t\t\t\t\t\t<address>FDM Group Ltd<br \/>\r\n4th Floor<br \/>\r\n34 Boar Lane<br \/>\r\nLeeds<br \/>\r\nLS1 5DA<br \/>\r\nUK<\/address>\r\n\t\t\t\t\t\t\t\t<\/div>\r\n\t\t\t\t\t\t\t<\/div>\r\n\t\t\t\t\t\t\t\t\t\t\t\t\t\t\t\t\t\t\t\t\r\n\t\t\t\t\t\t\t<div class=\"address\">\r\n\t\t\t\t\t\t\t\t<div class=\"inner-inner\">\r\n\t\t\t\t\t\t\t\t\t<h4>Glasgow<\/h4>\r\n\t\t\t\t\t\t\t\t\t<address>FDM Group Ltd<br \/>\r\n140 West George Street<br \/>\r\nGlasgow<br \/>\r\nG2 2HG<br \/>\r\nUK<\/address>\r\n\t\t\t\t\t\t\t\t<\/div>\r\n\t\t\t\t\t\t\t<\/div>\r\n\t\t\t\t\t\t\t\t\t\t\t\t\t\t\t\t\t\t\t\t\r\n\t\t\t\t\t\t\t<div class=\"address\">\r\n\t\t\t\t\t\t\t\t<div class=\"inner-inner\">\r\n\t\t\t\t\t\t\t\t\t<h4>Brighton<\/h4>\r\n\t\t\t\t\t\t\t\t\t<address>FDM Group Ltd<br \/>\r\n3rd Floor, City View<br \/>\r\n103 Stroudley Road<br \/>\r\nBrighton<br \/>\r\nBN1 4DJ<br \/>\r\nUK<\/address>\r\n\t\t\t\t\t\t\t\t<\/div>\r\n\t\t\t\t\t\t\t<\/div>\r\n\t\t\t\t\t\t\t\t\t\t\t\t\t\t\t\t\t\t\t\t\r\n\t\t\t\t\t\t\t<div class=\"address\">\r\n\t\t\t\t\t\t\t\t<div class=\"inner-inner\">\r\n\t\t\t\t\t\t\t\t\t<h4>Frankfurt<\/h4>\r\n\t\t\t\t\t\t\t\t\t<address>FDM Group GmbH<br \/>\r\nMainzer Landstra\u00dfe 41<br \/>\r\n60329 <br \/>\r\nFrankfurt am Main<br \/>\r\nGermany<\/address>\r\n\t\t\t\t\t\t\t\t<\/div>\r\n\t\t\t\t\t\t\t<\/div>\r\n\t\t\t\t\t\t\t\t\t\t\t\t\t\t\t\t\t\t\t\t\r\n\t\t\t\t\t\t\t<div class=\"address\">\r\n\t\t\t\t\t\t\t\t<div class=\"inner-inner\">\r\n\t\t\t\t\t\t\t\t\t<h4>Luxembourg<\/h4>\r\n\t\t\t\t\t\t\t\t\t<address>FDM Luxembourg S.A.<br \/>\r\nOffice No. 17<br \/>\r\n12c Rue Guillaume J. Kroll<br \/>\r\nL-1882<br \/>\r\nLuxembourg<\/address>\r\n\t\t\t\t\t\t\t\t<\/div>\r\n\t\t\t\t\t\t\t<\/div>\r\n\t\t\t\t\t\t\t\t\t\t\t\t\t\t\t\t\t\t\t\t\r\n\t\t\t\t\t\t\t<div class=\"address\">\r\n\t\t\t\t\t\t\t\t<div class=\"inner-inner\">\r\n\t\t\t\t\t\t\t\t\t<h4>The Netherlands<\/h4>\r\n\t\t\t\t\t\t\t\t\t<address>Rue du Brillant 86<br \/>\r\nInternal Postal Box 23<br \/>\r\n1170 Watermael-Boitsfort<br \/>\r\nThe Netherlands<\/address>\r\n\t\t\t\t\t\t\t\t<\/div>\r\n\t\t\t\t\t\t\t<\/div>\r\n\t\t\t\t\t\t\t\t\t\t\t\t\t\t\t\t\t\t\t\t\r\n\t\t\t\t\t\t\t<div class=\"address\">\r\n\t\t\t\t\t\t\t\t<div class=\"inner-inner\">\r\n\t\t\t\t\t\t\t\t\t<h4>Dublin<\/h4>\r\n\t\t\t\t\t\t\t\t\t<address>FDM Astra Ireland Ltd<br \/>\r\n25-28 North Wall Quay<br \/>\r\nDublin 1<br \/>\r\nD01 H104<br \/>\r\nRepublic of Ireland<\/address>\r\n\t\t\t\t\t\t\t\t<\/div>\r\n\t\t\t\t\t\t\t<\/div>\r\n\t\t\t\t\t\t\t\t\t\t\t\t\t\t\t\t\t\t\t\t\r\n\t\t\t\t\t\t\t<div class=\"address\">\r\n\t\t\t\t\t\t\t\t<div class=\"inner-inner\">\r\n\t\t\t\t\t\t\t\t\t<h4>Limerick<\/h4>\r\n\t\t\t\t\t\t\t\t\t<address>FDM Astra Ireland Ltd<br \/>\r\nOffice 204, The Gallery<br \/>\r\nThe Old Savoy Complex<br \/>\r\n13 Bedford Row<br \/>\r\nLimerick V94 VY47<br \/>\r\nRepublic of Ireland<\/address>\r\n\t\t\t\t\t\t\t\t<\/div>\r\n\t\t\t\t\t\t\t<\/div>\r\n\t\t\t\t\t\t\t\t\t\t\t\t\t\t\t\t\t\t\t\t\r\n\t\t\t\t\t\t\t<div class=\"address\">\r\n\t\t\t\t\t\t\t\t<div class=\"inner-inner\">\r\n\t\t\t\t\t\t\t\t\t<h4>Switzerland<\/h4>\r\n\t\t\t\t\t\t\t\t\t<address>FDM Switzerland GmbH<br \/>\r\nLavaterstra\u03b2e 40<br \/>\r\nCH-8002 Z\u03cbrich<br \/>\r\nSwitzerland<\/address>\r\n\t\t\t\t\t\t\t\t<\/div>\r\n\t\t\t\t\t\t\t<\/div>\r\n\t\t\t\t\t\t\t\t\t\t\t\t\t\t\t\t\t\t\t\t\r\n\t\t\t\t\t\t\t<div class=\"address\">\r\n\t\t\t\t\t\t\t\t<div class=\"inner-inner\">\r\n\t\t\t\t\t\t\t\t\t<h4>Krak\u00f3w<\/h4>\r\n\t\t\t\t\t\t\t\t\t<address>FDM Grupa Polska Sp. z o.o.<br \/>\r\nUl. Aleja Pokoju 18<br \/>\r\n31-564 Krak\u00f3w<br \/>\r\nPoland<\/address>\r\n\t\t\t\t\t\t\t\t<\/div>\r\n\t\t\t\t\t\t\t<\/div>\r\n\t\t\t\t\t\t\t\t\t\t\t\t<\/div>\r\n\t\t\t\t\t<\/dd>\r\n\t\t\t\t\t\t\t\t\t\t\t\t\t\t\t\t\t\t<dt>North America <i><\/i><\/dt>\r\n\t\t\t\t\t\t\t\t\t\t<dd>\r\n\t\t\t\t\t\t<div class=\"inner\">\r\n\t\t\t\t\t\t\t\t\t\t\t\t\t\t\t\t\t\t\t\t\r\n\t\t\t\t\t\t\t<div class=\"address\">\r\n\t\t\t\t\t\t\t\t<div class=\"inner-inner\">\r\n\t\t\t\t\t\t\t\t\t<h4>Austin<\/h4>\r\n\t\t\t\t\t\t\t\t\t<address>FDM Group Inc<br \/>\r\n3rd Floor, 11801 Domain Blvd<br \/>\r\nAustin<br \/>\r\nTX 78758<br \/>\r\nUSA<\/address>\r\n\t\t\t\t\t\t\t\t<\/div>\r\n\t\t\t\t\t\t\t<\/div>\r\n\t\t\t\t\t\t\t\t\t\t\t\t\t\t\t\t\t\t\t\t\r\n\t\t\t\t\t\t\t<div class=\"address\">\r\n\t\t\t\t\t\t\t\t<div class=\"inner-inner\">\r\n\t\t\t\t\t\t\t\t\t<h4>Charlotte<\/h4>\r\n\t\t\t\t\t\t\t\t\t<address>FDM Group Inc<br \/>\r\n1422 S Tryon St, Suite 300<br \/>\r\nCharlotte<br \/>\r\nNC 28203<br \/>\r\nUSA<\/address>\r\n\t\t\t\t\t\t\t\t<\/div>\r\n\t\t\t\t\t\t\t<\/div>\r\n\t\t\t\t\t\t\t\t\t\t\t\t\t\t\t\t\t\t\t\t\r\n\t\t\t\t\t\t\t<div class=\"address\">\r\n\t\t\t\t\t\t\t\t<div class=\"inner-inner\">\r\n\t\t\t\t\t\t\t\t\t<h4>New York<\/h4>\r\n\t\t\t\t\t\t\t\t\t<address>FDM Group Inc<br \/>\r\n199 Water Street, Suite 34-105<br \/>\r\nNew York<br \/>\r\nNY 10038<br \/>\r\nUSA<\/address>\r\n\t\t\t\t\t\t\t\t<\/div>\r\n\t\t\t\t\t\t\t<\/div>\r\n\t\t\t\t\t\t\t\t\t\t\t\t\t\t\t\t\t\t\t\t\r\n\t\t\t\t\t\t\t<div class=\"address\">\r\n\t\t\t\t\t\t\t\t<div class=\"inner-inner\">\r\n\t\t\t\t\t\t\t\t\t<h4>St Petersburg<\/h4>\r\n\t\t\t\t\t\t\t\t\t<address>FDM Group Inc<br \/>\r\n200 Central Ave, Office 423<br \/>\r\nSt Petersburg, FL 33701<br \/>\r\nUSA<\/address>\r\n\t\t\t\t\t\t\t\t<\/div>\r\n\t\t\t\t\t\t\t<\/div>\r\n\t\t\t\t\t\t\t\t\t\t\t\t\t\t\t\t\t\t\t\t\r\n\t\t\t\t\t\t\t<div class=\"address\">\r\n\t\t\t\t\t\t\t\t<div class=\"inner-inner\">\r\n\t\t\t\t\t\t\t\t\t<h4>Toronto<\/h4>\r\n\t\t\t\t\t\t\t\t\t<address>FDM Group Canada Inc<br \/>\r\n130 Adelaide St West, Suite 2100<br \/>\r\nToronto<br \/>\r\nON M5H 3P5<br \/>\r\nCanada<\/address>\r\n\t\t\t\t\t\t\t\t<\/div>\r\n\t\t\t\t\t\t\t<\/div>\r\n\t\t\t\t\t\t\t\t\t\t\t\t\t\t\t\t\t\t\t\t\r\n\t\t\t\t\t\t\t<div class=\"address\">\r\n\t\t\t\t\t\t\t\t<div class=\"inner-inner\">\r\n\t\t\t\t\t\t\t\t\t<h4>Montreal<\/h4>\r\n\t\t\t\t\t\t\t\t\t<address>FDM Group Canada Inc<br \/>\r\nOffice 04-121<br \/>\r\n1275 Avenue des Canadiens-de-Montr\u00e9al<br \/>\r\nMontreal<br \/>\r\nQuebec H3B 0G4<br \/>\r\nCanada<\/address>\r\n\t\t\t\t\t\t\t\t<\/div>\r\n\t\t\t\t\t\t\t<\/div>\r\n\t\t\t\t\t\t\t\t\t\t\t\t<\/div>\r\n\t\t\t\t\t<\/dd>\r\n\t\t\t\t\t\t\t\t\t\t\t\t\t\t\t\t\t\t<dt>Asia <i><\/i><\/dt>\r\n\t\t\t\t\t\t\t\t\t\t<dd>\r\n\t\t\t\t\t\t<div class=\"inner\">\r\n\t\t\t\t\t\t\t\t\t\t\t\t\t\t\t\t\t\t\t\t\r\n\t\t\t\t\t\t\t<div class=\"address\">\r\n\t\t\t\t\t\t\t\t<div class=\"inner-inner\">\r\n\t\t\t\t\t\t\t\t\t<h4>Shanghai<\/h4>\r\n\t\t\t\t\t\t\t\t\t<address>FDM Technology (Shanghai) Co., Ltd<br \/>\r\nC31, 22\/F, Jing\u2019an Kerry Centre Tower 3.<br \/>\r\nNo. 1218, Yan An Middle Road, Jing\u2019an<br \/>\r\nShanghai, 2000040<br \/>\r\nChina<\/address>\r\n\t\t\t\t\t\t\t\t<\/div>\r\n\t\t\t\t\t\t\t<\/div>\r\n\t\t\t\t\t\t\t\t\t\t\t\t\t\t\t\t\t\t\t\t\r\n\t\t\t\t\t\t\t<div class=\"address\">\r\n\t\t\t\t\t\t\t\t<div class=\"inner-inner\">\r\n\t\t\t\t\t\t\t\t\t<h4>Hong Kong<\/h4>\r\n\t\t\t\t\t\t\t\t\t<address>FDM Group HK Ltd<br \/>\r\n2002-4, 20\/F, Fairmont House<br \/>\r\n8 Cotton Tree Drive<br \/>\r\nAdmiralty<br \/>\r\nHong Kong<\/address>\r\n\t\t\t\t\t\t\t\t<\/div>\r\n\t\t\t\t\t\t\t<\/div>\r\n\t\t\t\t\t\t\t\t\t\t\t\t\t\t\t\t\t\t\t\t\r\n\t\t\t\t\t\t\t<div class=\"address\">\r\n\t\t\t\t\t\t\t\t<div class=\"inner-inner\">\r\n\t\t\t\t\t\t\t\t\t<h4>Singapore<\/h4>\r\n\t\t\t\t\t\t\t\t\t<address>FDM Singapore Consulting PTE Ltd<br \/>\r\nSouth Beach Tower #26-11<br \/>\r\n38 Beach Road<br \/>\r\nSingapore 189767<\/address>\r\n\t\t\t\t\t\t\t\t<\/div>\r\n\t\t\t\t\t\t\t<\/div>\r\n\t\t\t\t\t\t\t\t\t\t\t\t\t\t\t\t\t\t\t\t\r\n\t\t\t\t\t\t\t<div class=\"address\">\r\n\t\t\t\t\t\t\t\t<div class=\"inner-inner\">\r\n\t\t\t\t\t\t\t\t\t<h4>Malaysia<\/h4>\r\n\t\t\t\t\t\t\t\t\t<address>FDM Malaysia Consulting SDN. BHD.<br \/>\r\nUnit C-12-4, Level 12, Block C Megan Avenue II<br \/>\r\n12, Jalan Yap Kwan Seng<br \/>\r\n50450 Kuala Lumpur<br \/>\r\nW.P. Kuala Lumpur<br \/>\r\nMalaysia<\/address>\r\n\t\t\t\t\t\t\t\t<\/div>\r\n\t\t\t\t\t\t\t<\/div>\r\n\t\t\t\t\t\t\t\t\t\t\t\t<\/div>\r\n\t\t\t\t\t<\/dd>\r\n\t\t\t\t\t\t\t\t\t\t\t\t\t\t\t\t\t\t<dt>Australasia <i><\/i><\/dt>\r\n\t\t\t\t\t\t\t\t\t\t<dd>\r\n\t\t\t\t\t\t<div class=\"inner\">\r\n\t\t\t\t\t\t\t\t\t\t\t\t\t\t\t\t\t\t\t\t\r\n\t\t\t\t\t\t\t<div class=\"address\">\r\n\t\t\t\t\t\t\t\t<div class=\"inner-inner\">\r\n\t\t\t\t\t\t\t\t\t<h4>Sydney<\/h4>\r\n\t\t\t\t\t\t\t\t\t<address>FDM Group Australia PTY LTD<br \/>\r\nLevel 21, Tower Three<br \/>\r\nInternational Towers<br \/>\r\n300 Barangaroo Avenue<br \/>\r\nSydney 2000<br \/>\r\nNSW<br \/>\r\nAustralia<\/address>\r\n\t\t\t\t\t\t\t\t<\/div>\r\n\t\t\t\t\t\t\t<\/div>\r\n\t\t\t\t\t\t\t\t\t\t\t\t\t\t\t\t\t\t\t\t\r\n\t\t\t\t\t\t\t<div class=\"address\">\r\n\t\t\t\t\t\t\t\t<div class=\"inner-inner\">\r\n\t\t\t\t\t\t\t\t\t<h4>Melbourne<\/h4>\r\n\t\t\t\t\t\t\t\t\t<address>FDM Group Australia PTY LTD<br \/>\r\nLevel 2, Two Melbourne Quarter<br \/>\r\n697 Collins Street<br \/>\r\nDocklands <br \/>\r\nVictoria 3008<br \/>\r\nAustralia<\/address>\r\n\t\t\t\t\t\t\t\t<\/div>\r\n\t\t\t\t\t\t\t<\/div>\r\n\t\t\t\t\t\t\t\t\t\t\t\t\t\t\t\t\t\t\t\t\r\n\t\t\t\t\t\t\t<div class=\"address\">\r\n\t\t\t\t\t\t\t\t<div class=\"inner-inner\">\r\n\t\t\t\t\t\t\t\t\t<h4>Auckland<\/h4>\r\n\t\t\t\t\t\t\t\t\t<address>FDM Group New Zealand Ltd<br \/>\r\nGrant Thronton New Zealand Ltd, <br \/>\r\nLevel 4, 152 Franshawe Street<br \/>\r\nAuckland 1010<br \/>\r\nNew Zealand<\/address>\r\n\t\t\t\t\t\t\t\t<\/div>\r\n\t\t\t\t\t\t\t<\/div>\r\n\t\t\t\t\t\t\t\t\t\t\t\t<\/div>\r\n\t\t\t\t\t<\/dd>\r\n\t\t\t\t\t\t\t\t\t\t\t\t\t\t\t\t\t\t<dt>Africa <i><\/i><\/dt>\r\n\t\t\t\t\t\t\t\t\t\t<dd>\r\n\t\t\t\t\t\t<div class=\"inner\">\r\n\t\t\t\t\t\t\t\t\t\t\t\t\t\t\t\t\t\t\t\t\r\n\t\t\t\t\t\t\t<div class=\"address\">\r\n\t\t\t\t\t\t\t\t<div class=\"inner-inner\">\r\n\t\t\t\t\t\t\t\t\t<h4>South Africa<\/h4>\r\n\t\t\t\t\t\t\t\t\t<address>FDM South Africa Proprietary Ltd<br \/>\r\n9 Kinross Street<br \/>\r\nGermiston South<br \/>\r\n1401 South Africa<\/address>\r\n\t\t\t\t\t\t\t\t<\/div>\r\n\t\t\t\t\t\t\t<\/div>\r\n\t\t\t\t\t\t\t\t\t\t\t\t<\/div>\r\n\t\t\t\t\t<\/dd>\r\n\t\t\t\t\t\t\t\t\t\t\t\t\t<\/dl>\r\n\t\t\t<\/div>\r\n\t\t<\/div>\r\n\t<\/div>\r\n<\/section>\r\n\n\n\r\n<section class=\"marquee-section dark\">\r\n<div class=\"waypoint\">\r\n\t<div class=\"marquee-slide swiper no-gap\">\r\n\t\t<div class=\"swiper-wrapper\">\r\n\t\t\t<div class=\"swiper-slide\">\r\n\t\t\t\t<div class=\"inner\">\r\n\t\t\t\t\tPowering the people behind tech and innovation.  \t\t\t\t<\/div>\r\n\t\t\t<\/div>\r\n<!--\r\n\t\t\t<div class=\"swiper-slide\">\r\n\t\t\t\t<div class=\"inner\">\r\n\t\t\t\t\tPowering the people behind tech and innovation.  \t\t\t\t<\/div>\r\n\t\t\t<\/div>\r\n\r\n\t\t\t<div class=\"swiper-slide\">\r\n\t\t\t\t<div class=\"inner\">\r\n\t\t\t\t\tPowering the people behind tech and innovation.  \t\t\t\t<\/div>\r\n\t\t\t<\/div>\r\n\r\n\t\t\t<div class=\"swiper-slide\">\r\n\t\t\t\t<div class=\"inner\">\r\n\t\t\t\t\tPowering the people behind tech and innovation.  \t\t\t\t<\/div>\r\n\t\t\t<\/div>\r\n\r\n\t\t\t<div class=\"swiper-slide\">\r\n\t\t\t\t<div class=\"inner\">\r\n\t\t\t\t\tPowering the people behind tech and innovation.  \t\t\t\t<\/div>\r\n\t\t\t<\/div>\r\n\r\n\t\t\t<div class=\"swiper-slide\">\r\n\t\t\t\t<div class=\"inner\">\r\n\t\t\t\t\tPowering the people behind tech and innovation.  \t\t\t\t<\/div>\r\n\t\t\t<\/div>\r\n\r\n\t\t\t<div class=\"swiper-slide\">\r\n\t\t\t\t<div class=\"inner\">\r\n\t\t\t\t\tPowering the people behind tech and innovation.  \t\t\t\t<\/div>\r\n\t\t\t<\/div>\r\n\r\n\t\t\t<div class=\"swiper-slide\">\r\n\t\t\t\t<div class=\"inner\">\r\n\t\t\t\t\tPowering the people behind tech and innovation.  \t\t\t\t<\/div>\r\n\t\t\t<\/div>\r\n\r\n\t\t\t<div class=\"swiper-slide\">\r\n\t\t\t\t<div class=\"inner\">\r\n\t\t\t\t\tPowering the people behind tech and innovation.  \t\t\t\t<\/div>\r\n\t\t\t<\/div>\r\n\r\n\t\t\t<div class=\"swiper-slide\">\r\n\t\t\t\t<div class=\"inner\">\r\n\t\t\t\t\tPowering the people behind tech and innovation.  \t\t\t\t<\/div>\r\n\t\t\t<\/div>\r\n-->\r\n\t\t<\/div>\r\n\t<\/div>\r\n<\/div>\r\n\r\n<\/section>","protected":false},"excerpt":{"rendered":"","protected":false},"author":2,"featured_media":0,"parent":61296,"menu_order":0,"comment_status":"closed","ping_status":"closed","template":"","meta":{"_acf_changed":false,"inline_featured_image":false,"footnotes":""},"class_list":["post-61298","page","type-page","status-publish","hentry"],"acf":[],"yoast_head":"<!-- This site is optimized with the Yoast SEO plugin v27.1.1 - https:\/\/yoast.com\/product\/yoast-seo-wordpress\/ -->\n<title>Contactez-nous | FDM Group<\/title>\n<meta name=\"description\" content=\"Contactez-nous | FDM Group\" \/>\n<meta name=\"robots\" content=\"index, follow, max-snippet:-1, max-image-preview:large, max-video-preview:-1\" \/>\n<link rel=\"canonical\" href=\"https:\/\/www.fdmgroup.com\/fr-ca\/about-us\/contact-us\/\" \/>\n<meta property=\"og:locale\" content=\"fr_CA\" \/>\n<meta property=\"og:type\" content=\"article\" \/>\n<meta property=\"og:title\" content=\"Contactez-nous | FDM Group\" \/>\n<meta property=\"og:description\" content=\"Contactez-nous | FDM Group\" \/>\n<meta property=\"og:url\" content=\"https:\/\/www.fdmgroup.com\/fr-ca\/about-us\/contact-us\/\" \/>\n<meta property=\"og:site_name\" content=\"FDM Group\" \/>\n<meta property=\"article:publisher\" content=\"https:\/\/www.facebook.com\/FDMGroup\" \/>\n<meta property=\"article:modified_time\" content=\"2025-07-02T08:40:56+00:00\" \/>\n<meta property=\"og:image\" content=\"https:\/\/www.fdmgroup.com\/wp-content\/uploads\/2024\/09\/FDM_placeholder.png\" \/>\n\t<meta property=\"og:image:width\" content=\"1200\" \/>\n\t<meta property=\"og:image:height\" content=\"675\" \/>\n\t<meta property=\"og:image:type\" content=\"image\/png\" \/>\n<meta name=\"twitter:card\" content=\"summary_large_image\" \/>\n<meta name=\"twitter:site\" content=\"@FDMGroup\" \/>\n<meta name=\"twitter:label1\" content=\"Estimation du temps de lecture\" \/>\n\t<meta name=\"twitter:data1\" content=\"2 minutes\" \/>\n<script type=\"application\/ld+json\" class=\"yoast-schema-graph\">{\"@context\":\"https:\/\/schema.org\",\"@graph\":[{\"@type\":\"WebPage\",\"@id\":\"https:\/\/www.fdmgroup.com\/fr-ca\/about-us\/contact-us\/\",\"url\":\"https:\/\/www.fdmgroup.com\/fr-ca\/about-us\/contact-us\/\",\"name\":\"Contactez-nous | FDM Group\",\"isPartOf\":{\"@id\":\"https:\/\/www.fdmgroup.com\/fr-ca\/#website\"},\"datePublished\":\"2024-02-29T14:37:04+00:00\",\"dateModified\":\"2025-07-02T08:40:56+00:00\",\"description\":\"Contactez-nous | FDM Group\",\"breadcrumb\":{\"@id\":\"https:\/\/www.fdmgroup.com\/fr-ca\/about-us\/contact-us\/#breadcrumb\"},\"inLanguage\":\"fr-CA\",\"potentialAction\":[{\"@type\":\"ReadAction\",\"target\":[\"https:\/\/www.fdmgroup.com\/fr-ca\/about-us\/contact-us\/\"]}]},{\"@type\":\"BreadcrumbList\",\"@id\":\"https:\/\/www.fdmgroup.com\/fr-ca\/about-us\/contact-us\/#breadcrumb\",\"itemListElement\":[{\"@type\":\"ListItem\",\"position\":1,\"name\":\"About Us\",\"item\":\"https:\/\/www.fdmgroup.com\/fr-ca\/about-us\/\"},{\"@type\":\"ListItem\",\"position\":2,\"name\":\"Contactez-nous\"}]},{\"@type\":\"WebSite\",\"@id\":\"https:\/\/www.fdmgroup.com\/fr-ca\/#website\",\"url\":\"https:\/\/www.fdmgroup.com\/fr-ca\/\",\"name\":\"FDM Group\",\"description\":\"\",\"publisher\":{\"@id\":\"https:\/\/www.fdmgroup.com\/fr-ca\/#organization\"},\"potentialAction\":[{\"@type\":\"SearchAction\",\"target\":{\"@type\":\"EntryPoint\",\"urlTemplate\":\"https:\/\/www.fdmgroup.com\/fr-ca\/?s={search_term_string}\"},\"query-input\":{\"@type\":\"PropertyValueSpecification\",\"valueRequired\":true,\"valueName\":\"search_term_string\"}}],\"inLanguage\":\"fr-CA\"},{\"@type\":\"Organization\",\"@id\":\"https:\/\/www.fdmgroup.com\/fr-ca\/#organization\",\"name\":\"FDM Group\",\"url\":\"https:\/\/www.fdmgroup.com\/fr-ca\/\",\"logo\":{\"@type\":\"ImageObject\",\"inLanguage\":\"fr-CA\",\"@id\":\"https:\/\/www.fdmgroup.com\/fr-ca\/#\/schema\/logo\/image\/\",\"url\":\"https:\/\/www.fdmgroup.com\/wp-content\/uploads\/2024\/04\/cropped-fdm-logo-green-square-480-3.png\",\"contentUrl\":\"https:\/\/www.fdmgroup.com\/wp-content\/uploads\/2024\/04\/cropped-fdm-logo-green-square-480-3.png\",\"width\":512,\"height\":512,\"caption\":\"FDM Group\"},\"image\":{\"@id\":\"https:\/\/www.fdmgroup.com\/fr-ca\/#\/schema\/logo\/image\/\"},\"sameAs\":[\"https:\/\/www.facebook.com\/FDMGroup\",\"https:\/\/x.com\/FDMGroup\",\"https:\/\/www.instagram.com\/fdm_group\/?hl=en\",\"https:\/\/www.linkedin.com\/company\/fdm-group\/?originalSubdomain=uk\",\"https:\/\/www.tiktok.com\/@fdm_group\"]}]}<\/script>\n<!-- \/ Yoast SEO plugin. -->","yoast_head_json":{"title":"Contactez-nous | FDM Group","description":"Contactez-nous | FDM Group","robots":{"index":"index","follow":"follow","max-snippet":"max-snippet:-1","max-image-preview":"max-image-preview:large","max-video-preview":"max-video-preview:-1"},"canonical":"https:\/\/www.fdmgroup.com\/fr-ca\/about-us\/contact-us\/","og_locale":"fr_CA","og_type":"article","og_title":"Contactez-nous | FDM Group","og_description":"Contactez-nous | FDM Group","og_url":"https:\/\/www.fdmgroup.com\/fr-ca\/about-us\/contact-us\/","og_site_name":"FDM Group","article_publisher":"https:\/\/www.facebook.com\/FDMGroup","article_modified_time":"2025-07-02T08:40:56+00:00","og_image":[{"width":1200,"height":675,"url":"https:\/\/www.fdmgroup.com\/wp-content\/uploads\/2024\/09\/FDM_placeholder.png","type":"image\/png"}],"twitter_card":"summary_large_image","twitter_site":"@FDMGroup","twitter_misc":{"Estimation du temps de lecture":"2 minutes"},"schema":{"@context":"https:\/\/schema.org","@graph":[{"@type":"WebPage","@id":"https:\/\/www.fdmgroup.com\/fr-ca\/about-us\/contact-us\/","url":"https:\/\/www.fdmgroup.com\/fr-ca\/about-us\/contact-us\/","name":"Contactez-nous | FDM Group","isPartOf":{"@id":"https:\/\/www.fdmgroup.com\/fr-ca\/#website"},"datePublished":"2024-02-29T14:37:04+00:00","dateModified":"2025-07-02T08:40:56+00:00","description":"Contactez-nous | FDM Group","breadcrumb":{"@id":"https:\/\/www.fdmgroup.com\/fr-ca\/about-us\/contact-us\/#breadcrumb"},"inLanguage":"fr-CA","potentialAction":[{"@type":"ReadAction","target":["https:\/\/www.fdmgroup.com\/fr-ca\/about-us\/contact-us\/"]}]},{"@type":"BreadcrumbList","@id":"https:\/\/www.fdmgroup.com\/fr-ca\/about-us\/contact-us\/#breadcrumb","itemListElement":[{"@type":"ListItem","position":1,"name":"About Us","item":"https:\/\/www.fdmgroup.com\/fr-ca\/about-us\/"},{"@type":"ListItem","position":2,"name":"Contactez-nous"}]},{"@type":"WebSite","@id":"https:\/\/www.fdmgroup.com\/fr-ca\/#website","url":"https:\/\/www.fdmgroup.com\/fr-ca\/","name":"FDM Group","description":"","publisher":{"@id":"https:\/\/www.fdmgroup.com\/fr-ca\/#organization"},"potentialAction":[{"@type":"SearchAction","target":{"@type":"EntryPoint","urlTemplate":"https:\/\/www.fdmgroup.com\/fr-ca\/?s={search_term_string}"},"query-input":{"@type":"PropertyValueSpecification","valueRequired":true,"valueName":"search_term_string"}}],"inLanguage":"fr-CA"},{"@type":"Organization","@id":"https:\/\/www.fdmgroup.com\/fr-ca\/#organization","name":"FDM Group","url":"https:\/\/www.fdmgroup.com\/fr-ca\/","logo":{"@type":"ImageObject","inLanguage":"fr-CA","@id":"https:\/\/www.fdmgroup.com\/fr-ca\/#\/schema\/logo\/image\/","url":"https:\/\/www.fdmgroup.com\/wp-content\/uploads\/2024\/04\/cropped-fdm-logo-green-square-480-3.png","contentUrl":"https:\/\/www.fdmgroup.com\/wp-content\/uploads\/2024\/04\/cropped-fdm-logo-green-square-480-3.png","width":512,"height":512,"caption":"FDM Group"},"image":{"@id":"https:\/\/www.fdmgroup.com\/fr-ca\/#\/schema\/logo\/image\/"},"sameAs":["https:\/\/www.facebook.com\/FDMGroup","https:\/\/x.com\/FDMGroup","https:\/\/www.instagram.com\/fdm_group\/?hl=en","https:\/\/www.linkedin.com\/company\/fdm-group\/?originalSubdomain=uk","https:\/\/www.tiktok.com\/@fdm_group"]}]}},"_links":{"self":[{"href":"https:\/\/www.fdmgroup.com\/fr-ca\/wp-json\/wp\/v2\/pages\/61298","targetHints":{"allow":["GET"]}}],"collection":[{"href":"https:\/\/www.fdmgroup.com\/fr-ca\/wp-json\/wp\/v2\/pages"}],"about":[{"href":"https:\/\/www.fdmgroup.com\/fr-ca\/wp-json\/wp\/v2\/types\/page"}],"author":[{"embeddable":true,"href":"https:\/\/www.fdmgroup.com\/fr-ca\/wp-json\/wp\/v2\/users\/2"}],"replies":[{"embeddable":true,"href":"https:\/\/www.fdmgroup.com\/fr-ca\/wp-json\/wp\/v2\/comments?post=61298"}],"version-history":[{"count":0,"href":"https:\/\/www.fdmgroup.com\/fr-ca\/wp-json\/wp\/v2\/pages\/61298\/revisions"}],"up":[{"embeddable":true,"href":"https:\/\/www.fdmgroup.com\/fr-ca\/wp-json\/wp\/v2\/pages\/61296"}],"wp:attachment":[{"href":"https:\/\/www.fdmgroup.com\/fr-ca\/wp-json\/wp\/v2\/media?parent=61298"}],"curies":[{"name":"wp","href":"https:\/\/api.w.org\/{rel}","templated":true}]}}