{"id":61305,"date":"2024-02-27T09:00:28","date_gmt":"2024-02-27T09:00:28","guid":{"rendered":"https:\/\/fdm.in-beta7.co.uk\/?page_id=61305"},"modified":"2024-05-07T12:19:19","modified_gmt":"2024-05-07T11:19:19","slug":"practices","status":"publish","type":"page","link":"https:\/\/www.fdmgroup.com\/fr-ca\/businesses\/practices\/","title":{"rendered":"Practices"},"content":{"rendered":"\r\n<section class=\"hero-section light-menu full-bg\" fetchpriority=\"high\" style=\"background-image:url(https:\/\/www.fdmgroup.com\/wp-content\/uploads\/2024\/02\/h3-scaled-2160x1289.jpg);\">\r\n\t<div class=\"container\">\r\n\t\t<div class=\"row\">\r\n\r\n\t\t\t\r\n\t\t\t<div class=\"col-12\">\r\n\t\t\t\t\t\t\t<div class=\"top\">\r\n\t\t\t\t\t<h1 class=\"p1\">Nos Pratiques<\/h1>\n\t\t\t\t<\/div>\r\n\t\t\t\r\n\t\t\t\t\t\t<\/div>\r\n\t\t\t\r\n\r\n\t\t<\/div>\r\n\t<\/div>\r\n<\/section>\n\n\r\n<section class=\"text-with-image-section medium-light right\">\r\n\t<div class=\"container\">\r\n\t\t<div class=\"row\">\r\n\r\n\t\t\t<div class=\"col-12 col-md-6 img-side waypoint\">\r\n\t\t\t\t\t\t\t\t<img width=\"771\" height=\"791\" data-done=\"false\" data-img=\"https:\/\/www.fdmgroup.com\/wp-content\/uploads\/2024\/03\/iStock-639359406-scaled-e1710938898122-771x791.jpg\" alt=\"Students studying in college library\">\r\n\t\t\t\t\t\t\t<\/div>\r\n\r\n\t\t\t<div class=\"col-12 col-md-6 text-side waypoint\">\r\n\t\t\t\t<div class=\"text\">\r\n\t\t\t\t\t<h2 class=\"p1\">Dynamiser les personnes \u00e0 l\u2019origine de la technologie et l\u2019innovation<\/h2>\n<p class=\"p1\">Et si on vous disait que vous pourriez trouver les bons employ\u00e9s \u00e0 tous les coups, avec l&rsquo;expertise que vous recherchez, exactement au moment opportun. B\u00e2tissez une \u00e9quipe agile aux talents multiples, qui permettra \u00e0 votre organisation de garder une longueur d&rsquo;avance.<\/p>\n<p class=\"p1\">L\u2019\u00e9volution rapide de la technologie et des \u00e9cosyst\u00e8mes commerciaux n\u00e9cessite une innovation et une transformation constantes. Nous formons et propulsons les personnes dont vous avez besoin dans le paysage technologique, commercial, num\u00e9rique, des donn\u00e9es et r\u00e8glementaire.<\/p>\n\r\n\t\t\t\t\t\t\t\t\t\t\t\t\t\t\t<div class=\"btn-con\">\r\n\t\t\t\t\t\t<a class=\"btn\" href=\"\/fr-ca\/about-us\/contact-us\/\" target=\"_self\">En savoir plus<\/a>\r\n\t\t\t\t\t<\/div>\r\n\t\t\t\t\t\t\t\t\t<\/div>\r\n\t\t\t<\/div>\r\n\r\n\t\t<\/div>\r\n\t<\/div>\r\n<\/section>\r\n\n\n\r\n<section class=\"block-section light\">\r\n\t<div class=\"container\">\r\n\t\t<div class=\"row\">\r\n\r\n\t\t\t\t\t\t<div class=\"col-12 text-con waypoint\">\r\n\t\t\t\t<h2 class=\"p1\">Nous nous concentrons sur cinq sp\u00e9cialisations:<\/h2>\n\t\t\t<\/div>\r\n\t\t\t\r\n\t\t\t\t\t\t\t\t\t\t\t\t\t\t\t\r\n\t\t\t<div class=\"col-12 col-sm-6 col-md-4 waypoint\">\r\n\t\t\t\t<div class=\"inner\">\r\n\t\t\t\t\t\t\t\t\t\t<a class=\"block-link\" href=\"\/fr-ca\/businesses\/practices\/software-engineering\/\"><\/a>\r\n\t\t\t\t\t\r\n\t\t\t\t\t\t\t\t\t\t<div class=\"icon-con block-icon\">\r\n\t\t\t\t\t\t<img style=\"height:7rem;\" data-done=\"false\" data-img=\"https:\/\/www.fdmgroup.com\/wp-content\/uploads\/2024\/03\/icon-software-engineering.png\" alt=\"Software Engineering logo\">\r\n\t\t\t\t\t<\/div>\r\n\t\t\t\t\t\r\n\t\t\t\t\t<h4 class=\"p1\">G\u00e9nie logiciel<\/h4>\n\t\t\t\t<\/div>\r\n\t\t\t<\/div>\r\n\t\t\t\t\t\t\t\t\t\t\t\t\r\n\t\t\t<div class=\"col-12 col-sm-6 col-md-4 waypoint\">\r\n\t\t\t\t<div class=\"inner\">\r\n\t\t\t\t\t\t\t\t\t\t<a class=\"block-link\" href=\"\/fr-ca\/businesses\/practices\/data-analytics\/\"><\/a>\r\n\t\t\t\t\t\r\n\t\t\t\t\t\t\t\t\t\t<div class=\"icon-con block-icon\">\r\n\t\t\t\t\t\t<img style=\"height:7rem;\" data-done=\"false\" data-img=\"https:\/\/www.fdmgroup.com\/wp-content\/uploads\/2024\/03\/icon-data-analytics.png\" alt=\"Data Analytics logo\">\r\n\t\t\t\t\t<\/div>\r\n\t\t\t\t\t\r\n\t\t\t\t\t<h4 class=\"p1\">Donn\u00e9es et analytique<\/h4>\n<p>&nbsp;<\/p>\n\t\t\t\t<\/div>\r\n\t\t\t<\/div>\r\n\t\t\t\t\t\t\t\t\t\t\t\t\r\n\t\t\t<div class=\"col-12 col-sm-6 col-md-4 waypoint\">\r\n\t\t\t\t<div class=\"inner\">\r\n\t\t\t\t\t\t\t\t\t\t<a class=\"block-link\" href=\"\/fr-ca\/businesses\/practices\/change-transformation\/\"><\/a>\r\n\t\t\t\t\t\r\n\t\t\t\t\t\t\t\t\t\t<div class=\"icon-con block-icon\">\r\n\t\t\t\t\t\t<img style=\"height:7rem;\" data-done=\"false\" data-img=\"https:\/\/www.fdmgroup.com\/wp-content\/uploads\/2024\/03\/icon-change-transformation.png\" alt=\"Change and transformation logo\">\r\n\t\t\t\t\t<\/div>\r\n\t\t\t\t\t\r\n\t\t\t\t\t<h4 class=\"p1\">Changement et transformation<\/h4>\n<p>&nbsp;<\/p>\n\t\t\t\t<\/div>\r\n\t\t\t<\/div>\r\n\t\t\t\t\t\t\t\t\t\t\t\t\r\n\t\t\t<div class=\"col-12 col-sm-6 col-md-4 waypoint\">\r\n\t\t\t\t<div class=\"inner\">\r\n\t\t\t\t\t\t\t\t\t\t<a class=\"block-link\" href=\"\/fr-ca\/businesses\/practices\/risk-regulation-compliance\/\"><\/a>\r\n\t\t\t\t\t\r\n\t\t\t\t\t\t\t\t\t\t<div class=\"icon-con block-icon\">\r\n\t\t\t\t\t\t<img style=\"height:7rem;\" data-done=\"false\" data-img=\"https:\/\/www.fdmgroup.com\/wp-content\/uploads\/2024\/03\/icon-risk-regulation-compliance.png\" alt=\"RRC logo\">\r\n\t\t\t\t\t<\/div>\r\n\t\t\t\t\t\r\n\t\t\t\t\t<h4 class=\"p1\">Risque, r\u00e9glementation et conformit\u00e9<\/h4>\n<p>&nbsp;<\/p>\n\t\t\t\t<\/div>\r\n\t\t\t<\/div>\r\n\t\t\t\t\t\t\t\t\t\t\t\t\r\n\t\t\t<div class=\"col-12 col-sm-6 col-md-4 waypoint\">\r\n\t\t\t\t<div class=\"inner\">\r\n\t\t\t\t\t\t\t\t\t\t<a class=\"block-link\" href=\"\/fr-ca\/businesses\/practices\/it-operations\/\"><\/a>\r\n\t\t\t\t\t\r\n\t\t\t\t\t\t\t\t\t\t<div class=\"icon-con block-icon\">\r\n\t\t\t\t\t\t<img style=\"height:7rem;\" data-done=\"false\" data-img=\"https:\/\/www.fdmgroup.com\/wp-content\/uploads\/2024\/03\/icon-it-operations.png\" alt=\"IT Ops logo\">\r\n\t\t\t\t\t<\/div>\r\n\t\t\t\t\t\r\n\t\t\t\t\t<h4 class=\"p1\">Op\u00e9rations Techniques<\/h4>\n<p>&nbsp;<\/p>\n\t\t\t\t<\/div>\r\n\t\t\t<\/div>\r\n\t\t\t\t\t\t\r\n\t\t\t\t\t<\/div>\r\n\t<\/div>\r\n<\/section>\r\n\r\n\r\n\n\n\r\n<section class=\"text-with-image-section medium-light left\">\r\n\t<div class=\"container\">\r\n\t\t<div class=\"row\">\r\n\r\n\t\t\t<div class=\"col-12 col-md-6 img-side waypoint\">\r\n\t\t\t\t\t\t\t\t<img width=\"771\" height=\"791\" data-done=\"false\" data-img=\"https:\/\/www.fdmgroup.com\/wp-content\/uploads\/2024\/02\/si4-771x791.jpg\" alt=\"\">\r\n\t\t\t\t\t\t\t<\/div>\r\n\r\n\t\t\t<div class=\"col-12 col-md-6 text-side waypoint\">\r\n\t\t\t\t<div class=\"text\">\r\n\t\t\t\t\t<h2 class=\"p1\">Les Pratiques<\/h2>\n<p class=\"p1\">Les technologies \u00e9mergentes et l&rsquo;\u00e9volution des pratiques de travail signifient que les entreprises doivent moins se concentrer sur les postes de travail specifiques et davantage sur les comp\u00e9tences de professionnels polyvalents, qui ajouteront, au moment venu, une valeur ajout\u00e9e aux projets \u00e0 un rythme soutenu.<\/p>\n<p class=\"p1\">Nos cinq sp\u00e9cialisations incluent plusieurs parcours interconnect\u00e9s dans notre laboratoire de comp\u00e9tences FDM, et ont comme objectif de cr\u00e9er une main-d&rsquo;\u0153uvre de consultants polyvalente et adaptable.<\/p>\n<p class=\"p1\">Les consultants acqui\u00e8rent des aptitudes et de l&rsquo;exp\u00e9rience gr\u00e2ce \u00e0 un vaste \u00e9ventail de disciplines dans le cadre d&rsquo;une pratique, et peuvent assumer diverses fonctions lors de leurs affectations.<\/p>\n\r\n\t\t\t\t\t\t\t\t\t\t\t\t\t\t\t<div class=\"btn-con\">\r\n\t\t\t\t\t\t<a class=\"btn\" href=\"\/fr-ca\/about-us\/contact-us\/\" target=\"_self\">Travaillez avec nous<\/a>\r\n\t\t\t\t\t<\/div>\r\n\t\t\t\t\t\t\t\t\t<\/div>\r\n\t\t\t<\/div>\r\n\r\n\t\t<\/div>\r\n\t<\/div>\r\n<\/section>\r\n\n\n\r\n<section class=\"cta-section light\">\r\n\t<div class=\"container\">\r\n\t\t<div class=\"row\">\r\n\t\t\t<div class=\"col-12 waypoint\">\r\n\t\t\t\t<h2 id=\"targetText0\" class=\"mtTextGroupSelf\">Former et fid\u00e9liser la prochaine g\u00e9n\u00e9ration de talents avec nous<\/h2>\n\t\t\t\t\t\t\t\t\t\t\t\t\t<div class=\"btn-con btn-con-center\">\r\n\t\t\t\t\t\t<a class=\"btn\" href=\"\/fr-ca\/about-us\/contact-us\/\" target=\"_self\">Contactez-nous<\/a>\r\n\t\t\t\t\t<\/div>\r\n\t\t\t\t\t\t\t<\/div>\r\n\t\t<\/div>\r\n\t<\/div>\r\n\r\n\t\r\n<\/section>\r\n","protected":false},"excerpt":{"rendered":"","protected":false},"author":2,"featured_media":0,"parent":61300,"menu_order":0,"comment_status":"closed","ping_status":"closed","template":"","meta":{"_acf_changed":false,"inline_featured_image":false,"footnotes":""},"class_list":["post-61305","page","type-page","status-publish","hentry"],"acf":[],"yoast_head":"<!-- This site is optimized with the Yoast SEO plugin v27.1.1 - https:\/\/yoast.com\/product\/yoast-seo-wordpress\/ -->\n<title>Practices | FDM Group<\/title>\n<meta name=\"description\" content=\"Practices | FDM Group\" \/>\n<meta name=\"robots\" content=\"index, follow, max-snippet:-1, max-image-preview:large, max-video-preview:-1\" \/>\n<link rel=\"canonical\" href=\"https:\/\/www.fdmgroup.com\/fr-ca\/businesses\/practices\/\" \/>\n<meta property=\"og:locale\" content=\"fr_CA\" \/>\n<meta property=\"og:type\" content=\"article\" \/>\n<meta property=\"og:title\" content=\"Practices | FDM Group\" \/>\n<meta property=\"og:description\" content=\"Practices | FDM Group\" \/>\n<meta property=\"og:url\" content=\"https:\/\/www.fdmgroup.com\/fr-ca\/businesses\/practices\/\" \/>\n<meta property=\"og:site_name\" content=\"FDM Group\" \/>\n<meta property=\"article:publisher\" content=\"https:\/\/www.facebook.com\/FDMGroup\" \/>\n<meta property=\"article:modified_time\" content=\"2024-05-07T11:19:19+00:00\" \/>\n<meta property=\"og:image\" content=\"https:\/\/www.fdmgroup.com\/wp-content\/uploads\/2024\/09\/FDM_placeholder.png\" \/>\n\t<meta property=\"og:image:width\" content=\"1200\" \/>\n\t<meta property=\"og:image:height\" content=\"675\" \/>\n\t<meta property=\"og:image:type\" content=\"image\/png\" \/>\n<meta name=\"twitter:card\" content=\"summary_large_image\" \/>\n<meta name=\"twitter:site\" content=\"@FDMGroup\" \/>\n<meta name=\"twitter:label1\" content=\"Estimation du temps de lecture\" \/>\n\t<meta name=\"twitter:data1\" content=\"3 minutes\" \/>\n<script type=\"application\/ld+json\" class=\"yoast-schema-graph\">{\"@context\":\"https:\/\/schema.org\",\"@graph\":[{\"@type\":\"WebPage\",\"@id\":\"https:\/\/www.fdmgroup.com\/fr-ca\/businesses\/practices\/\",\"url\":\"https:\/\/www.fdmgroup.com\/fr-ca\/businesses\/practices\/\",\"name\":\"Practices | FDM Group\",\"isPartOf\":{\"@id\":\"https:\/\/www.fdmgroup.com\/fr-ca\/#website\"},\"datePublished\":\"2024-02-27T09:00:28+00:00\",\"dateModified\":\"2024-05-07T11:19:19+00:00\",\"description\":\"Practices | FDM Group\",\"breadcrumb\":{\"@id\":\"https:\/\/www.fdmgroup.com\/fr-ca\/businesses\/practices\/#breadcrumb\"},\"inLanguage\":\"fr-CA\",\"potentialAction\":[{\"@type\":\"ReadAction\",\"target\":[\"https:\/\/www.fdmgroup.com\/fr-ca\/businesses\/practices\/\"]}]},{\"@type\":\"BreadcrumbList\",\"@id\":\"https:\/\/www.fdmgroup.com\/fr-ca\/businesses\/practices\/#breadcrumb\",\"itemListElement\":[{\"@type\":\"ListItem\",\"position\":1,\"name\":\"(CA-FR) Businesses\",\"item\":\"https:\/\/www.fdmgroup.com\/fr-ca\/businesses\/\"},{\"@type\":\"ListItem\",\"position\":2,\"name\":\"Practices\"}]},{\"@type\":\"WebSite\",\"@id\":\"https:\/\/www.fdmgroup.com\/fr-ca\/#website\",\"url\":\"https:\/\/www.fdmgroup.com\/fr-ca\/\",\"name\":\"FDM Group\",\"description\":\"\",\"publisher\":{\"@id\":\"https:\/\/www.fdmgroup.com\/fr-ca\/#organization\"},\"potentialAction\":[{\"@type\":\"SearchAction\",\"target\":{\"@type\":\"EntryPoint\",\"urlTemplate\":\"https:\/\/www.fdmgroup.com\/fr-ca\/?s={search_term_string}\"},\"query-input\":{\"@type\":\"PropertyValueSpecification\",\"valueRequired\":true,\"valueName\":\"search_term_string\"}}],\"inLanguage\":\"fr-CA\"},{\"@type\":\"Organization\",\"@id\":\"https:\/\/www.fdmgroup.com\/fr-ca\/#organization\",\"name\":\"FDM Group\",\"url\":\"https:\/\/www.fdmgroup.com\/fr-ca\/\",\"logo\":{\"@type\":\"ImageObject\",\"inLanguage\":\"fr-CA\",\"@id\":\"https:\/\/www.fdmgroup.com\/fr-ca\/#\/schema\/logo\/image\/\",\"url\":\"https:\/\/www.fdmgroup.com\/wp-content\/uploads\/2024\/04\/cropped-fdm-logo-green-square-480-3.png\",\"contentUrl\":\"https:\/\/www.fdmgroup.com\/wp-content\/uploads\/2024\/04\/cropped-fdm-logo-green-square-480-3.png\",\"width\":512,\"height\":512,\"caption\":\"FDM Group\"},\"image\":{\"@id\":\"https:\/\/www.fdmgroup.com\/fr-ca\/#\/schema\/logo\/image\/\"},\"sameAs\":[\"https:\/\/www.facebook.com\/FDMGroup\",\"https:\/\/x.com\/FDMGroup\",\"https:\/\/www.instagram.com\/fdm_group\/?hl=en\",\"https:\/\/www.linkedin.com\/company\/fdm-group\/?originalSubdomain=uk\",\"https:\/\/www.tiktok.com\/@fdm_group\"]}]}<\/script>\n<!-- \/ Yoast SEO plugin. -->","yoast_head_json":{"title":"Practices | FDM Group","description":"Practices | FDM Group","robots":{"index":"index","follow":"follow","max-snippet":"max-snippet:-1","max-image-preview":"max-image-preview:large","max-video-preview":"max-video-preview:-1"},"canonical":"https:\/\/www.fdmgroup.com\/fr-ca\/businesses\/practices\/","og_locale":"fr_CA","og_type":"article","og_title":"Practices | FDM Group","og_description":"Practices | FDM Group","og_url":"https:\/\/www.fdmgroup.com\/fr-ca\/businesses\/practices\/","og_site_name":"FDM Group","article_publisher":"https:\/\/www.facebook.com\/FDMGroup","article_modified_time":"2024-05-07T11:19:19+00:00","og_image":[{"width":1200,"height":675,"url":"https:\/\/www.fdmgroup.com\/wp-content\/uploads\/2024\/09\/FDM_placeholder.png","type":"image\/png"}],"twitter_card":"summary_large_image","twitter_site":"@FDMGroup","twitter_misc":{"Estimation du temps de lecture":"3 minutes"},"schema":{"@context":"https:\/\/schema.org","@graph":[{"@type":"WebPage","@id":"https:\/\/www.fdmgroup.com\/fr-ca\/businesses\/practices\/","url":"https:\/\/www.fdmgroup.com\/fr-ca\/businesses\/practices\/","name":"Practices | FDM Group","isPartOf":{"@id":"https:\/\/www.fdmgroup.com\/fr-ca\/#website"},"datePublished":"2024-02-27T09:00:28+00:00","dateModified":"2024-05-07T11:19:19+00:00","description":"Practices | FDM Group","breadcrumb":{"@id":"https:\/\/www.fdmgroup.com\/fr-ca\/businesses\/practices\/#breadcrumb"},"inLanguage":"fr-CA","potentialAction":[{"@type":"ReadAction","target":["https:\/\/www.fdmgroup.com\/fr-ca\/businesses\/practices\/"]}]},{"@type":"BreadcrumbList","@id":"https:\/\/www.fdmgroup.com\/fr-ca\/businesses\/practices\/#breadcrumb","itemListElement":[{"@type":"ListItem","position":1,"name":"(CA-FR) Businesses","item":"https:\/\/www.fdmgroup.com\/fr-ca\/businesses\/"},{"@type":"ListItem","position":2,"name":"Practices"}]},{"@type":"WebSite","@id":"https:\/\/www.fdmgroup.com\/fr-ca\/#website","url":"https:\/\/www.fdmgroup.com\/fr-ca\/","name":"FDM Group","description":"","publisher":{"@id":"https:\/\/www.fdmgroup.com\/fr-ca\/#organization"},"potentialAction":[{"@type":"SearchAction","target":{"@type":"EntryPoint","urlTemplate":"https:\/\/www.fdmgroup.com\/fr-ca\/?s={search_term_string}"},"query-input":{"@type":"PropertyValueSpecification","valueRequired":true,"valueName":"search_term_string"}}],"inLanguage":"fr-CA"},{"@type":"Organization","@id":"https:\/\/www.fdmgroup.com\/fr-ca\/#organization","name":"FDM Group","url":"https:\/\/www.fdmgroup.com\/fr-ca\/","logo":{"@type":"ImageObject","inLanguage":"fr-CA","@id":"https:\/\/www.fdmgroup.com\/fr-ca\/#\/schema\/logo\/image\/","url":"https:\/\/www.fdmgroup.com\/wp-content\/uploads\/2024\/04\/cropped-fdm-logo-green-square-480-3.png","contentUrl":"https:\/\/www.fdmgroup.com\/wp-content\/uploads\/2024\/04\/cropped-fdm-logo-green-square-480-3.png","width":512,"height":512,"caption":"FDM Group"},"image":{"@id":"https:\/\/www.fdmgroup.com\/fr-ca\/#\/schema\/logo\/image\/"},"sameAs":["https:\/\/www.facebook.com\/FDMGroup","https:\/\/x.com\/FDMGroup","https:\/\/www.instagram.com\/fdm_group\/?hl=en","https:\/\/www.linkedin.com\/company\/fdm-group\/?originalSubdomain=uk","https:\/\/www.tiktok.com\/@fdm_group"]}]}},"_links":{"self":[{"href":"https:\/\/www.fdmgroup.com\/fr-ca\/wp-json\/wp\/v2\/pages\/61305","targetHints":{"allow":["GET"]}}],"collection":[{"href":"https:\/\/www.fdmgroup.com\/fr-ca\/wp-json\/wp\/v2\/pages"}],"about":[{"href":"https:\/\/www.fdmgroup.com\/fr-ca\/wp-json\/wp\/v2\/types\/page"}],"author":[{"embeddable":true,"href":"https:\/\/www.fdmgroup.com\/fr-ca\/wp-json\/wp\/v2\/users\/2"}],"replies":[{"embeddable":true,"href":"https:\/\/www.fdmgroup.com\/fr-ca\/wp-json\/wp\/v2\/comments?post=61305"}],"version-history":[{"count":0,"href":"https:\/\/www.fdmgroup.com\/fr-ca\/wp-json\/wp\/v2\/pages\/61305\/revisions"}],"up":[{"embeddable":true,"href":"https:\/\/www.fdmgroup.com\/fr-ca\/wp-json\/wp\/v2\/pages\/61300"}],"wp:attachment":[{"href":"https:\/\/www.fdmgroup.com\/fr-ca\/wp-json\/wp\/v2\/media?parent=61305"}],"curies":[{"name":"wp","href":"https:\/\/api.w.org\/{rel}","templated":true}]}}