{"id":61351,"date":"2024-02-26T10:34:57","date_gmt":"2024-02-26T10:34:57","guid":{"rendered":"https:\/\/fdm.in-beta7.co.uk\/?page_id=61351"},"modified":"2025-08-19T12:18:06","modified_gmt":"2025-08-19T11:18:06","slug":"career-development-program","status":"publish","type":"page","link":"https:\/\/www.fdmgroup.com\/fr-ca\/ca-fr-candidates\/career-development-program\/","title":{"rendered":"Career Development Program"},"content":{"rendered":"\r\n<section class=\"text-side-hero-section light-menu full-bg purple\" style=\"background-image:url(https:\/\/www.fdmgroup.com\/wp-content\/uploads\/2024\/03\/iStock-599501894-2-2160x1289.jpg);\">\r\n\t<div class=\"container\">\r\n\t\t<div class=\"row\">\r\n\t\t\t<div class=\"col-12 col-md-7\">\r\n\t\t\t\t<div class=\"text\">\r\n\t\t\t\t\t<div class=\"inner\">\r\n\t\t\t\t\t\t\t\t\t\t\t<h1>Programme de d\u00e9veloppement de carri\u00e8re<\/h1>\n\t\t\t\t\t\t\t\t\t\t\r\n\t\t\t\t\t\t\t\t\t\t\t\t\t\t\t\t<div class=\"btn-con\">\r\n\t\t\t\t\t\t\t<a class=\"btn\" href=\"https:\/\/careers.fdmgroup.com\/registration.aspx\" target=\"_blank\">Registre<\/a>\r\n\t\t\t\t\t\t<\/div>\r\n\t\t\t\t\t\t\t\t\t\t<\/div>\r\n\t\t\t\t<\/div>\r\n\t\t\t<\/div>\r\n\t\t<\/div>\r\n\t<\/div>\r\n<\/section>\n\n\r\n<section class=\"text-with-image-section medium-light right\">\r\n\t<div class=\"container\">\r\n\t\t<div class=\"row\">\r\n\r\n\t\t\t<div class=\"col-12 col-md-6 img-side waypoint\">\r\n\t\t\t\t\t\t\t\t<img width=\"737\" height=\"791\" data-done=\"false\" data-img=\"https:\/\/www.fdmgroup.com\/wp-content\/uploads\/2024\/03\/iStock-1496613385-1-e1711030250137-737x791.jpg\" alt=\"\">\r\n\t\t\t\t\t\t\t<\/div>\r\n\r\n\t\t\t<div class=\"col-12 col-md-6 text-side waypoint\">\r\n\t\t\t\t<div class=\"text\">\r\n\t\t\t\t\t<h2><strong>Ce que vous offre le <\/strong><strong>programme de d\u00e9veloppement de carri\u00e8re de FDM<\/strong><\/h2>\n<p>FDM, une soci\u00e9t\u00e9 d\u2019experts-conseils de niveau mondial en technologie et en affaires, est un chef de file du march\u00e9 qui recrute des talents ambitieux pour devenir les innovateurs de demain. Depuis plus de 30\u00a0ans, nous aidons des milliers de dipl\u00f4m\u00e9s \u00e0 acc\u00e9l\u00e9rer leur carri\u00e8re.<\/p>\n<p>Acc\u00e9dez \u00e0 notre laboratoire de comp\u00e9tences et \u00e0 notre \u00e9quipe de mentors pour vous aider \u00e0 approfondir votre expertise et vos comp\u00e9tences, vous assurant ainsi d\u2019\u00eatre pr\u00e9par\u00e9 \u00e0 votre r\u00f4le de conseiller FDM.<\/p>\n<p>Commencez en force et progressez gr\u00e2ce \u00e0 des formations reconnues par l\u2019industrie, des affectations aupr\u00e8s d\u2019entreprises renomm\u00e9es et l\u2019acc\u00e8s \u00e0 un r\u00e9seau professionnel.<\/p>\n\r\n\t\t\t\t\t\t\t\t\t<\/div>\r\n\t\t\t<\/div>\r\n\r\n\t\t<\/div>\r\n\t<\/div>\r\n<\/section>\r\n\n\n\r\n<section class=\"text-with-image-section light left\">\r\n\t<div class=\"container\">\r\n\t\t<div class=\"row\">\r\n\r\n\t\t\t<div class=\"col-12 col-md-6 img-side waypoint\">\r\n\t\t\t\t\t\t\t\t<img width=\"771\" height=\"791\" data-done=\"false\" data-img=\"https:\/\/www.fdmgroup.com\/wp-content\/uploads\/2024\/03\/iStock-1795115029-1-e1710938643310-771x791.jpg\" alt=\"Two business colleagues working together on project while using laptop in modern coworking\">\r\n\t\t\t\t\t\t\t<\/div>\r\n\r\n\t\t\t<div class=\"col-12 col-md-6 text-side waypoint\">\r\n\t\t\t\t<div class=\"text\">\r\n\t\t\t\t\t<h2><strong>Qui recherchons-nous<\/strong><\/h2>\n<p>Notre programme de carri\u00e8re pourrait vous convenir parfaitement si vous poss\u00e9dez un baccalaur\u00e9at, de pr\u00e9f\u00e9rence li\u00e9 aux STIM, mais nous encourageons toute personne passionn\u00e9e par la technologie \u00e0 postuler. Si vous \u00eates d\u00e9termin\u00e9 \u00e0 r\u00e9ussir, nous nous engageons \u00e0 vous fournir les comp\u00e9tences, l\u2019accompagnement professionnel et le soutien essentiels au lancement de votre carri\u00e8re en technologie.<\/p>\n\r\n\t\t\t\t\t\t\t\t\t<\/div>\r\n\t\t\t<\/div>\r\n\r\n\t\t<\/div>\r\n\t<\/div>\r\n<\/section>\r\n\n\n\r\n<section class=\"text-with-image-section purple right\">\r\n\t<div class=\"container\">\r\n\t\t<div class=\"row\">\r\n\r\n\t\t\t<div class=\"col-12 col-md-6 img-side waypoint\">\r\n\t\t\t\t\t\t\t\t<img width=\"771\" height=\"791\" data-done=\"false\" data-img=\"https:\/\/www.fdmgroup.com\/wp-content\/uploads\/2024\/03\/iStock-1408304047-771x791.jpg\" alt=\"\">\r\n\t\t\t\t\t\t\t<\/div>\r\n\r\n\t\t\t<div class=\"col-12 col-md-6 text-side waypoint\">\r\n\t\t\t\t<div class=\"text\">\r\n\t\t\t\t\t<h2>Pratiques<\/h2>\n<p>Nos Pratiques font de vous un professionnel exp\u00e9riment\u00e9 qui poss\u00e8de une gamme de comp\u00e9tences vari\u00e9e et qui offre une valeur maximale aux clients. Explorez divers r\u00f4les et disciplines en acqu\u00e9rant une exp\u00e9rience pratique gr\u00e2ce \u00e0 des affectations innovantes aupr\u00e8s d\u2019entreprises de niveau mondial.<\/p>\n\r\n\t\t\t\t\t\t\t\t\t<\/div>\r\n\t\t\t<\/div>\r\n\r\n\t\t<\/div>\r\n\t<\/div>\r\n<\/section>\r\n\n\n\r\n<section class=\"block-section light\">\r\n\t<div class=\"container\">\r\n\t\t<div class=\"row\">\r\n\r\n\t\t\t\t\t\t<div class=\"col-12 text-con waypoint\">\r\n\t\t\t\t<h4>Rejoignez l&rsquo;une de nos cinq pratiques principales :<\/h4>\n\t\t\t<\/div>\r\n\t\t\t\r\n\t\t\t\t\t\t\t\t\t\t\t\t\t\t\t\r\n\t\t\t<div class=\"col-12 col-sm-6 col-md-4 waypoint\">\r\n\t\t\t\t<div class=\"inner\">\r\n\t\t\t\t\t\t\t\t\t\t<a class=\"block-link\" href=\"\/candidates\/practices\/software-engineering\/\"><\/a>\r\n\t\t\t\t\t\r\n\t\t\t\t\t\t\t\t\t\t<div class=\"icon-con block-icon\">\r\n\t\t\t\t\t\t<img style=\"height:7rem;\" data-done=\"false\" data-img=\"https:\/\/www.fdmgroup.com\/wp-content\/uploads\/2024\/03\/icon-software-engineering.png\" alt=\"Software Engineering logo\">\r\n\t\t\t\t\t<\/div>\r\n\t\t\t\t\t\r\n\t\t\t\t\t<h4>G\u00e9nie Logiciel<\/h4>\n\t\t\t\t<\/div>\r\n\t\t\t<\/div>\r\n\t\t\t\t\t\t\t\t\t\t\t\t\r\n\t\t\t<div class=\"col-12 col-sm-6 col-md-4 waypoint\">\r\n\t\t\t\t<div class=\"inner\">\r\n\t\t\t\t\t\t\t\t\t\t<a class=\"block-link\" href=\"\/candidates\/practices\/data-analytics\/\"><\/a>\r\n\t\t\t\t\t\r\n\t\t\t\t\t\t\t\t\t\t<div class=\"icon-con block-icon\">\r\n\t\t\t\t\t\t<img style=\"height:7rem;\" data-done=\"false\" data-img=\"https:\/\/www.fdmgroup.com\/wp-content\/uploads\/2024\/03\/icon-data-analytics.png\" alt=\"Data Analytics logo\">\r\n\t\t\t\t\t<\/div>\r\n\t\t\t\t\t\r\n\t\t\t\t\t<h4>Donn\u00e9es et Analyses<\/h4>\n\t\t\t\t<\/div>\r\n\t\t\t<\/div>\r\n\t\t\t\t\t\t\t\t\t\t\t\t\r\n\t\t\t<div class=\"col-12 col-sm-6 col-md-4 waypoint\">\r\n\t\t\t\t<div class=\"inner\">\r\n\t\t\t\t\t\t\t\t\t\t<a class=\"block-link\" href=\"\/candidates\/practices\/change-and-transformation\/\"><\/a>\r\n\t\t\t\t\t\r\n\t\t\t\t\t\t\t\t\t\t<div class=\"icon-con block-icon\">\r\n\t\t\t\t\t\t<img style=\"height:7rem;\" data-done=\"false\" data-img=\"https:\/\/www.fdmgroup.com\/wp-content\/uploads\/2024\/03\/icon-change-transformation.png\" alt=\"Change and transformation logo\">\r\n\t\t\t\t\t<\/div>\r\n\t\t\t\t\t\r\n\t\t\t\t\t<h4>Changement et Transformation<\/h4>\n\t\t\t\t<\/div>\r\n\t\t\t<\/div>\r\n\t\t\t\t\t\t\t\t\t\t\t\t\r\n\t\t\t<div class=\"col-12 col-sm-6 col-md-4 waypoint\">\r\n\t\t\t\t<div class=\"inner\">\r\n\t\t\t\t\t\t\t\t\t\t<a class=\"block-link\" href=\"\/candidates\/practices\/risk-regulation-compliance\/\"><\/a>\r\n\t\t\t\t\t\r\n\t\t\t\t\t\t\t\t\t\t<div class=\"icon-con block-icon\">\r\n\t\t\t\t\t\t<img style=\"height:7rem;\" data-done=\"false\" data-img=\"https:\/\/www.fdmgroup.com\/wp-content\/uploads\/2024\/03\/icon-risk-regulation-compliance.png\" alt=\"RRC logo\">\r\n\t\t\t\t\t<\/div>\r\n\t\t\t\t\t\r\n\t\t\t\t\t<p>Risque, R\u00e9glementation et Conformit\u00e9<\/p>\n\t\t\t\t<\/div>\r\n\t\t\t<\/div>\r\n\t\t\t\t\t\t\t\t\t\t\t\t\r\n\t\t\t<div class=\"col-12 col-sm-6 col-md-4 waypoint\">\r\n\t\t\t\t<div class=\"inner\">\r\n\t\t\t\t\t\t\t\t\t\t<a class=\"block-link\" href=\"\/candidates\/practices\/it-operations\/\"><\/a>\r\n\t\t\t\t\t\r\n\t\t\t\t\t\t\t\t\t\t<div class=\"icon-con block-icon\">\r\n\t\t\t\t\t\t<img style=\"height:7rem;\" data-done=\"false\" data-img=\"https:\/\/www.fdmgroup.com\/wp-content\/uploads\/2024\/03\/icon-it-operations.png\" alt=\"IT Ops logo\">\r\n\t\t\t\t\t<\/div>\r\n\t\t\t\t\t\r\n\t\t\t\t\t<h4>Op\u00e9rations Informatiques<\/h4>\n\t\t\t\t<\/div>\r\n\t\t\t<\/div>\r\n\t\t\t\t\t\t\r\n\t\t\t\t\t<\/div>\r\n\t<\/div>\r\n<\/section>\r\n\r\n\r\n\n\n\r\n<section class=\"logo-slide-section light\">\r\n\t<div class=\"container\">\r\n\t\t<div class=\"row\">\r\n\r\n\t\t\t\t\t\t<div class=\"col-12 text-top waypoint\"><h4>Awards<\/h4>\n<\/div>\r\n\t\t\t\r\n\t\t\t<div class=\"col-12 logo-slide-con waypoint\">\r\n\t\t\t\t\t\t\t\t<div class=\"logo-slide swiper\">\r\n\t\t\t\t\t<div class=\"swiper-wrapper\">\r\n\t\t\t\t\t\t\t\t\t\t\t\t<div class=\"swiper-slide\">\r\n\t\t\t\t\t\t\t<div class=\"inner\">\r\n\t\t\t\t\t\t\t\t<img decoding=\"async\" loading=\"lazy\" width=\"169\" height=\"98\" src=\"https:\/\/www.fdmgroup.com\/wp-content\/uploads\/2024\/02\/Frame-2608756.png\" alt=\"\">\r\n\t\t\t\t\t\t\t<\/div>\r\n\t\t\t\t\t\t<\/div>\r\n\t\t\t\t\t\t\t\t\t\t\t\t<div class=\"swiper-slide\">\r\n\t\t\t\t\t\t\t<div class=\"inner\">\r\n\t\t\t\t\t\t\t\t<img decoding=\"async\" loading=\"lazy\" width=\"169\" height=\"97\" src=\"https:\/\/www.fdmgroup.com\/wp-content\/uploads\/2024\/02\/Frame-2608754.png\" alt=\"\">\r\n\t\t\t\t\t\t\t<\/div>\r\n\t\t\t\t\t\t<\/div>\r\n\t\t\t\t\t\t\t\t\t\t\t\t<div class=\"swiper-slide\">\r\n\t\t\t\t\t\t\t<div class=\"inner\">\r\n\t\t\t\t\t\t\t\t<img decoding=\"async\" loading=\"lazy\" width=\"169\" height=\"97\" src=\"https:\/\/www.fdmgroup.com\/wp-content\/uploads\/2024\/02\/Frame-2608759.png\" alt=\"\">\r\n\t\t\t\t\t\t\t<\/div>\r\n\t\t\t\t\t\t<\/div>\r\n\t\t\t\t\t\t\t\t\t\t\t\t<div class=\"swiper-slide\">\r\n\t\t\t\t\t\t\t<div class=\"inner\">\r\n\t\t\t\t\t\t\t\t<img decoding=\"async\" loading=\"lazy\" width=\"169\" height=\"97\" src=\"https:\/\/www.fdmgroup.com\/wp-content\/uploads\/2024\/02\/Frame-2608753.png\" alt=\"\">\r\n\t\t\t\t\t\t\t<\/div>\r\n\t\t\t\t\t\t<\/div>\r\n\t\t\t\t\t\t\t\t\t\t\t\t<div class=\"swiper-slide\">\r\n\t\t\t\t\t\t\t<div class=\"inner\">\r\n\t\t\t\t\t\t\t\t<img decoding=\"async\" loading=\"lazy\" width=\"169\" height=\"97\" src=\"https:\/\/www.fdmgroup.com\/wp-content\/uploads\/2024\/02\/Frame-2608757.png\" alt=\"\">\r\n\t\t\t\t\t\t\t<\/div>\r\n\t\t\t\t\t\t<\/div>\r\n\t\t\t\t\t\t\t\t\t\t\t\t<div class=\"swiper-slide\">\r\n\t\t\t\t\t\t\t<div class=\"inner\">\r\n\t\t\t\t\t\t\t\t<img decoding=\"async\" loading=\"lazy\" width=\"169\" height=\"97\" src=\"https:\/\/www.fdmgroup.com\/wp-content\/uploads\/2024\/02\/Frame-2608758.png\" alt=\"\">\r\n\t\t\t\t\t\t\t<\/div>\r\n\t\t\t\t\t\t<\/div>\r\n\t\t\t\t\t\t\t\t\t\t\t<\/div>\r\n\t\t\t\t<\/div>\r\n\t\t\t\t\t\t\t<\/div>\r\n\t\t<\/div>\r\n\t<\/div>\r\n<\/section>\n\n\r\n\r\n\r\n\n\n\r\n<section class=\"cta-section light\">\r\n\t<div class=\"container\">\r\n\t\t<div class=\"row\">\r\n\t\t\t<div class=\"col-12 waypoint\">\r\n\t\t\t\t<h2>Et si vous pouviez d\u00e9buter votre carri\u00e8re avec une formation, un accompagnement professionnel et un soutien qui vous propulsent vers l\u2019avant?<\/h2>\n\t\t\t\t\t\t\t\t\t\t\t\t\t<div class=\"btn-con btn-con-center\">\r\n\t\t\t\t\t\t<a class=\"btn\" href=\"https:\/\/careers.fdmgroup.com\/registration.aspx\" target=\"_blank\">Registre<\/a>\r\n\t\t\t\t\t<\/div>\r\n\t\t\t\t\t\t\t<\/div>\r\n\t\t<\/div>\r\n\t<\/div>\r\n\r\n\t\r\n<\/section>\r\n","protected":false},"excerpt":{"rendered":"","protected":false},"author":2,"featured_media":0,"parent":61319,"menu_order":0,"comment_status":"closed","ping_status":"closed","template":"","meta":{"_acf_changed":false,"inline_featured_image":false,"footnotes":""},"class_list":["post-61351","page","type-page","status-publish","hentry"],"acf":[],"yoast_head":"<!-- This site is optimized with the Yoast SEO plugin v27.1.1 - https:\/\/yoast.com\/product\/yoast-seo-wordpress\/ -->\n<title>Career Development Program | FDM Group<\/title>\n<meta name=\"description\" content=\"Career Development Program | FDM Group\" \/>\n<meta name=\"robots\" content=\"index, follow, max-snippet:-1, max-image-preview:large, max-video-preview:-1\" \/>\n<link rel=\"canonical\" href=\"https:\/\/www.fdmgroup.com\/fr-ca\/ca-fr-candidates\/career-development-program\/\" \/>\n<meta property=\"og:locale\" content=\"fr_CA\" \/>\n<meta property=\"og:type\" content=\"article\" \/>\n<meta property=\"og:title\" content=\"Career Development Program | FDM Group\" \/>\n<meta property=\"og:description\" content=\"Career Development Program | FDM Group\" \/>\n<meta property=\"og:url\" content=\"https:\/\/www.fdmgroup.com\/fr-ca\/ca-fr-candidates\/career-development-program\/\" \/>\n<meta property=\"og:site_name\" content=\"FDM Group\" \/>\n<meta property=\"article:publisher\" content=\"https:\/\/www.facebook.com\/FDMGroup\" \/>\n<meta property=\"article:modified_time\" content=\"2025-08-19T11:18:06+00:00\" \/>\n<meta property=\"og:image\" content=\"https:\/\/www.fdmgroup.com\/wp-content\/uploads\/2024\/09\/FDM_placeholder.png\" \/>\n\t<meta property=\"og:image:width\" content=\"1200\" \/>\n\t<meta property=\"og:image:height\" content=\"675\" \/>\n\t<meta property=\"og:image:type\" content=\"image\/png\" \/>\n<meta name=\"twitter:card\" content=\"summary_large_image\" \/>\n<meta name=\"twitter:site\" content=\"@FDMGroup\" \/>\n<meta name=\"twitter:label1\" content=\"Estimation du temps de lecture\" \/>\n\t<meta name=\"twitter:data1\" content=\"5 minutes\" \/>\n<script type=\"application\/ld+json\" class=\"yoast-schema-graph\">{\"@context\":\"https:\/\/schema.org\",\"@graph\":[{\"@type\":\"WebPage\",\"@id\":\"https:\/\/www.fdmgroup.com\/fr-ca\/ca-fr-candidates\/career-development-program\/\",\"url\":\"https:\/\/www.fdmgroup.com\/fr-ca\/ca-fr-candidates\/career-development-program\/\",\"name\":\"Career Development Program | FDM Group\",\"isPartOf\":{\"@id\":\"https:\/\/www.fdmgroup.com\/fr-ca\/#website\"},\"datePublished\":\"2024-02-26T10:34:57+00:00\",\"dateModified\":\"2025-08-19T11:18:06+00:00\",\"description\":\"Career Development Program | FDM Group\",\"breadcrumb\":{\"@id\":\"https:\/\/www.fdmgroup.com\/fr-ca\/ca-fr-candidates\/career-development-program\/#breadcrumb\"},\"inLanguage\":\"fr-CA\",\"potentialAction\":[{\"@type\":\"ReadAction\",\"target\":[\"https:\/\/www.fdmgroup.com\/fr-ca\/ca-fr-candidates\/career-development-program\/\"]}]},{\"@type\":\"BreadcrumbList\",\"@id\":\"https:\/\/www.fdmgroup.com\/fr-ca\/ca-fr-candidates\/career-development-program\/#breadcrumb\",\"itemListElement\":[{\"@type\":\"ListItem\",\"position\":1,\"name\":\"(CA-FR) Candidates\",\"item\":\"https:\/\/www.fdmgroup.com\/fr-ca\/candidates\/\"},{\"@type\":\"ListItem\",\"position\":2,\"name\":\"Career Development Program\"}]},{\"@type\":\"WebSite\",\"@id\":\"https:\/\/www.fdmgroup.com\/fr-ca\/#website\",\"url\":\"https:\/\/www.fdmgroup.com\/fr-ca\/\",\"name\":\"FDM Group\",\"description\":\"\",\"publisher\":{\"@id\":\"https:\/\/www.fdmgroup.com\/fr-ca\/#organization\"},\"potentialAction\":[{\"@type\":\"SearchAction\",\"target\":{\"@type\":\"EntryPoint\",\"urlTemplate\":\"https:\/\/www.fdmgroup.com\/fr-ca\/?s={search_term_string}\"},\"query-input\":{\"@type\":\"PropertyValueSpecification\",\"valueRequired\":true,\"valueName\":\"search_term_string\"}}],\"inLanguage\":\"fr-CA\"},{\"@type\":\"Organization\",\"@id\":\"https:\/\/www.fdmgroup.com\/fr-ca\/#organization\",\"name\":\"FDM Group\",\"url\":\"https:\/\/www.fdmgroup.com\/fr-ca\/\",\"logo\":{\"@type\":\"ImageObject\",\"inLanguage\":\"fr-CA\",\"@id\":\"https:\/\/www.fdmgroup.com\/fr-ca\/#\/schema\/logo\/image\/\",\"url\":\"https:\/\/www.fdmgroup.com\/wp-content\/uploads\/2024\/04\/cropped-fdm-logo-green-square-480-3.png\",\"contentUrl\":\"https:\/\/www.fdmgroup.com\/wp-content\/uploads\/2024\/04\/cropped-fdm-logo-green-square-480-3.png\",\"width\":512,\"height\":512,\"caption\":\"FDM Group\"},\"image\":{\"@id\":\"https:\/\/www.fdmgroup.com\/fr-ca\/#\/schema\/logo\/image\/\"},\"sameAs\":[\"https:\/\/www.facebook.com\/FDMGroup\",\"https:\/\/x.com\/FDMGroup\",\"https:\/\/www.instagram.com\/fdm_group\/?hl=en\",\"https:\/\/www.linkedin.com\/company\/fdm-group\/?originalSubdomain=uk\",\"https:\/\/www.tiktok.com\/@fdm_group\"]}]}<\/script>\n<!-- \/ Yoast SEO plugin. -->","yoast_head_json":{"title":"Career Development Program | FDM Group","description":"Career Development Program | FDM Group","robots":{"index":"index","follow":"follow","max-snippet":"max-snippet:-1","max-image-preview":"max-image-preview:large","max-video-preview":"max-video-preview:-1"},"canonical":"https:\/\/www.fdmgroup.com\/fr-ca\/ca-fr-candidates\/career-development-program\/","og_locale":"fr_CA","og_type":"article","og_title":"Career Development Program | FDM Group","og_description":"Career Development Program | FDM Group","og_url":"https:\/\/www.fdmgroup.com\/fr-ca\/ca-fr-candidates\/career-development-program\/","og_site_name":"FDM Group","article_publisher":"https:\/\/www.facebook.com\/FDMGroup","article_modified_time":"2025-08-19T11:18:06+00:00","og_image":[{"width":1200,"height":675,"url":"https:\/\/www.fdmgroup.com\/wp-content\/uploads\/2024\/09\/FDM_placeholder.png","type":"image\/png"}],"twitter_card":"summary_large_image","twitter_site":"@FDMGroup","twitter_misc":{"Estimation du temps de lecture":"5 minutes"},"schema":{"@context":"https:\/\/schema.org","@graph":[{"@type":"WebPage","@id":"https:\/\/www.fdmgroup.com\/fr-ca\/ca-fr-candidates\/career-development-program\/","url":"https:\/\/www.fdmgroup.com\/fr-ca\/ca-fr-candidates\/career-development-program\/","name":"Career Development Program | FDM Group","isPartOf":{"@id":"https:\/\/www.fdmgroup.com\/fr-ca\/#website"},"datePublished":"2024-02-26T10:34:57+00:00","dateModified":"2025-08-19T11:18:06+00:00","description":"Career Development Program | FDM Group","breadcrumb":{"@id":"https:\/\/www.fdmgroup.com\/fr-ca\/ca-fr-candidates\/career-development-program\/#breadcrumb"},"inLanguage":"fr-CA","potentialAction":[{"@type":"ReadAction","target":["https:\/\/www.fdmgroup.com\/fr-ca\/ca-fr-candidates\/career-development-program\/"]}]},{"@type":"BreadcrumbList","@id":"https:\/\/www.fdmgroup.com\/fr-ca\/ca-fr-candidates\/career-development-program\/#breadcrumb","itemListElement":[{"@type":"ListItem","position":1,"name":"(CA-FR) Candidates","item":"https:\/\/www.fdmgroup.com\/fr-ca\/candidates\/"},{"@type":"ListItem","position":2,"name":"Career Development Program"}]},{"@type":"WebSite","@id":"https:\/\/www.fdmgroup.com\/fr-ca\/#website","url":"https:\/\/www.fdmgroup.com\/fr-ca\/","name":"FDM Group","description":"","publisher":{"@id":"https:\/\/www.fdmgroup.com\/fr-ca\/#organization"},"potentialAction":[{"@type":"SearchAction","target":{"@type":"EntryPoint","urlTemplate":"https:\/\/www.fdmgroup.com\/fr-ca\/?s={search_term_string}"},"query-input":{"@type":"PropertyValueSpecification","valueRequired":true,"valueName":"search_term_string"}}],"inLanguage":"fr-CA"},{"@type":"Organization","@id":"https:\/\/www.fdmgroup.com\/fr-ca\/#organization","name":"FDM Group","url":"https:\/\/www.fdmgroup.com\/fr-ca\/","logo":{"@type":"ImageObject","inLanguage":"fr-CA","@id":"https:\/\/www.fdmgroup.com\/fr-ca\/#\/schema\/logo\/image\/","url":"https:\/\/www.fdmgroup.com\/wp-content\/uploads\/2024\/04\/cropped-fdm-logo-green-square-480-3.png","contentUrl":"https:\/\/www.fdmgroup.com\/wp-content\/uploads\/2024\/04\/cropped-fdm-logo-green-square-480-3.png","width":512,"height":512,"caption":"FDM Group"},"image":{"@id":"https:\/\/www.fdmgroup.com\/fr-ca\/#\/schema\/logo\/image\/"},"sameAs":["https:\/\/www.facebook.com\/FDMGroup","https:\/\/x.com\/FDMGroup","https:\/\/www.instagram.com\/fdm_group\/?hl=en","https:\/\/www.linkedin.com\/company\/fdm-group\/?originalSubdomain=uk","https:\/\/www.tiktok.com\/@fdm_group"]}]}},"_links":{"self":[{"href":"https:\/\/www.fdmgroup.com\/fr-ca\/wp-json\/wp\/v2\/pages\/61351","targetHints":{"allow":["GET"]}}],"collection":[{"href":"https:\/\/www.fdmgroup.com\/fr-ca\/wp-json\/wp\/v2\/pages"}],"about":[{"href":"https:\/\/www.fdmgroup.com\/fr-ca\/wp-json\/wp\/v2\/types\/page"}],"author":[{"embeddable":true,"href":"https:\/\/www.fdmgroup.com\/fr-ca\/wp-json\/wp\/v2\/users\/2"}],"replies":[{"embeddable":true,"href":"https:\/\/www.fdmgroup.com\/fr-ca\/wp-json\/wp\/v2\/comments?post=61351"}],"version-history":[{"count":0,"href":"https:\/\/www.fdmgroup.com\/fr-ca\/wp-json\/wp\/v2\/pages\/61351\/revisions"}],"up":[{"embeddable":true,"href":"https:\/\/www.fdmgroup.com\/fr-ca\/wp-json\/wp\/v2\/pages\/61319"}],"wp:attachment":[{"href":"https:\/\/www.fdmgroup.com\/fr-ca\/wp-json\/wp\/v2\/media?parent=61351"}],"curies":[{"name":"wp","href":"https:\/\/api.w.org\/{rel}","templated":true}]}}