{"id":62228,"date":"2024-03-22T10:26:30","date_gmt":"2024-03-22T10:26:30","guid":{"rendered":"https:\/\/fdm.in-beta7.co.uk\/?page_id=62228"},"modified":"2024-11-25T10:29:42","modified_gmt":"2024-11-25T10:29:42","slug":"accessibility","status":"publish","type":"page","link":"https:\/\/www.fdmgroup.com\/fr-ca\/accessibility\/","title":{"rendered":"Accessibilit\u00e9"},"content":{"rendered":"\r\n<section class=\"text-hero-section slim\">\r\n\t<div class=\"container\">\r\n\t\t<div class=\"row\">\r\n\t\t\t<div class=\"col-12 waypoint\">\r\n\t\t\t\t<h1>Accessibilit\u00e9<\/h1>\n\r\n\t\t\t\t\t\t\t\t<hr>\r\n\t\t\t<\/div>\r\n\t\t<\/div>\r\n\t<\/div>\r\n<\/section>\r\n\n\n\r\n<section class=\"simple-text-section light\">\r\n\t<div class=\"container\">\r\n\t\t<div class=\"row\">\r\n\t\t\t<div class=\"col-12 waypoint\">\r\n\t\t\t\t<div class=\"text\">\r\n\t\t\t\t\t<p>FDM Group s&rsquo;efforce \u00e0 respecter les normes d&rsquo;accessibilit\u00e9 et s&rsquo;engage \u00e0 garantir que le contenu du site Web est accessible \u00e0 toutes personnes, quelles que soient leurs capacit\u00e9s. Nous nous conformons \u00e0 l&rsquo; Americans with Disabilities Act et l&rsquo;article 508 de loi sur la r\u00e9adaptation et nous nous engageons \u00e0 garantir que notre site Web et nos plateformes num\u00e9riques sont accessibles aux personnes en situation de handicap, conform\u00e9ment aux lois et directives applicables. Nous avons effectu\u00e9 des tests pour garantir que notre contenu est disponible pour la plupart des navigateurs Web modernes, bien que des variations d&rsquo;affichage puissent survenir. Nous visons en permanence \u00e0 nous conformer aux directives pour l&rsquo;accessibilit\u00e9 du contenu Web (WCAG 2.0) de la World Wide Web Consortium Web Accessibility Initiative (W3C WAI). De plus, FDM Group s&rsquo;efforce de maintenir un environnement en ligne inclusif et accessible pour tous les utilisateurs. Nous r\u00e9visons et mettons r\u00e9guli\u00e8rement \u00e0 jour notre d\u00e9claration d\u2019accessibilit\u00e9 pour refl\u00e9ter nos efforts continus et nos progr\u00e8s en mati\u00e8re d\u2019accessibilit\u00e9. Ces mises \u00e0 jour peuvent inclure des am\u00e9liorations aux fonctionnalit\u00e9s d&rsquo;accessibilit\u00e9, \u00e0 nos m\u00e9thodologies de test d&rsquo;accessibilit\u00e9 et la conformit\u00e9 aux directives et aux normes mises \u00e0 jour. Notre engagement en faveur de l&rsquo;accessibilit\u00e9 est un parcours \u00e9volutif et nous appr\u00e9cions les commentaires de nos utilisateurs pour nous aider \u00e0 am\u00e9liorer continuellement nos pratiques en mati\u00e8re d&rsquo;accessibilit\u00e9. Si vous avez des questions concernant l&rsquo;accessibilit\u00e9 du contenu du site Web de FDM Group, veuillez envoyer un courriel \u00e0 enquiries@fdmgroup.com.<\/p>\n\t\t\t\t<\/div>\r\n\t\t\t<\/div>\r\n\t\t<\/div>\r\n\t<\/div>\r\n<\/section>\r\n","protected":false},"excerpt":{"rendered":"","protected":false},"author":2,"featured_media":0,"parent":0,"menu_order":0,"comment_status":"closed","ping_status":"closed","template":"","meta":{"_acf_changed":false,"inline_featured_image":false,"footnotes":""},"class_list":["post-62228","page","type-page","status-publish","hentry"],"acf":[],"yoast_head":"<!-- This site is optimized with the Yoast SEO plugin v27.1.1 - https:\/\/yoast.com\/product\/yoast-seo-wordpress\/ -->\n<title>Accessibilit\u00e9 | FDM Group<\/title>\n<meta name=\"description\" content=\"Accessibilit\u00e9 | FDM Group\" \/>\n<meta name=\"robots\" content=\"index, follow, max-snippet:-1, max-image-preview:large, max-video-preview:-1\" \/>\n<link rel=\"canonical\" href=\"https:\/\/www.fdmgroup.com\/fr-ca\/accessibility\/\" \/>\n<meta property=\"og:locale\" content=\"fr_CA\" \/>\n<meta property=\"og:type\" content=\"article\" \/>\n<meta property=\"og:title\" content=\"Accessibilit\u00e9 | FDM Group\" \/>\n<meta property=\"og:description\" content=\"Accessibilit\u00e9 | FDM Group\" \/>\n<meta property=\"og:url\" content=\"https:\/\/www.fdmgroup.com\/fr-ca\/accessibility\/\" \/>\n<meta property=\"og:site_name\" content=\"FDM Group\" \/>\n<meta property=\"article:publisher\" content=\"https:\/\/www.facebook.com\/FDMGroup\" \/>\n<meta property=\"article:modified_time\" content=\"2024-11-25T10:29:42+00:00\" \/>\n<meta property=\"og:image\" content=\"https:\/\/www.fdmgroup.com\/wp-content\/uploads\/2024\/09\/FDM_placeholder.png\" \/>\n\t<meta property=\"og:image:width\" content=\"1200\" \/>\n\t<meta property=\"og:image:height\" content=\"675\" \/>\n\t<meta property=\"og:image:type\" content=\"image\/png\" \/>\n<meta name=\"twitter:card\" content=\"summary_large_image\" \/>\n<meta name=\"twitter:site\" content=\"@FDMGroup\" \/>\n<meta name=\"twitter:label1\" content=\"Estimation du temps de lecture\" \/>\n\t<meta name=\"twitter:data1\" content=\"2 minutes\" \/>\n<script type=\"application\/ld+json\" class=\"yoast-schema-graph\">{\"@context\":\"https:\/\/schema.org\",\"@graph\":[{\"@type\":\"WebPage\",\"@id\":\"https:\/\/www.fdmgroup.com\/fr-ca\/accessibility\/\",\"url\":\"https:\/\/www.fdmgroup.com\/fr-ca\/accessibility\/\",\"name\":\"Accessibilit\u00e9 | FDM Group\",\"isPartOf\":{\"@id\":\"https:\/\/www.fdmgroup.com\/fr-ca\/#website\"},\"datePublished\":\"2024-03-22T10:26:30+00:00\",\"dateModified\":\"2024-11-25T10:29:42+00:00\",\"description\":\"Accessibilit\u00e9 | FDM Group\",\"inLanguage\":\"fr-CA\",\"potentialAction\":[{\"@type\":\"ReadAction\",\"target\":[\"https:\/\/www.fdmgroup.com\/fr-ca\/accessibility\/\"]}]},{\"@type\":\"WebSite\",\"@id\":\"https:\/\/www.fdmgroup.com\/fr-ca\/#website\",\"url\":\"https:\/\/www.fdmgroup.com\/fr-ca\/\",\"name\":\"FDM Group\",\"description\":\"\",\"publisher\":{\"@id\":\"https:\/\/www.fdmgroup.com\/fr-ca\/#organization\"},\"potentialAction\":[{\"@type\":\"SearchAction\",\"target\":{\"@type\":\"EntryPoint\",\"urlTemplate\":\"https:\/\/www.fdmgroup.com\/fr-ca\/?s={search_term_string}\"},\"query-input\":{\"@type\":\"PropertyValueSpecification\",\"valueRequired\":true,\"valueName\":\"search_term_string\"}}],\"inLanguage\":\"fr-CA\"},{\"@type\":\"Organization\",\"@id\":\"https:\/\/www.fdmgroup.com\/fr-ca\/#organization\",\"name\":\"FDM Group\",\"url\":\"https:\/\/www.fdmgroup.com\/fr-ca\/\",\"logo\":{\"@type\":\"ImageObject\",\"inLanguage\":\"fr-CA\",\"@id\":\"https:\/\/www.fdmgroup.com\/fr-ca\/#\/schema\/logo\/image\/\",\"url\":\"https:\/\/www.fdmgroup.com\/wp-content\/uploads\/2024\/04\/cropped-fdm-logo-green-square-480-3.png\",\"contentUrl\":\"https:\/\/www.fdmgroup.com\/wp-content\/uploads\/2024\/04\/cropped-fdm-logo-green-square-480-3.png\",\"width\":512,\"height\":512,\"caption\":\"FDM Group\"},\"image\":{\"@id\":\"https:\/\/www.fdmgroup.com\/fr-ca\/#\/schema\/logo\/image\/\"},\"sameAs\":[\"https:\/\/www.facebook.com\/FDMGroup\",\"https:\/\/x.com\/FDMGroup\",\"https:\/\/www.instagram.com\/fdm_group\/?hl=en\",\"https:\/\/www.linkedin.com\/company\/fdm-group\/?originalSubdomain=uk\",\"https:\/\/www.tiktok.com\/@fdm_group\"]}]}<\/script>\n<!-- \/ Yoast SEO plugin. -->","yoast_head_json":{"title":"Accessibilit\u00e9 | FDM Group","description":"Accessibilit\u00e9 | FDM Group","robots":{"index":"index","follow":"follow","max-snippet":"max-snippet:-1","max-image-preview":"max-image-preview:large","max-video-preview":"max-video-preview:-1"},"canonical":"https:\/\/www.fdmgroup.com\/fr-ca\/accessibility\/","og_locale":"fr_CA","og_type":"article","og_title":"Accessibilit\u00e9 | FDM Group","og_description":"Accessibilit\u00e9 | FDM Group","og_url":"https:\/\/www.fdmgroup.com\/fr-ca\/accessibility\/","og_site_name":"FDM Group","article_publisher":"https:\/\/www.facebook.com\/FDMGroup","article_modified_time":"2024-11-25T10:29:42+00:00","og_image":[{"width":1200,"height":675,"url":"https:\/\/www.fdmgroup.com\/wp-content\/uploads\/2024\/09\/FDM_placeholder.png","type":"image\/png"}],"twitter_card":"summary_large_image","twitter_site":"@FDMGroup","twitter_misc":{"Estimation du temps de lecture":"2 minutes"},"schema":{"@context":"https:\/\/schema.org","@graph":[{"@type":"WebPage","@id":"https:\/\/www.fdmgroup.com\/fr-ca\/accessibility\/","url":"https:\/\/www.fdmgroup.com\/fr-ca\/accessibility\/","name":"Accessibilit\u00e9 | FDM Group","isPartOf":{"@id":"https:\/\/www.fdmgroup.com\/fr-ca\/#website"},"datePublished":"2024-03-22T10:26:30+00:00","dateModified":"2024-11-25T10:29:42+00:00","description":"Accessibilit\u00e9 | FDM Group","inLanguage":"fr-CA","potentialAction":[{"@type":"ReadAction","target":["https:\/\/www.fdmgroup.com\/fr-ca\/accessibility\/"]}]},{"@type":"WebSite","@id":"https:\/\/www.fdmgroup.com\/fr-ca\/#website","url":"https:\/\/www.fdmgroup.com\/fr-ca\/","name":"FDM Group","description":"","publisher":{"@id":"https:\/\/www.fdmgroup.com\/fr-ca\/#organization"},"potentialAction":[{"@type":"SearchAction","target":{"@type":"EntryPoint","urlTemplate":"https:\/\/www.fdmgroup.com\/fr-ca\/?s={search_term_string}"},"query-input":{"@type":"PropertyValueSpecification","valueRequired":true,"valueName":"search_term_string"}}],"inLanguage":"fr-CA"},{"@type":"Organization","@id":"https:\/\/www.fdmgroup.com\/fr-ca\/#organization","name":"FDM Group","url":"https:\/\/www.fdmgroup.com\/fr-ca\/","logo":{"@type":"ImageObject","inLanguage":"fr-CA","@id":"https:\/\/www.fdmgroup.com\/fr-ca\/#\/schema\/logo\/image\/","url":"https:\/\/www.fdmgroup.com\/wp-content\/uploads\/2024\/04\/cropped-fdm-logo-green-square-480-3.png","contentUrl":"https:\/\/www.fdmgroup.com\/wp-content\/uploads\/2024\/04\/cropped-fdm-logo-green-square-480-3.png","width":512,"height":512,"caption":"FDM Group"},"image":{"@id":"https:\/\/www.fdmgroup.com\/fr-ca\/#\/schema\/logo\/image\/"},"sameAs":["https:\/\/www.facebook.com\/FDMGroup","https:\/\/x.com\/FDMGroup","https:\/\/www.instagram.com\/fdm_group\/?hl=en","https:\/\/www.linkedin.com\/company\/fdm-group\/?originalSubdomain=uk","https:\/\/www.tiktok.com\/@fdm_group"]}]}},"_links":{"self":[{"href":"https:\/\/www.fdmgroup.com\/fr-ca\/wp-json\/wp\/v2\/pages\/62228","targetHints":{"allow":["GET"]}}],"collection":[{"href":"https:\/\/www.fdmgroup.com\/fr-ca\/wp-json\/wp\/v2\/pages"}],"about":[{"href":"https:\/\/www.fdmgroup.com\/fr-ca\/wp-json\/wp\/v2\/types\/page"}],"author":[{"embeddable":true,"href":"https:\/\/www.fdmgroup.com\/fr-ca\/wp-json\/wp\/v2\/users\/2"}],"replies":[{"embeddable":true,"href":"https:\/\/www.fdmgroup.com\/fr-ca\/wp-json\/wp\/v2\/comments?post=62228"}],"version-history":[{"count":0,"href":"https:\/\/www.fdmgroup.com\/fr-ca\/wp-json\/wp\/v2\/pages\/62228\/revisions"}],"wp:attachment":[{"href":"https:\/\/www.fdmgroup.com\/fr-ca\/wp-json\/wp\/v2\/media?parent=62228"}],"curies":[{"name":"wp","href":"https:\/\/api.w.org\/{rel}","templated":true}]}}