{"id":58897,"date":"2024-03-01T10:47:47","date_gmt":"2024-03-01T10:47:47","guid":{"rendered":"https:\/\/fdm.in-beta7.co.uk\/?page_id=58897"},"modified":"2025-06-08T12:48:36","modified_gmt":"2025-06-08T11:48:36","slug":"privacy-policy","status":"publish","type":"page","link":"https:\/\/www.fdmgroup.com\/pl\/privacy-policy\/","title":{"rendered":"Polityka prywatno\u015bci"},"content":{"rendered":"\r\n<section class=\"text-hero-section slim\">\r\n\t<div class=\"container\">\r\n\t\t<div class=\"row\">\r\n\t\t\t<div class=\"col-12 waypoint\">\r\n\t\t\t\t<h1>POLITYKA PRYWATNO\u015aCI<\/h1>\n\r\n\t\t\t\t\t\t\t\t<hr>\r\n\t\t\t<\/div>\r\n\t\t<\/div>\r\n\t<\/div>\r\n<\/section>\r\n\n\n\r\n<section class=\"simple-text-section light\">\r\n\t<div class=\"container\">\r\n\t\t<div class=\"row\">\r\n\t\t\t<div class=\"col-12 waypoint\">\r\n\t\t\t\t<div class=\"text\">\r\n\t\t\t\t\t<p><strong>FDM Grupa Polska Sp. z o.o.<\/strong><br \/>\nz siedzib\u0105 w Warszawie<br \/>\nul. Grzybowska 2, lok. 29,<br \/>\n00-131 Warszawa, Polska<br \/>\nHR.PL@fdmgroup.com<\/p>\n<p>wpisana do rejestru przedsi\u0119biorc\u00f3w KRS pod nr 0000861044, NIP 5252836723;<br \/>\n(dalej jako &#8222;Sp\u00f3\u0142ka&#8221;)<\/p>\n<p><strong>KLAUZULA INFORMACYJNA<\/strong><\/p>\n<p><strong>ZASADY PRZETWARZANIA DANYCH OSOBOWYCH ZGODNIE Z ART. 13 RODO<\/strong><\/p>\n<p>Sp\u00f3\u0142ka, dzia\u0142aj\u0105c zgodnie z art. 13 ust. 1 Rozporz\u0105dzenia Parlamentu Europejskiego i Rady (UE) 2016\/679 z dnia 27 kwietnia 2016 r. w sprawie ochrony os\u00f3b fizycznych w zwi\u0105zku z przetwarzaniem danych osobowych i w sprawie swobodnego przep\u0142ywu takich danych oraz uchylenia dyrektywy 95\/46\/WE (og\u00f3lne rozporz\u0105dzenie o ochronie danych osobowych, Dz.U.UE.L.2016.119.1, dalej jako &#8222;RODO&#8221;), informuje pracownika tymczasowego lub uczestnika szkolenia, \u017ce jest administratorem jego danych osobowych.<\/p>\n<p><strong>a) Administrator danych<\/strong><\/p>\n<p>Administratorem danych jest Sp\u00f3\u0142ka.<\/p>\n<p><strong>b) Inspektor Ochrony Danych Osobowych (IODO)<\/strong><\/p>\n<p>Sp\u00f3\u0142ka powo\u0142a\u0142a Inspektora Ochrony Danych Osobowych (&#8222;IODO&#8221;) zgodnie z art. 37 RODO, z kt\u00f3rym mo\u017cna si\u0119 skontaktowa\u0107 pod adresem e-mail: privacy@fdmgroup.com.<\/p>\n<p><strong>c) Cel i podstawa prawna przetwarzania danych<\/strong><\/p>\n<p>Przetwarzanie danych osobowych pracownika tymczasowego lub uczestnika szkolenia obejmuje kategorie danych takie jak:<\/p>\n<ul>\n<li>imi\u0119 (imiona) i nazwisko,<\/li>\n<li>data urodzenia,<\/li>\n<li>dane kontaktowe wskazane przez pracownika tymczasowego lub uczestnika szkolenia,<\/li>\n<li>wykszta\u0142cenie, kwalifikacje zawodowe, przebieg dotychczasowego zatrudnienia,<\/li>\n<li>adres zamieszkania, numer PESEL,<\/li>\n<li>numer rachunku bankowego,<\/li>\n<li>inne dane osobowe pracownika, a tak\u017ce dane osobowe dzieci pracownika i cz\u0142onk\u00f3w jego najbli\u017cszej rodziny (je\u015bli podanie takich danych jest konieczne ze wzgl\u0119du na korzystanie ze szczeg\u00f3lnych uprawnie\u0144 przewidzianych w prawie pracy).<\/li>\n<\/ul>\n<p>Przetwarzanie danych jest niezb\u0119dne do wype\u0142nienia obowi\u0105zk\u00f3w prawnych ci\u0105\u017c\u0105cych na Sp\u00f3\u0142ce i ma miejsce w nast\u0119puj\u0105cych celach zwi\u0105zanych z zatrudnieniem:<\/p>\n<ol>\n<li>wype\u0142nienie obowi\u0105zk\u00f3w wynikaj\u0105cych z obowi\u0105zuj\u0105cego prawa dotycz\u0105cego pracownik\u00f3w tymczasowych, przede wszystkim z art. 221 \u00a7 1-4 Kodeksu pracy (podstawa prawna: art. 6 ust. 1 lit. c RODO);<\/li>\n<li>wykonywanie praw i obowi\u0105zk\u00f3w wynikaj\u0105cych z umowy o prac\u0119 tymczasow\u0105 (podstawa prawna: art. 6 ust. 1 lit. b RODO);<\/li>\n<li>wykonywanie praw i obowi\u0105zk\u00f3w wynikaj\u0105cych z umowy o szkolenie (podstawa prawna: art. 6 ust. 1 lit. b RODO);<\/li>\n<li>wewn\u0119trzna administracja pracownik\u00f3w tymczasowych i uczestnik\u00f3w szkole\u0144 (podstawa prawna: art. 6 ust. 1 lit. f RODO);<\/li>\n<li>zapewnienie bezpiecze\u0144stwa pracownikom tymczasowym i uczestnikom szkole\u0144 (podstawa prawna: art. 6 ust. 1 lit. c RODO).<\/li>\n<\/ol>\n<p>Podanie danych osobowych jest obowi\u0105zkowe w zakresie wynikaj\u0105cym z art. 221 \u00a7 1-4 Kodeksu pracy. W pozosta\u0142ym zakresie podanie danych jest niezb\u0119dne do zawarcia lub wykonania umowy.<\/p>\n<p><strong>d) Przekazywanie danych podmiotom trzecim<\/strong><\/p>\n<p>W celu wywi\u0105zania si\u0119 z obowi\u0105zk\u00f3w prawnych i umownych oraz w celu realizacji praw Sp\u00f3\u0142ki, dane mog\u0105 zosta\u0107 udost\u0119pnione nast\u0119puj\u0105cym podmiotom trzecim:<\/p>\n<p>(i) podmiotom publicznym (np. Zak\u0142ad Ubezpiecze\u0144 Spo\u0142ecznych, urz\u0119dy skarbowe itp.),<br \/>\n(ii) zak\u0142adom ubezpiecze\u0144 i brokerom,<br \/>\n(iii) doradcom prawnym, podatkowym i ksi\u0119gowym,<br \/>\n(iv) sp\u00f3\u0142kom wspieraj\u0105cym Sp\u00f3\u0142k\u0119 w zarz\u0105dzaniu us\u0142ugami (tj. dostawcom oprogramowania do zarz\u0105dzania),<br \/>\n(v) sp\u00f3\u0142kom lub podmiotom publicznym wspieraj\u0105cym Sp\u00f3\u0142k\u0119 w dzia\u0142aniach szkoleniowych,<br \/>\n(vi) sp\u00f3\u0142kom holdingowym Sp\u00f3\u0142ki,<br \/>\n(vii) firmie, do kt\u00f3rej zostanie oddelegowany pracownik tymczasowy,<br \/>\n(viii) zak\u0142adom opieki zdrowotnej w celach zwi\u0105zanych z medycyn\u0105 pracy,<br \/>\n(ix) bankom \u2013 w celu wyp\u0142aty wynagrodze\u0144 i innych \u015bwiadcze\u0144 pieni\u0119\u017cnych na rzecz pracownika w przypadku ich wyp\u0142aty za zgod\u0105 pracownika na rachunek bankowy.<\/p>\n<p><strong>e) Transfer danych poza Uni\u0119 Europejsk\u0105<\/strong><\/p>\n<p>Dane mog\u0105 by\u0107 przekazywane poza Europejski Obszar Gospodarczy zgodnie z odpowiednimi zabezpieczeniami prawnymi.<\/p>\n<p><strong>f) Spos\u00f3b przetwarzania<\/strong><\/p>\n<p>Dane b\u0119d\u0105 przetwarzane w formie papierowej i elektronicznej zgodnie z obowi\u0105zuj\u0105cymi przepisami prawa.<\/p>\n<p><strong>g) Okres przechowywania danych<\/strong><\/p>\n<p>Dane b\u0119d\u0105 przechowywane przez okres wymagany przepisami prawa, w tym do 10 lat od zako\u0144czenia stosunku pracy.<\/p>\n<p><strong>h) Prawa osoby, kt\u00f3rej dane dotycz\u0105<\/strong><\/p>\n<p>Osoba, kt\u00f3rej dane dotycz\u0105, mo\u017ce skorzysta\u0107 z praw okre\u015blonych w art. 15-20 RODO, w tym prawa do dost\u0119pu, sprostowania, usuni\u0119cia oraz ograniczenia przetwarzania danych.<\/p>\n<p><strong>i) Skarga do organu nadzorczego<\/strong><\/p>\n<p>W przypadku naruszenia przepis\u00f3w RODO mo\u017cna z\u0142o\u017cy\u0107 skarg\u0119 do Prezesa Urz\u0119du Ochrony Danych Osobowych w Warszawie, ul. Stawki 2, 00-193 Warszawa, tel. 22 531-03-00, e-mail: kancelaria@uodo.gov.pl.<\/p>\n\t\t\t\t<\/div>\r\n\t\t\t<\/div>\r\n\t\t<\/div>\r\n\t<\/div>\r\n<\/section>\r\n","protected":false},"excerpt":{"rendered":"","protected":false},"author":2,"featured_media":0,"parent":0,"menu_order":0,"comment_status":"closed","ping_status":"closed","template":"","meta":{"_acf_changed":false,"inline_featured_image":false,"footnotes":""},"class_list":["post-58897","page","type-page","status-publish","hentry"],"acf":[],"yoast_head":"<!-- This site is optimized with the Yoast SEO plugin v27.1.1 - https:\/\/yoast.com\/product\/yoast-seo-wordpress\/ -->\n<title>Polityka prywatno\u015bci | FDM Group<\/title>\n<meta name=\"description\" content=\"Polityka prywatno\u015bci | FDM Group\" \/>\n<meta name=\"robots\" content=\"index, follow, max-snippet:-1, max-image-preview:large, max-video-preview:-1\" \/>\n<link rel=\"canonical\" href=\"https:\/\/www.fdmgroup.com\/pl\/privacy-policy\/\" \/>\n<meta property=\"og:locale\" content=\"pl_PL\" \/>\n<meta property=\"og:type\" content=\"article\" \/>\n<meta property=\"og:title\" content=\"Polityka prywatno\u015bci | FDM Group\" \/>\n<meta property=\"og:description\" content=\"Polityka prywatno\u015bci | FDM Group\" \/>\n<meta property=\"og:url\" content=\"https:\/\/www.fdmgroup.com\/pl\/privacy-policy\/\" \/>\n<meta property=\"og:site_name\" content=\"FDM Group\" \/>\n<meta property=\"article:publisher\" content=\"https:\/\/www.facebook.com\/FDMGroup\" \/>\n<meta property=\"article:modified_time\" content=\"2025-06-08T11:48:36+00:00\" \/>\n<meta property=\"og:image\" content=\"https:\/\/www.fdmgroup.com\/wp-content\/uploads\/2024\/09\/FDM_placeholder.png\" \/>\n\t<meta property=\"og:image:width\" content=\"1200\" \/>\n\t<meta property=\"og:image:height\" content=\"675\" \/>\n\t<meta property=\"og:image:type\" content=\"image\/png\" \/>\n<meta name=\"twitter:card\" content=\"summary_large_image\" \/>\n<meta name=\"twitter:site\" content=\"@FDMGroup\" \/>\n<meta name=\"twitter:label1\" content=\"Szacowany czas czytania\" \/>\n\t<meta name=\"twitter:data1\" content=\"3 minuty\" \/>\n<script type=\"application\/ld+json\" class=\"yoast-schema-graph\">{\"@context\":\"https:\/\/schema.org\",\"@graph\":[{\"@type\":\"WebPage\",\"@id\":\"https:\/\/www.fdmgroup.com\/pl\/privacy-policy\/\",\"url\":\"https:\/\/www.fdmgroup.com\/pl\/privacy-policy\/\",\"name\":\"Polityka prywatno\u015bci | FDM Group\",\"isPartOf\":{\"@id\":\"https:\/\/www.fdmgroup.com\/pl\/#website\"},\"datePublished\":\"2024-03-01T10:47:47+00:00\",\"dateModified\":\"2025-06-08T11:48:36+00:00\",\"description\":\"Polityka prywatno\u015bci | FDM Group\",\"inLanguage\":\"pl-PL\",\"potentialAction\":[{\"@type\":\"ReadAction\",\"target\":[\"https:\/\/www.fdmgroup.com\/pl\/privacy-policy\/\"]}]},{\"@type\":\"WebSite\",\"@id\":\"https:\/\/www.fdmgroup.com\/pl\/#website\",\"url\":\"https:\/\/www.fdmgroup.com\/pl\/\",\"name\":\"FDM Group\",\"description\":\"\",\"publisher\":{\"@id\":\"https:\/\/www.fdmgroup.com\/pl\/#organization\"},\"potentialAction\":[{\"@type\":\"SearchAction\",\"target\":{\"@type\":\"EntryPoint\",\"urlTemplate\":\"https:\/\/www.fdmgroup.com\/pl\/?s={search_term_string}\"},\"query-input\":{\"@type\":\"PropertyValueSpecification\",\"valueRequired\":true,\"valueName\":\"search_term_string\"}}],\"inLanguage\":\"pl-PL\"},{\"@type\":\"Organization\",\"@id\":\"https:\/\/www.fdmgroup.com\/pl\/#organization\",\"name\":\"FDM Group\",\"url\":\"https:\/\/www.fdmgroup.com\/pl\/\",\"logo\":{\"@type\":\"ImageObject\",\"inLanguage\":\"pl-PL\",\"@id\":\"https:\/\/www.fdmgroup.com\/pl\/#\/schema\/logo\/image\/\",\"url\":\"https:\/\/www.fdmgroup.com\/wp-content\/uploads\/2024\/04\/cropped-fdm-logo-green-square-480-3.png\",\"contentUrl\":\"https:\/\/www.fdmgroup.com\/wp-content\/uploads\/2024\/04\/cropped-fdm-logo-green-square-480-3.png\",\"width\":512,\"height\":512,\"caption\":\"FDM Group\"},\"image\":{\"@id\":\"https:\/\/www.fdmgroup.com\/pl\/#\/schema\/logo\/image\/\"},\"sameAs\":[\"https:\/\/www.facebook.com\/FDMGroup\",\"https:\/\/x.com\/FDMGroup\",\"https:\/\/www.instagram.com\/fdm_group\/?hl=en\",\"https:\/\/www.linkedin.com\/company\/fdm-group\/?originalSubdomain=uk\",\"https:\/\/www.tiktok.com\/@fdm_group\"]}]}<\/script>\n<!-- \/ Yoast SEO plugin. -->","yoast_head_json":{"title":"Polityka prywatno\u015bci | FDM Group","description":"Polityka prywatno\u015bci | FDM Group","robots":{"index":"index","follow":"follow","max-snippet":"max-snippet:-1","max-image-preview":"max-image-preview:large","max-video-preview":"max-video-preview:-1"},"canonical":"https:\/\/www.fdmgroup.com\/pl\/privacy-policy\/","og_locale":"pl_PL","og_type":"article","og_title":"Polityka prywatno\u015bci | FDM Group","og_description":"Polityka prywatno\u015bci | FDM Group","og_url":"https:\/\/www.fdmgroup.com\/pl\/privacy-policy\/","og_site_name":"FDM Group","article_publisher":"https:\/\/www.facebook.com\/FDMGroup","article_modified_time":"2025-06-08T11:48:36+00:00","og_image":[{"width":1200,"height":675,"url":"https:\/\/www.fdmgroup.com\/wp-content\/uploads\/2024\/09\/FDM_placeholder.png","type":"image\/png"}],"twitter_card":"summary_large_image","twitter_site":"@FDMGroup","twitter_misc":{"Szacowany czas czytania":"3 minuty"},"schema":{"@context":"https:\/\/schema.org","@graph":[{"@type":"WebPage","@id":"https:\/\/www.fdmgroup.com\/pl\/privacy-policy\/","url":"https:\/\/www.fdmgroup.com\/pl\/privacy-policy\/","name":"Polityka prywatno\u015bci | FDM Group","isPartOf":{"@id":"https:\/\/www.fdmgroup.com\/pl\/#website"},"datePublished":"2024-03-01T10:47:47+00:00","dateModified":"2025-06-08T11:48:36+00:00","description":"Polityka prywatno\u015bci | FDM Group","inLanguage":"pl-PL","potentialAction":[{"@type":"ReadAction","target":["https:\/\/www.fdmgroup.com\/pl\/privacy-policy\/"]}]},{"@type":"WebSite","@id":"https:\/\/www.fdmgroup.com\/pl\/#website","url":"https:\/\/www.fdmgroup.com\/pl\/","name":"FDM Group","description":"","publisher":{"@id":"https:\/\/www.fdmgroup.com\/pl\/#organization"},"potentialAction":[{"@type":"SearchAction","target":{"@type":"EntryPoint","urlTemplate":"https:\/\/www.fdmgroup.com\/pl\/?s={search_term_string}"},"query-input":{"@type":"PropertyValueSpecification","valueRequired":true,"valueName":"search_term_string"}}],"inLanguage":"pl-PL"},{"@type":"Organization","@id":"https:\/\/www.fdmgroup.com\/pl\/#organization","name":"FDM Group","url":"https:\/\/www.fdmgroup.com\/pl\/","logo":{"@type":"ImageObject","inLanguage":"pl-PL","@id":"https:\/\/www.fdmgroup.com\/pl\/#\/schema\/logo\/image\/","url":"https:\/\/www.fdmgroup.com\/wp-content\/uploads\/2024\/04\/cropped-fdm-logo-green-square-480-3.png","contentUrl":"https:\/\/www.fdmgroup.com\/wp-content\/uploads\/2024\/04\/cropped-fdm-logo-green-square-480-3.png","width":512,"height":512,"caption":"FDM Group"},"image":{"@id":"https:\/\/www.fdmgroup.com\/pl\/#\/schema\/logo\/image\/"},"sameAs":["https:\/\/www.facebook.com\/FDMGroup","https:\/\/x.com\/FDMGroup","https:\/\/www.instagram.com\/fdm_group\/?hl=en","https:\/\/www.linkedin.com\/company\/fdm-group\/?originalSubdomain=uk","https:\/\/www.tiktok.com\/@fdm_group"]}]}},"_links":{"self":[{"href":"https:\/\/www.fdmgroup.com\/pl\/wp-json\/wp\/v2\/pages\/58897","targetHints":{"allow":["GET"]}}],"collection":[{"href":"https:\/\/www.fdmgroup.com\/pl\/wp-json\/wp\/v2\/pages"}],"about":[{"href":"https:\/\/www.fdmgroup.com\/pl\/wp-json\/wp\/v2\/types\/page"}],"author":[{"embeddable":true,"href":"https:\/\/www.fdmgroup.com\/pl\/wp-json\/wp\/v2\/users\/2"}],"replies":[{"embeddable":true,"href":"https:\/\/www.fdmgroup.com\/pl\/wp-json\/wp\/v2\/comments?post=58897"}],"version-history":[{"count":0,"href":"https:\/\/www.fdmgroup.com\/pl\/wp-json\/wp\/v2\/pages\/58897\/revisions"}],"wp:attachment":[{"href":"https:\/\/www.fdmgroup.com\/pl\/wp-json\/wp\/v2\/media?parent=58897"}],"curies":[{"name":"wp","href":"https:\/\/api.w.org\/{rel}","templated":true}]}}