{"id":59293,"date":"2024-03-11T17:20:53","date_gmt":"2024-03-11T17:20:53","guid":{"rendered":"https:\/\/fdm.in-beta7.co.uk\/?page_id=59293"},"modified":"2025-07-22T09:41:41","modified_gmt":"2025-07-22T08:41:41","slug":"change-transformation","status":"publish","type":"page","link":"https:\/\/www.fdmgroup.com\/pl\/candidates\/practices\/change-transformation\/","title":{"rendered":"Change &amp; Transformation"},"content":{"rendered":"\r\n<section class=\"simple-hero-section\">\r\n\t<div class=\"container\">\r\n\t\t<div class=\"row\">\r\n\t\t\t<div class=\"col-12 col-md-6 text-side waypoint\">\r\n\t\t\t\t<div class=\"text\">\r\n\t\t\t\t\t<h1>Ocena i zarz\u0105dzanie biznesem \u2013 mo\u017cliwo\u015bci kariery<\/h1>\n\r\n\t\t\t\t\t\t\t\t\t\t\t\t\t\t\t<div class=\"btn-con\">\r\n\t\t\t\t\t\t<a class=\"btn\" href=\"https:\/\/careers.fdmgroup.com\/vacancies\/vacancy-search-results.aspx\" target=\"_self\">Zarejestruj si\u0119<\/a>\r\n\t\t\t\t\t<\/div>\r\n\t\t\t\t\t\t\t\t\t<\/div>\r\n\t\t\t<\/div>\r\n\r\n\t\t\t<div class=\"col-12 col-md-6 img-side waypoint\">\r\n\t\t\t\t\t\t\t\t<img width=\"864\" height=\"839\" data-done=\"false\" data-img=\"https:\/\/www.fdmgroup.com\/wp-content\/uploads\/2024\/03\/FDM-Practices-864x839.jpg\" alt=\"\">\r\n\t\t\t\t\t\t\t<\/div>\r\n\t\t<\/div>\r\n\t<\/div>\r\n<\/section>\r\n\n\n\r\n<section class=\"text-with-image-section medium-light right\">\r\n\t<div class=\"container\">\r\n\t\t<div class=\"row\">\r\n\r\n\t\t\t<div class=\"col-12 col-md-6 img-side waypoint\">\r\n\t\t\t\t\t\t\t\t<img width=\"771\" height=\"791\" data-done=\"false\" data-img=\"https:\/\/www.fdmgroup.com\/wp-content\/uploads\/2024\/03\/iStock-1795115029-1-1-771x791.jpg\" alt=\"\">\r\n\t\t\t\t\t\t\t<\/div>\r\n\r\n\t\t\t<div class=\"col-12 col-md-6 text-side waypoint\">\r\n\t\t\t\t<div class=\"text\">\r\n\t\t\t\t\t<h2>Przyspiesz swoj\u0105 karier\u0119 w dynamicznym \u015bwiecie transformacji biznesowej<\/h2>\n<p>Do\u0142\u0105cz do naszego zespo\u0142u ds. Oceny i zarz\u0105dzania biznesem i poznaj podstawy funkcjonowania firm, zdobywaj\u0105c praktyczn\u0105 wiedz\u0119 z zakresu analizy biznesowej, zarz\u0105dzania projektami oraz metodologii zarz\u0105dzania zmianami.<\/p>\n\r\n\t\t\t\t\t\t\t\t\t<\/div>\r\n\t\t\t<\/div>\r\n\r\n\t\t<\/div>\r\n\t<\/div>\r\n<\/section>\r\n\n\n\r\n<section class=\"text-with-image-section light left\">\r\n\t<div class=\"container\">\r\n\t\t<div class=\"row\">\r\n\r\n\t\t\t<div class=\"col-12 col-md-6 img-side waypoint\">\r\n\t\t\t\t\t\t\t\t<img width=\"771\" height=\"791\" data-done=\"false\" data-img=\"https:\/\/www.fdmgroup.com\/wp-content\/uploads\/2024\/03\/iStock-1487621241-771x791.jpg\" alt=\"\">\r\n\t\t\t\t\t\t\t<\/div>\r\n\r\n\t\t\t<div class=\"col-12 col-md-6 text-side waypoint\">\r\n\t\t\t\t<div class=\"text\">\r\n\t\t\t\t\t<h2>Tam, gdzie innowacja \u0142\u0105czy si\u0119 z do\u015bwiadczeniem<\/h2>\n<p>Podejmij r\u00f3\u017cnorodne i interesuj\u0105ce wyzwania w projektach dla klient\u00f3w. Od zbierania i zarz\u0105dzania wymaganiami, przez optymalizacj\u0119 proces\u00f3w biznesowych, analiz\u0119 wp\u0142ywu zmian, po restrukturyzacj\u0119 organizacyjn\u0105 \u2013 nasze metody pracy oparte na podej\u015bciu Lean oraz metodologii Agile wspieraj\u0105 klient\u00f3w w przeprowadzaniu istotnych zmian biznesowych.<\/p>\n\r\n\t\t\t\t\t\t\t\t\t\t\t\t\t\t\t<div class=\"btn-con\">\r\n\t\t\t\t\t\t<a class=\"btn\" href=\"\/pl\/about-us\/contact-us\/\" target=\"_self\">Dowiedz si\u0119 wi\u0119cej<\/a>\r\n\t\t\t\t\t<\/div>\r\n\t\t\t\t\t\t\t\t\t<\/div>\r\n\t\t\t<\/div>\r\n\r\n\t\t<\/div>\r\n\t<\/div>\r\n<\/section>\r\n\n\n\r\n<section class=\"simple-hero-section\">\r\n\t<div class=\"container\">\r\n\t\t<div class=\"row\">\r\n\t\t\t<div class=\"col-12 col-md-6 text-side waypoint\">\r\n\t\t\t\t<div class=\"text\">\r\n\t\t\t\t\t<h2>Dlaczego warto do nas do\u0142\u0105czy\u0107?<\/h2>\n<p>Jeste\u015bmy zaanga\u017cowani w Tw\u00f3j ci\u0105g\u0142y rozw\u00f3j i doskonalenie. Kszta\u0142tuj swoj\u0105 indywidualn\u0105 \u015bcie\u017ck\u0119 kariery dzi\u0119ki coachingowi, mentoringowi oraz ci\u0105g\u0142emu podnoszeniu kompetencji w Centrum Rozwoju Kompetencji FDM.<\/p>\n<p>Dowiedz si\u0119 wi\u0119cej o wsparciu i rozwoju, jakie oferuje FDM.<\/p>\n\r\n\t\t\t\t\t\t\t\t\t<\/div>\r\n\t\t\t<\/div>\r\n\r\n\t\t\t<div class=\"col-12 col-md-6 img-side waypoint\">\r\n\t\t\t\t\t\t\t\t<img width=\"864\" height=\"839\" data-done=\"false\" data-img=\"https:\/\/www.fdmgroup.com\/wp-content\/uploads\/2024\/03\/iStock-1455296779-864x839.jpg\" alt=\"\">\r\n\t\t\t\t\t\t\t<\/div>\r\n\t\t<\/div>\r\n\t<\/div>\r\n<\/section>\r\n\n\n\r\n<section class=\"simple-hero-section\">\r\n\t<div class=\"container\">\r\n\t\t<div class=\"row\">\r\n\t\t\t<div class=\"col-12 col-md-6 text-side waypoint\">\r\n\t\t\t\t<div class=\"text\">\r\n\t\t\t\t\t<h2>Kogo szukamy?<\/h2>\n<p>Kariera w obszarze Oceny i zarz\u0105dzania biznesem to \u015bwietny wyb\u00f3r, je\u015bli posiadasz:\u2022 Zdolno\u015b\u0107 analitycznego my\u015blenia:<\/p>\n<ul>\n<li>Umiej\u0119tno\u015b\u0107 rozwi\u0105zywania problem\u00f3w<\/li>\n<li>Umiej\u0119tno\u015b\u0107 szukania i analizy informacji<\/li>\n<li>Zdolno\u015bci interpersonalne<\/li>\n<\/ul>\n<p>Pomagamy w podj\u0119ciu r\u00f3\u017cnorodnych \u015bcie\u017cek kariery, oferuj\u0105c akredytowane kwalifikacje, ci\u0105g\u0142y rozw\u00f3j umiej\u0119tno\u015bci i wsparcie. Korzystaj z r\u00f3\u017cnych mo\u017cliwo\u015bci, bior\u0105c udzia\u0142 w r\u00f3\u017cnorodnych projektach o zr\u00f3\u017cnicowanej d\u0142ugo\u015bci, z kt\u00f3rych niekt\u00f3re mog\u0105 prowadzi\u0107 do sta\u0142ych r\u00f3l u naszych klient\u00f3w.<\/p>\n\r\n\t\t\t\t\t\t\t\t\t<\/div>\r\n\t\t\t<\/div>\r\n\r\n\t\t\t<div class=\"col-12 col-md-6 img-side waypoint\">\r\n\t\t\t\t\t\t\t\t<img width=\"864\" height=\"837\" data-done=\"false\" data-img=\"https:\/\/www.fdmgroup.com\/wp-content\/uploads\/2024\/03\/iStock-1344874384-864x837.jpg\" alt=\"Shot of a young businessman using a laptop at a conference\">\r\n\t\t\t\t\t\t\t<\/div>\r\n\t\t<\/div>\r\n\t<\/div>\r\n<\/section>\r\n\n\n\r\n<section class=\"simple-hero-section\">\r\n\t<div class=\"container\">\r\n\t\t<div class=\"row\">\r\n\t\t\t<div class=\"col-12 col-md-6 text-side waypoint\">\r\n\t\t\t\t<div class=\"text\">\r\n\t\t\t\t\t<h2>Przyk\u0142adowe role w ramach naszych obszar\u00f3w kompetencji:<\/h2>\n<ul>\n<li>Od Menad\u017cera ds. zarz\u0105dzania zmian\u0105 do Dyrektora ds. zmiany<span data-ccp-props=\"{&quot;201341983&quot;:0,&quot;335559739&quot;:160,&quot;335559740&quot;:259}\">\u00a0<\/span><\/li>\n<\/ul>\n<ul>\n<li>Od Konsultanta ds. transformacji do Menad\u017cera ds. transformacji<\/li>\n<li>Od Menad\u017cera projektu do Kierownika programu<\/li>\n<li>Od G\u0142\u00f3wnego analityka biznesowego do Lidera zespo\u0142u analityk\u00f3w<\/li>\n<\/ul>\n<p>&nbsp;<\/p>\n\r\n\t\t\t\t\t\t\t\t\t<\/div>\r\n\t\t\t<\/div>\r\n\r\n\t\t\t<div class=\"col-12 col-md-6 img-side waypoint\">\r\n\t\t\t\t\t\t\t\t<img width=\"864\" height=\"836\" data-done=\"false\" data-img=\"https:\/\/www.fdmgroup.com\/wp-content\/uploads\/2024\/03\/iStock-1408304047-864x836.jpg\" alt=\"\">\r\n\t\t\t\t\t\t\t<\/div>\r\n\t\t<\/div>\r\n\t<\/div>\r\n<\/section>\r\n\n\n\r\n<section class=\"block-section medium-light\">\r\n\t<div class=\"container\">\r\n\t\t<div class=\"row\">\r\n\r\n\t\t\t\t\t\t<div class=\"col-12 text-con waypoint\">\r\n\t\t\t\t<h2>Nasze obszary kompetencji<\/h2>\n\t\t\t<\/div>\r\n\t\t\t\r\n\t\t\t\t\t\t\t\t\t\t\t\t\t\t\t\r\n\t\t\t<div class=\"col-12 col-sm-6 col-md-4 waypoint\">\r\n\t\t\t\t<div class=\"inner\">\r\n\t\t\t\t\t\r\n\t\t\t\t\t\r\n\t\t\t\t\t<h4>Zarz\u0105dzanie dostarczaniem us\u0142ug<\/h4>\n\t\t\t\t<\/div>\r\n\t\t\t<\/div>\r\n\t\t\t\t\t\t\t\t\t\t\t\t\r\n\t\t\t<div class=\"col-12 col-sm-6 col-md-4 waypoint\">\r\n\t\t\t\t<div class=\"inner\">\r\n\t\t\t\t\t\r\n\t\t\t\t\t\r\n\t\t\t\t\t<h4>Zarz\u0105dzanie projektami<\/h4>\n\t\t\t\t<\/div>\r\n\t\t\t<\/div>\r\n\t\t\t\t\t\t\t\t\t\t\t\t\r\n\t\t\t<div class=\"col-12 col-sm-6 col-md-4 waypoint\">\r\n\t\t\t\t<div class=\"inner\">\r\n\t\t\t\t\t\r\n\t\t\t\t\t\r\n\t\t\t\t\t<h4>Analiza biznesowa<\/h4>\n\t\t\t\t<\/div>\r\n\t\t\t<\/div>\r\n\t\t\t\t\t\t\t\t\t\t\t\t\r\n\t\t\t<div class=\"col-12 col-sm-6 col-md-4 waypoint\">\r\n\t\t\t\t<div class=\"inner\">\r\n\t\t\t\t\t\r\n\t\t\t\t\t\r\n\t\t\t\t\t<h4>Zarz\u0105dzanie projektami Scrum<\/h4>\n\t\t\t\t<\/div>\r\n\t\t\t<\/div>\r\n\t\t\t\t\t\t\t\t\t\t\t\t\r\n\t\t\t<div class=\"col-12 col-sm-6 col-md-4 waypoint\">\r\n\t\t\t\t<div class=\"inner\">\r\n\t\t\t\t\t\r\n\t\t\t\t\t\r\n\t\t\t\t\t<h4>Zarz\u0105dzanie rozwojem produktu<\/h4>\n\t\t\t\t<\/div>\r\n\t\t\t<\/div>\r\n\t\t\t\t\t\t\t\t\t\t\t\t\r\n\t\t\t<div class=\"col-12 col-sm-6 col-md-4 waypoint\">\r\n\t\t\t\t<div class=\"inner\">\r\n\t\t\t\t\t\r\n\t\t\t\t\t\r\n\t\t\t\t\t<h4>Zarz\u0105dzanie ryzykiem<\/h4>\n\t\t\t\t<\/div>\r\n\t\t\t<\/div>\r\n\t\t\t\t\t\t\r\n\t\t\t\t\t<\/div>\r\n\t<\/div>\r\n<\/section>\r\n\r\n\r\n\n\n\r\n<section class=\"cta-section light\">\r\n\t<div class=\"container\">\r\n\t\t<div class=\"row\">\r\n\t\t\t<div class=\"col-12 waypoint\">\r\n\t\t\t\t<h2>Tw\u00f3j d\u0142ugoterminowy sukces zaczyna si\u0119 w FDM<\/h2>\n\t\t\t\t\t\t\t\t\t\t\t\t\t<div class=\"btn-con btn-con-center\">\r\n\t\t\t\t\t\t<a class=\"btn\" href=\"https:\/\/careers.fdmgroup.com\/vacancies\/vacancy-search-results.aspx\" target=\"_self\">Zarejestruj si\u0119<\/a>\r\n\t\t\t\t\t<\/div>\r\n\t\t\t\t\t\t\t<\/div>\r\n\t\t<\/div>\r\n\t<\/div>\r\n\r\n\t\r\n<\/section>\r\n","protected":false},"excerpt":{"rendered":"","protected":false},"author":2,"featured_media":0,"parent":59272,"menu_order":0,"comment_status":"closed","ping_status":"closed","template":"","meta":{"_acf_changed":false,"inline_featured_image":false,"footnotes":""},"class_list":["post-59293","page","type-page","status-publish","hentry"],"acf":[],"yoast_head":"<!-- This site is optimized with the Yoast SEO plugin v27.1.1 - https:\/\/yoast.com\/product\/yoast-seo-wordpress\/ -->\n<title>Change &amp; Transformation | FDM Group<\/title>\n<meta name=\"description\" content=\"Change &amp; Transformation | FDM Group\" \/>\n<meta name=\"robots\" content=\"index, follow, max-snippet:-1, max-image-preview:large, max-video-preview:-1\" \/>\n<link rel=\"canonical\" href=\"https:\/\/www.fdmgroup.com\/pl\/candidates\/practices\/change-transformation\/\" \/>\n<meta property=\"og:locale\" content=\"pl_PL\" \/>\n<meta property=\"og:type\" content=\"article\" \/>\n<meta property=\"og:title\" content=\"Change &amp; Transformation | FDM Group\" \/>\n<meta property=\"og:description\" content=\"Change &amp; Transformation | FDM Group\" \/>\n<meta property=\"og:url\" content=\"https:\/\/www.fdmgroup.com\/pl\/candidates\/practices\/change-transformation\/\" \/>\n<meta property=\"og:site_name\" content=\"FDM Group\" \/>\n<meta property=\"article:publisher\" content=\"https:\/\/www.facebook.com\/FDMGroup\" \/>\n<meta property=\"article:modified_time\" content=\"2025-07-22T08:41:41+00:00\" \/>\n<meta property=\"og:image\" content=\"https:\/\/www.fdmgroup.com\/wp-content\/uploads\/2024\/09\/FDM_placeholder.png\" \/>\n\t<meta property=\"og:image:width\" content=\"1200\" \/>\n\t<meta property=\"og:image:height\" content=\"675\" \/>\n\t<meta property=\"og:image:type\" content=\"image\/png\" \/>\n<meta name=\"twitter:card\" content=\"summary_large_image\" \/>\n<meta name=\"twitter:site\" content=\"@FDMGroup\" \/>\n<meta name=\"twitter:label1\" content=\"Szacowany czas czytania\" \/>\n\t<meta name=\"twitter:data1\" content=\"3 minuty\" \/>\n<script type=\"application\/ld+json\" class=\"yoast-schema-graph\">{\"@context\":\"https:\/\/schema.org\",\"@graph\":[{\"@type\":\"WebPage\",\"@id\":\"https:\/\/www.fdmgroup.com\/pl\/candidates\/practices\/change-transformation\/\",\"url\":\"https:\/\/www.fdmgroup.com\/pl\/candidates\/practices\/change-transformation\/\",\"name\":\"Change &amp; Transformation | FDM Group\",\"isPartOf\":{\"@id\":\"https:\/\/www.fdmgroup.com\/pl\/#website\"},\"datePublished\":\"2024-03-11T17:20:53+00:00\",\"dateModified\":\"2025-07-22T08:41:41+00:00\",\"description\":\"Change &amp; Transformation | FDM Group\",\"breadcrumb\":{\"@id\":\"https:\/\/www.fdmgroup.com\/pl\/candidates\/practices\/change-transformation\/#breadcrumb\"},\"inLanguage\":\"pl-PL\",\"potentialAction\":[{\"@type\":\"ReadAction\",\"target\":[\"https:\/\/www.fdmgroup.com\/pl\/candidates\/practices\/change-transformation\/\"]}]},{\"@type\":\"BreadcrumbList\",\"@id\":\"https:\/\/www.fdmgroup.com\/pl\/candidates\/practices\/change-transformation\/#breadcrumb\",\"itemListElement\":[{\"@type\":\"ListItem\",\"position\":1,\"name\":\"(PL) Candidates\",\"item\":\"https:\/\/www.fdmgroup.com\/pl\/candidates\/\"},{\"@type\":\"ListItem\",\"position\":2,\"name\":\"Practices\",\"item\":\"https:\/\/www.fdmgroup.com\/pl\/candidates\/practices\/\"},{\"@type\":\"ListItem\",\"position\":3,\"name\":\"Change &amp; Transformation\"}]},{\"@type\":\"WebSite\",\"@id\":\"https:\/\/www.fdmgroup.com\/pl\/#website\",\"url\":\"https:\/\/www.fdmgroup.com\/pl\/\",\"name\":\"FDM Group\",\"description\":\"\",\"publisher\":{\"@id\":\"https:\/\/www.fdmgroup.com\/pl\/#organization\"},\"potentialAction\":[{\"@type\":\"SearchAction\",\"target\":{\"@type\":\"EntryPoint\",\"urlTemplate\":\"https:\/\/www.fdmgroup.com\/pl\/?s={search_term_string}\"},\"query-input\":{\"@type\":\"PropertyValueSpecification\",\"valueRequired\":true,\"valueName\":\"search_term_string\"}}],\"inLanguage\":\"pl-PL\"},{\"@type\":\"Organization\",\"@id\":\"https:\/\/www.fdmgroup.com\/pl\/#organization\",\"name\":\"FDM Group\",\"url\":\"https:\/\/www.fdmgroup.com\/pl\/\",\"logo\":{\"@type\":\"ImageObject\",\"inLanguage\":\"pl-PL\",\"@id\":\"https:\/\/www.fdmgroup.com\/pl\/#\/schema\/logo\/image\/\",\"url\":\"https:\/\/www.fdmgroup.com\/wp-content\/uploads\/2024\/04\/cropped-fdm-logo-green-square-480-3.png\",\"contentUrl\":\"https:\/\/www.fdmgroup.com\/wp-content\/uploads\/2024\/04\/cropped-fdm-logo-green-square-480-3.png\",\"width\":512,\"height\":512,\"caption\":\"FDM Group\"},\"image\":{\"@id\":\"https:\/\/www.fdmgroup.com\/pl\/#\/schema\/logo\/image\/\"},\"sameAs\":[\"https:\/\/www.facebook.com\/FDMGroup\",\"https:\/\/x.com\/FDMGroup\",\"https:\/\/www.instagram.com\/fdm_group\/?hl=en\",\"https:\/\/www.linkedin.com\/company\/fdm-group\/?originalSubdomain=uk\",\"https:\/\/www.tiktok.com\/@fdm_group\"]}]}<\/script>\n<!-- \/ Yoast SEO plugin. -->","yoast_head_json":{"title":"Change &amp; Transformation | FDM Group","description":"Change &amp; Transformation | FDM Group","robots":{"index":"index","follow":"follow","max-snippet":"max-snippet:-1","max-image-preview":"max-image-preview:large","max-video-preview":"max-video-preview:-1"},"canonical":"https:\/\/www.fdmgroup.com\/pl\/candidates\/practices\/change-transformation\/","og_locale":"pl_PL","og_type":"article","og_title":"Change &amp; Transformation | FDM Group","og_description":"Change &amp; Transformation | FDM Group","og_url":"https:\/\/www.fdmgroup.com\/pl\/candidates\/practices\/change-transformation\/","og_site_name":"FDM Group","article_publisher":"https:\/\/www.facebook.com\/FDMGroup","article_modified_time":"2025-07-22T08:41:41+00:00","og_image":[{"width":1200,"height":675,"url":"https:\/\/www.fdmgroup.com\/wp-content\/uploads\/2024\/09\/FDM_placeholder.png","type":"image\/png"}],"twitter_card":"summary_large_image","twitter_site":"@FDMGroup","twitter_misc":{"Szacowany czas czytania":"3 minuty"},"schema":{"@context":"https:\/\/schema.org","@graph":[{"@type":"WebPage","@id":"https:\/\/www.fdmgroup.com\/pl\/candidates\/practices\/change-transformation\/","url":"https:\/\/www.fdmgroup.com\/pl\/candidates\/practices\/change-transformation\/","name":"Change &amp; Transformation | FDM Group","isPartOf":{"@id":"https:\/\/www.fdmgroup.com\/pl\/#website"},"datePublished":"2024-03-11T17:20:53+00:00","dateModified":"2025-07-22T08:41:41+00:00","description":"Change &amp; Transformation | FDM Group","breadcrumb":{"@id":"https:\/\/www.fdmgroup.com\/pl\/candidates\/practices\/change-transformation\/#breadcrumb"},"inLanguage":"pl-PL","potentialAction":[{"@type":"ReadAction","target":["https:\/\/www.fdmgroup.com\/pl\/candidates\/practices\/change-transformation\/"]}]},{"@type":"BreadcrumbList","@id":"https:\/\/www.fdmgroup.com\/pl\/candidates\/practices\/change-transformation\/#breadcrumb","itemListElement":[{"@type":"ListItem","position":1,"name":"(PL) Candidates","item":"https:\/\/www.fdmgroup.com\/pl\/candidates\/"},{"@type":"ListItem","position":2,"name":"Practices","item":"https:\/\/www.fdmgroup.com\/pl\/candidates\/practices\/"},{"@type":"ListItem","position":3,"name":"Change &amp; Transformation"}]},{"@type":"WebSite","@id":"https:\/\/www.fdmgroup.com\/pl\/#website","url":"https:\/\/www.fdmgroup.com\/pl\/","name":"FDM Group","description":"","publisher":{"@id":"https:\/\/www.fdmgroup.com\/pl\/#organization"},"potentialAction":[{"@type":"SearchAction","target":{"@type":"EntryPoint","urlTemplate":"https:\/\/www.fdmgroup.com\/pl\/?s={search_term_string}"},"query-input":{"@type":"PropertyValueSpecification","valueRequired":true,"valueName":"search_term_string"}}],"inLanguage":"pl-PL"},{"@type":"Organization","@id":"https:\/\/www.fdmgroup.com\/pl\/#organization","name":"FDM Group","url":"https:\/\/www.fdmgroup.com\/pl\/","logo":{"@type":"ImageObject","inLanguage":"pl-PL","@id":"https:\/\/www.fdmgroup.com\/pl\/#\/schema\/logo\/image\/","url":"https:\/\/www.fdmgroup.com\/wp-content\/uploads\/2024\/04\/cropped-fdm-logo-green-square-480-3.png","contentUrl":"https:\/\/www.fdmgroup.com\/wp-content\/uploads\/2024\/04\/cropped-fdm-logo-green-square-480-3.png","width":512,"height":512,"caption":"FDM Group"},"image":{"@id":"https:\/\/www.fdmgroup.com\/pl\/#\/schema\/logo\/image\/"},"sameAs":["https:\/\/www.facebook.com\/FDMGroup","https:\/\/x.com\/FDMGroup","https:\/\/www.instagram.com\/fdm_group\/?hl=en","https:\/\/www.linkedin.com\/company\/fdm-group\/?originalSubdomain=uk","https:\/\/www.tiktok.com\/@fdm_group"]}]}},"_links":{"self":[{"href":"https:\/\/www.fdmgroup.com\/pl\/wp-json\/wp\/v2\/pages\/59293","targetHints":{"allow":["GET"]}}],"collection":[{"href":"https:\/\/www.fdmgroup.com\/pl\/wp-json\/wp\/v2\/pages"}],"about":[{"href":"https:\/\/www.fdmgroup.com\/pl\/wp-json\/wp\/v2\/types\/page"}],"author":[{"embeddable":true,"href":"https:\/\/www.fdmgroup.com\/pl\/wp-json\/wp\/v2\/users\/2"}],"replies":[{"embeddable":true,"href":"https:\/\/www.fdmgroup.com\/pl\/wp-json\/wp\/v2\/comments?post=59293"}],"version-history":[{"count":0,"href":"https:\/\/www.fdmgroup.com\/pl\/wp-json\/wp\/v2\/pages\/59293\/revisions"}],"up":[{"embeddable":true,"href":"https:\/\/www.fdmgroup.com\/pl\/wp-json\/wp\/v2\/pages\/59272"}],"wp:attachment":[{"href":"https:\/\/www.fdmgroup.com\/pl\/wp-json\/wp\/v2\/media?parent=59293"}],"curies":[{"name":"wp","href":"https:\/\/api.w.org\/{rel}","templated":true}]}}