{"id":59313,"date":"2024-03-11T16:34:32","date_gmt":"2024-03-11T16:34:32","guid":{"rendered":"https:\/\/fdm.in-beta7.co.uk\/?page_id=59313"},"modified":"2025-07-22T09:41:43","modified_gmt":"2025-07-22T08:41:43","slug":"risk-regulation-compliance","status":"publish","type":"page","link":"https:\/\/www.fdmgroup.com\/pl\/candidates\/practices\/risk-regulation-compliance\/","title":{"rendered":"Risk, Regulation &amp; Compliance"},"content":{"rendered":"\r\n<section class=\"simple-hero-section\">\r\n\t<div class=\"container\">\r\n\t\t<div class=\"row\">\r\n\t\t\t<div class=\"col-12 col-md-6 text-side waypoint\">\r\n\t\t\t\t<div class=\"text\">\r\n\t\t\t\t\t<h1>Zarz\u0105dzanie ryzykiem i kontrola zgodno\u015bci<\/h1>\n\r\n\t\t\t\t\t\t\t\t\t\t\t\t\t\t\t<div class=\"btn-con\">\r\n\t\t\t\t\t\t<a class=\"btn\" href=\"https:\/\/careers.fdmgroup.com\/vacancies\/vacancy-search-results.aspx\" target=\"_self\">Zarejestruj si\u0119<\/a>\r\n\t\t\t\t\t<\/div>\r\n\t\t\t\t\t\t\t\t\t<\/div>\r\n\t\t\t<\/div>\r\n\r\n\t\t\t<div class=\"col-12 col-md-6 img-side waypoint\">\r\n\t\t\t\t\t\t\t\t<img width=\"864\" height=\"839\" data-done=\"false\" data-img=\"https:\/\/www.fdmgroup.com\/wp-content\/uploads\/2024\/06\/iStock-1336009302-864x839-1.jpg\" alt=\"\">\r\n\t\t\t\t\t\t\t<\/div>\r\n\t\t<\/div>\r\n\t<\/div>\r\n<\/section>\r\n\n\n\r\n<section class=\"text-with-image-section medium-light right\">\r\n\t<div class=\"container\">\r\n\t\t<div class=\"row\">\r\n\r\n\t\t\t<div class=\"col-12 col-md-6 img-side waypoint\">\r\n\t\t\t\t\t\t\t\t<img width=\"771\" height=\"791\" data-done=\"false\" data-img=\"https:\/\/www.fdmgroup.com\/wp-content\/uploads\/2024\/03\/iStock-1366815714-771x791.jpg\" alt=\"\">\r\n\t\t\t\t\t\t\t<\/div>\r\n\r\n\t\t\t<div class=\"col-12 col-md-6 text-side waypoint\">\r\n\t\t\t\t<div class=\"text\">\r\n\t\t\t\t\t<h2>Rozpocznij ciekaw\u0105 karier\u0119 w zapobieganiu przest\u0119pczo\u015bci finansowej z FDM<\/h2>\n<p>Do\u0142\u0105cz do naszego zespo\u0142u ds. Zarz\u0105dzania ryzykiem i kontroli zgodno\u015bci i odgrywaj kluczow\u0105 rol\u0119 w zapewnianiu pierwszej, drugiej i trzeciej linii obrony dla firm w dynamicznie rozwijaj\u0105cym si\u0119 obszarze przest\u0119pczo\u015bci finansowej.<\/p>\n<p>Od analizy AML\/AFC (przeciwdzia\u0142anie przest\u0119pczo\u015bci finansowej) po projekty transformacyjne na du\u017c\u0105 skal\u0119, odkrywaj r\u00f3\u017cnorodne role w sektorze finansowym i innych bran\u017cach. Nasz zaawansowany model banku AML oferuje unikalne, praktyczne do\u015bwiadczenie symuluj\u0105ce rzeczywiste interakcje z klientami, przygotowuj\u0105c Ci\u0119 do wyzwa\u0144 w obszarze przest\u0119pczo\u015bci finansowej.<\/p>\n\r\n\t\t\t\t\t\t\t\t\t\t\t\t\t\t\t<div class=\"btn-con\">\r\n\t\t\t\t\t\t<a class=\"btn\" href=\"\/pl\/about-us\/contact-us\/\" target=\"_self\">Zarejestruj si\u0119<\/a>\r\n\t\t\t\t\t<\/div>\r\n\t\t\t\t\t\t\t\t\t<\/div>\r\n\t\t\t<\/div>\r\n\r\n\t\t<\/div>\r\n\t<\/div>\r\n<\/section>\r\n\n\n\r\n<section class=\"text-with-image-section light left\">\r\n\t<div class=\"container\">\r\n\t\t<div class=\"row\">\r\n\r\n\t\t\t<div class=\"col-12 col-md-6 img-side waypoint\">\r\n\t\t\t\t\t\t\t\t<img width=\"771\" height=\"791\" data-done=\"false\" data-img=\"https:\/\/www.fdmgroup.com\/wp-content\/uploads\/2024\/03\/iStock-1182849384-771x791.jpg\" alt=\"\">\r\n\t\t\t\t\t\t\t<\/div>\r\n\r\n\t\t\t<div class=\"col-12 col-md-6 text-side waypoint\">\r\n\t\t\t\t<div class=\"text\">\r\n\t\t\t\t\t<h2><strong>Tam, gdzie innowacja \u0142\u0105czy si\u0119 z do\u015bwiadczeniem<\/strong><\/h2>\n<p>Podejmij r\u00f3\u017cnorodne i interesuj\u0105ce wyzwania w projektach dla klient\u00f3w. Opanuj umiej\u0119tno\u015bci i narz\u0119dzia do identyfikowania, oceny i zarz\u0105dzania ryzykiem w jego r\u00f3\u017cnych formach w naszym Centrum Kompetencji FDM. Naucz si\u0119 podstaw monitorowania transakcji, weryfikacji sankcji, operacji AML\/KYC CLM, ksi\u0119gowo\u015bci funduszy, zarz\u0105dzania ryzykiem i wielu innych obszar\u00f3w.<\/p>\n\r\n\t\t\t\t\t\t\t\t\t<\/div>\r\n\t\t\t<\/div>\r\n\r\n\t\t<\/div>\r\n\t<\/div>\r\n<\/section>\r\n\n\n\r\n<section class=\"text-with-image-section medium-light right\">\r\n\t<div class=\"container\">\r\n\t\t<div class=\"row\">\r\n\r\n\t\t\t<div class=\"col-12 col-md-6 img-side waypoint\">\r\n\t\t\t\t\t\t\t\t<img width=\"771\" height=\"791\" data-done=\"false\" data-img=\"https:\/\/www.fdmgroup.com\/wp-content\/uploads\/2024\/03\/iStock-639359406-6-771x791.jpg\" alt=\"\">\r\n\t\t\t\t\t\t\t<\/div>\r\n\r\n\t\t\t<div class=\"col-12 col-md-6 text-side waypoint\">\r\n\t\t\t\t<div class=\"text\">\r\n\t\t\t\t\t<h2><strong>Dlaczego warto do nas do\u0142\u0105czy\u0107?<\/strong><\/h2>\n<p>Jeste\u015bmy zaanga\u017cowani w Tw\u00f3j ci\u0105g\u0142y rozw\u00f3j i doskonalenie. Kszta\u0142tuj swoj\u0105 indywidualn\u0105 \u015bcie\u017ck\u0119 kariery dzi\u0119ki coachingowi, mentoringowi oraz ci\u0105g\u0142emu podnoszeniu kompetencji w Centrum Rozwoju Kompetencji FDM.<\/p>\n<p>Dowiedz si\u0119 wi\u0119cej o wsparciu i rozwoju, jakie oferuje FDM.<\/p>\n<p>&nbsp;<\/p>\n<h4><\/h4>\n\r\n\t\t\t\t\t\t\t\t\t<\/div>\r\n\t\t\t<\/div>\r\n\r\n\t\t<\/div>\r\n\t<\/div>\r\n<\/section>\r\n\n\n\r\n<section class=\"text-with-image-section light left\">\r\n\t<div class=\"container\">\r\n\t\t<div class=\"row\">\r\n\r\n\t\t\t<div class=\"col-12 col-md-6 img-side waypoint\">\r\n\t\t\t\t\t\t\t\t<img width=\"771\" height=\"791\" data-done=\"false\" data-img=\"https:\/\/www.fdmgroup.com\/wp-content\/uploads\/2024\/03\/iStock-1385170471-771x791.jpg\" alt=\"\">\r\n\t\t\t\t\t\t\t<\/div>\r\n\r\n\t\t\t<div class=\"col-12 col-md-6 text-side waypoint\">\r\n\t\t\t\t<div class=\"text\">\r\n\t\t\t\t\t<h4><strong>Kogo szukamy?<\/strong><\/h4>\n<p>Zarz\u0105dzanie ryzykiem i kontrola zgodno\u015bci to kierunek kariery dla Ciebie, je\u015bli masz:<\/p>\n<ul>\n<li>Zdolno\u015bci analityczne i umiej\u0119tno\u015b\u0107 rozwi\u0105zywania problem\u00f3w<\/li>\n<li>Umiej\u0119tno\u015bci komunikacyjne i interpersonalne<\/li>\n<li>Zdolno\u015b\u0107 zarz\u0105dzania czasem i zdolno\u015b\u0107 do adaptacji<\/li>\n<li>Umiej\u0119tno\u015bci analizy biznesowej i my\u015blenie strategiczne<\/li>\n<li>Zdolno\u015bci przyw\u00f3dcze i umiej\u0119tno\u015bci zarz\u0105dzania<\/li>\n<li>Etyczne podej\u015bcie i znajomo\u015b\u0107 regulacji<\/li>\n<li>Zdolno\u015b\u0107 identyfikacji wzorc\u00f3w i wyj\u0105tk\u00f3w<\/li>\n<li>Zdolno\u015b\u0107 my\u015blenia zorientowanego na potencjalne zagro\u017cenia<\/li>\n<\/ul>\n<p>Pomagamy w podj\u0119ciu r\u00f3\u017cnorodnych \u015bcie\u017cek kariery, oferuj\u0105c akredytowane kwalifikacje, ci\u0105g\u0142y rozw\u00f3j umiej\u0119tno\u015bci i wsparcie. Korzystaj z r\u00f3\u017cnych mo\u017cliwo\u015bci, bior\u0105c udzia\u0142 w r\u00f3\u017cnorodnych projektach o zr\u00f3\u017cnicowanej d\u0142ugo\u015bci, z kt\u00f3rych niekt\u00f3re mog\u0105 prowadzi\u0107 do sta\u0142ych r\u00f3l u naszych klient\u00f3w.<\/p>\n\r\n\t\t\t\t\t\t\t\t\t<\/div>\r\n\t\t\t<\/div>\r\n\r\n\t\t<\/div>\r\n\t<\/div>\r\n<\/section>\r\n\n\n\r\n<section class=\"text-with-image-section medium-light right\">\r\n\t<div class=\"container\">\r\n\t\t<div class=\"row\">\r\n\r\n\t\t\t<div class=\"col-12 col-md-6 img-side waypoint\">\r\n\t\t\t\t\t\t\t\t<img width=\"771\" height=\"791\" data-done=\"false\" data-img=\"https:\/\/www.fdmgroup.com\/wp-content\/uploads\/2024\/03\/iStock-1385170471-771x791.jpg\" alt=\"\">\r\n\t\t\t\t\t\t\t<\/div>\r\n\r\n\t\t\t<div class=\"col-12 col-md-6 text-side waypoint\">\r\n\t\t\t\t<div class=\"text\">\r\n\t\t\t\t\t<h4><strong>Przyk\u0142adowe role w ramach naszych obszar\u00f3w kompetencji<\/strong><\/h4>\n<ul>\n<li>Analityk AML\/KYC<\/li>\n<li>Analityk Biznesowy<\/li>\n<li>W\u0142a\u015bciciel Produktu<\/li>\n<li>Mened\u017cer ds. CDD (Weryfikacja klienta)<\/li>\n<\/ul>\n<p>&nbsp;<\/p>\n<h4><\/h4>\n\r\n\t\t\t\t\t\t\t\t\t<\/div>\r\n\t\t\t<\/div>\r\n\r\n\t\t<\/div>\r\n\t<\/div>\r\n<\/section>\r\n\n\n\r\n<section class=\"line-section medium-light\">\r\n\t<div class=\"container\">\r\n\t\t<div class=\"row\">\r\n\t\t\t<div class=\"col-12 waypoint\">\r\n\t\t\t\t<hr>\r\n\t\t\t<\/div>\r\n\t\t<\/div>\r\n\t<\/div>\r\n<\/section>\n\n\r\n<section class=\"block-section medium-light\">\r\n\t<div class=\"container\">\r\n\t\t<div class=\"row\">\r\n\r\n\t\t\t\t\t\t<div class=\"col-12 text-con waypoint\">\r\n\t\t\t\t<h2><b>Nasze obszary kompetencji<\/b><\/h2>\n\t\t\t<\/div>\r\n\t\t\t\r\n\t\t\t\t\t\t\t\t\t\t\t\t\t\t\t\r\n\t\t\t<div class=\"col-12 col-sm-6 col-md-4 waypoint\">\r\n\t\t\t\t<div class=\"inner\">\r\n\t\t\t\t\t\r\n\t\t\t\t\t\r\n\t\t\t\t\t<h4>KYC, AML, Analiza Operacyjna<\/h4>\n\t\t\t\t<\/div>\r\n\t\t\t<\/div>\r\n\t\t\t\t\t\t\t\t\t\t\t\t\r\n\t\t\t<div class=\"col-12 col-sm-6 col-md-4 waypoint\">\r\n\t\t\t\t<div class=\"inner\">\r\n\t\t\t\t\t\r\n\t\t\t\t\t\r\n\t\t\t\t\t<h4>Zarz\u0105dzanie ryzykiem i kontrola zgodno\u015bci<\/h4>\n\t\t\t\t<\/div>\r\n\t\t\t<\/div>\r\n\t\t\t\t\t\t\r\n\t\t\t\t\t<\/div>\r\n\t<\/div>\r\n<\/section>\r\n\r\n\r\n\n\n\r\n<section class=\"consultant-stories-section light \">\r\n\t<div class=\"container\">\r\n\t\t<div class=\"row\">\r\n\r\n\t\t\t\r\n\t\t\t\t\t\t\r\n\t\t\t\t\t\t<div class=\"col-12 consultant-slide-con waypoint\">\r\n\t\t\t\t<div class=\"consultant-slide swiper\">\r\n\t\t\t\t\t<div class=\"swiper-wrapper\">\r\n\t\t\t\t\t\r\n\t\t\t\t\t\t\t\t\t\t\t<div class=\"swiper-slide\">\r\n\t\t\t\t\t\t\t<div class=\"inner-slide\">\r\n\t\t\t\t\t\t\t\t\t\t\t\t\t\t\t\t\t\t\t<div class=\"c-item\">\r\n\t\t\t\t\t\t\t\t\t<div class=\"inner\">\r\n\t\t\t\t\t\t\t\t\t\t\t\t\t\t\t\t\t\t\t\t<div class=\"img-con full-bg\" style=\"background-image:url(https:\/\/www.fdmgroup.com\/wp-content\/uploads\/2024\/02\/glass-3000x3000-1-624x606.jpg)\"><\/div>\r\n\t\t\t\t\t\t\t\t\t\t\t\t\t\t\t\t\t\t\t\t<div class=\"text\">\r\n\t\t\t\t\t\t\t\t\t\t\t<h4>Maham Zaidi<\/h4>\r\n\t\t\t\t\t\t\t\t\t\t\t\t\t\t\t\t\t\t\t\t\t\t<p class=\"large\">Lead Consultant<\/p>\r\n\t\t\t\t\t\t\t\t\t\t\t\r\n\t\t\t\t\t\t\t\t\t\t\t\t\t\t\t\t\t\t\t\t\t\t\t\t\t\t\t\t\t\t\t\t\t\t\t\t\t\t\t\t\t\t\t\t<a href=\"https:\/\/www.fdmgroup.com\/pl\/consultant\/maham-zaidi\/\">View more<\/a>\r\n\t\t\t\t\t\t\t\t\t\t\t\t\t\t\t\t\t\t\t\t\t\t\t\t\t\t\t\t\t\t\t\t<\/div>\r\n\t\t\t\t\t\t\t\t\t<\/div>\r\n\t\t\t\t\t\t\t\t<\/div>\r\n\t\t\t\t\t\t\t\t\t\t\r\n\t\t\t\t\t\r\n\t\t\t\t\t\t\t\t\t\t\t\t\t\t\t\t\t\t\t<div class=\"c-item\">\r\n\t\t\t\t\t\t\t\t\t<div class=\"inner\">\r\n\t\t\t\t\t\t\t\t\t\t\t\t\t\t\t\t\t\t\t\t<div class=\"img-con full-bg\" style=\"background-image:url(https:\/\/www.fdmgroup.com\/wp-content\/uploads\/2024\/02\/Zachary-Brazendale-624x606.png)\"><\/div>\r\n\t\t\t\t\t\t\t\t\t\t\t\t\t\t\t\t\t\t\t\t<div class=\"text\">\r\n\t\t\t\t\t\t\t\t\t\t\t<h4>Zachary Brazendale<\/h4>\r\n\t\t\t\t\t\t\t\t\t\t\t\t\t\t\t\t\t\t\t\t\t\t<p class=\"large\">Data Engineer<\/p>\r\n\t\t\t\t\t\t\t\t\t\t\t\r\n\t\t\t\t\t\t\t\t\t\t\t\t\t\t\t\t\t\t\t\t\t\t<p>\u201cMoving to a different country has been the main highlight.\u201d<\/p>\n\t\t\t\t\t\t\t\t\t\t\t\t\t\t\t\t\t\t\t\t\t\t<a href=\"https:\/\/www.fdmgroup.com\/pl\/consultant\/zachary-brazendale\/\">View more<\/a>\r\n\t\t\t\t\t\t\t\t\t\t\t\t\t\t\t\t\t\t\t\t\t\t\t\t\t\t\t\t\t\t\t\t<\/div>\r\n\t\t\t\t\t\t\t\t\t<\/div>\r\n\t\t\t\t\t\t\t\t<\/div>\r\n\t\t\t\t\t\t\t\t\t\t\r\n\t\t\t\t\t\r\n\t\t\t\t\t\t\t\t\t\t\t\t\t\t\t\t\t\t\t<div class=\"c-item\">\r\n\t\t\t\t\t\t\t\t\t<div class=\"inner\">\r\n\t\t\t\t\t\t\t\t\t\t\t\t\t\t\t\t\t\t\t\t<div class=\"img-con full-bg\" style=\"background-image:url(https:\/\/www.fdmgroup.com\/wp-content\/uploads\/2024\/02\/Lisa-Stepanova-1-624x606.jpg)\"><\/div>\r\n\t\t\t\t\t\t\t\t\t\t\t\t\t\t\t\t\t\t\t\t<div class=\"text\">\r\n\t\t\t\t\t\t\t\t\t\t\t<h4>Lisa Stepanova<\/h4>\r\n\t\t\t\t\t\t\t\t\t\t\t\t\t\t\t\t\t\t\t\t\t\t<p class=\"large\">Application Support<\/p>\r\n\t\t\t\t\t\t\t\t\t\t\t\r\n\t\t\t\t\t\t\t\t\t\t\t\t\t\t\t\t\t\t\t\t\t\t<p>\u201cI decided to get out of my comfort zone and go for it.\u201d<\/p>\n\t\t\t\t\t\t\t\t\t\t\t\t\t\t\t\t\t\t\t\t\t\t<a href=\"https:\/\/www.fdmgroup.com\/pl\/consultant\/lisa-stepanova\/\">View more<\/a>\r\n\t\t\t\t\t\t\t\t\t\t\t\t\t\t\t\t\t\t\t\t\t\t\t\t\t\t\t\t\t\t\t\t<\/div>\r\n\t\t\t\t\t\t\t\t\t<\/div>\r\n\t\t\t\t\t\t\t\t<\/div>\r\n\t\t\t\t\t\t\t\t\t\t\t\t<\/div>\r\n\t\t\t\t\t\t<\/div>\r\n\t\t\t\t\t\t\t\t\t\t\r\n\t\t\t\t\t\t\t\t\t\t<\/div>\r\n\t\t\t\t\r\n\t\t\t\t\t<div class=\"swiper-pagination\"><\/div>\r\n\t\t\t\t\r\n\t\t\t\t\t<div class=\"swiper-button-prev\">\r\n\t\t\t\t\t\t<svg enable-background=\"new 0 0 17.9 17.9\" height=\"17.9\" viewBox=\"0 0 17.9 17.9\" width=\"17.9\" xmlns=\"http:\/\/www.w3.org\/2000\/svg\"><path d=\"m10.8 1.9-1.9-1.9-8.9 8.9 9 9 1.8-1.9-5.7-5.7h12.8v-2.7h-12.8z\" fill=\"#1e1e1e\"\/><\/svg>\r\n\t\t\t\t\t<\/div>\r\n\t\t\t\t\t<div class=\"swiper-button-next\">\r\n\t\t\t\t\t\t<svg enable-background=\"new 0 0 17.9 17.9\" height=\"17.9\" viewBox=\"0 0 17.9 17.9\" width=\"17.9\" xmlns=\"http:\/\/www.w3.org\/2000\/svg\"><path d=\"m7.1 16 1.9 1.9 8.9-8.9-9-9-1.8 1.9 5.7 5.7h-12.8v2.7h12.8z\" fill=\"#1e1e1e\"\/><\/svg>\r\n\t\t\t\t\t<\/div>\r\n\t\t\t\t<\/div>\r\n\t\t\t<\/div>\r\n\t\t\t\r\n\t\t<\/div>\r\n\t<\/div>\r\n<\/section>\n\n\r\n<section class=\"cta-section light\">\r\n\t<div class=\"container\">\r\n\t\t<div class=\"row\">\r\n\t\t\t<div class=\"col-12 waypoint\">\r\n\t\t\t\t<h2>Tw\u00f3j d\u0142ugoterminowy sukces zaczyna si\u0119 w FDM<\/h2>\n\t\t\t\t\t\t\t\t\t\t\t\t\t<div class=\"btn-con btn-con-center\">\r\n\t\t\t\t\t\t<a class=\"btn\" href=\"https:\/\/careers.fdmgroup.com\/vacancies\/vacancy-search-results.aspx\" target=\"_self\">Zarejestruj si\u0119<\/a>\r\n\t\t\t\t\t<\/div>\r\n\t\t\t\t\t\t\t<\/div>\r\n\t\t<\/div>\r\n\t<\/div>\r\n\r\n\t\r\n<\/section>\r\n","protected":false},"excerpt":{"rendered":"","protected":false},"author":2,"featured_media":0,"parent":59272,"menu_order":0,"comment_status":"closed","ping_status":"closed","template":"","meta":{"_acf_changed":false,"inline_featured_image":false,"footnotes":""},"class_list":["post-59313","page","type-page","status-publish","hentry"],"acf":[],"yoast_head":"<!-- This site is optimized with the Yoast SEO plugin v27.1.1 - https:\/\/yoast.com\/product\/yoast-seo-wordpress\/ -->\n<title>Risk, Regulation &amp; Compliance | FDM Group<\/title>\n<meta name=\"description\" content=\"Risk, Regulation &amp; Compliance | FDM Group\" \/>\n<meta name=\"robots\" content=\"index, follow, max-snippet:-1, max-image-preview:large, max-video-preview:-1\" \/>\n<link rel=\"canonical\" href=\"https:\/\/www.fdmgroup.com\/pl\/candidates\/practices\/risk-regulation-compliance\/\" \/>\n<meta property=\"og:locale\" content=\"pl_PL\" \/>\n<meta property=\"og:type\" content=\"article\" \/>\n<meta property=\"og:title\" content=\"Risk, Regulation &amp; Compliance | FDM Group\" \/>\n<meta property=\"og:description\" content=\"Risk, Regulation &amp; Compliance | FDM Group\" \/>\n<meta property=\"og:url\" content=\"https:\/\/www.fdmgroup.com\/pl\/candidates\/practices\/risk-regulation-compliance\/\" \/>\n<meta property=\"og:site_name\" content=\"FDM Group\" \/>\n<meta property=\"article:publisher\" content=\"https:\/\/www.facebook.com\/FDMGroup\" \/>\n<meta property=\"article:modified_time\" content=\"2025-07-22T08:41:43+00:00\" \/>\n<meta property=\"og:image\" content=\"https:\/\/www.fdmgroup.com\/wp-content\/uploads\/2024\/09\/FDM_placeholder.png\" \/>\n\t<meta property=\"og:image:width\" content=\"1200\" \/>\n\t<meta property=\"og:image:height\" content=\"675\" \/>\n\t<meta property=\"og:image:type\" content=\"image\/png\" \/>\n<meta name=\"twitter:card\" content=\"summary_large_image\" \/>\n<meta name=\"twitter:site\" content=\"@FDMGroup\" \/>\n<meta name=\"twitter:label1\" content=\"Szacowany czas czytania\" \/>\n\t<meta name=\"twitter:data1\" content=\"3 minuty\" \/>\n<script type=\"application\/ld+json\" class=\"yoast-schema-graph\">{\"@context\":\"https:\/\/schema.org\",\"@graph\":[{\"@type\":\"WebPage\",\"@id\":\"https:\/\/www.fdmgroup.com\/pl\/candidates\/practices\/risk-regulation-compliance\/\",\"url\":\"https:\/\/www.fdmgroup.com\/pl\/candidates\/practices\/risk-regulation-compliance\/\",\"name\":\"Risk, Regulation &amp; Compliance | FDM Group\",\"isPartOf\":{\"@id\":\"https:\/\/www.fdmgroup.com\/pl\/#website\"},\"datePublished\":\"2024-03-11T16:34:32+00:00\",\"dateModified\":\"2025-07-22T08:41:43+00:00\",\"description\":\"Risk, Regulation &amp; Compliance | FDM Group\",\"breadcrumb\":{\"@id\":\"https:\/\/www.fdmgroup.com\/pl\/candidates\/practices\/risk-regulation-compliance\/#breadcrumb\"},\"inLanguage\":\"pl-PL\",\"potentialAction\":[{\"@type\":\"ReadAction\",\"target\":[\"https:\/\/www.fdmgroup.com\/pl\/candidates\/practices\/risk-regulation-compliance\/\"]}]},{\"@type\":\"BreadcrumbList\",\"@id\":\"https:\/\/www.fdmgroup.com\/pl\/candidates\/practices\/risk-regulation-compliance\/#breadcrumb\",\"itemListElement\":[{\"@type\":\"ListItem\",\"position\":1,\"name\":\"(PL) Candidates\",\"item\":\"https:\/\/www.fdmgroup.com\/pl\/candidates\/\"},{\"@type\":\"ListItem\",\"position\":2,\"name\":\"Practices\",\"item\":\"https:\/\/www.fdmgroup.com\/pl\/candidates\/practices\/\"},{\"@type\":\"ListItem\",\"position\":3,\"name\":\"Risk, Regulation &amp; Compliance\"}]},{\"@type\":\"WebSite\",\"@id\":\"https:\/\/www.fdmgroup.com\/pl\/#website\",\"url\":\"https:\/\/www.fdmgroup.com\/pl\/\",\"name\":\"FDM Group\",\"description\":\"\",\"publisher\":{\"@id\":\"https:\/\/www.fdmgroup.com\/pl\/#organization\"},\"potentialAction\":[{\"@type\":\"SearchAction\",\"target\":{\"@type\":\"EntryPoint\",\"urlTemplate\":\"https:\/\/www.fdmgroup.com\/pl\/?s={search_term_string}\"},\"query-input\":{\"@type\":\"PropertyValueSpecification\",\"valueRequired\":true,\"valueName\":\"search_term_string\"}}],\"inLanguage\":\"pl-PL\"},{\"@type\":\"Organization\",\"@id\":\"https:\/\/www.fdmgroup.com\/pl\/#organization\",\"name\":\"FDM Group\",\"url\":\"https:\/\/www.fdmgroup.com\/pl\/\",\"logo\":{\"@type\":\"ImageObject\",\"inLanguage\":\"pl-PL\",\"@id\":\"https:\/\/www.fdmgroup.com\/pl\/#\/schema\/logo\/image\/\",\"url\":\"https:\/\/www.fdmgroup.com\/wp-content\/uploads\/2024\/04\/cropped-fdm-logo-green-square-480-3.png\",\"contentUrl\":\"https:\/\/www.fdmgroup.com\/wp-content\/uploads\/2024\/04\/cropped-fdm-logo-green-square-480-3.png\",\"width\":512,\"height\":512,\"caption\":\"FDM Group\"},\"image\":{\"@id\":\"https:\/\/www.fdmgroup.com\/pl\/#\/schema\/logo\/image\/\"},\"sameAs\":[\"https:\/\/www.facebook.com\/FDMGroup\",\"https:\/\/x.com\/FDMGroup\",\"https:\/\/www.instagram.com\/fdm_group\/?hl=en\",\"https:\/\/www.linkedin.com\/company\/fdm-group\/?originalSubdomain=uk\",\"https:\/\/www.tiktok.com\/@fdm_group\"]}]}<\/script>\n<!-- \/ Yoast SEO plugin. -->","yoast_head_json":{"title":"Risk, Regulation &amp; Compliance | FDM Group","description":"Risk, Regulation &amp; Compliance | FDM Group","robots":{"index":"index","follow":"follow","max-snippet":"max-snippet:-1","max-image-preview":"max-image-preview:large","max-video-preview":"max-video-preview:-1"},"canonical":"https:\/\/www.fdmgroup.com\/pl\/candidates\/practices\/risk-regulation-compliance\/","og_locale":"pl_PL","og_type":"article","og_title":"Risk, Regulation &amp; Compliance | FDM Group","og_description":"Risk, Regulation &amp; Compliance | FDM Group","og_url":"https:\/\/www.fdmgroup.com\/pl\/candidates\/practices\/risk-regulation-compliance\/","og_site_name":"FDM Group","article_publisher":"https:\/\/www.facebook.com\/FDMGroup","article_modified_time":"2025-07-22T08:41:43+00:00","og_image":[{"width":1200,"height":675,"url":"https:\/\/www.fdmgroup.com\/wp-content\/uploads\/2024\/09\/FDM_placeholder.png","type":"image\/png"}],"twitter_card":"summary_large_image","twitter_site":"@FDMGroup","twitter_misc":{"Szacowany czas czytania":"3 minuty"},"schema":{"@context":"https:\/\/schema.org","@graph":[{"@type":"WebPage","@id":"https:\/\/www.fdmgroup.com\/pl\/candidates\/practices\/risk-regulation-compliance\/","url":"https:\/\/www.fdmgroup.com\/pl\/candidates\/practices\/risk-regulation-compliance\/","name":"Risk, Regulation &amp; Compliance | FDM Group","isPartOf":{"@id":"https:\/\/www.fdmgroup.com\/pl\/#website"},"datePublished":"2024-03-11T16:34:32+00:00","dateModified":"2025-07-22T08:41:43+00:00","description":"Risk, Regulation &amp; Compliance | FDM Group","breadcrumb":{"@id":"https:\/\/www.fdmgroup.com\/pl\/candidates\/practices\/risk-regulation-compliance\/#breadcrumb"},"inLanguage":"pl-PL","potentialAction":[{"@type":"ReadAction","target":["https:\/\/www.fdmgroup.com\/pl\/candidates\/practices\/risk-regulation-compliance\/"]}]},{"@type":"BreadcrumbList","@id":"https:\/\/www.fdmgroup.com\/pl\/candidates\/practices\/risk-regulation-compliance\/#breadcrumb","itemListElement":[{"@type":"ListItem","position":1,"name":"(PL) Candidates","item":"https:\/\/www.fdmgroup.com\/pl\/candidates\/"},{"@type":"ListItem","position":2,"name":"Practices","item":"https:\/\/www.fdmgroup.com\/pl\/candidates\/practices\/"},{"@type":"ListItem","position":3,"name":"Risk, Regulation &amp; Compliance"}]},{"@type":"WebSite","@id":"https:\/\/www.fdmgroup.com\/pl\/#website","url":"https:\/\/www.fdmgroup.com\/pl\/","name":"FDM Group","description":"","publisher":{"@id":"https:\/\/www.fdmgroup.com\/pl\/#organization"},"potentialAction":[{"@type":"SearchAction","target":{"@type":"EntryPoint","urlTemplate":"https:\/\/www.fdmgroup.com\/pl\/?s={search_term_string}"},"query-input":{"@type":"PropertyValueSpecification","valueRequired":true,"valueName":"search_term_string"}}],"inLanguage":"pl-PL"},{"@type":"Organization","@id":"https:\/\/www.fdmgroup.com\/pl\/#organization","name":"FDM Group","url":"https:\/\/www.fdmgroup.com\/pl\/","logo":{"@type":"ImageObject","inLanguage":"pl-PL","@id":"https:\/\/www.fdmgroup.com\/pl\/#\/schema\/logo\/image\/","url":"https:\/\/www.fdmgroup.com\/wp-content\/uploads\/2024\/04\/cropped-fdm-logo-green-square-480-3.png","contentUrl":"https:\/\/www.fdmgroup.com\/wp-content\/uploads\/2024\/04\/cropped-fdm-logo-green-square-480-3.png","width":512,"height":512,"caption":"FDM Group"},"image":{"@id":"https:\/\/www.fdmgroup.com\/pl\/#\/schema\/logo\/image\/"},"sameAs":["https:\/\/www.facebook.com\/FDMGroup","https:\/\/x.com\/FDMGroup","https:\/\/www.instagram.com\/fdm_group\/?hl=en","https:\/\/www.linkedin.com\/company\/fdm-group\/?originalSubdomain=uk","https:\/\/www.tiktok.com\/@fdm_group"]}]}},"_links":{"self":[{"href":"https:\/\/www.fdmgroup.com\/pl\/wp-json\/wp\/v2\/pages\/59313","targetHints":{"allow":["GET"]}}],"collection":[{"href":"https:\/\/www.fdmgroup.com\/pl\/wp-json\/wp\/v2\/pages"}],"about":[{"href":"https:\/\/www.fdmgroup.com\/pl\/wp-json\/wp\/v2\/types\/page"}],"author":[{"embeddable":true,"href":"https:\/\/www.fdmgroup.com\/pl\/wp-json\/wp\/v2\/users\/2"}],"replies":[{"embeddable":true,"href":"https:\/\/www.fdmgroup.com\/pl\/wp-json\/wp\/v2\/comments?post=59313"}],"version-history":[{"count":0,"href":"https:\/\/www.fdmgroup.com\/pl\/wp-json\/wp\/v2\/pages\/59313\/revisions"}],"up":[{"embeddable":true,"href":"https:\/\/www.fdmgroup.com\/pl\/wp-json\/wp\/v2\/pages\/59272"}],"wp:attachment":[{"href":"https:\/\/www.fdmgroup.com\/pl\/wp-json\/wp\/v2\/media?parent=59313"}],"curies":[{"name":"wp","href":"https:\/\/api.w.org\/{rel}","templated":true}]}}