{"id":59335,"date":"2024-03-11T16:14:01","date_gmt":"2024-03-11T16:14:01","guid":{"rendered":"https:\/\/fdm.in-beta7.co.uk\/?page_id=59335"},"modified":"2025-07-22T09:41:45","modified_gmt":"2025-07-22T08:41:45","slug":"software-engineering","status":"publish","type":"page","link":"https:\/\/www.fdmgroup.com\/pl\/candidates\/practices\/software-engineering\/","title":{"rendered":"Software Engineering"},"content":{"rendered":"\r\n<section class=\"simple-hero-section\">\r\n\t<div class=\"container\">\r\n\t\t<div class=\"row\">\r\n\t\t\t<div class=\"col-12 col-md-6 text-side waypoint\">\r\n\t\t\t\t<div class=\"text\">\r\n\t\t\t\t\t<h1>In\u017cynieria oprogramowania \u2013 mo\u017cliwo\u015bci kariery<\/h1>\n\r\n\t\t\t\t\t\t\t\t\t\t\t\t\t\t\t<div class=\"btn-con\">\r\n\t\t\t\t\t\t<a class=\"btn\" href=\"https:\/\/careers.fdmgroup.com\/vacancies\/vacancy-search-results.aspx\" target=\"_self\">Aplikuj<\/a>\r\n\t\t\t\t\t<\/div>\r\n\t\t\t\t\t\t\t\t\t<\/div>\r\n\t\t\t<\/div>\r\n\r\n\t\t\t<div class=\"col-12 col-md-6 img-side waypoint\">\r\n\t\t\t\t\t\t\t\t<img width=\"864\" height=\"814\" data-done=\"false\" data-img=\"https:\/\/www.fdmgroup.com\/wp-content\/uploads\/2024\/06\/iStock-1199214626-864x814-1.jpg\" alt=\"\">\r\n\t\t\t\t\t\t\t<\/div>\r\n\t\t<\/div>\r\n\t<\/div>\r\n<\/section>\r\n\n\n\r\n<section class=\"text-with-image-section medium-light right\">\r\n\t<div class=\"container\">\r\n\t\t<div class=\"row\">\r\n\r\n\t\t\t<div class=\"col-12 col-md-6 img-side waypoint\">\r\n\t\t\t\t\t\t\t\t<img width=\"771\" height=\"791\" data-done=\"false\" data-img=\"https:\/\/www.fdmgroup.com\/wp-content\/uploads\/2024\/03\/iStock-1473864910-771x791.jpg\" alt=\"\">\r\n\t\t\t\t\t\t\t<\/div>\r\n\r\n\t\t\t<div class=\"col-12 col-md-6 text-side waypoint\">\r\n\t\t\t\t<div class=\"text\">\r\n\t\t\t\t\t<h2>Poznaj nieograniczone mo\u017cliwo\u015bci w dziedzinie rozwi\u0105za\u0144 software&#8217;owych z FDM.<\/h2>\n<p>Do\u0142\u0105cz do naszego zespo\u0142u in\u017cynier\u00f3w oprogramowania i zacznij swoj\u0105 przygod\u0119 w szybko rozwijaj\u0105cym si\u0119 \u015bwiecie transformacji IT.<\/p>\n<p>Od projektowania nowych produkt\u00f3w, przez modernizacj\u0119 technologii i in\u017cynieri\u0119 jako\u015bci, po wsparcie aplikacji \u2013 dzi\u0119ki naszym zespo\u0142om dzia\u0142aj\u0105cym w metodologii Agile, pomagamy klientom wsp\u00f3\u0142tworzy\u0107 kluczowe rozwi\u0105zania technologiczne i programistyczne na ka\u017cdym etapie cyklu \u017cycia produktu.<\/p>\n\r\n\t\t\t\t\t\t\t\t\t\t\t\t\t\t\t<div class=\"btn-con\">\r\n\t\t\t\t\t\t<a class=\"btn\" href=\"\/pl\/about-us\/contact-us\/\" target=\"_self\">Dowiedz si\u0119 wi\u0119cej<\/a>\r\n\t\t\t\t\t<\/div>\r\n\t\t\t\t\t\t\t\t\t<\/div>\r\n\t\t\t<\/div>\r\n\r\n\t\t<\/div>\r\n\t<\/div>\r\n<\/section>\r\n\n\n\r\n<section class=\"text-with-image-section light left\">\r\n\t<div class=\"container\">\r\n\t\t<div class=\"row\">\r\n\r\n\t\t\t<div class=\"col-12 col-md-6 img-side waypoint\">\r\n\t\t\t\t\t\t\t\t<img width=\"771\" height=\"791\" data-done=\"false\" data-img=\"https:\/\/www.fdmgroup.com\/wp-content\/uploads\/2024\/03\/iStock-1500285927-771x791.jpg\" alt=\"Young woman, a university student, studying online.\">\r\n\t\t\t\t\t\t\t<\/div>\r\n\r\n\t\t\t<div class=\"col-12 col-md-6 text-side waypoint\">\r\n\t\t\t\t<div class=\"text\">\r\n\t\t\t\t\t<h2>Tam, gdzie innowacja \u0142\u0105czy si\u0119 z do\u015bwiadczeniem.<\/h2>\n<p>Podejmij r\u00f3\u017cnorodne i interesuj\u0105ce wyzwania w projektach dla klient\u00f3w. Naucz si\u0119 r\u00f3\u017cnych j\u0119zyk\u00f3w programowania, stosuj\u0105c najlepsze praktyki, i wsp\u00f3\u0142pracuj z wiod\u0105cymi firmami technologicznymi, takimi jak Microsoft i AWS, aby przyspieszy\u0107 rozw\u00f3j swoich umiej\u0119tno\u015bci i zdobywa\u0107 do\u015bwiadczenie w transformacji oprogramowania.<\/p>\n\r\n\t\t\t\t\t\t\t\t\t<\/div>\r\n\t\t\t<\/div>\r\n\r\n\t\t<\/div>\r\n\t<\/div>\r\n<\/section>\r\n\n\n\r\n<section class=\"text-with-image-section medium-light right\">\r\n\t<div class=\"container\">\r\n\t\t<div class=\"row\">\r\n\r\n\t\t\t<div class=\"col-12 col-md-6 img-side waypoint\">\r\n\t\t\t\t\t\t\t\t<img width=\"771\" height=\"791\" data-done=\"false\" data-img=\"https:\/\/www.fdmgroup.com\/wp-content\/uploads\/2024\/03\/iStock-1182849384-771x791.jpg\" alt=\"\">\r\n\t\t\t\t\t\t\t<\/div>\r\n\r\n\t\t\t<div class=\"col-12 col-md-6 text-side waypoint\">\r\n\t\t\t\t<div class=\"text\">\r\n\t\t\t\t\t<h3>Dlaczego warto do nas do\u0142\u0105czy\u0107?<\/h3>\n<p>Jeste\u015bmy zaanga\u017cowani w Tw\u00f3j ci\u0105g\u0142y rozw\u00f3j i doskonalenie. Kszta\u0142tuj swoj\u0105 indywidualn\u0105 \u015bcie\u017ck\u0119 kariery dzi\u0119ki coachingowi, mentoringowi oraz ci\u0105g\u0142emu podnoszeniu kompetencji w Centrum Rozwoju Kompetencji FDM.<\/p>\n<p>Dowiedz si\u0119 wi\u0119cej o wsparciu i rozwoju, jakie oferuje FDM.<\/p>\n\r\n\t\t\t\t\t\t\t\t\t<\/div>\r\n\t\t\t<\/div>\r\n\r\n\t\t<\/div>\r\n\t<\/div>\r\n<\/section>\r\n\n\n\r\n<section class=\"text-with-image-section light left\">\r\n\t<div class=\"container\">\r\n\t\t<div class=\"row\">\r\n\r\n\t\t\t<div class=\"col-12 col-md-6 img-side waypoint\">\r\n\t\t\t\t\t\t\t\t<img width=\"771\" height=\"791\" data-done=\"false\" data-img=\"https:\/\/www.fdmgroup.com\/wp-content\/uploads\/2024\/03\/Managing-Gen-Z-771x791.jpg\" alt=\"\">\r\n\t\t\t\t\t\t\t<\/div>\r\n\r\n\t\t\t<div class=\"col-12 col-md-6 text-side waypoint\">\r\n\t\t\t\t<div class=\"text\">\r\n\t\t\t\t\t<h2>Kogo szukamy?<\/h2>\n<p>Kariera w obszarze in\u017cynierii oprogramowania to \u015bwietny wyb\u00f3r, je\u015bli masz:<\/p>\n<ul>\n<li>Zdolno\u015b\u0107 do zwracania uwagi na szczeg\u00f3\u0142y<\/li>\n<li>Dobre umiej\u0119tno\u015bci komunikacyjne<\/li>\n<li>Umiej\u0119tno\u015b\u0107 analitycznego my\u015blenia<\/li>\n<li>Wiedz\u0119 techniczn\u0105<\/li>\n<li>Do\u015bwiadczenie w testowaniu oraz znajomo\u015b\u0107 danej dziedziny<\/li>\n<\/ul>\n<p>Pomagamy w podj\u0119ciu r\u00f3\u017cnorodnych \u015bcie\u017cek kariery, oferuj\u0105c akredytowane kwalifikacje, ci\u0105g\u0142y rozw\u00f3j umiej\u0119tno\u015bci i wsparcie. Korzystaj z r\u00f3\u017cnych mo\u017cliwo\u015bci, bior\u0105c udzia\u0142 w r\u00f3\u017cnorodnych projektach o zr\u00f3\u017cnicowanej d\u0142ugo\u015bci, z kt\u00f3rych niekt\u00f3re mog\u0105 prowadzi\u0107 do sta\u0142ych r\u00f3l u naszych klient\u00f3w.<\/p>\n\r\n\t\t\t\t\t\t\t\t\t<\/div>\r\n\t\t\t<\/div>\r\n\r\n\t\t<\/div>\r\n\t<\/div>\r\n<\/section>\r\n\n\n\r\n<section class=\"text-with-image-section medium-light right\">\r\n\t<div class=\"container\">\r\n\t\t<div class=\"row\">\r\n\r\n\t\t\t<div class=\"col-12 col-md-6 img-side waypoint\">\r\n\t\t\t\t\t\t\t\t<img width=\"771\" height=\"791\" data-done=\"false\" data-img=\"https:\/\/www.fdmgroup.com\/wp-content\/uploads\/2024\/03\/iStock-1795115029-1-1-771x791.jpg\" alt=\"\">\r\n\t\t\t\t\t\t\t<\/div>\r\n\r\n\t\t\t<div class=\"col-12 col-md-6 text-side waypoint\">\r\n\t\t\t\t<div class=\"text\">\r\n\t\t\t\t\t<h2>Przyk\u0142adowe umiej\u0119tno\u015bci w ramach naszych obszar\u00f3w kompetencji:<\/h2>\n<ul>\n<li>In\u017cynier oprogramowania \u2013 full stack, rozw\u00f3j aplikacji webowych i mobilnych \u2013 obejmuj\u0105cy szereg j\u0119zyk\u00f3w programowania, takich jak Java, C#, Python, C++, Cobol, JavaScript<\/li>\n<li>Testowanie oprogramowania \u2013 testy manualne, automatyczne, wydajno\u015bciowe, testy u\u017cytkownika (UAT), testy regresyjne<\/li>\n<li>DevOps\/SRE engineers and analysts \u2013 sposoby automatyzacji i optymalizacji w tworzeniu oraz dostarczaniu oprogramowania (CI\/CD)<\/li>\n<li>In\u017cynierowie platform chmurowych \u2013 projektowanie, wdra\u017canie i zarz\u0105dzanie w oparciu o technologie chmurowe (AWS, Azure, GCP)<\/li>\n<\/ul>\n\r\n\t\t\t\t\t\t\t\t\t<\/div>\r\n\t\t\t<\/div>\r\n\r\n\t\t<\/div>\r\n\t<\/div>\r\n<\/section>\r\n\n\n\r\n<section class=\"line-section medium-light\">\r\n\t<div class=\"container\">\r\n\t\t<div class=\"row\">\r\n\t\t\t<div class=\"col-12 waypoint\">\r\n\t\t\t\t<hr>\r\n\t\t\t<\/div>\r\n\t\t<\/div>\r\n\t<\/div>\r\n<\/section>\n\n\r\n<section class=\"block-section medium-light\">\r\n\t<div class=\"container\">\r\n\t\t<div class=\"row\">\r\n\r\n\t\t\t\t\t\t<div class=\"col-12 text-con waypoint\">\r\n\t\t\t\t<h2>Nasze obszary kompetencji<\/h2>\n\t\t\t<\/div>\r\n\t\t\t\r\n\t\t\t\t\t\t\t\t\t\t\t\t\t\t\t\r\n\t\t\t<div class=\"col-12 col-sm-6 col-md-4 waypoint\">\r\n\t\t\t\t<div class=\"inner\">\r\n\t\t\t\t\t\r\n\t\t\t\t\t\r\n\t\t\t\t\t<h4>Rozw\u00f3j oprogramowania<\/h4>\n\t\t\t\t<\/div>\r\n\t\t\t<\/div>\r\n\t\t\t\t\t\t\t\t\t\t\t\t\r\n\t\t\t<div class=\"col-12 col-sm-6 col-md-4 waypoint\">\r\n\t\t\t\t<div class=\"inner\">\r\n\t\t\t\t\t\r\n\t\t\t\t\t\r\n\t\t\t\t\t<h4>Testowanie oprogramowania<\/h4>\n\t\t\t\t<\/div>\r\n\t\t\t<\/div>\r\n\t\t\t\t\t\t\t\t\t\t\t\t\r\n\t\t\t<div class=\"col-12 col-sm-6 col-md-4 waypoint\">\r\n\t\t\t\t<div class=\"inner\">\r\n\t\t\t\t\t\r\n\t\t\t\t\t\r\n\t\t\t\t\t<h4>Zarz\u0105dzanie rozwojem oprogramowania (DevOps)<\/h4>\n\t\t\t\t<\/div>\r\n\t\t\t<\/div>\r\n\t\t\t\t\t\t\t\t\t\t\t\t\r\n\t\t\t<div class=\"col-12 col-sm-6 col-md-4 waypoint\">\r\n\t\t\t\t<div class=\"inner\">\r\n\t\t\t\t\t\r\n\t\t\t\t\t\r\n\t\t\t\t\t<h4>In\u017cynieria niezawodno\u015bci oprogramowania (SRE)<\/h4>\n\t\t\t\t<\/div>\r\n\t\t\t<\/div>\r\n\t\t\t\t\t\t\t\t\t\t\t\t\r\n\t\t\t<div class=\"col-12 col-sm-6 col-md-4 waypoint\">\r\n\t\t\t\t<div class=\"inner\">\r\n\t\t\t\t\t\r\n\t\t\t\t\t\r\n\t\t\t\t\t<h4>In\u017cynieria chmury<\/h4>\n\t\t\t\t<\/div>\r\n\t\t\t<\/div>\r\n\t\t\t\t\t\t\r\n\t\t\t\t\t<\/div>\r\n\t<\/div>\r\n<\/section>\r\n\r\n\r\n\n\n\r\n<section class=\"consultant-stories-section light \">\r\n\t<div class=\"container\">\r\n\t\t<div class=\"row\">\r\n\r\n\t\t\t\r\n\t\t\t\t\t\t\r\n\t\t\t\t\t\t<div class=\"col-12 consultant-slide-con waypoint\">\r\n\t\t\t\t<div class=\"consultant-slide swiper\">\r\n\t\t\t\t\t<div class=\"swiper-wrapper\">\r\n\t\t\t\t\t\r\n\t\t\t\t\t\t\t\t\t\t\t<div class=\"swiper-slide\">\r\n\t\t\t\t\t\t\t<div class=\"inner-slide\">\r\n\t\t\t\t\t\t\t\t\t\t\t\t\t\t\t\t\t\t\t<div class=\"c-item\">\r\n\t\t\t\t\t\t\t\t\t<div class=\"inner\">\r\n\t\t\t\t\t\t\t\t\t\t\t\t\t\t\t\t\t\t\t\t<div class=\"img-con full-bg\" style=\"background-image:url(https:\/\/www.fdmgroup.com\/wp-content\/uploads\/2024\/02\/glass-3000x3000-1-624x606.jpg)\"><\/div>\r\n\t\t\t\t\t\t\t\t\t\t\t\t\t\t\t\t\t\t\t\t<div class=\"text\">\r\n\t\t\t\t\t\t\t\t\t\t\t<h4>Maham Zaidi<\/h4>\r\n\t\t\t\t\t\t\t\t\t\t\t\t\t\t\t\t\t\t\t\t\t\t<p class=\"large\">Lead Consultant<\/p>\r\n\t\t\t\t\t\t\t\t\t\t\t\r\n\t\t\t\t\t\t\t\t\t\t\t\t\t\t\t\t\t\t\t\t\t\t\t\t\t\t\t\t\t\t\t\t\t\t\t\t\t\t\t\t\t\t\t\t<a href=\"https:\/\/www.fdmgroup.com\/pl\/consultant\/maham-zaidi\/\">View more<\/a>\r\n\t\t\t\t\t\t\t\t\t\t\t\t\t\t\t\t\t\t\t\t\t\t\t\t\t\t\t\t\t\t\t\t<\/div>\r\n\t\t\t\t\t\t\t\t\t<\/div>\r\n\t\t\t\t\t\t\t\t<\/div>\r\n\t\t\t\t\t\t\t\t\t\t\r\n\t\t\t\t\t\r\n\t\t\t\t\t\t\t\t\t\t\t\t\t\t\t\t\t\t\t<div class=\"c-item\">\r\n\t\t\t\t\t\t\t\t\t<div class=\"inner\">\r\n\t\t\t\t\t\t\t\t\t\t\t\t\t\t\t\t\t\t\t\t<div class=\"img-con full-bg\" style=\"background-image:url(https:\/\/www.fdmgroup.com\/wp-content\/uploads\/2024\/02\/Zachary-Brazendale-624x606.png)\"><\/div>\r\n\t\t\t\t\t\t\t\t\t\t\t\t\t\t\t\t\t\t\t\t<div class=\"text\">\r\n\t\t\t\t\t\t\t\t\t\t\t<h4>Zachary Brazendale<\/h4>\r\n\t\t\t\t\t\t\t\t\t\t\t\t\t\t\t\t\t\t\t\t\t\t<p class=\"large\">Data Engineer<\/p>\r\n\t\t\t\t\t\t\t\t\t\t\t\r\n\t\t\t\t\t\t\t\t\t\t\t\t\t\t\t\t\t\t\t\t\t\t<p>\u201cMoving to a different country has been the main highlight.\u201d<\/p>\n\t\t\t\t\t\t\t\t\t\t\t\t\t\t\t\t\t\t\t\t\t\t<a href=\"https:\/\/www.fdmgroup.com\/pl\/consultant\/zachary-brazendale\/\">View more<\/a>\r\n\t\t\t\t\t\t\t\t\t\t\t\t\t\t\t\t\t\t\t\t\t\t\t\t\t\t\t\t\t\t\t\t<\/div>\r\n\t\t\t\t\t\t\t\t\t<\/div>\r\n\t\t\t\t\t\t\t\t<\/div>\r\n\t\t\t\t\t\t\t\t\t\t\r\n\t\t\t\t\t\r\n\t\t\t\t\t\t\t\t\t\t\t\t\t\t\t\t\t\t\t<div class=\"c-item\">\r\n\t\t\t\t\t\t\t\t\t<div class=\"inner\">\r\n\t\t\t\t\t\t\t\t\t\t\t\t\t\t\t\t\t\t\t\t<div class=\"img-con full-bg\" style=\"background-image:url(https:\/\/www.fdmgroup.com\/wp-content\/uploads\/2024\/02\/Lisa-Stepanova-1-624x606.jpg)\"><\/div>\r\n\t\t\t\t\t\t\t\t\t\t\t\t\t\t\t\t\t\t\t\t<div class=\"text\">\r\n\t\t\t\t\t\t\t\t\t\t\t<h4>Lisa Stepanova<\/h4>\r\n\t\t\t\t\t\t\t\t\t\t\t\t\t\t\t\t\t\t\t\t\t\t<p class=\"large\">Application Support<\/p>\r\n\t\t\t\t\t\t\t\t\t\t\t\r\n\t\t\t\t\t\t\t\t\t\t\t\t\t\t\t\t\t\t\t\t\t\t<p>\u201cI decided to get out of my comfort zone and go for it.\u201d<\/p>\n\t\t\t\t\t\t\t\t\t\t\t\t\t\t\t\t\t\t\t\t\t\t<a href=\"https:\/\/www.fdmgroup.com\/pl\/consultant\/lisa-stepanova\/\">View more<\/a>\r\n\t\t\t\t\t\t\t\t\t\t\t\t\t\t\t\t\t\t\t\t\t\t\t\t\t\t\t\t\t\t\t\t<\/div>\r\n\t\t\t\t\t\t\t\t\t<\/div>\r\n\t\t\t\t\t\t\t\t<\/div>\r\n\t\t\t\t\t\t\t\t\t\t\t\t<\/div>\r\n\t\t\t\t\t\t<\/div>\r\n\t\t\t\t\t\t\t\t\t\t\r\n\t\t\t\t\t\t\t\t\t\t<\/div>\r\n\t\t\t\t\r\n\t\t\t\t\t<div class=\"swiper-pagination\"><\/div>\r\n\t\t\t\t\r\n\t\t\t\t\t<div class=\"swiper-button-prev\">\r\n\t\t\t\t\t\t<svg enable-background=\"new 0 0 17.9 17.9\" height=\"17.9\" viewBox=\"0 0 17.9 17.9\" width=\"17.9\" xmlns=\"http:\/\/www.w3.org\/2000\/svg\"><path d=\"m10.8 1.9-1.9-1.9-8.9 8.9 9 9 1.8-1.9-5.7-5.7h12.8v-2.7h-12.8z\" fill=\"#1e1e1e\"\/><\/svg>\r\n\t\t\t\t\t<\/div>\r\n\t\t\t\t\t<div class=\"swiper-button-next\">\r\n\t\t\t\t\t\t<svg enable-background=\"new 0 0 17.9 17.9\" height=\"17.9\" viewBox=\"0 0 17.9 17.9\" width=\"17.9\" xmlns=\"http:\/\/www.w3.org\/2000\/svg\"><path d=\"m7.1 16 1.9 1.9 8.9-8.9-9-9-1.8 1.9 5.7 5.7h-12.8v2.7h12.8z\" fill=\"#1e1e1e\"\/><\/svg>\r\n\t\t\t\t\t<\/div>\r\n\t\t\t\t<\/div>\r\n\t\t\t<\/div>\r\n\t\t\t\r\n\t\t<\/div>\r\n\t<\/div>\r\n<\/section>\n\n\r\n<section class=\"cta-section light\">\r\n\t<div class=\"container\">\r\n\t\t<div class=\"row\">\r\n\t\t\t<div class=\"col-12 waypoint\">\r\n\t\t\t\t<h2>Tw\u00f3j d\u0142ugoterminowy sukces zaczyna si\u0119 w FDM<\/h2>\n\t\t\t\t\t\t\t\t\t\t\t\t\t<div class=\"btn-con btn-con-center\">\r\n\t\t\t\t\t\t<a class=\"btn\" href=\"https:\/\/careers.fdmgroup.com\/vacancies\/vacancy-search-results.aspx\" target=\"_self\">Aplikuj<\/a>\r\n\t\t\t\t\t<\/div>\r\n\t\t\t\t\t\t\t<\/div>\r\n\t\t<\/div>\r\n\t<\/div>\r\n\r\n\t\r\n<\/section>\r\n","protected":false},"excerpt":{"rendered":"","protected":false},"author":2,"featured_media":0,"parent":59272,"menu_order":0,"comment_status":"closed","ping_status":"closed","template":"","meta":{"_acf_changed":false,"inline_featured_image":false,"footnotes":""},"class_list":["post-59335","page","type-page","status-publish","hentry"],"acf":[],"yoast_head":"<!-- This site is optimized with the Yoast SEO plugin v27.1.1 - https:\/\/yoast.com\/product\/yoast-seo-wordpress\/ -->\n<title>Software Engineering | FDM Group<\/title>\n<meta name=\"description\" content=\"Software Engineering | FDM Group\" \/>\n<meta name=\"robots\" content=\"index, follow, max-snippet:-1, max-image-preview:large, max-video-preview:-1\" \/>\n<link rel=\"canonical\" href=\"https:\/\/www.fdmgroup.com\/pl\/candidates\/practices\/software-engineering\/\" \/>\n<meta property=\"og:locale\" content=\"pl_PL\" \/>\n<meta property=\"og:type\" content=\"article\" \/>\n<meta property=\"og:title\" content=\"Software Engineering | FDM Group\" \/>\n<meta property=\"og:description\" content=\"Software Engineering | FDM Group\" \/>\n<meta property=\"og:url\" content=\"https:\/\/www.fdmgroup.com\/pl\/candidates\/practices\/software-engineering\/\" \/>\n<meta property=\"og:site_name\" content=\"FDM Group\" \/>\n<meta property=\"article:publisher\" content=\"https:\/\/www.facebook.com\/FDMGroup\" \/>\n<meta property=\"article:modified_time\" content=\"2025-07-22T08:41:45+00:00\" \/>\n<meta property=\"og:image\" content=\"https:\/\/www.fdmgroup.com\/wp-content\/uploads\/2024\/09\/FDM_placeholder.png\" \/>\n\t<meta property=\"og:image:width\" content=\"1200\" \/>\n\t<meta property=\"og:image:height\" content=\"675\" \/>\n\t<meta property=\"og:image:type\" content=\"image\/png\" \/>\n<meta name=\"twitter:card\" content=\"summary_large_image\" \/>\n<meta name=\"twitter:site\" content=\"@FDMGroup\" \/>\n<meta name=\"twitter:label1\" content=\"Szacowany czas czytania\" \/>\n\t<meta name=\"twitter:data1\" content=\"3 minuty\" \/>\n<script type=\"application\/ld+json\" class=\"yoast-schema-graph\">{\"@context\":\"https:\/\/schema.org\",\"@graph\":[{\"@type\":\"WebPage\",\"@id\":\"https:\/\/www.fdmgroup.com\/pl\/candidates\/practices\/software-engineering\/\",\"url\":\"https:\/\/www.fdmgroup.com\/pl\/candidates\/practices\/software-engineering\/\",\"name\":\"Software Engineering | FDM Group\",\"isPartOf\":{\"@id\":\"https:\/\/www.fdmgroup.com\/pl\/#website\"},\"datePublished\":\"2024-03-11T16:14:01+00:00\",\"dateModified\":\"2025-07-22T08:41:45+00:00\",\"description\":\"Software Engineering | FDM Group\",\"breadcrumb\":{\"@id\":\"https:\/\/www.fdmgroup.com\/pl\/candidates\/practices\/software-engineering\/#breadcrumb\"},\"inLanguage\":\"pl-PL\",\"potentialAction\":[{\"@type\":\"ReadAction\",\"target\":[\"https:\/\/www.fdmgroup.com\/pl\/candidates\/practices\/software-engineering\/\"]}]},{\"@type\":\"BreadcrumbList\",\"@id\":\"https:\/\/www.fdmgroup.com\/pl\/candidates\/practices\/software-engineering\/#breadcrumb\",\"itemListElement\":[{\"@type\":\"ListItem\",\"position\":1,\"name\":\"(PL) Candidates\",\"item\":\"https:\/\/www.fdmgroup.com\/pl\/candidates\/\"},{\"@type\":\"ListItem\",\"position\":2,\"name\":\"Practices\",\"item\":\"https:\/\/www.fdmgroup.com\/pl\/candidates\/practices\/\"},{\"@type\":\"ListItem\",\"position\":3,\"name\":\"Software Engineering\"}]},{\"@type\":\"WebSite\",\"@id\":\"https:\/\/www.fdmgroup.com\/pl\/#website\",\"url\":\"https:\/\/www.fdmgroup.com\/pl\/\",\"name\":\"FDM Group\",\"description\":\"\",\"publisher\":{\"@id\":\"https:\/\/www.fdmgroup.com\/pl\/#organization\"},\"potentialAction\":[{\"@type\":\"SearchAction\",\"target\":{\"@type\":\"EntryPoint\",\"urlTemplate\":\"https:\/\/www.fdmgroup.com\/pl\/?s={search_term_string}\"},\"query-input\":{\"@type\":\"PropertyValueSpecification\",\"valueRequired\":true,\"valueName\":\"search_term_string\"}}],\"inLanguage\":\"pl-PL\"},{\"@type\":\"Organization\",\"@id\":\"https:\/\/www.fdmgroup.com\/pl\/#organization\",\"name\":\"FDM Group\",\"url\":\"https:\/\/www.fdmgroup.com\/pl\/\",\"logo\":{\"@type\":\"ImageObject\",\"inLanguage\":\"pl-PL\",\"@id\":\"https:\/\/www.fdmgroup.com\/pl\/#\/schema\/logo\/image\/\",\"url\":\"https:\/\/www.fdmgroup.com\/wp-content\/uploads\/2024\/04\/cropped-fdm-logo-green-square-480-3.png\",\"contentUrl\":\"https:\/\/www.fdmgroup.com\/wp-content\/uploads\/2024\/04\/cropped-fdm-logo-green-square-480-3.png\",\"width\":512,\"height\":512,\"caption\":\"FDM Group\"},\"image\":{\"@id\":\"https:\/\/www.fdmgroup.com\/pl\/#\/schema\/logo\/image\/\"},\"sameAs\":[\"https:\/\/www.facebook.com\/FDMGroup\",\"https:\/\/x.com\/FDMGroup\",\"https:\/\/www.instagram.com\/fdm_group\/?hl=en\",\"https:\/\/www.linkedin.com\/company\/fdm-group\/?originalSubdomain=uk\",\"https:\/\/www.tiktok.com\/@fdm_group\"]}]}<\/script>\n<!-- \/ Yoast SEO plugin. -->","yoast_head_json":{"title":"Software Engineering | FDM Group","description":"Software Engineering | FDM Group","robots":{"index":"index","follow":"follow","max-snippet":"max-snippet:-1","max-image-preview":"max-image-preview:large","max-video-preview":"max-video-preview:-1"},"canonical":"https:\/\/www.fdmgroup.com\/pl\/candidates\/practices\/software-engineering\/","og_locale":"pl_PL","og_type":"article","og_title":"Software Engineering | FDM Group","og_description":"Software Engineering | FDM Group","og_url":"https:\/\/www.fdmgroup.com\/pl\/candidates\/practices\/software-engineering\/","og_site_name":"FDM Group","article_publisher":"https:\/\/www.facebook.com\/FDMGroup","article_modified_time":"2025-07-22T08:41:45+00:00","og_image":[{"width":1200,"height":675,"url":"https:\/\/www.fdmgroup.com\/wp-content\/uploads\/2024\/09\/FDM_placeholder.png","type":"image\/png"}],"twitter_card":"summary_large_image","twitter_site":"@FDMGroup","twitter_misc":{"Szacowany czas czytania":"3 minuty"},"schema":{"@context":"https:\/\/schema.org","@graph":[{"@type":"WebPage","@id":"https:\/\/www.fdmgroup.com\/pl\/candidates\/practices\/software-engineering\/","url":"https:\/\/www.fdmgroup.com\/pl\/candidates\/practices\/software-engineering\/","name":"Software Engineering | FDM Group","isPartOf":{"@id":"https:\/\/www.fdmgroup.com\/pl\/#website"},"datePublished":"2024-03-11T16:14:01+00:00","dateModified":"2025-07-22T08:41:45+00:00","description":"Software Engineering | FDM Group","breadcrumb":{"@id":"https:\/\/www.fdmgroup.com\/pl\/candidates\/practices\/software-engineering\/#breadcrumb"},"inLanguage":"pl-PL","potentialAction":[{"@type":"ReadAction","target":["https:\/\/www.fdmgroup.com\/pl\/candidates\/practices\/software-engineering\/"]}]},{"@type":"BreadcrumbList","@id":"https:\/\/www.fdmgroup.com\/pl\/candidates\/practices\/software-engineering\/#breadcrumb","itemListElement":[{"@type":"ListItem","position":1,"name":"(PL) Candidates","item":"https:\/\/www.fdmgroup.com\/pl\/candidates\/"},{"@type":"ListItem","position":2,"name":"Practices","item":"https:\/\/www.fdmgroup.com\/pl\/candidates\/practices\/"},{"@type":"ListItem","position":3,"name":"Software Engineering"}]},{"@type":"WebSite","@id":"https:\/\/www.fdmgroup.com\/pl\/#website","url":"https:\/\/www.fdmgroup.com\/pl\/","name":"FDM Group","description":"","publisher":{"@id":"https:\/\/www.fdmgroup.com\/pl\/#organization"},"potentialAction":[{"@type":"SearchAction","target":{"@type":"EntryPoint","urlTemplate":"https:\/\/www.fdmgroup.com\/pl\/?s={search_term_string}"},"query-input":{"@type":"PropertyValueSpecification","valueRequired":true,"valueName":"search_term_string"}}],"inLanguage":"pl-PL"},{"@type":"Organization","@id":"https:\/\/www.fdmgroup.com\/pl\/#organization","name":"FDM Group","url":"https:\/\/www.fdmgroup.com\/pl\/","logo":{"@type":"ImageObject","inLanguage":"pl-PL","@id":"https:\/\/www.fdmgroup.com\/pl\/#\/schema\/logo\/image\/","url":"https:\/\/www.fdmgroup.com\/wp-content\/uploads\/2024\/04\/cropped-fdm-logo-green-square-480-3.png","contentUrl":"https:\/\/www.fdmgroup.com\/wp-content\/uploads\/2024\/04\/cropped-fdm-logo-green-square-480-3.png","width":512,"height":512,"caption":"FDM Group"},"image":{"@id":"https:\/\/www.fdmgroup.com\/pl\/#\/schema\/logo\/image\/"},"sameAs":["https:\/\/www.facebook.com\/FDMGroup","https:\/\/x.com\/FDMGroup","https:\/\/www.instagram.com\/fdm_group\/?hl=en","https:\/\/www.linkedin.com\/company\/fdm-group\/?originalSubdomain=uk","https:\/\/www.tiktok.com\/@fdm_group"]}]}},"_links":{"self":[{"href":"https:\/\/www.fdmgroup.com\/pl\/wp-json\/wp\/v2\/pages\/59335","targetHints":{"allow":["GET"]}}],"collection":[{"href":"https:\/\/www.fdmgroup.com\/pl\/wp-json\/wp\/v2\/pages"}],"about":[{"href":"https:\/\/www.fdmgroup.com\/pl\/wp-json\/wp\/v2\/types\/page"}],"author":[{"embeddable":true,"href":"https:\/\/www.fdmgroup.com\/pl\/wp-json\/wp\/v2\/users\/2"}],"replies":[{"embeddable":true,"href":"https:\/\/www.fdmgroup.com\/pl\/wp-json\/wp\/v2\/comments?post=59335"}],"version-history":[{"count":0,"href":"https:\/\/www.fdmgroup.com\/pl\/wp-json\/wp\/v2\/pages\/59335\/revisions"}],"up":[{"embeddable":true,"href":"https:\/\/www.fdmgroup.com\/pl\/wp-json\/wp\/v2\/pages\/59272"}],"wp:attachment":[{"href":"https:\/\/www.fdmgroup.com\/pl\/wp-json\/wp\/v2\/media?parent=59335"}],"curies":[{"name":"wp","href":"https:\/\/api.w.org\/{rel}","templated":true}]}}