{"id":59532,"date":"2024-02-26T10:34:57","date_gmt":"2024-02-26T10:34:57","guid":{"rendered":"https:\/\/fdm.in-beta7.co.uk\/?page_id=59532"},"modified":"2025-08-19T12:21:38","modified_gmt":"2025-08-19T11:21:38","slug":"graduates","status":"publish","type":"page","link":"https:\/\/www.fdmgroup.com\/pl\/candidates\/graduates\/","title":{"rendered":"Graduates"},"content":{"rendered":"\r\n<section class=\"text-side-hero-section light-menu full-bg purple\" style=\"background-image:url(https:\/\/www.fdmgroup.com\/wp-content\/uploads\/2024\/03\/iStock-599501894-2-2160x1289.jpg);\">\r\n\t<div class=\"container\">\r\n\t\t<div class=\"row\">\r\n\t\t\t<div class=\"col-12 col-md-7\">\r\n\t\t\t\t<div class=\"text\">\r\n\t\t\t\t\t<div class=\"inner\">\r\n\t\t\t\t\t\t\t\t\t\t\t<h1>Program dla absolwent\u00f3w<\/h1>\n<p class=\"large\"><strong>Zapewnij sobie karier\u0119 na najszybciej rozwijaj\u0105cym si\u0119 rynku pracy na \u015bwiecie.<\/strong><\/p>\n\t\t\t\t\t\t\t\t\t\t\r\n\t\t\t\t\t\t\t\t\t\t\t\t\t\t\t\t<div class=\"btn-con\">\r\n\t\t\t\t\t\t\t<a class=\"btn\" href=\"https:\/\/careers.fdmgroup.com\/registration.aspx\" target=\"_blank\">Rejestr<\/a>\r\n\t\t\t\t\t\t<\/div>\r\n\t\t\t\t\t\t\t\t\t\t<\/div>\r\n\t\t\t\t<\/div>\r\n\t\t\t<\/div>\r\n\t\t<\/div>\r\n\t<\/div>\r\n<\/section>\n\n\r\n<section class=\"text-with-image-section medium-light right\">\r\n\t<div class=\"container\">\r\n\t\t<div class=\"row\">\r\n\r\n\t\t\t<div class=\"col-12 col-md-6 img-side waypoint\">\r\n\t\t\t\t\t\t\t\t<img width=\"771\" height=\"791\" data-done=\"false\" data-img=\"https:\/\/www.fdmgroup.com\/wp-content\/uploads\/2024\/03\/iStock-1795115029-1-1-771x791.jpg\" alt=\"\">\r\n\t\t\t\t\t\t\t<\/div>\r\n\r\n\t\t\t<div class=\"col-12 col-md-6 text-side waypoint\">\r\n\t\t\t\t<div class=\"text\">\r\n\t\t\t\t\t<h2>Co oferuje Ci Program dla absolwent\u00f3w FDM<\/h2>\n<p>FDM jest wiod\u0105c\u0105 na rynku globaln\u0105 firm\u0105 doradcz\u0105 w zakresie technologii i biznesu, rekrutuj\u0105c\u0105 osoby z ambicjami, kt\u00f3re s\u0105 zainteresowane zawodami przysz\u0142o\u015bci. Pomogli\u015bmy ju\u017c ponad 25 000 os\u00f3b przy\u015bpieszy\u0107 ich karier\u0119 zawodow\u0105.<\/p>\n<p>Uzyskaj dost\u0119p do naszego Centrum rozwoju kompetencji oraz zespo\u0142u trener\u00f3w i mentor\u00f3w, aby poszerzy\u0107 swoj\u0105 wiedz\u0119 i umiej\u0119tno\u015bci i przygotowa\u0107 si\u0119 do roli konsultanta FDM.<\/p>\n<p>Zacznij intensywnie i rozwijaj si\u0119 dzi\u0119ki uznanym w bran\u017cy szkoleniom, projektom w renomowanych firmach i dost\u0119powi do profesjonalnej sieci kontakt\u00f3w.<\/p>\n\r\n\t\t\t\t\t\t\t\t\t<\/div>\r\n\t\t\t<\/div>\r\n\r\n\t\t<\/div>\r\n\t<\/div>\r\n<\/section>\r\n\n\n\r\n<section class=\"text-with-image-section light left\">\r\n\t<div class=\"container\">\r\n\t\t<div class=\"row\">\r\n\r\n\t\t\t<div class=\"col-12 col-md-6 img-side waypoint\">\r\n\t\t\t\t\t\t\t\t<img width=\"771\" height=\"791\" data-done=\"false\" data-img=\"https:\/\/www.fdmgroup.com\/wp-content\/uploads\/2024\/03\/iStock-639359406-6-771x791.jpg\" alt=\"\">\r\n\t\t\t\t\t\t\t<\/div>\r\n\r\n\t\t\t<div class=\"col-12 col-md-6 text-side waypoint\">\r\n\t\t\t\t<div class=\"text\">\r\n\t\t\t\t\t<h2>Kto mo\u017ce przyst\u0105pi\u0107 do Programu?<\/h2>\n<p>Nasz Program mo\u017ce by\u0107 \u015bwietnym rozwi\u0105zaniem zar\u00f3wno dla tych, kt\u00f3rzy maj\u0105 ju\u017c pewne do\u015bwiadczenie lub studia kierunkowe, szczeg\u00f3lnie w obszarze STEM, jak r\u00f3wnie\u017c dla tych, kt\u00f3rzy nie maj\u0105 do\u015bwiadczenia ani studi\u00f3w kierunkowych. To, czego oczekujemy od kandydat\u00f3w, to wykszta\u0142cenie licencjackie i magisterskie oraz znajomo\u015b\u0107 j\u0119zyka angielskiego, jak r\u00f3wnie\u017c ch\u0119\u0107 do nauki i podj\u0119cia pracy na pe\u0142en etat.<\/p>\n\r\n\t\t\t\t\t\t\t\t\t<\/div>\r\n\t\t\t<\/div>\r\n\r\n\t\t<\/div>\r\n\t<\/div>\r\n<\/section>\r\n\n\n\r\n<section class=\"text-with-image-section purple right\">\r\n\t<div class=\"container\">\r\n\t\t<div class=\"row\">\r\n\r\n\t\t\t<div class=\"col-12 col-md-6 img-side waypoint\">\r\n\t\t\t\t\t\t\t\t<img width=\"771\" height=\"791\" data-done=\"false\" data-img=\"https:\/\/www.fdmgroup.com\/wp-content\/uploads\/2024\/03\/iStock-1408304047-771x791.jpg\" alt=\"\">\r\n\t\t\t\t\t\t\t<\/div>\r\n\r\n\t\t\t<div class=\"col-12 col-md-6 text-side waypoint\">\r\n\t\t\t\t<div class=\"text\">\r\n\t\t\t\t\t<h3>Obszary kompetencji<\/h3>\n<p>Szkolenia w ramach jednego z naszych obszar\u00f3w kompetencji, pozwol\u0105 Ci naby\u0107 lub rozwin\u0105\u0107 wiedz\u0119 i umiej\u0119tno\u015bci, kt\u00f3re przekszta\u0142c\u0105 ci\u0119 w dojrza\u0142ego profesjonalist\u0119, na tyle wszechstronnego, aby\u015b m\u00f3g\u0142 wybiera\u0107 spo\u015br\u00f3d r\u00f3\u017cnych \u015bcie\u017cek kariery.<\/p>\n<p>Jeste\u015bmy zaanga\u017cowani w oferowanie najwy\u017cszych standard\u00f3w szkole\u0144 i coachingu, aby mie\u0107 pewno\u015b\u0107, \u017ce zdob\u0119dziesz umiej\u0119tno\u015bci zwi\u0119kszaj\u0105ce szanse na zatrudnienie i sukces zawodowy.<\/p>\n\r\n\t\t\t\t\t\t\t\t\t<\/div>\r\n\t\t\t<\/div>\r\n\r\n\t\t<\/div>\r\n\t<\/div>\r\n<\/section>\r\n\n\n\r\n<section class=\"line-section purple\">\r\n\t<div class=\"container\">\r\n\t\t<div class=\"row\">\r\n\t\t\t<div class=\"col-12 waypoint\">\r\n\t\t\t\t<hr>\r\n\t\t\t<\/div>\r\n\t\t<\/div>\r\n\t<\/div>\r\n<\/section>\n\n\r\n<section class=\"block-section light\">\r\n\t<div class=\"container\">\r\n\t\t<div class=\"row\">\r\n\r\n\t\t\t\t\t\t<div class=\"col-12 text-con waypoint\">\r\n\t\t\t\t<h2>Do\u0142\u0105cz do jednej z naszych pi\u0119ciu podstawowych praktyk:<\/h2>\n\t\t\t<\/div>\r\n\t\t\t\r\n\t\t\t\t\t\t\t\t\t\t\t\t\t\t\t\r\n\t\t\t<div class=\"col-12 col-sm-6 col-md-4 waypoint\">\r\n\t\t\t\t<div class=\"inner\">\r\n\t\t\t\t\t\t\t\t\t\t<a class=\"block-link\" href=\"\/candidates\/practices\/software-engineering\/\"><\/a>\r\n\t\t\t\t\t\r\n\t\t\t\t\t\t\t\t\t\t<div class=\"icon-con block-icon\">\r\n\t\t\t\t\t\t<img style=\"height:7rem;\" data-done=\"false\" data-img=\"https:\/\/www.fdmgroup.com\/wp-content\/uploads\/2024\/03\/icon-software-engineering.png\" alt=\"Software Engineering logo\">\r\n\t\t\t\t\t<\/div>\r\n\t\t\t\t\t\r\n\t\t\t\t\t<h4>In\u017cynieria Oprogramowania<\/h4>\n\t\t\t\t<\/div>\r\n\t\t\t<\/div>\r\n\t\t\t\t\t\t\t\t\t\t\t\t\r\n\t\t\t<div class=\"col-12 col-sm-6 col-md-4 waypoint\">\r\n\t\t\t\t<div class=\"inner\">\r\n\t\t\t\t\t\t\t\t\t\t<a class=\"block-link\" href=\"\/candidates\/practices\/data-analytics\/\"><\/a>\r\n\t\t\t\t\t\r\n\t\t\t\t\t\t\t\t\t\t<div class=\"icon-con block-icon\">\r\n\t\t\t\t\t\t<img style=\"height:7rem;\" data-done=\"false\" data-img=\"https:\/\/www.fdmgroup.com\/wp-content\/uploads\/2024\/03\/icon-data-analytics.png\" alt=\"Data Analytics logo\">\r\n\t\t\t\t\t<\/div>\r\n\t\t\t\t\t\r\n\t\t\t\t\t<h4>Przetwarzanie i Analityka Danych<\/h4>\n\t\t\t\t<\/div>\r\n\t\t\t<\/div>\r\n\t\t\t\t\t\t\t\t\t\t\t\t\r\n\t\t\t<div class=\"col-12 col-sm-6 col-md-4 waypoint\">\r\n\t\t\t\t<div class=\"inner\">\r\n\t\t\t\t\t\t\t\t\t\t<a class=\"block-link\" href=\"\/candidates\/practices\/it-operations\/\"><\/a>\r\n\t\t\t\t\t\r\n\t\t\t\t\t\t\t\t\t\t<div class=\"icon-con block-icon\">\r\n\t\t\t\t\t\t<img style=\"height:7rem;\" data-done=\"false\" data-img=\"https:\/\/www.fdmgroup.com\/wp-content\/uploads\/2024\/03\/icon-it-operations.png\" alt=\"IT Ops logo\">\r\n\t\t\t\t\t<\/div>\r\n\t\t\t\t\t\r\n\t\t\t\t\t<h4>Zarz\u0105dzanie Procesami IT<\/h4>\n\t\t\t\t<\/div>\r\n\t\t\t<\/div>\r\n\t\t\t\t\t\t\t\t\t\t\t\t\r\n\t\t\t<div class=\"col-12 col-sm-6 col-md-4 waypoint\">\r\n\t\t\t\t<div class=\"inner\">\r\n\t\t\t\t\t\t\t\t\t\t<a class=\"block-link\" href=\"\/candidates\/practices\/change-and-transformation\/\"><\/a>\r\n\t\t\t\t\t\r\n\t\t\t\t\t\t\t\t\t\t<div class=\"icon-con block-icon\">\r\n\t\t\t\t\t\t<img style=\"height:7rem;\" data-done=\"false\" data-img=\"https:\/\/www.fdmgroup.com\/wp-content\/uploads\/2024\/03\/icon-change-transformation.png\" alt=\"Change and transformation logo\">\r\n\t\t\t\t\t<\/div>\r\n\t\t\t\t\t\r\n\t\t\t\t\t<h4>Zmiana i Transformacja<\/h4>\n\t\t\t\t<\/div>\r\n\t\t\t<\/div>\r\n\t\t\t\t\t\t\t\t\t\t\t\t\r\n\t\t\t<div class=\"col-12 col-sm-6 col-md-4 waypoint\">\r\n\t\t\t\t<div class=\"inner\">\r\n\t\t\t\t\t\t\t\t\t\t<a class=\"block-link\" href=\"\/candidates\/practices\/risk-regulation-compliance\/\"><\/a>\r\n\t\t\t\t\t\r\n\t\t\t\t\t\t\t\t\t\t<div class=\"icon-con block-icon\">\r\n\t\t\t\t\t\t<img style=\"height:7rem;\" data-done=\"false\" data-img=\"https:\/\/www.fdmgroup.com\/wp-content\/uploads\/2024\/03\/icon-risk-regulation-compliance.png\" alt=\"RRC logo\">\r\n\t\t\t\t\t<\/div>\r\n\t\t\t\t\t\r\n\t\t\t\t\t<h4>Ryzyko, Regulacje i Zgodno\u015b\u0107<\/h4>\n\t\t\t\t<\/div>\r\n\t\t\t<\/div>\r\n\t\t\t\t\t\t\r\n\t\t\t\t\t<\/div>\r\n\t<\/div>\r\n<\/section>\r\n\r\n\r\n\n\n\r\n<section class=\"logo-slide-section light\">\r\n\t<div class=\"container\">\r\n\t\t<div class=\"row\">\r\n\r\n\t\t\t\t\t\t<div class=\"col-12 text-top waypoint\"><h4>Nagrody<\/h4>\n<\/div>\r\n\t\t\t\r\n\t\t\t<div class=\"col-12 logo-slide-con waypoint\">\r\n\t\t\t\t\t\t\t\t<div class=\"logo-slide swiper\">\r\n\t\t\t\t\t<div class=\"swiper-wrapper\">\r\n\t\t\t\t\t\t\t\t\t\t\t\t<div class=\"swiper-slide\">\r\n\t\t\t\t\t\t\t<div class=\"inner\">\r\n\t\t\t\t\t\t\t\t<img decoding=\"async\" loading=\"lazy\" width=\"169\" height=\"98\" src=\"https:\/\/www.fdmgroup.com\/wp-content\/uploads\/2024\/02\/Frame-2608756.png\" alt=\"\">\r\n\t\t\t\t\t\t\t<\/div>\r\n\t\t\t\t\t\t<\/div>\r\n\t\t\t\t\t\t\t\t\t\t\t\t<div class=\"swiper-slide\">\r\n\t\t\t\t\t\t\t<div class=\"inner\">\r\n\t\t\t\t\t\t\t\t<img decoding=\"async\" loading=\"lazy\" width=\"169\" height=\"97\" src=\"https:\/\/www.fdmgroup.com\/wp-content\/uploads\/2024\/02\/Frame-2608754.png\" alt=\"\">\r\n\t\t\t\t\t\t\t<\/div>\r\n\t\t\t\t\t\t<\/div>\r\n\t\t\t\t\t\t\t\t\t\t\t\t<div class=\"swiper-slide\">\r\n\t\t\t\t\t\t\t<div class=\"inner\">\r\n\t\t\t\t\t\t\t\t<img decoding=\"async\" loading=\"lazy\" width=\"169\" height=\"97\" src=\"https:\/\/www.fdmgroup.com\/wp-content\/uploads\/2024\/02\/Frame-2608759.png\" alt=\"\">\r\n\t\t\t\t\t\t\t<\/div>\r\n\t\t\t\t\t\t<\/div>\r\n\t\t\t\t\t\t\t\t\t\t\t\t<div class=\"swiper-slide\">\r\n\t\t\t\t\t\t\t<div class=\"inner\">\r\n\t\t\t\t\t\t\t\t<img decoding=\"async\" loading=\"lazy\" width=\"169\" height=\"97\" src=\"https:\/\/www.fdmgroup.com\/wp-content\/uploads\/2024\/02\/Frame-2608753.png\" alt=\"\">\r\n\t\t\t\t\t\t\t<\/div>\r\n\t\t\t\t\t\t<\/div>\r\n\t\t\t\t\t\t\t\t\t\t\t\t<div class=\"swiper-slide\">\r\n\t\t\t\t\t\t\t<div class=\"inner\">\r\n\t\t\t\t\t\t\t\t<img decoding=\"async\" loading=\"lazy\" width=\"169\" height=\"97\" src=\"https:\/\/www.fdmgroup.com\/wp-content\/uploads\/2024\/02\/Frame-2608757.png\" alt=\"\">\r\n\t\t\t\t\t\t\t<\/div>\r\n\t\t\t\t\t\t<\/div>\r\n\t\t\t\t\t\t\t\t\t\t\t\t<div class=\"swiper-slide\">\r\n\t\t\t\t\t\t\t<div class=\"inner\">\r\n\t\t\t\t\t\t\t\t<img decoding=\"async\" loading=\"lazy\" width=\"169\" height=\"97\" src=\"https:\/\/www.fdmgroup.com\/wp-content\/uploads\/2024\/02\/Frame-2608758.png\" alt=\"\">\r\n\t\t\t\t\t\t\t<\/div>\r\n\t\t\t\t\t\t<\/div>\r\n\t\t\t\t\t\t\t\t\t\t\t<\/div>\r\n\t\t\t\t<\/div>\r\n\t\t\t\t\t\t\t<\/div>\r\n\t\t<\/div>\r\n\t<\/div>\r\n<\/section>\n\n\r\n\r\n\r\n\t\r\n\r\n<section class=\"featured-article-section light\">\r\n\t<div class=\"container\">\r\n\t\t<div class=\"row\">\r\n\r\n\t\t\t\t\t\t<div class=\"col-12  hn-item waypoint\">\r\n\t\t\t\t\t\t\t\t\t\t\t\t<div class=\"inner img-con full-bg\" data-done=\"false\" data-img=\"https:\/\/www.fdmgroup.com\/wp-content\/uploads\/2025\/09\/New-CS-1-Header.jpg\">\r\n\t\t\t\t\t\t\t\t\r\n\t\t\t\t\t\r\n\t\t\t\t\t\r\n\t\t\t\t\t\r\n\t\t\t\t\t<div class=\"text\" style=\"background-color: #FF74FF\">\r\n\r\n\t\t\t\t\t\t<div class=\"top\">\r\n\t\t\t\t\t\t\t\t\t\t\t\t\t\t<div class=\"cats\">\r\n\t\t\t\t\t\t\t\t\t\t\t\t\t\t\t\t\t\t\t\t\t\t\t\t<span>Case Studies<\/span>\r\n\t\t\t\t\t\t\t\t\t\t\t\t\t\t\t\t\t\t\t\t\t\t\t\t<span>Case Study<\/span>\r\n\t\t\t\t\t\t\t\t\t\t\t\t\t\t\t<\/div>\r\n\t\t\t\t\t\t\t\t\t\t\t\t\t\t<h4>AI-powered chatbot reduces manual reconciliation time by 60% for UK regulator<\/h4>\r\n\t\t\t\t\t\t<\/div>\r\n\r\n\t\t\t\t\t\t<div class=\"bottom\">\r\n\t\t\t\t\t\t\t\t\t\t\t\t\t\t<div class=\"btn-con\">\r\n\t\t\t\t\t\t\t\t<a class=\"btn dark\" href=\"https:\/\/www.fdmgroup.com\/pl\/news-insights\/ai-powered-chatbot-for-regulator\/\">Find out more<\/a>\r\n\t\t\t\t\t\t\t<\/div>\r\n\t\t\t\t\t\t<\/div>\r\n\t\t\t\t\t<\/div>\r\n\r\n\t\t\t\t<\/div>\r\n\t\t\t<\/div>\r\n\t\t\t\r\n\t\t\t\t\t\t<div class=\"col-12 link-con waypoint\">\r\n\t\t\t\t\t\t\t\t<a class=\"link\" href=\"http:\/\/de\/insights\/\" target=\"_self\">Zobacz wi\u0119cej<\/a>\r\n\t\t\t<\/div>\r\n\t\t\t\t\t<\/div>\r\n\t<\/div>\r\n<\/section>\r\n\r\n\r\n\n\n\r\n<section class=\"cta-section light\">\r\n\t<div class=\"container\">\r\n\t\t<div class=\"row\">\r\n\t\t\t<div class=\"col-12 waypoint\">\r\n\t\t\t\t<h2>Co by by\u0142o, gdyby\u015b m\u00f3g\u0142 rozpocz\u0105\u0107 swoj\u0105 karier\u0119 od szkole\u0144 i mentoringu, kt\u00f3re pomog\u0142yby Ci ruszy\u0107 do przodu?<\/h2>\n\t\t\t\t\t\t\t\t\t\t\t\t\t<div class=\"btn-con btn-con-center\">\r\n\t\t\t\t\t\t<a class=\"btn\" href=\"https:\/\/careers.fdmgroup.com\/registration.aspx\" target=\"_self\">Rejestr<\/a>\r\n\t\t\t\t\t<\/div>\r\n\t\t\t\t\t\t\t<\/div>\r\n\t\t<\/div>\r\n\t<\/div>\r\n\r\n\t\r\n<\/section>\r\n","protected":false},"excerpt":{"rendered":"","protected":false},"author":2,"featured_media":0,"parent":59221,"menu_order":0,"comment_status":"closed","ping_status":"closed","template":"","meta":{"_acf_changed":false,"inline_featured_image":false,"footnotes":""},"class_list":["post-59532","page","type-page","status-publish","hentry"],"acf":[],"yoast_head":"<!-- This site is optimized with the Yoast SEO plugin v27.1.1 - https:\/\/yoast.com\/product\/yoast-seo-wordpress\/ -->\n<title>Graduates | FDM Group<\/title>\n<meta name=\"description\" content=\"Graduates | FDM Group\" \/>\n<meta name=\"robots\" content=\"index, follow, max-snippet:-1, max-image-preview:large, max-video-preview:-1\" \/>\n<link rel=\"canonical\" href=\"https:\/\/www.fdmgroup.com\/pl\/candidates\/graduates\/\" \/>\n<meta property=\"og:locale\" content=\"pl_PL\" \/>\n<meta property=\"og:type\" content=\"article\" \/>\n<meta property=\"og:title\" content=\"Graduates | FDM Group\" \/>\n<meta property=\"og:description\" content=\"Graduates | FDM Group\" \/>\n<meta property=\"og:url\" content=\"https:\/\/www.fdmgroup.com\/pl\/candidates\/graduates\/\" \/>\n<meta property=\"og:site_name\" content=\"FDM Group\" \/>\n<meta property=\"article:publisher\" content=\"https:\/\/www.facebook.com\/FDMGroup\" \/>\n<meta property=\"article:modified_time\" content=\"2025-08-19T11:21:38+00:00\" \/>\n<meta property=\"og:image\" content=\"https:\/\/www.fdmgroup.com\/wp-content\/uploads\/2024\/09\/FDM_placeholder.png\" \/>\n\t<meta property=\"og:image:width\" content=\"1200\" \/>\n\t<meta property=\"og:image:height\" content=\"675\" \/>\n\t<meta property=\"og:image:type\" content=\"image\/png\" \/>\n<meta name=\"twitter:card\" content=\"summary_large_image\" \/>\n<meta name=\"twitter:site\" content=\"@FDMGroup\" \/>\n<meta name=\"twitter:label1\" content=\"Szacowany czas czytania\" \/>\n\t<meta name=\"twitter:data1\" content=\"5 minut\" \/>\n<script type=\"application\/ld+json\" class=\"yoast-schema-graph\">{\"@context\":\"https:\/\/schema.org\",\"@graph\":[{\"@type\":\"WebPage\",\"@id\":\"https:\/\/www.fdmgroup.com\/pl\/candidates\/graduates\/\",\"url\":\"https:\/\/www.fdmgroup.com\/pl\/candidates\/graduates\/\",\"name\":\"Graduates | FDM Group\",\"isPartOf\":{\"@id\":\"https:\/\/www.fdmgroup.com\/pl\/#website\"},\"datePublished\":\"2024-02-26T10:34:57+00:00\",\"dateModified\":\"2025-08-19T11:21:38+00:00\",\"description\":\"Graduates | FDM Group\",\"breadcrumb\":{\"@id\":\"https:\/\/www.fdmgroup.com\/pl\/candidates\/graduates\/#breadcrumb\"},\"inLanguage\":\"pl-PL\",\"potentialAction\":[{\"@type\":\"ReadAction\",\"target\":[\"https:\/\/www.fdmgroup.com\/pl\/candidates\/graduates\/\"]}]},{\"@type\":\"BreadcrumbList\",\"@id\":\"https:\/\/www.fdmgroup.com\/pl\/candidates\/graduates\/#breadcrumb\",\"itemListElement\":[{\"@type\":\"ListItem\",\"position\":1,\"name\":\"(PL) Candidates\",\"item\":\"https:\/\/www.fdmgroup.com\/pl\/candidates\/\"},{\"@type\":\"ListItem\",\"position\":2,\"name\":\"Graduates\"}]},{\"@type\":\"WebSite\",\"@id\":\"https:\/\/www.fdmgroup.com\/pl\/#website\",\"url\":\"https:\/\/www.fdmgroup.com\/pl\/\",\"name\":\"FDM Group\",\"description\":\"\",\"publisher\":{\"@id\":\"https:\/\/www.fdmgroup.com\/pl\/#organization\"},\"potentialAction\":[{\"@type\":\"SearchAction\",\"target\":{\"@type\":\"EntryPoint\",\"urlTemplate\":\"https:\/\/www.fdmgroup.com\/pl\/?s={search_term_string}\"},\"query-input\":{\"@type\":\"PropertyValueSpecification\",\"valueRequired\":true,\"valueName\":\"search_term_string\"}}],\"inLanguage\":\"pl-PL\"},{\"@type\":\"Organization\",\"@id\":\"https:\/\/www.fdmgroup.com\/pl\/#organization\",\"name\":\"FDM Group\",\"url\":\"https:\/\/www.fdmgroup.com\/pl\/\",\"logo\":{\"@type\":\"ImageObject\",\"inLanguage\":\"pl-PL\",\"@id\":\"https:\/\/www.fdmgroup.com\/pl\/#\/schema\/logo\/image\/\",\"url\":\"https:\/\/www.fdmgroup.com\/wp-content\/uploads\/2024\/04\/cropped-fdm-logo-green-square-480-3.png\",\"contentUrl\":\"https:\/\/www.fdmgroup.com\/wp-content\/uploads\/2024\/04\/cropped-fdm-logo-green-square-480-3.png\",\"width\":512,\"height\":512,\"caption\":\"FDM Group\"},\"image\":{\"@id\":\"https:\/\/www.fdmgroup.com\/pl\/#\/schema\/logo\/image\/\"},\"sameAs\":[\"https:\/\/www.facebook.com\/FDMGroup\",\"https:\/\/x.com\/FDMGroup\",\"https:\/\/www.instagram.com\/fdm_group\/?hl=en\",\"https:\/\/www.linkedin.com\/company\/fdm-group\/?originalSubdomain=uk\",\"https:\/\/www.tiktok.com\/@fdm_group\"]}]}<\/script>\n<!-- \/ Yoast SEO plugin. -->","yoast_head_json":{"title":"Graduates | FDM Group","description":"Graduates | FDM Group","robots":{"index":"index","follow":"follow","max-snippet":"max-snippet:-1","max-image-preview":"max-image-preview:large","max-video-preview":"max-video-preview:-1"},"canonical":"https:\/\/www.fdmgroup.com\/pl\/candidates\/graduates\/","og_locale":"pl_PL","og_type":"article","og_title":"Graduates | FDM Group","og_description":"Graduates | FDM Group","og_url":"https:\/\/www.fdmgroup.com\/pl\/candidates\/graduates\/","og_site_name":"FDM Group","article_publisher":"https:\/\/www.facebook.com\/FDMGroup","article_modified_time":"2025-08-19T11:21:38+00:00","og_image":[{"width":1200,"height":675,"url":"https:\/\/www.fdmgroup.com\/wp-content\/uploads\/2024\/09\/FDM_placeholder.png","type":"image\/png"}],"twitter_card":"summary_large_image","twitter_site":"@FDMGroup","twitter_misc":{"Szacowany czas czytania":"5 minut"},"schema":{"@context":"https:\/\/schema.org","@graph":[{"@type":"WebPage","@id":"https:\/\/www.fdmgroup.com\/pl\/candidates\/graduates\/","url":"https:\/\/www.fdmgroup.com\/pl\/candidates\/graduates\/","name":"Graduates | FDM Group","isPartOf":{"@id":"https:\/\/www.fdmgroup.com\/pl\/#website"},"datePublished":"2024-02-26T10:34:57+00:00","dateModified":"2025-08-19T11:21:38+00:00","description":"Graduates | FDM Group","breadcrumb":{"@id":"https:\/\/www.fdmgroup.com\/pl\/candidates\/graduates\/#breadcrumb"},"inLanguage":"pl-PL","potentialAction":[{"@type":"ReadAction","target":["https:\/\/www.fdmgroup.com\/pl\/candidates\/graduates\/"]}]},{"@type":"BreadcrumbList","@id":"https:\/\/www.fdmgroup.com\/pl\/candidates\/graduates\/#breadcrumb","itemListElement":[{"@type":"ListItem","position":1,"name":"(PL) Candidates","item":"https:\/\/www.fdmgroup.com\/pl\/candidates\/"},{"@type":"ListItem","position":2,"name":"Graduates"}]},{"@type":"WebSite","@id":"https:\/\/www.fdmgroup.com\/pl\/#website","url":"https:\/\/www.fdmgroup.com\/pl\/","name":"FDM Group","description":"","publisher":{"@id":"https:\/\/www.fdmgroup.com\/pl\/#organization"},"potentialAction":[{"@type":"SearchAction","target":{"@type":"EntryPoint","urlTemplate":"https:\/\/www.fdmgroup.com\/pl\/?s={search_term_string}"},"query-input":{"@type":"PropertyValueSpecification","valueRequired":true,"valueName":"search_term_string"}}],"inLanguage":"pl-PL"},{"@type":"Organization","@id":"https:\/\/www.fdmgroup.com\/pl\/#organization","name":"FDM Group","url":"https:\/\/www.fdmgroup.com\/pl\/","logo":{"@type":"ImageObject","inLanguage":"pl-PL","@id":"https:\/\/www.fdmgroup.com\/pl\/#\/schema\/logo\/image\/","url":"https:\/\/www.fdmgroup.com\/wp-content\/uploads\/2024\/04\/cropped-fdm-logo-green-square-480-3.png","contentUrl":"https:\/\/www.fdmgroup.com\/wp-content\/uploads\/2024\/04\/cropped-fdm-logo-green-square-480-3.png","width":512,"height":512,"caption":"FDM Group"},"image":{"@id":"https:\/\/www.fdmgroup.com\/pl\/#\/schema\/logo\/image\/"},"sameAs":["https:\/\/www.facebook.com\/FDMGroup","https:\/\/x.com\/FDMGroup","https:\/\/www.instagram.com\/fdm_group\/?hl=en","https:\/\/www.linkedin.com\/company\/fdm-group\/?originalSubdomain=uk","https:\/\/www.tiktok.com\/@fdm_group"]}]}},"_links":{"self":[{"href":"https:\/\/www.fdmgroup.com\/pl\/wp-json\/wp\/v2\/pages\/59532","targetHints":{"allow":["GET"]}}],"collection":[{"href":"https:\/\/www.fdmgroup.com\/pl\/wp-json\/wp\/v2\/pages"}],"about":[{"href":"https:\/\/www.fdmgroup.com\/pl\/wp-json\/wp\/v2\/types\/page"}],"author":[{"embeddable":true,"href":"https:\/\/www.fdmgroup.com\/pl\/wp-json\/wp\/v2\/users\/2"}],"replies":[{"embeddable":true,"href":"https:\/\/www.fdmgroup.com\/pl\/wp-json\/wp\/v2\/comments?post=59532"}],"version-history":[{"count":0,"href":"https:\/\/www.fdmgroup.com\/pl\/wp-json\/wp\/v2\/pages\/59532\/revisions"}],"up":[{"embeddable":true,"href":"https:\/\/www.fdmgroup.com\/pl\/wp-json\/wp\/v2\/pages\/59221"}],"wp:attachment":[{"href":"https:\/\/www.fdmgroup.com\/pl\/wp-json\/wp\/v2\/media?parent=59532"}],"curies":[{"name":"wp","href":"https:\/\/api.w.org\/{rel}","templated":true}]}}