{"id":71108,"date":"2024-10-01T11:40:52","date_gmt":"2024-10-01T10:40:52","guid":{"rendered":"https:\/\/www.fdmgroup.com\/?page_id=71108"},"modified":"2025-07-17T13:37:47","modified_gmt":"2025-07-17T12:37:47","slug":"skills-lab","status":"publish","type":"page","link":"https:\/\/www.fdmgroup.com\/pl\/businesses\/skills-lab\/","title":{"rendered":"Skills Lab"},"content":{"rendered":"\r\n<section class=\"hero-section light-menu full-bg\" fetchpriority=\"high\" style=\"background-image:url(https:\/\/www.fdmgroup.com\/wp-content\/uploads\/2024\/10\/iStock-1460783421.jpg);\">\r\n\t<div class=\"container\">\r\n\t\t<div class=\"row\">\r\n\r\n\t\t\t\r\n\t\t\t<div class=\"col-12\">\r\n\t\t\t\t\t\t\t<div class=\"top\">\r\n\t\t\t\t\t<h1>Centrum Rozwoju Kompetencji <em>FDM<\/em><\/h1>\n\t\t\t\t<\/div>\r\n\t\t\t\r\n\t\t\t\t\t\t<\/div>\r\n\t\t\t\r\n\r\n\t\t<\/div>\r\n\t<\/div>\r\n<\/section>\n\n\r\n<section class=\"text-with-image-section medium-light right\">\r\n\t<div class=\"container\">\r\n\t\t<div class=\"row\">\r\n\r\n\t\t\t<div class=\"col-12 col-md-6 img-side waypoint\">\r\n\t\t\t\t\t\t\t\t<img width=\"771\" height=\"791\" data-done=\"false\" data-img=\"https:\/\/www.fdmgroup.com\/wp-content\/uploads\/2024\/09\/iStock-1927881398-771x791.jpg\" alt=\"Female manager discussing new project with her colleagues.\">\r\n\t\t\t\t\t\t\t<\/div>\r\n\r\n\t\t\t<div class=\"col-12 col-md-6 text-side waypoint\">\r\n\t\t\t\t<div class=\"text\">\r\n\t\t\t\t\t<h2>Zbuduj i zatrzymaj kolejne pokolenie specjalist\u00f3w z nami<\/h2>\n<p>Centrum Kompetencji FDM to dynamiczne \u015brodowiska edukacyjne, kt\u00f3re buduj\u0105 i rozwijaj\u0105 umiej\u0119tno\u015bci naszych konsultant\u00f3w. Nasze podej\u015bcie do rozwoju umiej\u0119tno\u015bci opiera si\u0119 na 30-letnim do\u015bwiadczeniu w bran\u017cy i stale ewoluuje zgodnie z trendami rynkowymi i post\u0119pem technologicznym.<\/p>\n<p>Ponad 300 firm z ca\u0142ego \u015bwiata wsp\u00f3\u0142pracuje z lokalnymi oddzia\u0142ami naszego Centrum Rozwoju FDM, co pozwala nam by\u0107 na bie\u017c\u0105co i lepiej odpowiada\u0107 na potrzeby rynkowe.<\/p>\n<p>W stworzonym przez nas modelu uczenia si\u0119 przez do\u015bwiadczenie anga\u017cujemy naszych konsultant\u00f3w w realistyczne, praktyczne scenariusze, kt\u00f3re odwzorowuj\u0105 rzeczywiste wyzwania. Zapewnia to:<\/p>\n<ul>\n<li>Szybszy rozw\u00f3j kompetencji<\/li>\n<li>Zwi\u0119kszon\u0105 umiej\u0119tno\u015b\u0107 my\u015blenia krytycznego<\/li>\n<li>Rozwini\u0119t\u0105 zdolno\u015b\u0107 adaptacji i rozwi\u0105zywania problem\u00f3w<\/li>\n<\/ul>\n<p>Dzi\u0119ki temu nasi konsultanci s\u0105 od razu sprawczy w swoich rolach.<\/p>\n\r\n\t\t\t\t\t\t\t\t\t\t\t\t\t\t\t<div class=\"btn-con\">\r\n\t\t\t\t\t\t<a class=\"btn\" href=\"https:\/\/www.fdmgroup.com\/pl\/about-us\/contact-us\/\" target=\"_self\">Pracuj z nami<\/a>\r\n\t\t\t\t\t<\/div>\r\n\t\t\t\t\t\t\t\t\t<\/div>\r\n\t\t\t<\/div>\r\n\r\n\t\t<\/div>\r\n\t<\/div>\r\n<\/section>\r\n\n\n\r\n<section class=\"block-section light\">\r\n\t<div class=\"container\">\r\n\t\t<div class=\"row\">\r\n\r\n\t\t\t\t\t\t<div class=\"col-12 text-con waypoint\">\r\n\t\t\t\t<h2 style=\"text-align: center;\">Korzy\u015bci<\/h2>\n\t\t\t<\/div>\r\n\t\t\t\r\n\t\t\t\t\t\t\t\t\t\t\t\t\t\t\t\r\n\t\t\t<div class=\"col-12 col-sm-6 col-md-4 waypoint\">\r\n\t\t\t\t<div class=\"inner\">\r\n\t\t\t\t\t\r\n\t\t\t\t\t\t\t\t\t\t<div class=\"icon-con block-icon\">\r\n\t\t\t\t\t\t<img style=\"height:7rem;\" data-done=\"false\" data-img=\"https:\/\/www.fdmgroup.com\/wp-content\/uploads\/2024\/09\/Logo_Onboarding_AW_Green.png\" alt=\"Onboarding logo\">\r\n\t\t\t\t\t<\/div>\r\n\t\t\t\t\t\r\n\t\t\t\t\t<h4>Dost\u0119p do talent\u00f3w gotowych, by od pierwszego dnia wnosi\u0107 pozytywny wk\u0142ad<\/h4>\n\t\t\t\t<\/div>\r\n\t\t\t<\/div>\r\n\t\t\t\t\t\t\t\t\t\t\t\t\r\n\t\t\t<div class=\"col-12 col-sm-6 col-md-4 waypoint\">\r\n\t\t\t\t<div class=\"inner\">\r\n\t\t\t\t\t\r\n\t\t\t\t\t\t\t\t\t\t<div class=\"icon-con block-icon\">\r\n\t\t\t\t\t\t<img style=\"height:7rem;\" data-done=\"false\" data-img=\"https:\/\/www.fdmgroup.com\/wp-content\/uploads\/2024\/09\/Logo_Briefcase_AW_Green.png\" alt=\"Briefcase logo\">\r\n\t\t\t\t\t<\/div>\r\n\t\t\t\t\t\r\n\t\t\t\t\t<h4>Szybki proces wdro\u017cenia, zwykle w ci\u0105gu dw\u00f3ch tygodni<\/h4>\n\t\t\t\t<\/div>\r\n\t\t\t<\/div>\r\n\t\t\t\t\t\t\t\t\t\t\t\t\r\n\t\t\t<div class=\"col-12 col-sm-6 col-md-4 waypoint\">\r\n\t\t\t\t<div class=\"inner\">\r\n\t\t\t\t\t\r\n\t\t\t\t\t\t\t\t\t\t<div class=\"icon-con block-icon\">\r\n\t\t\t\t\t\t<img style=\"height:7rem;\" data-done=\"false\" data-img=\"https:\/\/www.fdmgroup.com\/wp-content\/uploads\/2024\/09\/Logo_Clients_AW-Green.png\" alt=\"Clients logo\">\r\n\t\t\t\t\t<\/div>\r\n\t\t\t\t\t\r\n\t\t\t\t\t<h4>Tworzenie zespo\u0142\u00f3w wielozadaniowych ju\u017c na etapie Centrum Rozwoju FDM<\/h4>\n\t\t\t\t<\/div>\r\n\t\t\t<\/div>\r\n\t\t\t\t\t\t\t\t\t\t\t\t\r\n\t\t\t<div class=\"col-12 col-sm-6 col-md-4 waypoint\">\r\n\t\t\t\t<div class=\"inner\">\r\n\t\t\t\t\t\r\n\t\t\t\t\t\t\t\t\t\t<div class=\"icon-con block-icon\">\r\n\t\t\t\t\t\t<img style=\"height:7rem;\" data-done=\"false\" data-img=\"https:\/\/www.fdmgroup.com\/wp-content\/uploads\/2024\/09\/Logo_BespokeApproach_AW-Green.png\" alt=\"Bespoke approach logo\">\r\n\t\t\t\t\t<\/div>\r\n\t\t\t\t\t\r\n\t\t\t\t\t<h4>Tworzenie niestandartowych rozwi\u0105za\u0144, dostosowanych do klienta<\/h4>\n\t\t\t\t<\/div>\r\n\t\t\t<\/div>\r\n\t\t\t\t\t\t\t\t\t\t\t\t\r\n\t\t\t<div class=\"col-12 col-sm-6 col-md-4 waypoint\">\r\n\t\t\t\t<div class=\"inner\">\r\n\t\t\t\t\t\r\n\t\t\t\t\t\t\t\t\t\t<div class=\"icon-con block-icon\">\r\n\t\t\t\t\t\t<img style=\"height:7rem;\" data-done=\"false\" data-img=\"https:\/\/www.fdmgroup.com\/wp-content\/uploads\/2024\/09\/Logo_LearningDevelopment_AW_Green.png\" alt=\"Learning and development logo\">\r\n\t\t\t\t\t<\/div>\r\n\t\t\t\t\t\r\n\t\t\t\t\t<h4>Ci\u0105g\u0142y rozw\u00f3j konsultant\u00f3w dzi\u0119ki naszym lokalnym centrom kompetencji<\/h4>\n\t\t\t\t<\/div>\r\n\t\t\t<\/div>\r\n\t\t\t\t\t\t\r\n\t\t\t\t\t<\/div>\r\n\t<\/div>\r\n<\/section>\r\n\r\n\r\n\n\n\r\n<section class=\"block-section medium-dark\">\r\n\t<div class=\"container\">\r\n\t\t<div class=\"row\">\r\n\r\n\t\t\t\t\t\t<div class=\"col-12 text-con waypoint\">\r\n\t\t\t\t<h2 style=\"text-align: center;\">Nasze referencje<\/h2>\n\t\t\t<\/div>\r\n\t\t\t\r\n\t\t\t\t\t\t\t\t\t\t\t\t\t\t\t\r\n\t\t\t<div class=\"col-12 col-sm-6 col-md-4 waypoint\">\r\n\t\t\t\t<div class=\"inner\">\r\n\t\t\t\t\t\r\n\t\t\t\t\t\t\t\t\t\t<div class=\"icon-con block-icon\">\r\n\t\t\t\t\t\t<img style=\"height:7rem;\" data-done=\"false\" data-img=\"https:\/\/www.fdmgroup.com\/wp-content\/uploads\/2024\/09\/Logo_Leader_AW_Black.png\" alt=\"Leadership logo\">\r\n\t\t\t\t\t<\/div>\r\n\t\t\t\t\t\r\n\t\t\t\t\t<p>Ponad 20 000 FDM absolwent\u00f3w<\/p>\n\t\t\t\t<\/div>\r\n\t\t\t<\/div>\r\n\t\t\t\t\t\t\t\t\t\t\t\t\r\n\t\t\t<div class=\"col-12 col-sm-6 col-md-4 waypoint\">\r\n\t\t\t\t<div class=\"inner\">\r\n\t\t\t\t\t\r\n\t\t\t\t\t\t\t\t\t\t<div class=\"icon-con block-icon\">\r\n\t\t\t\t\t\t<img style=\"height:7rem;\" data-done=\"false\" data-img=\"https:\/\/www.fdmgroup.com\/wp-content\/uploads\/2024\/09\/Logo_Apprentices_AW_Black.png\" alt=\"Apprentices logo\">\r\n\t\t\t\t\t<\/div>\r\n\t\t\t\t\t\r\n\t\t\t\t\t<p>Globalna sie\u0107 ponad 150 ekspert\u00f3w<\/p>\n\t\t\t\t<\/div>\r\n\t\t\t<\/div>\r\n\t\t\t\t\t\t\t\t\t\t\t\t\r\n\t\t\t<div class=\"col-12 col-sm-6 col-md-4 waypoint\">\r\n\t\t\t\t<div class=\"inner\">\r\n\t\t\t\t\t\r\n\t\t\t\t\t\t\t\t\t\t<div class=\"icon-con block-icon\">\r\n\t\t\t\t\t\t<img style=\"height:7rem;\" data-done=\"false\" data-img=\"https:\/\/www.fdmgroup.com\/wp-content\/uploads\/2024\/09\/Tech-Industry-Gold_Logo_Final_2-colour-strapline.png\" alt=\"Tech Industry Gold logo\">\r\n\t\t\t\t\t<\/div>\r\n\t\t\t\t\t\r\n\t\t\t\t\t<p>Akredytacja Tech Industry Gold<\/p>\n\t\t\t\t<\/div>\r\n\t\t\t<\/div>\r\n\t\t\t\t\t\t\t\t\t\t\t\t\r\n\t\t\t<div class=\"col-12 col-sm-6 col-md-4 waypoint\">\r\n\t\t\t\t<div class=\"inner\">\r\n\t\t\t\t\t\r\n\t\t\t\t\t\t\t\t\t\t<div class=\"icon-con block-icon\">\r\n\t\t\t\t\t\t<img style=\"height:7rem;\" data-done=\"false\" data-img=\"https:\/\/www.fdmgroup.com\/wp-content\/uploads\/2024\/09\/Logo_Handshake_AW_Black.png\" alt=\"Handshake logo\">\r\n\t\t\t\t\t<\/div>\r\n\t\t\t\t\t\r\n\t\t\t\t\t<p>Partnerstwa z uznanymi firmami, takimi jak Microsoft, Cisco, SAP, ServiceNow<\/p>\n\t\t\t\t<\/div>\r\n\t\t\t<\/div>\r\n\t\t\t\t\t\t\r\n\t\t\t\t\t<\/div>\r\n\t<\/div>\r\n<\/section>\r\n\r\n\r\n\n\n\r\n<section class=\"block-section medium-light\">\r\n\t<div class=\"container\">\r\n\t\t<div class=\"row\">\r\n\r\n\t\t\t\t\t\t<div class=\"col-12 text-con waypoint\">\r\n\t\t\t\t<h2 style=\"text-align: center;\">Jak Centrum Kompetencji FDM wykorzystuje uczenie si\u0119 przez do\u015bwiadczenie<\/h2>\n<p style=\"text-align: center;\">Zespo\u0142y wielozadaniowe s\u0105 kluczem do podnoszenia kwalifikacji naszych konsultant\u00f3w. Taki zesp\u00f3\u0142 sk\u0142ada si\u0119 ze specjalist\u00f3w o r\u00f3\u017cnych umiej\u0119tno\u015bciach, kt\u00f3rzy razem pracuj\u0105 nad opracowaniem, przetestowaniem i uruchamianiem projektu. Mo\u017ce on obejmowa\u0107 konsultant\u00f3w z jednego lub wielu obszar\u00f3w kwalifikacji. Zesp\u00f3\u0142 od pierwszego dnia pracuje nad praktycznymi, zorientowanymi na efekty projektami, w ramach sprint\u00f3w bazuj\u0105cych na metodologii Agile.<\/p>\n<p style=\"text-align: center;\">\u015aci\u015ble wsp\u00f3\u0142pracujemy z naszymi klientami, tworz\u0105c rozwi\u0105zania odpowiadaj\u0105ce na ich unikalne potrzeby. Przyk\u0142adem mo\u017ce by\u0107 zesp\u00f3\u0142 wielofunkcyjny, kt\u00f3ry mia\u0142 za zadanie zintegrowa\u0107 istniej\u0105ce dane z mo\u017cliwo\u015bciami sztucznej inteligencji, w celu usprawnienia operacji biznesowych. Niezale\u017cnie od tego, czy potrzebujesz zespo\u0142u, czy pojedynczych specjalist\u00f3w, nasi konsultanci mog\u0105 p\u0142ynnie w\u0142\u0105czy\u0107 si\u0119 do twojej organizacji i natychmiast zapewni\u0107 warto\u015b\u0107 dodan\u0105.<\/p>\n<p style=\"text-align: center;\"><iframe loading=\"lazy\" title=\"\" src=\"https:\/\/www.youtube.com\/embed\/m2D-Nb-xQso\" width=\"980\" height=\"551\" frameborder=\"0\" allowfullscreen=\"allowfullscreen\"><\/iframe><\/p>\n<style>.simple-text-section .text { border-bottom: 1px solid; padding-bottom: 15px; } .simple-text-section .row { margin-top:6rem; } .quote-section .row { padding-top:0; padding-bottom:0; } .block-section.light .inner { background-colour:#1e1e1e !important; } .block-section.light .inner h4 { color:#ffffff !important; } .info-box{ background-color: #1e1e1e !important; } .info-box p { color: #ffffff !important; } .block-section.medium-dark .col-md-4 { max-width:25%; } @media (max-width: 768px) { .block-section.medium-dark .col-md-4 { max-width:50%; } } .dark-info-box { background-color:#ffffff !important; } .dark-info-box p { color:#1e1e1e !important; }<\/style>\n<p><script>$ = jQuery; $(function() { $('.block-section.light .col-12 .inner').addClass('info-box'); $('.block-section.light .col-12:nth-of-type(5)').removeClass('col-md-4').addClass('col-md-6'); $('.block-section.light .col-12:nth-of-type(6)').removeClass('col-md-4').addClass('col-md-6'); $('.block-section.medium-dark .col-12 .inner').addClass('dark-info-box'); $('.icon-con').each(function(i) { if ($(this).html().indexOf('Tech-Industry') != -1) $(this).children(\"img:first\").data('img','\/wp-content\/uploads\/2024\/09\/Tech-Industry-Gold_Logo_Final_2-colour-strapline.png').attr('src','\/wp-content\/uploads\/2024\/09\/Tech-Industry-Gold_Logo_Final_2-colour-strapline.png').css('height','64px').removeAttr('width').removeAttr('height'); }); $('.quote-section').each(function(i) { if (i === 1) $(this).css('padding-bottom','10rem'); }); });<\/script><\/p>\n\t\t\t<\/div>\r\n\t\t\t\r\n\t\t\t\r\n\t\t\t\t\t<\/div>\r\n\t<\/div>\r\n<\/section>\r\n\r\n\r\n\n\n\r\n<section class=\"simple-text-section light\">\r\n\t<div class=\"container\">\r\n\t\t<div class=\"row\">\r\n\t\t\t<div class=\"col-12 waypoint\">\r\n\t\t\t\t<div class=\"text\">\r\n\t\t\t\t\t<h2>Opinia naszego trenera<\/h2>\n\t\t\t\t<\/div>\r\n\t\t\t<\/div>\r\n\t\t<\/div>\r\n\t<\/div>\r\n<\/section>\r\n\n\n\r\n<section class=\"quote-section light\">\r\n\t<div class=\"container\">\r\n\t\t<div class=\"row\">\r\n\r\n\t\t\t<div class=\"col-12 quote-con waypoint\">\r\n\t\t\t\t\t\t\t<blockquote>Our experiential learning empowers consultants with hands-on problem-solving skills and encourages us to embrace agility and adaptability. The practical experience showcases their potential and better prepares them for the dynamic challenges of the workplace.<\/blockquote>\r\n\t\t\t\t\t\t\t\t\t\t<div class=\"by\">\r\n\t\t\t\t\t<img width=\"84\" height=\"84\" data-done=\"false\" data-img=\"https:\/\/www.fdmgroup.com\/wp-content\/uploads\/2024\/10\/Headshot-Linzi-Holmes-84x84.jpg\" alt=\"Headshot - Linzi Holmes\">\r\n\t\t\t\t\tLinzi Holmes, Trener, Ocena i zarz\u0105dzanie biznesem\t\t\t\t<\/div>\r\n\t\t\t\t\t\t<\/div>\r\n\t\t<\/div>\r\n\t<\/div>\r\n<\/section>\r\n\r\n\r\n\n\n\r\n<section class=\"simple-text-section light\">\r\n\t<div class=\"container\">\r\n\t\t<div class=\"row\">\r\n\t\t\t<div class=\"col-12 waypoint\">\r\n\t\t\t\t<div class=\"text\">\r\n\t\t\t\t\t<h2>Opinia naszego konsultanta<\/h2>\n\t\t\t\t<\/div>\r\n\t\t\t<\/div>\r\n\t\t<\/div>\r\n\t<\/div>\r\n<\/section>\r\n\n\n\r\n<section class=\"quote-section light\">\r\n\t<div class=\"container\">\r\n\t\t<div class=\"row\">\r\n\r\n\t\t\t<div class=\"col-12 quote-con waypoint\">\r\n\t\t\t\t\t\t\t<blockquote>Centrum Rozwoju Kompetencji FDM da\u0142o mi mo\u017cliwo\u015b\u0107 nauki Javy pod okiem trenera, kt\u00f3ry wspiera\u0142 nas podczas realizacji kompleksowego projektu fullstack do zarz\u0105dzania hotelem. To praktyczne do\u015bwiadczenie pozwoli\u0142o mi w znacznym stopniu rozwin\u0105\u0107 umiej\u0119tno\u015bci w zakresie full stack development i nabra\u0107 pewno\u015bci w stosowaniu zdobytej wiedzy w rzeczywistych, praktycznych sytuacjach. Dodatkowo nauczy\u0142em si\u0119 metodologii Agile, w szczeg\u00f3lno\u015bci Scrum, co znacznie poprawi\u0142o moj\u0105 efektywno\u015b\u0107 pracy zespo\u0142owej.<\/blockquote>\r\n\t\t\t\t\t\t\t\t\t\t<div class=\"by\">\r\n\t\t\t\t\t<img width=\"84\" height=\"84\" data-done=\"false\" data-img=\"https:\/\/www.fdmgroup.com\/wp-content\/uploads\/2025\/01\/Headshot-Kacper-Kukula-84x84.png\" alt=\"\">\r\n\t\t\t\t\tKacper Kuku\u0142a, Konsultant FDM, In\u017cynieria oprogramowania\t\t\t\t<\/div>\r\n\t\t\t\t\t\t<\/div>\r\n\t\t<\/div>\r\n\t<\/div>\r\n<\/section>\r\n\r\n\r\n\n\n\r\n<section class=\"cta-section light\">\r\n\t<div class=\"container\">\r\n\t\t<div class=\"row\">\r\n\t\t\t<div class=\"col-12 waypoint\">\r\n\t\t\t\t<h2 style=\"text-align: center;\">Zbuduj i zatrzymaj kolejne pokolenie specjalist\u00f3w z nami<\/h2>\n\t\t\t\t\t\t\t\t\t\t\t\t\t<div class=\"btn-con btn-con-center\">\r\n\t\t\t\t\t\t<a class=\"btn\" href=\"https:\/\/www.fdmgroup.com\/pl\/about-us\/contact-us\/\" target=\"_self\">Pracuj z nami<\/a>\r\n\t\t\t\t\t<\/div>\r\n\t\t\t\t\t\t\t<\/div>\r\n\t\t<\/div>\r\n\t<\/div>\r\n\r\n\t\r\n<\/section>\r\n","protected":false},"excerpt":{"rendered":"","protected":false},"author":2,"featured_media":0,"parent":59039,"menu_order":0,"comment_status":"closed","ping_status":"closed","template":"","meta":{"_acf_changed":false,"inline_featured_image":false,"footnotes":""},"class_list":["post-71108","page","type-page","status-publish","hentry"],"acf":[],"yoast_head":"<!-- This site is optimized with the Yoast SEO plugin v27.1.1 - https:\/\/yoast.com\/product\/yoast-seo-wordpress\/ -->\n<title>Skills Lab | FDM Group<\/title>\n<meta name=\"description\" content=\"Skills Lab | FDM Group\" \/>\n<meta name=\"robots\" content=\"index, follow, max-snippet:-1, max-image-preview:large, max-video-preview:-1\" \/>\n<link rel=\"canonical\" href=\"https:\/\/www.fdmgroup.com\/pl\/businesses\/skills-lab\/\" \/>\n<meta property=\"og:locale\" content=\"pl_PL\" \/>\n<meta property=\"og:type\" content=\"article\" \/>\n<meta property=\"og:title\" content=\"Skills Lab | FDM Group\" \/>\n<meta property=\"og:description\" content=\"Skills Lab | FDM Group\" \/>\n<meta property=\"og:url\" content=\"https:\/\/www.fdmgroup.com\/pl\/businesses\/skills-lab\/\" \/>\n<meta property=\"og:site_name\" content=\"FDM Group\" \/>\n<meta property=\"article:publisher\" content=\"https:\/\/www.facebook.com\/FDMGroup\" \/>\n<meta property=\"article:modified_time\" content=\"2025-07-17T12:37:47+00:00\" \/>\n<meta property=\"og:image\" content=\"https:\/\/www.fdmgroup.com\/wp-content\/uploads\/2024\/09\/FDM_placeholder.png\" \/>\n\t<meta property=\"og:image:width\" content=\"1200\" \/>\n\t<meta property=\"og:image:height\" content=\"675\" \/>\n\t<meta property=\"og:image:type\" content=\"image\/png\" \/>\n<meta name=\"twitter:card\" content=\"summary_large_image\" \/>\n<meta name=\"twitter:site\" content=\"@FDMGroup\" \/>\n<meta name=\"twitter:label1\" content=\"Szacowany czas czytania\" \/>\n\t<meta name=\"twitter:data1\" content=\"5 minut\" \/>\n<script type=\"application\/ld+json\" class=\"yoast-schema-graph\">{\"@context\":\"https:\/\/schema.org\",\"@graph\":[{\"@type\":\"WebPage\",\"@id\":\"https:\/\/www.fdmgroup.com\/pl\/businesses\/skills-lab\/\",\"url\":\"https:\/\/www.fdmgroup.com\/pl\/businesses\/skills-lab\/\",\"name\":\"Skills Lab | FDM Group\",\"isPartOf\":{\"@id\":\"https:\/\/www.fdmgroup.com\/pl\/#website\"},\"datePublished\":\"2024-10-01T10:40:52+00:00\",\"dateModified\":\"2025-07-17T12:37:47+00:00\",\"description\":\"Skills Lab | FDM Group\",\"breadcrumb\":{\"@id\":\"https:\/\/www.fdmgroup.com\/pl\/businesses\/skills-lab\/#breadcrumb\"},\"inLanguage\":\"pl-PL\",\"potentialAction\":[{\"@type\":\"ReadAction\",\"target\":[\"https:\/\/www.fdmgroup.com\/pl\/businesses\/skills-lab\/\"]}]},{\"@type\":\"BreadcrumbList\",\"@id\":\"https:\/\/www.fdmgroup.com\/pl\/businesses\/skills-lab\/#breadcrumb\",\"itemListElement\":[{\"@type\":\"ListItem\",\"position\":1,\"name\":\"(PL) Businesses\",\"item\":\"https:\/\/www.fdmgroup.com\/pl\/businesses\/\"},{\"@type\":\"ListItem\",\"position\":2,\"name\":\"Skills Lab\"}]},{\"@type\":\"WebSite\",\"@id\":\"https:\/\/www.fdmgroup.com\/pl\/#website\",\"url\":\"https:\/\/www.fdmgroup.com\/pl\/\",\"name\":\"FDM Group\",\"description\":\"\",\"publisher\":{\"@id\":\"https:\/\/www.fdmgroup.com\/pl\/#organization\"},\"potentialAction\":[{\"@type\":\"SearchAction\",\"target\":{\"@type\":\"EntryPoint\",\"urlTemplate\":\"https:\/\/www.fdmgroup.com\/pl\/?s={search_term_string}\"},\"query-input\":{\"@type\":\"PropertyValueSpecification\",\"valueRequired\":true,\"valueName\":\"search_term_string\"}}],\"inLanguage\":\"pl-PL\"},{\"@type\":\"Organization\",\"@id\":\"https:\/\/www.fdmgroup.com\/pl\/#organization\",\"name\":\"FDM Group\",\"url\":\"https:\/\/www.fdmgroup.com\/pl\/\",\"logo\":{\"@type\":\"ImageObject\",\"inLanguage\":\"pl-PL\",\"@id\":\"https:\/\/www.fdmgroup.com\/pl\/#\/schema\/logo\/image\/\",\"url\":\"https:\/\/www.fdmgroup.com\/wp-content\/uploads\/2024\/04\/cropped-fdm-logo-green-square-480-3.png\",\"contentUrl\":\"https:\/\/www.fdmgroup.com\/wp-content\/uploads\/2024\/04\/cropped-fdm-logo-green-square-480-3.png\",\"width\":512,\"height\":512,\"caption\":\"FDM Group\"},\"image\":{\"@id\":\"https:\/\/www.fdmgroup.com\/pl\/#\/schema\/logo\/image\/\"},\"sameAs\":[\"https:\/\/www.facebook.com\/FDMGroup\",\"https:\/\/x.com\/FDMGroup\",\"https:\/\/www.instagram.com\/fdm_group\/?hl=en\",\"https:\/\/www.linkedin.com\/company\/fdm-group\/?originalSubdomain=uk\",\"https:\/\/www.tiktok.com\/@fdm_group\"]}]}<\/script>\n<!-- \/ Yoast SEO plugin. -->","yoast_head_json":{"title":"Skills Lab | FDM Group","description":"Skills Lab | FDM Group","robots":{"index":"index","follow":"follow","max-snippet":"max-snippet:-1","max-image-preview":"max-image-preview:large","max-video-preview":"max-video-preview:-1"},"canonical":"https:\/\/www.fdmgroup.com\/pl\/businesses\/skills-lab\/","og_locale":"pl_PL","og_type":"article","og_title":"Skills Lab | FDM Group","og_description":"Skills Lab | FDM Group","og_url":"https:\/\/www.fdmgroup.com\/pl\/businesses\/skills-lab\/","og_site_name":"FDM Group","article_publisher":"https:\/\/www.facebook.com\/FDMGroup","article_modified_time":"2025-07-17T12:37:47+00:00","og_image":[{"width":1200,"height":675,"url":"https:\/\/www.fdmgroup.com\/wp-content\/uploads\/2024\/09\/FDM_placeholder.png","type":"image\/png"}],"twitter_card":"summary_large_image","twitter_site":"@FDMGroup","twitter_misc":{"Szacowany czas czytania":"5 minut"},"schema":{"@context":"https:\/\/schema.org","@graph":[{"@type":"WebPage","@id":"https:\/\/www.fdmgroup.com\/pl\/businesses\/skills-lab\/","url":"https:\/\/www.fdmgroup.com\/pl\/businesses\/skills-lab\/","name":"Skills Lab | FDM Group","isPartOf":{"@id":"https:\/\/www.fdmgroup.com\/pl\/#website"},"datePublished":"2024-10-01T10:40:52+00:00","dateModified":"2025-07-17T12:37:47+00:00","description":"Skills Lab | FDM Group","breadcrumb":{"@id":"https:\/\/www.fdmgroup.com\/pl\/businesses\/skills-lab\/#breadcrumb"},"inLanguage":"pl-PL","potentialAction":[{"@type":"ReadAction","target":["https:\/\/www.fdmgroup.com\/pl\/businesses\/skills-lab\/"]}]},{"@type":"BreadcrumbList","@id":"https:\/\/www.fdmgroup.com\/pl\/businesses\/skills-lab\/#breadcrumb","itemListElement":[{"@type":"ListItem","position":1,"name":"(PL) Businesses","item":"https:\/\/www.fdmgroup.com\/pl\/businesses\/"},{"@type":"ListItem","position":2,"name":"Skills Lab"}]},{"@type":"WebSite","@id":"https:\/\/www.fdmgroup.com\/pl\/#website","url":"https:\/\/www.fdmgroup.com\/pl\/","name":"FDM Group","description":"","publisher":{"@id":"https:\/\/www.fdmgroup.com\/pl\/#organization"},"potentialAction":[{"@type":"SearchAction","target":{"@type":"EntryPoint","urlTemplate":"https:\/\/www.fdmgroup.com\/pl\/?s={search_term_string}"},"query-input":{"@type":"PropertyValueSpecification","valueRequired":true,"valueName":"search_term_string"}}],"inLanguage":"pl-PL"},{"@type":"Organization","@id":"https:\/\/www.fdmgroup.com\/pl\/#organization","name":"FDM Group","url":"https:\/\/www.fdmgroup.com\/pl\/","logo":{"@type":"ImageObject","inLanguage":"pl-PL","@id":"https:\/\/www.fdmgroup.com\/pl\/#\/schema\/logo\/image\/","url":"https:\/\/www.fdmgroup.com\/wp-content\/uploads\/2024\/04\/cropped-fdm-logo-green-square-480-3.png","contentUrl":"https:\/\/www.fdmgroup.com\/wp-content\/uploads\/2024\/04\/cropped-fdm-logo-green-square-480-3.png","width":512,"height":512,"caption":"FDM Group"},"image":{"@id":"https:\/\/www.fdmgroup.com\/pl\/#\/schema\/logo\/image\/"},"sameAs":["https:\/\/www.facebook.com\/FDMGroup","https:\/\/x.com\/FDMGroup","https:\/\/www.instagram.com\/fdm_group\/?hl=en","https:\/\/www.linkedin.com\/company\/fdm-group\/?originalSubdomain=uk","https:\/\/www.tiktok.com\/@fdm_group"]}]}},"_links":{"self":[{"href":"https:\/\/www.fdmgroup.com\/pl\/wp-json\/wp\/v2\/pages\/71108","targetHints":{"allow":["GET"]}}],"collection":[{"href":"https:\/\/www.fdmgroup.com\/pl\/wp-json\/wp\/v2\/pages"}],"about":[{"href":"https:\/\/www.fdmgroup.com\/pl\/wp-json\/wp\/v2\/types\/page"}],"author":[{"embeddable":true,"href":"https:\/\/www.fdmgroup.com\/pl\/wp-json\/wp\/v2\/users\/2"}],"replies":[{"embeddable":true,"href":"https:\/\/www.fdmgroup.com\/pl\/wp-json\/wp\/v2\/comments?post=71108"}],"version-history":[{"count":0,"href":"https:\/\/www.fdmgroup.com\/pl\/wp-json\/wp\/v2\/pages\/71108\/revisions"}],"up":[{"embeddable":true,"href":"https:\/\/www.fdmgroup.com\/pl\/wp-json\/wp\/v2\/pages\/59039"}],"wp:attachment":[{"href":"https:\/\/www.fdmgroup.com\/pl\/wp-json\/wp\/v2\/media?parent=71108"}],"curies":[{"name":"wp","href":"https:\/\/api.w.org\/{rel}","templated":true}]}}